{"id":1288,"date":"2024-10-27T11:53:51","date_gmt":"2024-10-27T08:53:51","guid":{"rendered":"https:\/\/wristbandfactory.eu\/toode\/full-colour-cord-lanyards-with-woven-label\/"},"modified":"2026-04-01T21:52:36","modified_gmt":"2026-04-01T18:52:36","slug":"sublimation-cord-lanyards-with-woven-label","status":"publish","type":"product","link":"https:\/\/displayproducts.eu\/lt\/p\/sublimation-cord-lanyards-with-woven-label\/","title":{"rendered":"Sublimacijos kaklajuost\u0117s su austa etikete"},"content":{"rendered":"<div class=\"mx-12 md:mx-24 lg:mx-48\">\n<div class=\"container my-8 svelte-zlsknf\">\n<div class=\"my-24 rounded-lg border-0 border-gray-700 bg-gray-100 px-16 py-24\">\n<div class=\"mt-11 !text-gray-500\">\n<p>Pasiekite maksimal\u0173 prek\u0117s \u017eenklo \u012fsp\u016bd\u012f su m\u016bs\u0173 auk\u0161\u010diausios kokyb\u0117s sublimacin\u0117s kaklajuost\u0117s kaklajuost\u0117mis. \u0160is modelis apjungia du auk\u0161tos kokyb\u0117s prek\u0117s \u017eenklo k\u016brimo metodus: ry\u0161ki\u0105, spalvot\u0105 sublimacin\u0119 spaud\u0105 ant kaklajuost\u0117s ir patvari\u0105, 4 spalv\u0173 aust\u0105 etiket\u0119 j\u016bs\u0173 pagrindiniam logotipui.<\/p>\n<p>90 cm ilgio poliesterio virvel\u0117 yra baltos spalvos ir yra visi\u0161kai atspausdinta j\u016bs\u0173 dizainu naudojant sublimacij\u0105. \u0160is metodas puikiai tinka sud\u0117tingiems, spalvotiems ra\u0161tams arba pasikartojantiems logotipams, ta\u010diau atkreipkite d\u0117mes\u012f, kad tiksli logotipo pad\u0117tis ant kaklajuost\u0117s negarantuojama.<\/p>\n<p>Prid\u0117jus didel\u0117s rai\u0161kos 4 spalv\u0173 aust\u0105 etiket\u0119, j\u016bs\u0173 prek\u0117s \u017eenklas bus ry\u0161kus, profesionalus ir nei\u0161bluks. \u0160is auk\u0161tos klas\u0117s kaklajuost\u0117 puikiai tinka \u012fmoni\u0173 renginiams, darbuotoj\u0173 identifikavimui ar auk\u0161\u010diausios kokyb\u0117s konferencij\u0173 leidimams, kur reikalingas patvarus ir eleganti\u0161kas prek\u0117s \u017eenklo pristatymas. Kiekvienas kaklajuost\u0117 standarti\u0161kai komplektuojama su metaliniu karabinu, ta\u010diau galimi ir kiti segtuk\u0173 variantai.<\/p>\n<p><b>Pagrindin\u0117s savyb\u0117s:<\/b><\/p>\n<ul>\n<li><b>Dvigubas prek\u0117s \u017eenklas:<\/b> Sujungia spalvot\u0105 sublimacijos b\u016bdu spausdint\u0105 virvel\u0119 su auk\u0161\u010diausios kokyb\u0117s 4 spalv\u0173 austa etikete.<\/li>\n<li><b>Ry\u0161ki sublimacija:<\/b> 90 cm ilgio baltas poliesterio virvel\u0117 idealiai tinka kartoti spalvingus ra\u0161tus.<\/li>\n<li><b>Auk\u0161\u010diausios kokyb\u0117s austa etiket\u0117:<\/b> Si\u016blo patvar\u0173, didel\u0117s rai\u0161kos logotip\u0105 (iki 4 spalv\u0173).<\/li>\n<li><b>Metalinis karabinas:<\/b> Pridedamas tvirtas metalinis karabinas, yra ir kit\u0173 tvirtinimo variant\u0173.<\/li>\n<li><b>Didel\u0117s \u012ftakos ID:<\/b> Auk\u0161\u010diausios klas\u0117s sprendimas \u012fmon\u0117s prek\u0117s \u017eenklo k\u016brimui, darbuotoj\u0173 identifikavimui ir auk\u0161\u010diausios klas\u0117s renginiams.<\/li>\n<\/ul>\n<\/div>\n<\/div>\n<\/div>\n<\/div>","protected":false},"excerpt":{"rendered":"<ul>\n<li>Turi spalvot\u0105 sublimacijos b\u016bdu spausdint\u0105 virvel\u0119 ry\u0161kiems, pasikartojantiems ra\u0161tams.<\/li>\n<li>Pridedama auk\u0161\u010diausios kokyb\u0117s, 4 spalv\u0173 austa etiket\u0117, u\u017etikrinanti patvar\u0173 logotip\u0105.<\/li>\n<li>Patvari 90 cm poliesterio virv\u0117 su standartiniu metaliniu karabinu.<\/li>\n<li>Idealiai tinka \u012fmoni\u0173 renginiams, darbuotoj\u0173 pa\u017eym\u0117jimams ir prekybos parodoms.<\/li>\n<\/ul>","protected":false},"featured_media":6794,"comment_status":"closed","ping_status":"closed","template":"","meta":[],"product_brand":[],"product_cat":[43],"product_tag":[],"class_list":{"0":"post-1288","1":"product","2":"type-product","3":"status-publish","4":"has-post-thumbnail","6":"product_cat-lanyards","8":"first","9":"instock","10":"shipping-taxable","11":"purchasable","12":"product-type-simple"},"_links":{"self":[{"href":"https:\/\/displayproducts.eu\/lt\/wp-json\/wp\/v2\/product\/1288","targetHints":{"allow":["GET"]}}],"collection":[{"href":"https:\/\/displayproducts.eu\/lt\/wp-json\/wp\/v2\/product"}],"about":[{"href":"https:\/\/displayproducts.eu\/lt\/wp-json\/wp\/v2\/types\/product"}],"replies":[{"embeddable":true,"href":"https:\/\/displayproducts.eu\/lt\/wp-json\/wp\/v2\/comments?post=1288"}],"wp:featuredmedia":[{"embeddable":true,"href":"https:\/\/displayproducts.eu\/lt\/wp-json\/wp\/v2\/media\/6794"}],"wp:attachment":[{"href":"https:\/\/displayproducts.eu\/lt\/wp-json\/wp\/v2\/media?parent=1288"}],"wp:term":[{"taxonomy":"product_brand","embeddable":true,"href":"https:\/\/displayproducts.eu\/lt\/wp-json\/wp\/v2\/product_brand?post=1288"},{"taxonomy":"product_cat","embeddable":true,"href":"https:\/\/displayproducts.eu\/lt\/wp-json\/wp\/v2\/product_cat?post=1288"},{"taxonomy":"product_tag","embeddable":true,"href":"https:\/\/displayproducts.eu\/lt\/wp-json\/wp\/v2\/product_tag?post=1288"}],"curies":[{"name":"wp","href":"https:\/\/api.w.org\/{rel}","templated":true}]}}