{"id":1287,"date":"2024-10-27T11:53:51","date_gmt":"2024-10-27T08:53:51","guid":{"rendered":"https:\/\/wristbandfactory.eu\/toode\/3-in-1-charging-cable-lanyards\/"},"modified":"2026-04-01T21:52:04","modified_gmt":"2026-04-01T18:52:04","slug":"sublimation-3-in-1-charging-lanyards","status":"publish","type":"product","link":"https:\/\/displayproducts.eu\/lt\/p\/sublimation-3-in-1-charging-lanyards\/","title":{"rendered":"Sublimaciniai 3 viename \u012fkrovimo dir\u017eeliai"},"content":{"rendered":"<p>Pasi\u016blykite savo renginio dalyviams reklamin\u012f daikt\u0105, kur\u012f jie i\u0161 tikr\u0173j\u0173 naudos. M\u016bs\u0173 sublimaciniai 3 viename \u012fkrovimo kabelio dir\u017eeliai sujungia renginio bilieto laikiklio funkcij\u0105 su daugiajungties \u012fkrovimo kabelio naudingumu, u\u017etikrindami maksimal\u0173 prek\u0117s \u017eenklo matomum\u0105.<\/p>\n<p>\u0160ie kaklajuost\u0117s pagaminti i\u0161 patvaraus poliesterio ir pasi\u017eymi ry\u0161kia, spalvota sublimacine spauda i\u0161 abiej\u0173 pusi\u0173, suteikian\u010dia didel\u0119 drob\u0119 sud\u0117tingiems logotipams ir rengini\u0173 prek\u0117s \u017eenklo apipavidalinimui. Integruotas laidas turi USB-A, Micro-B ir Type-C jungtis, tod\u0117l patogu \u012fkrauti daugum\u0105 \u0161iuolaikini\u0173 \u012frengini\u0173.<\/p>\n<p>\u0160ie kaklajuost\u0117s idealiai tinka technologij\u0173 konferencijoms, prekybos parodoms arba kaip funkcionali dovana darbuotojams, skirtos <b>tik \u012fkrovimo tikslais (ne duomen\u0173 perdavimo)<\/b>. Kiekvienas dir\u017eelis yra atskirai supakuotas \u012f polietilenin\u012f mai\u0161el\u012f, kad b\u016bt\u0173 lengva j\u012f paskirstyti, ir yra trij\u0173 skirting\u0173 ilgi\u0173, kad atitikt\u0173 j\u016bs\u0173 konkre\u010dius poreikius.<\/p>\n<p><b>Pagrindin\u0117s savyb\u0117s:<\/b><\/p>\n<ul>\n<li><b>3 viename \u012fkrovimo jungtys:<\/b> Turi USB-A, \u201eMicro-B\u201c ir C tipo jungtis patogiam \u012fkrovimui (ne duomen\u0173 perdavimui).<\/li>\n<li><b>Dvipus\u0117 sublimacija:<\/b> Ry\u0161ki, spalvota, nuo kra\u0161to iki kra\u0161to spauda i\u0161 abiej\u0173 pusi\u0173, kad prek\u0117s \u017eenklas b\u016bt\u0173 kuo geriau matomas.<\/li>\n<li><b>Patvari poliesterio med\u017eiaga:<\/b> Tvirtas, patogus dir\u017eelis, idealiai tinkantis keli\u0173 dien\u0173 konferencijoms ir prekybos parodoms.<\/li>\n<li><b>Funkcinis reklaminis elementas:<\/b> Labai prakti\u0161kas kaklajuostis dalyviams, u\u017etikrinantis didel\u012f naudingum\u0105 ir prek\u0117s \u017eenklo i\u0161laikym\u0105.<\/li>\n<li><b>Paruo\u0161ta platinti:<\/b> Kiekvienas dir\u017eelis yra atskirai supakuotas \u012f polietilenin\u012f mai\u0161el\u012f ir yra 3 skirting\u0173 ilgi\u0173.<\/li>\n<\/ul>","protected":false},"excerpt":{"rendered":"<ul>\n<li>Pateikite savo logotip\u0105 ry\u0161kia, dvipuse, spalvota sublimacija.<\/li>\n<li>Turi 3 viename \u012fkrovimo jungtis: USB-A \u012f Micro-B ir C tipo.<\/li>\n<li>Labai prakti\u0161kas reklaminis elementas technologij\u0173 konferencijoms ir prekybos parodoms.<\/li>\n<li>(Pastaba: skirta tik \u012fkrovimui, o ne duomen\u0173 perdavimui).<\/li>\n<\/ul>","protected":false},"featured_media":6789,"comment_status":"closed","ping_status":"closed","template":"","meta":[],"product_brand":[],"product_cat":[43],"product_tag":[],"class_list":{"0":"post-1287","1":"product","2":"type-product","3":"status-publish","4":"has-post-thumbnail","6":"product_cat-lanyards","8":"first","9":"instock","10":"shipping-taxable","11":"purchasable","12":"product-type-simple"},"_links":{"self":[{"href":"https:\/\/displayproducts.eu\/lt\/wp-json\/wp\/v2\/product\/1287","targetHints":{"allow":["GET"]}}],"collection":[{"href":"https:\/\/displayproducts.eu\/lt\/wp-json\/wp\/v2\/product"}],"about":[{"href":"https:\/\/displayproducts.eu\/lt\/wp-json\/wp\/v2\/types\/product"}],"replies":[{"embeddable":true,"href":"https:\/\/displayproducts.eu\/lt\/wp-json\/wp\/v2\/comments?post=1287"}],"wp:featuredmedia":[{"embeddable":true,"href":"https:\/\/displayproducts.eu\/lt\/wp-json\/wp\/v2\/media\/6789"}],"wp:attachment":[{"href":"https:\/\/displayproducts.eu\/lt\/wp-json\/wp\/v2\/media?parent=1287"}],"wp:term":[{"taxonomy":"product_brand","embeddable":true,"href":"https:\/\/displayproducts.eu\/lt\/wp-json\/wp\/v2\/product_brand?post=1287"},{"taxonomy":"product_cat","embeddable":true,"href":"https:\/\/displayproducts.eu\/lt\/wp-json\/wp\/v2\/product_cat?post=1287"},{"taxonomy":"product_tag","embeddable":true,"href":"https:\/\/displayproducts.eu\/lt\/wp-json\/wp\/v2\/product_tag?post=1287"}],"curies":[{"name":"wp","href":"https:\/\/api.w.org\/{rel}","templated":true}]}}