{"id":1284,"date":"2024-10-27T11:53:51","date_gmt":"2024-10-27T08:53:51","guid":{"rendered":"https:\/\/wristbandfactory.eu\/toode\/3-tone-lanyards-with-pvc-badge\/"},"modified":"2026-04-01T21:52:36","modified_gmt":"2026-04-01T18:52:36","slug":"3-tone-cord-lanyards-with-pvc-badge","status":"publish","type":"product","link":"https:\/\/displayproducts.eu\/lt\/p\/3-tone-cord-lanyards-with-pvc-badge\/","title":{"rendered":"Trij\u0173 spalv\u0173 kaklajuost\u0117s su PVC \u017eenkliuku"},"content":{"rendered":"<div class=\"mx-12 md:mx-24 lg:mx-48\">\n<div class=\"container my-8 svelte-zlsknf\">\n<div class=\"my-24 rounded-lg border-0 border-gray-700 bg-gray-100 px-16 py-24\">\n<div class=\"mt-11 !text-gray-500\">\n<p>Sukurkite i\u0161skirtin\u012f ir gerai matom\u0105 identifikavimo sprendim\u0105 savo komandai ar renginio dalyviams su m\u016bs\u0173 trij\u0173 spalv\u0173 virveliniais kaklajuost\u0117mis. \u0160ios kaklajuost\u0117s pasi\u017eymi \u012fsp\u016bdingu prek\u0117s \u017eenklo \u017einomumu ir patvariu, prakti\u0161ku dizainu.<\/p>\n<p>90 cm ilgio virvel\u0117 pagaminta i\u0161 patvaraus poliesterio ir gali b\u016bti visi\u0161kai pritaikyta pasirinkus vien\u0105 i\u0161 trij\u0173 skirting\u0173 spalv\u0173, kad puikiai der\u0117t\u0173 prie j\u016bs\u0173 \u012fmon\u0117s stiliaus ar renginio temos.<\/p>\n<p>Svarbiausias bruo\u017eas \u2013 specialus PVC \u017eenkliukas, kur\u012f galima i\u0161lieti su j\u016bs\u0173 logotipu ar dizainu naudojant iki trij\u0173 spalv\u0173. Tai patvari, maloni liesti ir auk\u0161\u010diausios kokyb\u0117s alternatyva standartiniam spausdintam leidimui. Kiekvienas dir\u017eelis turi tvirt\u0105 metalin\u012f \u017eied\u0105, o kiti segtukai galimi pagal j\u016bs\u0173 konkretaus asmens tapatyb\u0117s kortel\u0117s tur\u0117tojo reikalavimus. Tod\u0117l jie puikiai tinka \u012fmoni\u0173 darbuotoj\u0173 identifikavimui, prekybos parod\u0173 identifikavimui ar keli\u0173 dien\u0173 rengini\u0173 leidimams.<\/p>\n<p><b>Pagrindin\u0117s savyb\u0117s:<\/b><\/p>\n<ul>\n<li><b>Trij\u0173 spalv\u0173 pritaikymas:<\/b> Pasirinkite bet kurias tris 90 cm poliesterio kaklajuost\u0117s spalvas, kad jos der\u0117t\u0173 prie j\u016bs\u0173 prek\u0117s \u017eenklo.<\/li>\n<li><b>Pasirinktinis PVC \u017eenklelis:<\/b> Turi pagal u\u017esakym\u0105 pagamint\u0105 PVC \u017eenkliuk\u0105 j\u016bs\u0173 logotipui (iki 3 spalv\u0173).<\/li>\n<li><b>Patvarus poliesterio kordas:<\/b> Sukurta kasdieniam darbuotoj\u0173 naudojimui arba keli\u0173 dien\u0173 renginiams.<\/li>\n<li><b>Universal\u016bs priedai:<\/b> Standarti\u0161kai tiekiamas su metaliniu \u017eiedu arba galite rinktis i\u0161 kit\u0173 segtuk\u0173 variant\u0173.<\/li>\n<li><b>Didel\u0117s \u012ftakos ID:<\/b> Idealiai tinka vizualiai segmentuoti darbuotojus, VIP asmenis ar rengini\u0173 komandas.<\/li>\n<\/ul>\n<\/div>\n<\/div>\n<\/div>\n<\/div>","protected":false},"excerpt":{"rendered":"<ul>\n<li>Turi patvar\u0173 trij\u0173 spalv\u0173 poliesterio virvel\u0119 (pasirinkite 3 spalvas).<\/li>\n<li>Pridedamas pagal u\u017esakym\u0105 sukurtas PVC \u017eenkliukas (iki 3 spalv\u0173) j\u016bs\u0173 logotipui.<\/li>\n<li>Standarti\u0161kai komplektuojamas su metaliniu \u017eiedu, yra ir kit\u0173 segtuk\u0173 variant\u0173.<\/li>\n<li>Idealiai tinka i\u0161skirtiniam darbuotoj\u0173 identifikavimui arba \u012fmoni\u0173 rengini\u0173 leidimams.<\/li>\n<\/ul>","protected":false},"featured_media":6820,"comment_status":"closed","ping_status":"closed","template":"","meta":[],"product_brand":[],"product_cat":[43],"product_tag":[],"class_list":{"0":"post-1284","1":"product","2":"type-product","3":"status-publish","4":"has-post-thumbnail","6":"product_cat-lanyards","8":"first","9":"instock","10":"shipping-taxable","11":"purchasable","12":"product-type-simple"},"_links":{"self":[{"href":"https:\/\/displayproducts.eu\/lt\/wp-json\/wp\/v2\/product\/1284","targetHints":{"allow":["GET"]}}],"collection":[{"href":"https:\/\/displayproducts.eu\/lt\/wp-json\/wp\/v2\/product"}],"about":[{"href":"https:\/\/displayproducts.eu\/lt\/wp-json\/wp\/v2\/types\/product"}],"replies":[{"embeddable":true,"href":"https:\/\/displayproducts.eu\/lt\/wp-json\/wp\/v2\/comments?post=1284"}],"wp:featuredmedia":[{"embeddable":true,"href":"https:\/\/displayproducts.eu\/lt\/wp-json\/wp\/v2\/media\/6820"}],"wp:attachment":[{"href":"https:\/\/displayproducts.eu\/lt\/wp-json\/wp\/v2\/media?parent=1284"}],"wp:term":[{"taxonomy":"product_brand","embeddable":true,"href":"https:\/\/displayproducts.eu\/lt\/wp-json\/wp\/v2\/product_brand?post=1284"},{"taxonomy":"product_cat","embeddable":true,"href":"https:\/\/displayproducts.eu\/lt\/wp-json\/wp\/v2\/product_cat?post=1284"},{"taxonomy":"product_tag","embeddable":true,"href":"https:\/\/displayproducts.eu\/lt\/wp-json\/wp\/v2\/product_tag?post=1284"}],"curies":[{"name":"wp","href":"https:\/\/api.w.org\/{rel}","templated":true}]}}