{"id":1280,"date":"2024-10-27T11:53:51","date_gmt":"2024-10-27T08:53:51","guid":{"rendered":"https:\/\/wristbandfactory.eu\/toode\/3-tone-lanyards-with-woven-label\/"},"modified":"2026-04-01T21:52:36","modified_gmt":"2026-04-01T18:52:36","slug":"3-tone-cord-lanyards-with-woven-label","status":"publish","type":"product","link":"https:\/\/displayproducts.eu\/lt\/p\/3-tone-cord-lanyards-with-woven-label\/","title":{"rendered":"Trij\u0173 spalv\u0173 kaklajuost\u0117s su austa etikete"},"content":{"rendered":"<div class=\"mx-12 md:mx-24 lg:mx-48\">\n<div class=\"container my-8 svelte-zlsknf\">\n<div class=\"my-24 rounded-lg border-0 border-gray-700 bg-gray-100 px-16 py-24\">\n<div class=\"mt-11 !text-gray-500\">\n<p>Pagerinkite savo \u012fmon\u0117s identifikavim\u0105 su m\u016bs\u0173 trij\u0173 spalv\u0173 virveliniais kaklajuost\u0117mis su auk\u0161\u010diausios kokyb\u0117s austa etikete. \u0160ios kaklajuost\u0117s yra moderni ir itin patvari alternatyva standartin\u0117ms spausdintoms etiket\u0117ms, tod\u0117l puikiai tinka darbuotoj\u0173 identifikavimui ar keli\u0173 dien\u0173 konferencijoms.<\/p>\n<p>Virvel\u0117 pagaminta i\u0161 tvirtos 90 cm ilgio, trij\u0173 spalv\u0173 poliesterio kaklajuost\u0117s, kuri\u0105 galima visi\u0161kai pritaikyti pagal j\u016bs\u0173 prek\u0117s \u017eenklo stili\u0173, pasirinkus vien\u0105 i\u0161 trij\u0173 spalv\u0173.<\/p>\n<p>Vietoj spausdinto \u017eenklelio \u0161is modelis turi didel\u0117s rai\u0161kos aust\u0105 etiket\u0119, tvirtai pritvirtint\u0105 prie kaklajuost\u0117s patvariu elastiniu spaustuku (galima rinktis baltos arba juodos spalvos). \u0160i austa etiket\u0117 gali demonstruoti j\u016bs\u0173 logotip\u0105 ar dizain\u0105 iki 4 spalv\u0173, u\u017etikrindama ilgalaik\u0119, profesionali\u0105 i\u0161vaizd\u0105, kuri nei\u0161bluks ir nesubrai\u017eys. Kiekvienas dir\u017eelis standarti\u0161kai komplektuojamas su metaliniu \u017eiedu, taip pat galimi ir kiti segtuk\u0173 variantai.<\/p>\n<p><b>Pagrindin\u0117s savyb\u0117s:<\/b><\/p>\n<ul>\n<li><b>Pasirinktinis 3 ton\u0173 laidas:<\/b> Pasirinkite bet kurias 3 90 cm poliesterio kaklajuost\u0117s spalvas, kad jos der\u0117t\u0173 prie j\u016bs\u0173 \u012fmon\u0117s prek\u0117s \u017eenklo.<\/li>\n<li><b>Auk\u0161\u010diausios kokyb\u0117s austa etiket\u0117:<\/b> Turi didel\u0117s rai\u0161kos aust\u0105 etiket\u0119 j\u016bs\u0173 logotipui (iki 4 spalv\u0173), u\u017etikrinan\u010di\u0105 auk\u0161\u010diausios kokyb\u0117s ir patvari\u0105 apdail\u0105.<\/li>\n<li><b>Patvarus priedas:<\/b> Etiket\u0117 tvirtai pritvirtinta baltu arba juodu tampriu spaustuku.<\/li>\n<li><b>Universali \u012franga:<\/b> Standarti\u0161kai komplektuojamas su metaliniu \u017eiedu, ta\u010diau yra ir kit\u0173 segtuk\u0173, tinkan\u010di\u0173 bet kokiam asmens tapatyb\u0117s kortel\u0117s laikikliui.<\/li>\n<li><b>Ilgalaikis prek\u0117s \u017eenklo \u012fvaizdis:<\/b> Puikus pasirinkimas kasdieniam darbuotoj\u0173 naudojimui arba keli\u0173 dien\u0173 rengini\u0173 identifikavimui.<\/li>\n<\/ul>\n<\/div>\n<\/div>\n<\/div>\n<\/div>","protected":false},"excerpt":{"rendered":"<ul>\n<li>Turi patvar\u0173 90 cm poliesterio virvel\u0119 (pasirinkite 3 pasirinktines spalvas).<\/li>\n<li>Pridedama auk\u0161tos kokyb\u0117s, auk\u0161\u010diausios kokyb\u0117s austa etiket\u0117 j\u016bs\u0173 logotipui (iki 4 spalv\u0173).<\/li>\n<li>Pridedamas metalinis \u017eiedas arba kiti spaustukai, kad b\u016bt\u0173 galima naudoti \u012fvairiai.<\/li>\n<li>Idealiai tinka patvariam, ilgaam\u017eiam \u012fmon\u0117s ID ar rengini\u0173 leidim\u0173 sprendimui.<\/li>\n<\/ul>","protected":false},"featured_media":6823,"comment_status":"closed","ping_status":"closed","template":"","meta":[],"product_brand":[],"product_cat":[43],"product_tag":[],"class_list":{"0":"post-1280","1":"product","2":"type-product","3":"status-publish","4":"has-post-thumbnail","6":"product_cat-lanyards","8":"first","9":"instock","10":"shipping-taxable","11":"purchasable","12":"product-type-simple"},"_links":{"self":[{"href":"https:\/\/displayproducts.eu\/lt\/wp-json\/wp\/v2\/product\/1280","targetHints":{"allow":["GET"]}}],"collection":[{"href":"https:\/\/displayproducts.eu\/lt\/wp-json\/wp\/v2\/product"}],"about":[{"href":"https:\/\/displayproducts.eu\/lt\/wp-json\/wp\/v2\/types\/product"}],"replies":[{"embeddable":true,"href":"https:\/\/displayproducts.eu\/lt\/wp-json\/wp\/v2\/comments?post=1280"}],"wp:featuredmedia":[{"embeddable":true,"href":"https:\/\/displayproducts.eu\/lt\/wp-json\/wp\/v2\/media\/6823"}],"wp:attachment":[{"href":"https:\/\/displayproducts.eu\/lt\/wp-json\/wp\/v2\/media?parent=1280"}],"wp:term":[{"taxonomy":"product_brand","embeddable":true,"href":"https:\/\/displayproducts.eu\/lt\/wp-json\/wp\/v2\/product_brand?post=1280"},{"taxonomy":"product_cat","embeddable":true,"href":"https:\/\/displayproducts.eu\/lt\/wp-json\/wp\/v2\/product_cat?post=1280"},{"taxonomy":"product_tag","embeddable":true,"href":"https:\/\/displayproducts.eu\/lt\/wp-json\/wp\/v2\/product_tag?post=1280"}],"curies":[{"name":"wp","href":"https:\/\/api.w.org\/{rel}","templated":true}]}}