{"id":1279,"date":"2024-10-27T11:53:51","date_gmt":"2024-10-27T08:53:51","guid":{"rendered":"https:\/\/wristbandfactory.eu\/toode\/glitter-lanyards\/"},"modified":"2026-04-01T21:52:36","modified_gmt":"2026-04-01T18:52:36","slug":"printed-glitter-lanyards-vip-gala-events","status":"publish","type":"product","link":"https:\/\/displayproducts.eu\/lt\/p\/printed-glitter-lanyards-vip-gala-events\/","title":{"rendered":"Blizg\u016bs kaklajuos\u010diai su spauda (Glitter)"},"content":{"rendered":"<div class=\"mx-12 md:mx-24 lg:mx-48\">\n<div class=\"container my-8 svelte-zlsknf\">\n<div class=\"my-24 rounded-lg border-0 border-gray-700 bg-gray-100 px-16 py-24\">\n<div class=\"mt-11 !text-gray-500\">\n<p data-path-to-node=\"11\">Suteikite savo prek\u0117s \u017eenklui spindesio ir u\u017etikrinkite, kad sve\u010diai jaust\u0173si i\u0161skirtiniai su m\u016bs\u0173 <b>Individualiai spausdinti blizgu\u010di\u0173 dir\u017eeliai<\/b>. \u0160is kaklajuostis yra geriausias pasirinkimas apdovanojim\u0173 vakarams, VIP vakar\u0117liams, muzikos festivaliams ir \u012fmoni\u0173 \u0161vent\u0117ms, kur standartiniai kaklajuos\u010diai tiesiog susilieja su fonu.<\/p>\n<p data-path-to-node=\"12\">Virvel\u0117 pagaminta i\u0161 patvarios 90 cm ilgio poliesterio juostel\u0117s, kuri v\u0117liau u\u017edengiama i\u0161skirtine detale. <b>blizganti med\u017eiaga su dideliu blizgesiu<\/b>. Tai sukuria unikali\u0105, akinan\u010di\u0105 drob\u0119, kuri u\u017efiksuoja sal\u0117s ap\u0161vietim\u0105 ir u\u017etikrina ger\u0105 matomum\u0105 net ir prieblandoje. Tai puiki priemon\u0117 apsaugos ir svetingumo komandoms, padedan\u010dioms greitai atpa\u017einti VIP asmenis, u\u017ekulisi\u0173 personal\u0105 ar auk\u0161to rango r\u0117m\u0117jus.<\/p>\n<p data-path-to-node=\"13\">J\u016bs\u0173 logotip\u0105 spausdiname ant vienos blizgan\u010dio pavir\u0161iaus pus\u0117s, naudodami <b>tikslus Pantone spalv\u0173 atitikimas<\/b>. D\u0117l blizgu\u010di\u0173 tekst\u016bros rekomenduojame ry\u0161kius, paprastus logotipus, kad jie b\u016bt\u0173 geriau \u012fskaitomi. Kiekvienas dir\u017eelis standarti\u0161kai turi tvirt\u0105 <b>metalinis karabinas<\/b>, suteikiant gaminiui profesional\u0173 svor\u012f ir poj\u016bt\u012f, nors yra ir kit\u0173 tvirtinimo variant\u0173, kad atitikt\u0173 konkre\u010dius j\u016bs\u0173 asmens tapatyb\u0117s kortel\u0117s reikalavimus.<\/p>\n<p data-path-to-node=\"14\"><b>Pagrindin\u0117s savyb\u0117s:<\/b><\/p>\n<ul data-path-to-node=\"15\">\n<li>\n<p data-path-to-node=\"15,0,0\"><b>Med\u017eiaga:<\/b> Poliesterio pagrindas su lydytu itin blizgiu blizgu\u010di\u0173 sluoksniu.<\/p>\n<\/li>\n<li>\n<p data-path-to-node=\"15,1,0\"><b>Vizualinis efektas:<\/b> Spindinti apdaila suteikia auk\u0161\u010diausios klas\u0117s estetik\u0105 prabangiems renginiams.<\/p>\n<\/li>\n<li>\n<p data-path-to-node=\"15,2,0\"><b>Spausdinimas:<\/b> Vienpusis, u\u017esakomas \u0161ilkografijos atspaudas su \u201ePantone\u201c spalv\u0173 deriniu (geriausiai tinka ry\u0161kiems logotipams).<\/p>\n<\/li>\n<li>\n<p data-path-to-node=\"15,3,0\"><b>Taikymas:<\/b> Idealiai tinka i\u0161skirti VIP sve\u010dius, prane\u0161\u0117jus ir personal\u0105 vakar\u0117liuose ir i\u0161kilm\u0117se.<\/p>\n<\/li>\n<li>\n<p data-path-to-node=\"15,4,0\"><b>Aparatin\u0117 \u012franga:<\/b> Pridedamas tvirtas metalinis karabinas saugiam \u017eenklelio laikymui.<\/p>\n<\/li>\n<\/ul>\n<\/div>\n<\/div>\n<\/div>\n<\/div>","protected":false},"excerpt":{"rendered":"<ul>\n<li>\n<p data-path-to-node=\"9,0,0\"><b>Didelio poveikio spindesys:<\/b> Auk\u0161\u010diausios kokyb\u0117s blizgu\u010di\u0173 sluoksnis sukuria \u017e\u0117rint\u012f, ak\u012f traukiant\u012f efekt\u0105, idealiai tinkant\u012f vakariniams renginiams.<\/p>\n<\/li>\n<li>\n<p data-path-to-node=\"9,1,0\"><b>VIP i\u0161skirtinumas:<\/b> I\u0161skirtinis vizualinis vaizdas akimirksniu i\u0161skiria ypatingus sve\u010dius, darbuotojus ar apdovanojim\u0173 laim\u0117tojus.<\/p>\n<\/li>\n<li>\n<p data-path-to-node=\"9,2,0\"><b>Individualus prek\u0117s \u017eenklo k\u016brimas:<\/b> J\u016bs\u0173 logotipas yra \u0161ilkografi\u0161kai spausdinamas viena spalva (atitinka Pantone spalvas) tiesiai ant blizgu\u010di\u0173 pavir\u0161iaus.<\/p>\n<\/li>\n<li>\n<p data-path-to-node=\"9,3,0\"><b>Patvarus komfortas:<\/b> Pagamintas ant tvirto 90 cm poliesterio pagrindo, u\u017etikrinan\u010dio patvarum\u0105 neprarandant stiliaus.<\/p>\n<\/li>\n<\/ul>","protected":false},"featured_media":6741,"comment_status":"closed","ping_status":"closed","template":"","meta":[],"product_brand":[],"product_cat":[104],"product_tag":[],"class_list":{"0":"post-1279","1":"product","2":"type-product","3":"status-publish","4":"has-post-thumbnail","6":"product_cat-custom-printed-lanyards","8":"first","9":"instock","10":"shipping-taxable","11":"purchasable","12":"product-type-simple"},"_links":{"self":[{"href":"https:\/\/displayproducts.eu\/lt\/wp-json\/wp\/v2\/product\/1279","targetHints":{"allow":["GET"]}}],"collection":[{"href":"https:\/\/displayproducts.eu\/lt\/wp-json\/wp\/v2\/product"}],"about":[{"href":"https:\/\/displayproducts.eu\/lt\/wp-json\/wp\/v2\/types\/product"}],"replies":[{"embeddable":true,"href":"https:\/\/displayproducts.eu\/lt\/wp-json\/wp\/v2\/comments?post=1279"}],"wp:featuredmedia":[{"embeddable":true,"href":"https:\/\/displayproducts.eu\/lt\/wp-json\/wp\/v2\/media\/6741"}],"wp:attachment":[{"href":"https:\/\/displayproducts.eu\/lt\/wp-json\/wp\/v2\/media?parent=1279"}],"wp:term":[{"taxonomy":"product_brand","embeddable":true,"href":"https:\/\/displayproducts.eu\/lt\/wp-json\/wp\/v2\/product_brand?post=1279"},{"taxonomy":"product_cat","embeddable":true,"href":"https:\/\/displayproducts.eu\/lt\/wp-json\/wp\/v2\/product_cat?post=1279"},{"taxonomy":"product_tag","embeddable":true,"href":"https:\/\/displayproducts.eu\/lt\/wp-json\/wp\/v2\/product_tag?post=1279"}],"curies":[{"name":"wp","href":"https:\/\/api.w.org\/{rel}","templated":true}]}}