{"id":1276,"date":"2024-10-27T11:53:51","date_gmt":"2024-10-27T08:53:51","guid":{"rendered":"https:\/\/wristbandfactory.eu\/toode\/round-lanyard-with-domed-slider\/"},"modified":"2026-04-01T21:52:36","modified_gmt":"2026-04-01T18:52:36","slug":"round-cord-lanyards-with-dome-logo-slider-epoxy-3d","status":"publish","type":"product","link":"https:\/\/displayproducts.eu\/lt\/p\/round-cord-lanyards-with-dome-logo-slider-epoxy-3d\/","title":{"rendered":"Apval\u016bs virveliniai kaklajuost\u0117s su kupoliniu logotipo slankikliu (epoksidin\u0117 3D derva)"},"content":{"rendered":"<div class=\"mx-12 md:mx-24 lg:mx-48\">\n<div class=\"container my-8 svelte-zlsknf\">\n<div class=\"my-24 rounded-lg border-0 border-gray-700 bg-gray-100 px-16 py-24\">\n<div class=\"mt-11 !text-gray-500\">\n<p data-path-to-node=\"7\">Si\u016blome eleganti\u0161k\u0105, modern\u0173 ir auk\u0161\u010diausios klas\u0117s b\u016bd\u0105 parodyti savo tapatyb\u0119 su m\u016bs\u0173 apvaliais virveliniais kaklajuost\u0117mis su kupoliniu logotipo slankikliu. \u0160\u012f minimalistin\u012f dizain\u0105 m\u0117gsta technologij\u0173 \u012fmon\u0117s, startuoliai ir auk\u0161\u010diausios klas\u0117s konferencij\u0173 organizatoriai, norintys atsisakyti tradicini\u0173 pla\u010di\u0173 \u201creklamini\u0173\u201d kaklajuos\u010di\u0173.<\/p>\n<p data-path-to-node=\"8\"><b>\u201cKupolo\u201d prana\u0161umas<\/b> I\u0161skirtinis \u0161io gaminio bruo\u017eas yra firminis slankiklis. Skirtingai nuo standartin\u0117s plok\u0161\u010dios spaudos, j\u016bs\u0173 logotipas padengtas skaidrios epoksidin\u0117s dervos sluoksniu (i\u0161kirptuku). Tai sukuria didinam\u0105j\u012f vaizd\u0105. <b>3D efektas<\/b> ...kurios spalvos tampa ry\u0161kesn\u0117s, o prek\u0117s \u017eenklui suteikiamas papuo\u0161alams b\u016bdingas, auk\u0161tos kokyb\u0117s \u012fvaizdis. Derva taip pat apsaugo logotip\u0105 nuo \u012fbr\u0117\u017eim\u0173, i\u0161blukimo ar vandens daromos \u017ealos, u\u017etikrindama, kad j\u016bs\u0173 prek\u0117s \u017eenklas ilgai atrodyt\u0173 nepriekai\u0161tingai.<\/p>\n<p data-path-to-node=\"9\"><b>Patogumas ir ilgaam\u017ei\u0161kumas<\/b> Pagamintas i\u0161 patvaraus poliesterio kaklajuost\u0117s (~5 mm storio), \u0161is dir\u017eelis yra lengvas ir patogus ant kaklo. Standarti\u0161kai jis tiekiamas su auk\u0161tos kokyb\u0117s metaliniu karabinu, skirtu saugiai laikyti asmens tapatyb\u0117s korteles, raktus ar prieigos raktelius. Nors slankiklio korpusas yra standartin\u0117s juodos spalvos, didesniems u\u017esakymams galime j\u012f pagaminti pagal u\u017esakym\u0105 pasirinkt\u0173 prek\u0117s \u017eenkl\u0173 spalvomis, u\u017etikrindami, kad jis puikiai der\u0117t\u0173 prie j\u016bs\u0173 \u012fmon\u0117s stiliaus.<\/p>\n<p data-path-to-node=\"10\"><b>Pagrindin\u0117s savyb\u0117s:<\/b><\/p>\n<ul data-path-to-node=\"11\">\n<li>\n<p data-path-to-node=\"11,0,0\"><b>Epoksidin\u0117s dervos kupolo slankiklis:<\/b> Derva padengtas prek\u0117s \u017eenklo plotas sukuria auk\u0161\u010diausios kokyb\u0117s, \u012fbr\u0117\u017eimams atspar\u0173 3D vaizd\u0105.<\/p>\n<\/li>\n<li>\n<p data-path-to-node=\"11,1,0\"><b>Apvalus poliesterio kordas:<\/b> Patvari ir patogi alternatyva plok\u0161\u010dioms virvel\u0117ms.<\/p>\n<\/li>\n<li>\n<p data-path-to-node=\"11,2,0\"><b>Ry\u0161kus prek\u0117s \u017eenklas:<\/b> Idealiai tinka spalvingiems logotipams, kurie turi i\u0161siskirti.<\/p>\n<\/li>\n<li>\n<p data-path-to-node=\"11,3,0\"><b>Metalinis karabinas:<\/b> Tvirtas segtukas u\u017etikrina saug\u0173 \u017eenkleli\u0173 ir rakt\u0173 pritvirtinim\u0105.<\/p>\n<\/li>\n<li>\n<p data-path-to-node=\"11,4,0\"><b>Profesionali estetika:<\/b> Minimalistinis dizainas, tinkantis VIP asmenims ir \u012fmoni\u0173 darbuotojams.<\/p>\n<\/li>\n<\/ul>\n<\/div>\n<\/div>\n<\/div>\n<\/div>","protected":false},"excerpt":{"rendered":"<ul>\n<li>\n<p data-path-to-node=\"6,0,0\"><b>Auk\u0161\u010diausios kokyb\u0117s prek\u0117s \u017eenklas:<\/b> Stumdomas logotipo diskas padengtas kri\u0161tolo skaidrumo epoksidin\u0117s dervos danga (i\u0161gaubta forma), sukurian\u010dia 3D efekt\u0105.<\/p>\n<\/li>\n<li>\n<p data-path-to-node=\"6,1,0\"><b>Spalvota spauda:<\/b> Leid\u017eia i\u0161gauti ry\u0161kius, detalius logotipus, kurie yra apsaugoti nuo \u012fbr\u0117\u017eim\u0173 ir blukimo.<\/p>\n<\/li>\n<li>\n<p data-path-to-node=\"6,2,0\"><b>Eleganti\u0161kas dizainas:<\/b> 90 cm ilgio apvali poliesterio virvel\u0117 si\u016blo moderni\u0105, minimalistin\u0119 alternatyv\u0105 plok\u0161\u010dioms juostel\u0117ms.<\/p>\n<\/li>\n<li>\n<p data-path-to-node=\"6,3,0\"><b>Saugus priedas:<\/b> Standarti\u0161kai komplektuojamas su tvirtu metaliniu karabinu asmens tapatyb\u0117s kortel\u0117ms.<\/p>\n<\/li>\n<li><\/li>\n<\/ul>","protected":false},"featured_media":6765,"comment_status":"closed","ping_status":"closed","template":"","meta":[],"product_brand":[],"product_cat":[43,125,104],"product_tag":[],"class_list":{"0":"post-1276","1":"product","2":"type-product","3":"status-publish","4":"has-post-thumbnail","6":"product_cat-lanyards","7":"product_cat-cord-lanyards","8":"product_cat-custom-printed-lanyards","10":"first","11":"instock","12":"shipping-taxable","13":"purchasable","14":"product-type-simple"},"_links":{"self":[{"href":"https:\/\/displayproducts.eu\/lt\/wp-json\/wp\/v2\/product\/1276","targetHints":{"allow":["GET"]}}],"collection":[{"href":"https:\/\/displayproducts.eu\/lt\/wp-json\/wp\/v2\/product"}],"about":[{"href":"https:\/\/displayproducts.eu\/lt\/wp-json\/wp\/v2\/types\/product"}],"replies":[{"embeddable":true,"href":"https:\/\/displayproducts.eu\/lt\/wp-json\/wp\/v2\/comments?post=1276"}],"wp:featuredmedia":[{"embeddable":true,"href":"https:\/\/displayproducts.eu\/lt\/wp-json\/wp\/v2\/media\/6765"}],"wp:attachment":[{"href":"https:\/\/displayproducts.eu\/lt\/wp-json\/wp\/v2\/media?parent=1276"}],"wp:term":[{"taxonomy":"product_brand","embeddable":true,"href":"https:\/\/displayproducts.eu\/lt\/wp-json\/wp\/v2\/product_brand?post=1276"},{"taxonomy":"product_cat","embeddable":true,"href":"https:\/\/displayproducts.eu\/lt\/wp-json\/wp\/v2\/product_cat?post=1276"},{"taxonomy":"product_tag","embeddable":true,"href":"https:\/\/displayproducts.eu\/lt\/wp-json\/wp\/v2\/product_tag?post=1276"}],"curies":[{"name":"wp","href":"https:\/\/api.w.org\/{rel}","templated":true}]}}