{"id":1275,"date":"2024-10-27T11:53:51","date_gmt":"2024-10-27T08:53:51","guid":{"rendered":"https:\/\/wristbandfactory.eu\/toode\/reflective-lanyards\/"},"modified":"2026-04-01T21:52:36","modified_gmt":"2026-04-01T18:52:36","slug":"printed-reflective-lanyards","status":"publish","type":"product","link":"https:\/\/displayproducts.eu\/lt\/p\/printed-reflective-lanyards\/","title":{"rendered":"Spausdinti \u0161vies\u0105 atspindintys dir\u017eeliai"},"content":{"rendered":"<div class=\"mx-12 md:mx-24 lg:mx-48\">\n<div class=\"container my-8 svelte-zlsknf\">\n<div class=\"my-24 rounded-lg border-0 border-gray-700 bg-gray-100 px-16 py-24\">\n<div class=\"mt-11 !text-gray-500\">\n<p>Maksimaliai padidinkite savo komandos saugum\u0105 ir matomum\u0105 su m\u016bs\u0173 <b>Spausdinti \u0161vies\u0105 atspindintys dir\u017eeliai<\/b>. \u0160is produktas yra labai svarbi priemon\u0117 bet kuriai organizacijai, kuriai reikalingas geras darbuotoj\u0173 matomumas, pavyzd\u017eiui, vakariniuose renginiuose, statybviet\u0117se ar logistikoje.<\/p>\n<p>\u0160is 90 cm ilgio virvel\u0117 pagaminta i\u0161 patvarios poliesterio juostel\u0117s, kuri v\u0117liau padengta... <b>pilka atspindinti perdanga<\/b>. \u0160is pilnas perdangos sluoksnis suteikia maksimal\u0173 pavir\u0161iaus plot\u0105, kuris tamsiu paros metu u\u017efiksuoja \u0161vies\u0105, tod\u0117l d\u0117v\u0117tojas yra labai gerai matomas.<\/p>\n<p>J\u016bs\u0173 organizacijos logotipas spausdinamas tiesiai ant \u0161io atspindin\u010dio pavir\u0161iaus j\u016bs\u0173 pasirinktomis \u201ePantone\u201c spalvomis. Tai u\u017etikrina, kad j\u016bs\u0173 prek\u0117s \u017eenklas b\u016bt\u0173 ai\u0161kus ir profesionalus, kartu i\u0161laikant pagrindin\u0119 kaklajuost\u0117s saugos funkcij\u0105. Kiekvienas virvel\u0117 standarti\u0161kai turi metalin\u012f karabin\u0105, skirt\u0105 saugiai pritvirtinti asmens tapatyb\u0117s korteles ar prieigos korteles.<\/p>\n<p><b>Pagrindin\u0117s savyb\u0117s:<\/b><\/p>\n<ul>\n<li><b>Pilnai atspindinti perdanga:<\/b> Turi pilk\u0105 \u0161vies\u0105 atspindin\u010di\u0105 dang\u0105, u\u017etikrinan\u010di\u0105 360 laipsni\u0173 matomum\u0105 esant prastam ap\u0161vietimui.<\/li>\n<li><b>Pasirinktinis vienpusis spausdinimas:<\/b> J\u016bs\u0173 logotipas spausdinamas tiesiai ant atspindin\u010dio pavir\u0161iaus, naudojant \u201ePantone\u201c spalv\u0173 derinim\u0105.<\/li>\n<li><b>Patvarus poliesterio pagrindas:<\/b> 90 cm poliesterio juostel\u0117 suteikia tvirt\u0105 ir patog\u0173 pagrind\u0105.<\/li>\n<li><b>Patobulintas saugumas:<\/b> Idealiai tinka darbuotojams, vakariniams renginiams ar bet kokiai aplinkai, kurioje reikalingas geras matomumas.<\/li>\n<li><b>Standartinis metalinis karabinas:<\/b> Pridedamas tvirtas metalinis karabinas (galima rinktis ir kitus segtukus).<\/li>\n<\/ul>\n<p>&nbsp;<\/p>\n<\/div>\n<\/div>\n<\/div>\n<\/div>","protected":false},"excerpt":{"rendered":"<ul>\n<li>Turi viso plo\u010dio pilk\u0105 \u0161vies\u0105 atspindin\u010di\u0105 dang\u0105, kad b\u016bt\u0173 u\u017etikrintas maksimalus matomumas.<\/li>\n<li>Vienoje pus\u0117je atspausdintas j\u016bs\u0173 \u201ePantone\u201c logotipas.<\/li>\n<li>Idealiai tinka rengini\u0173 personalui, statyboms ar \u012fmoni\u0173 saugos programoms.<\/li>\n<li>Tvirtas 90 cm poliesterio dir\u017eelis su metaliniu karabinu.<\/li>\n<\/ul>","protected":false},"featured_media":6750,"comment_status":"closed","ping_status":"closed","template":"","meta":[],"product_brand":[],"product_cat":[43,109],"product_tag":[],"class_list":{"0":"post-1275","1":"product","2":"type-product","3":"status-publish","4":"has-post-thumbnail","6":"product_cat-lanyards","7":"product_cat-reflective-lanyards","9":"first","10":"instock","11":"shipping-taxable","12":"purchasable","13":"product-type-simple"},"_links":{"self":[{"href":"https:\/\/displayproducts.eu\/lt\/wp-json\/wp\/v2\/product\/1275","targetHints":{"allow":["GET"]}}],"collection":[{"href":"https:\/\/displayproducts.eu\/lt\/wp-json\/wp\/v2\/product"}],"about":[{"href":"https:\/\/displayproducts.eu\/lt\/wp-json\/wp\/v2\/types\/product"}],"replies":[{"embeddable":true,"href":"https:\/\/displayproducts.eu\/lt\/wp-json\/wp\/v2\/comments?post=1275"}],"wp:featuredmedia":[{"embeddable":true,"href":"https:\/\/displayproducts.eu\/lt\/wp-json\/wp\/v2\/media\/6750"}],"wp:attachment":[{"href":"https:\/\/displayproducts.eu\/lt\/wp-json\/wp\/v2\/media?parent=1275"}],"wp:term":[{"taxonomy":"product_brand","embeddable":true,"href":"https:\/\/displayproducts.eu\/lt\/wp-json\/wp\/v2\/product_brand?post=1275"},{"taxonomy":"product_cat","embeddable":true,"href":"https:\/\/displayproducts.eu\/lt\/wp-json\/wp\/v2\/product_cat?post=1275"},{"taxonomy":"product_tag","embeddable":true,"href":"https:\/\/displayproducts.eu\/lt\/wp-json\/wp\/v2\/product_tag?post=1275"}],"curies":[{"name":"wp","href":"https:\/\/api.w.org\/{rel}","templated":true}]}}