{"id":1272,"date":"2024-10-27T11:53:51","date_gmt":"2024-10-27T08:53:51","guid":{"rendered":"https:\/\/wristbandfactory.eu\/toode\/flat-polyester-lanyards-with-metal-bottle-opener\/"},"modified":"2026-04-01T21:52:04","modified_gmt":"2026-04-01T18:52:04","slug":"polyester-lanyards-with-bottle-opener","status":"publish","type":"product","link":"https:\/\/displayproducts.eu\/lt\/p\/polyester-lanyards-with-bottle-opener\/","title":{"rendered":"Poliesterio kaklajuost\u0117s su buteli\u0173 atidarytuvu"},"content":{"rendered":"<div class=\"mx-12 md:mx-24 lg:mx-48\">\n<div class=\"container my-8 svelte-zlsknf\">\n<div class=\"my-24 rounded-lg border-0 border-gray-700 bg-gray-100 px-16 py-24\">\n<div class=\"mt-11 !text-gray-500\">\n<p>Sujunkite prek\u0117s \u017eenklo matomum\u0105 su prakti\u0161kumu su m\u016bs\u0173 poliesterio virvel\u0117mis su \u012fmontuotu buteli\u0173 atidarytuvu. \u0160is daugiafunkcis virvelis yra puiki reklamos priemon\u0117 festivaliams, svetingumo renginiams, prekybos parodoms ir \u012fmoni\u0173 vakar\u0117liams, u\u017etikrinanti, kad j\u016bs\u0173 prek\u0117s \u017eenklas visada b\u016bt\u0173 matomas.<\/p>\n<p>Pagaminta i\u0161 patvaraus 90 cm poliesterio, juostel\u0117 suteikia didel\u012f, lyg\u0173 pavir\u0161i\u0173 j\u016bs\u0173 logotipui. Galime atspausdinti j\u016bs\u0173 dizain\u0105 tiksliai atitinkan\u010diomis Pantone spalvomis i\u0161 vienos arba dviej\u0173 pusi\u0173.<\/p>\n<p>\u0160is dir\u017eelis sukurtas maksimaliam funkcionalumui. Jame yra tvirtas metalinis buteli\u0173 atidarytuvas ir atskiras metalinis karabinas, leid\u017eiantis dalyviams ne\u0161ioti savo asmens tapatyb\u0117s kortel\u0119 ir tuo pa\u010diu tur\u0117ti prakti\u0161k\u0105 \u012frank\u012f po ranka. Tai yra \u012fsimintina ir veiksminga dovana, kuri\u0105 klientai ir dalyviai saugos ir naudos.<\/p>\n<p><b>Pagrindin\u0117s savyb\u0117s:<\/b><\/p>\n<ul>\n<li><b>Integruotas buteli\u0173 atidarytuvas:<\/b> Turi patvar\u0173, \u012fmontuot\u0105 metalin\u012f buteli\u0173 atidarytuv\u0105 \u2013 itin nauding\u0105 reklamin\u012f element\u0105.<\/li>\n<li><b>Dvigubi priedai:<\/b> Pridedamas ir buteli\u0173 atidarytuvas, ir metalinis karabinas, tod\u0117l galima vienu metu naudoti kaip asmens dokumento laikikl\u012f.<\/li>\n<li><b>Individualus poliesterio dir\u017eelis:<\/b> Patvarus 90 cm dir\u017eelis, atspausdintas su j\u016bs\u0173 \u201ePantone\u201c logotipu.<\/li>\n<li><b>Vienpusis arba dvipusis spausdinimas:<\/b> Nor\u0117dami maksimaliai padidinti prek\u0117s \u017eenklo matomum\u0105, rinkit\u0117s vienpus\u012f arba dvipus\u012f spausdinim\u0105.<\/li>\n<li><b>Idealus renginio prizas:<\/b> Labai prakti\u0161kas ir \u012fsimintinas daiktas festivaliams, parodoms ir \u012fmoni\u0173 renginiams.<\/li>\n<\/ul>\n<\/div>\n<\/div>\n<\/div>\n<\/div>","protected":false},"excerpt":{"rendered":"<ul>\n<li>Turi funkcional\u0173, integruot\u0105 metalin\u012f buteli\u0173 atidarytuv\u0105, u\u017etikrinant\u012f didel\u012f patogum\u0105.<\/li>\n<li>Tvirtas 90 cm poliesterio dir\u017eelis, su j\u016bs\u0173 logotipu.<\/li>\n<li>\u201ePantone\u201c spalv\u0173 spausdinimas galimas vienoje arba abiejose pus\u0117se.<\/li>\n<li>Pridedamas atskiras metalinis karabinas asmens tapatyb\u0117s kortel\u0117ms arba raktams.<\/li>\n<\/ul>","protected":false},"featured_media":6724,"comment_status":"closed","ping_status":"closed","template":"","meta":[],"product_brand":[],"product_cat":[43,108],"product_tag":[],"class_list":{"0":"post-1272","1":"product","2":"type-product","3":"status-publish","4":"has-post-thumbnail","6":"product_cat-lanyards","7":"product_cat-multifunctional-lanyards","9":"first","10":"instock","11":"shipping-taxable","12":"purchasable","13":"product-type-simple"},"_links":{"self":[{"href":"https:\/\/displayproducts.eu\/lt\/wp-json\/wp\/v2\/product\/1272","targetHints":{"allow":["GET"]}}],"collection":[{"href":"https:\/\/displayproducts.eu\/lt\/wp-json\/wp\/v2\/product"}],"about":[{"href":"https:\/\/displayproducts.eu\/lt\/wp-json\/wp\/v2\/types\/product"}],"replies":[{"embeddable":true,"href":"https:\/\/displayproducts.eu\/lt\/wp-json\/wp\/v2\/comments?post=1272"}],"wp:featuredmedia":[{"embeddable":true,"href":"https:\/\/displayproducts.eu\/lt\/wp-json\/wp\/v2\/media\/6724"}],"wp:attachment":[{"href":"https:\/\/displayproducts.eu\/lt\/wp-json\/wp\/v2\/media?parent=1272"}],"wp:term":[{"taxonomy":"product_brand","embeddable":true,"href":"https:\/\/displayproducts.eu\/lt\/wp-json\/wp\/v2\/product_brand?post=1272"},{"taxonomy":"product_cat","embeddable":true,"href":"https:\/\/displayproducts.eu\/lt\/wp-json\/wp\/v2\/product_cat?post=1272"},{"taxonomy":"product_tag","embeddable":true,"href":"https:\/\/displayproducts.eu\/lt\/wp-json\/wp\/v2\/product_tag?post=1272"}],"curies":[{"name":"wp","href":"https:\/\/api.w.org\/{rel}","templated":true}]}}