{"id":1271,"date":"2024-10-27T11:53:52","date_gmt":"2024-10-27T08:53:52","guid":{"rendered":"https:\/\/wristbandfactory.eu\/toode\/fine-polyester-lanyards-with-metallic-foil-stamped-design\/"},"modified":"2026-04-01T21:52:36","modified_gmt":"2026-04-01T18:52:36","slug":"metallic-foil-printed-lanyards-premium-vip-branding","status":"publish","type":"product","link":"https:\/\/displayproducts.eu\/lt\/p\/metallic-foil-printed-lanyards-premium-vip-branding\/","title":{"rendered":"Kaklajuos\u010diai su metalizuota folijos spauda"},"content":{"rendered":"<div class=\"mx-12 md:mx-24 lg:mx-48\">\n<div class=\"container my-8 svelte-zlsknf\">\n<div class=\"my-24 rounded-lg border-0 border-gray-700 bg-gray-100 px-16 py-24\">\n<div class=\"mt-11 !text-gray-500\">\n<p data-path-to-node=\"11\">I\u0161ry\u0161kinkite savo prek\u0117s \u017eenklo identitet\u0105 ir i\u0161skirkite svarbiausius sve\u010dius su m\u016bs\u0173 <b>Metalin\u0117s folijos spausdinti kaklajuost\u0117s<\/b>. \u0160ie kaklajuost\u0117s, specialiai sukurtos auk\u0161to lygio renginiams, apdovanojim\u0173 ceremonijoms ir VIP prieigos kontrolei, pasi\u017eymi rafinuotumu, kuriam negali prilygti standartin\u0117 \u0161ilkografija.<\/p>\n<p data-path-to-node=\"12\">\u0160io produkto i\u0161skirtinis bruo\u017eas yra <b>Metalin\u0117s folijos \u0161tampavimo procesas<\/b>. Vietoj tradicinio ra\u0161alo, j\u016bs\u0173 logotip\u0105 tiesiai ant juostel\u0117s u\u017espaud\u017eiame kar\u0161to presavimo technika su ry\u0161kiomis metalin\u0117mis folijomis (da\u017eniausiai auksin\u0117mis arba sidabrin\u0117mis). Tai sukuria ry\u0161k\u0173, labai atspindint\u012f pavir\u0161i\u0173, kuris \u017eiba renginio ap\u0161vietime ir i\u0161 karto atkreipia d\u0117mes\u012f \u012f j\u016bs\u0173 prek\u0117s \u017eenkl\u0105. Tai geriausias sprendimas kategorizavimui. <b>VIP sve\u010diai, r\u0117m\u0117jai ir renginio personalas<\/b> kuriems reikia i\u0161siskirti i\u0161 minios.<\/p>\n<p data-path-to-node=\"13\">Pagaminta i\u0161 <b>auk\u0161tos kokyb\u0117s plonas poliesteris<\/b>, kaklajuost\u0117s dir\u017eelis yra i\u0161skirtinai lygus ir mink\u0161tas, u\u017etikrinantis patogum\u0105 vis\u0105 dien\u0105 d\u0117vint su oficialia apranga. Kiekvienas \u012frenginys standarti\u0161kai komplektuojamas su patikimu <b>metalinis karabinas<\/b>, sustiprindama auk\u0161\u010diausios kokyb\u0117s i\u0161vaizd\u0105 ir poj\u016bt\u012f. Organizatoriams, ie\u0161kantiems tikro \u201cprabangaus\u201d asmens tapatyb\u0117s sprendimo, tai yra puikus pasirinkimas.<\/p>\n<p data-path-to-node=\"14\"><b>Pagrindin\u0117s savyb\u0117s:<\/b><\/p>\n<ul data-path-to-node=\"15\">\n<li>\n<p data-path-to-node=\"15,0,0\"><b>Spausdinimo b\u016bdas:<\/b> Auk\u0161\u010diausios kokyb\u0117s metalin\u0117s folijos spauda sukuria blizgant\u012f, atspindint\u012f ir prabang\u0173 logotipo apdail\u0105.<\/p>\n<\/li>\n<li>\n<p data-path-to-node=\"15,1,0\"><b>Med\u017eiaga:<\/b> Smulkiai austas lygus poliesteris suteikia geresn\u012f lyt\u0117jimo poj\u016bt\u012f, palyginti su standartiniais briaunotais dir\u017eeliais.<\/p>\n<\/li>\n<li>\n<p data-path-to-node=\"15,2,0\"><b>Tikslin\u0117 auditorija:<\/b> Idealiai tinka VIP asmenims, \u012fmoni\u0173 vadovams, auk\u0161to lygio r\u0117m\u0117jams ir vakariniams renginiams.<\/p>\n<\/li>\n<li>\n<p data-path-to-node=\"15,3,0\"><b>Vizualinis poveikis:<\/b> \u0160vies\u0105 atspindinti spauda u\u017etikrina, kad logotipas b\u016bt\u0173 matomas ir patrauklus net ir prasto ap\u0161vietimo vietose.<\/p>\n<\/li>\n<\/ul>\n<\/div>\n<\/div>\n<\/div>\n<\/div>","protected":false},"excerpt":{"rendered":"<ul>\n<li>\n<p data-path-to-node=\"9,0,0\"><b>I\u0161skirtin\u0117 apdaila:<\/b> Auk\u0161tos kokyb\u0117s metalin\u0117s folijos spauda (auksin\u0117, sidabrin\u0117 ir kt.) sukuria stulbinant\u012f atspindin\u010dio logotipo efekt\u0105.<\/p>\n<\/li>\n<li>\n<p data-path-to-node=\"9,1,0\"><b>VIP apeliacija:<\/b> Puikus pasirinkimas r\u0117m\u0117jams, prane\u0161\u0117jams ir VIP sve\u010diams, kuriems reikalinga ai\u0161ki identifikacija.<\/p>\n<\/li>\n<li>\n<p data-path-to-node=\"9,2,0\"><b>Auk\u0161\u010diausios kokyb\u0117s med\u017eiaga:<\/b> Pagaminta i\u0161 lygaus, smulkiai austo poliesterio, kuris yra prabangus ir patogus odai.<\/p>\n<\/li>\n<li>\n<p data-path-to-node=\"9,3,0\"><b>Didelis matomumas:<\/b> \u017dvilgantis ra\u0161tas gaudo \u0161vies\u0105, u\u017etikrindamas, kad j\u016bs\u0173 prek\u0117s \u017eenklas i\u0161siskirt\u0173 bet kokiomis ap\u0161vietimo s\u0105lygomis.<\/p>\n<\/li>\n<li><\/li>\n<\/ul>","protected":false},"featured_media":6716,"comment_status":"closed","ping_status":"closed","template":"","meta":[],"product_brand":[],"product_cat":[43,104],"product_tag":[],"class_list":{"0":"post-1271","1":"product","2":"type-product","3":"status-publish","4":"has-post-thumbnail","6":"product_cat-lanyards","7":"product_cat-custom-printed-lanyards","9":"first","10":"instock","11":"shipping-taxable","12":"purchasable","13":"product-type-simple"},"_links":{"self":[{"href":"https:\/\/displayproducts.eu\/lt\/wp-json\/wp\/v2\/product\/1271","targetHints":{"allow":["GET"]}}],"collection":[{"href":"https:\/\/displayproducts.eu\/lt\/wp-json\/wp\/v2\/product"}],"about":[{"href":"https:\/\/displayproducts.eu\/lt\/wp-json\/wp\/v2\/types\/product"}],"replies":[{"embeddable":true,"href":"https:\/\/displayproducts.eu\/lt\/wp-json\/wp\/v2\/comments?post=1271"}],"wp:featuredmedia":[{"embeddable":true,"href":"https:\/\/displayproducts.eu\/lt\/wp-json\/wp\/v2\/media\/6716"}],"wp:attachment":[{"href":"https:\/\/displayproducts.eu\/lt\/wp-json\/wp\/v2\/media?parent=1271"}],"wp:term":[{"taxonomy":"product_brand","embeddable":true,"href":"https:\/\/displayproducts.eu\/lt\/wp-json\/wp\/v2\/product_brand?post=1271"},{"taxonomy":"product_cat","embeddable":true,"href":"https:\/\/displayproducts.eu\/lt\/wp-json\/wp\/v2\/product_cat?post=1271"},{"taxonomy":"product_tag","embeddable":true,"href":"https:\/\/displayproducts.eu\/lt\/wp-json\/wp\/v2\/product_tag?post=1271"}],"curies":[{"name":"wp","href":"https:\/\/api.w.org\/{rel}","templated":true}]}}