{"id":1268,"date":"2024-10-27T11:53:52","date_gmt":"2024-10-27T08:53:52","guid":{"rendered":"https:\/\/wristbandfactory.eu\/toode\/lanyards-with-reflective-threads\/"},"modified":"2026-04-01T21:52:36","modified_gmt":"2026-04-01T18:52:36","slug":"lanyards-with-reflective-threads","status":"publish","type":"product","link":"https:\/\/displayproducts.eu\/lt\/p\/lanyards-with-reflective-threads\/","title":{"rendered":"Kaklajuost\u0117s su \u0161vies\u0105 atspindin\u010diais si\u016blais"},"content":{"rendered":"<div class=\"mx-12 md:mx-24 lg:mx-48\">\n<div class=\"container my-8 svelte-zlsknf\">\n<div class=\"my-24 rounded-lg border-0 border-gray-700 bg-gray-100 px-16 py-24\">\n<div class=\"mt-11 !text-gray-500\">\n<p>Padidinkite savo komandos saugum\u0105 ir matomum\u0105 vakaro renginiuose, darbo vietose ar \u012fmon\u0117s renginiuose su m\u016bs\u0173 <b>Kaklajuost\u0117s su \u0161vies\u0105 atspindin\u010diais si\u016blais<\/b>. \u0160is virvelis yra meistri\u0161kai sukurtas taip, kad derint\u0173 \u012fsp\u016bding\u0105 prek\u0117s \u017eenklo dizain\u0105 su svarbia saugumo funkcija.<\/p>\n<p>Kiekvienas 90 cm ilgio virvelis pagamintas i\u0161 patvaraus poliesterio. Skirtingai nuo visi\u0161kai \u0161vies\u0105 atspindin\u010di\u0173 virveli\u0173, \u0161is modelis pasi\u017eymi... <b>\u0161vies\u0105 atspindintys si\u016blai, \u012fausti tiesiai \u012f juostel\u0117s med\u017eiag\u0105<\/b>. \u0160ie si\u016blai tamsoje arba prasto ap\u0161vietimo s\u0105lygomis sugauna \u0161vies\u0105, tod\u0117l ne\u0161iotojas tampa \u017eymiai geriau matomas, nepakenkiant kaklajuost\u0117s patogumui ar profesionaliai i\u0161vaizdai.<\/p>\n<p>Poliesterio dir\u017eelis suteikia puik\u0173 pavir\u0161i\u0173 prek\u0117s \u017eenklo \u017eenklinimui. Galime atspausdinti j\u016bs\u0173 logotip\u0105 ar \u017einut\u0119 ant vienos arba dviej\u0173 pusi\u0173, tiksliai derindami \u201ePantone\u201c spalvas. Kiekvienas dir\u017eelis standarti\u0161kai komplektuojamas su patikimu metaliniu karabinu, tod\u0117l tai yra funkcionalus sprendimas asmens tapatyb\u0117s \u017eenkleliams, raktams ar prieigos kortel\u0117ms laikyti.<\/p>\n<p><b>Pagrindin\u0117s savyb\u0117s:<\/b><\/p>\n<ul>\n<li><b>\u012eausti \u0161vies\u0105 atspindintys si\u016blai:<\/b> \u012e poliester\u012f tiesiai \u012fausti si\u016blai u\u017etikrina ger\u0105 matomum\u0105 esant prastam ap\u0161vietimui.<\/li>\n<li><b>Pasirinktinis \u201ePantone\u201c spausdinimas:<\/b> J\u016bs\u0173 logotipas spausdinamas i\u0161 vienos arba dviej\u0173 pusi\u0173, tiksliai atitinkant \u201ePantone\u201c spalvas.<\/li>\n<li><b>Patvarus poliesterio dir\u017eelis:<\/b> 90 cm ilgio dir\u017eelis yra patogus ir sukurtas kasdieniam naudojimui \u012fmoni\u0173 ar rengini\u0173 aplinkoje.<\/li>\n<li><b>Patobulintas saugumas:<\/b> Idealiai tinka darbuotojams, vakariniams renginiams ar bet kuriai aplinkai, kur svarbiausias yra geras matomumas.<\/li>\n<li><b>Standartinis metalinis karabinas:<\/b> Pridedamas saugus metalinis karabinas, yra ir kit\u0173 segtuk\u0173 variant\u0173.<\/li>\n<\/ul>\n<\/div>\n<\/div>\n<\/div>\n<\/div>","protected":false},"excerpt":{"rendered":"<ul>\n<li>\u012e poliesterio dir\u017eel\u012f \u012fausti gerai matomi \u0161vies\u0105 atspindintys si\u016blai.<\/li>\n<li>Idealiai tinka darbuotoj\u0173 ir dalyvi\u0173 saugumui vakaro renginiuose pagerinti.<\/li>\n<li>Atspausdinkite savo \u201ePantone\u201c spalv\u0173 logotip\u0105 ant vienos arba dviej\u0173 pusi\u0173.<\/li>\n<li>Tvirtas 90 cm dir\u017eelis su standartiniu metaliniu karabinu.<\/li>\n<\/ul>","protected":false},"featured_media":6719,"comment_status":"closed","ping_status":"closed","template":"","meta":[],"product_brand":[],"product_cat":[43,109],"product_tag":[],"class_list":{"0":"post-1268","1":"product","2":"type-product","3":"status-publish","4":"has-post-thumbnail","6":"product_cat-lanyards","7":"product_cat-reflective-lanyards","9":"first","10":"instock","11":"shipping-taxable","12":"purchasable","13":"product-type-simple"},"_links":{"self":[{"href":"https:\/\/displayproducts.eu\/lt\/wp-json\/wp\/v2\/product\/1268","targetHints":{"allow":["GET"]}}],"collection":[{"href":"https:\/\/displayproducts.eu\/lt\/wp-json\/wp\/v2\/product"}],"about":[{"href":"https:\/\/displayproducts.eu\/lt\/wp-json\/wp\/v2\/types\/product"}],"replies":[{"embeddable":true,"href":"https:\/\/displayproducts.eu\/lt\/wp-json\/wp\/v2\/comments?post=1268"}],"wp:featuredmedia":[{"embeddable":true,"href":"https:\/\/displayproducts.eu\/lt\/wp-json\/wp\/v2\/media\/6719"}],"wp:attachment":[{"href":"https:\/\/displayproducts.eu\/lt\/wp-json\/wp\/v2\/media?parent=1268"}],"wp:term":[{"taxonomy":"product_brand","embeddable":true,"href":"https:\/\/displayproducts.eu\/lt\/wp-json\/wp\/v2\/product_brand?post=1268"},{"taxonomy":"product_cat","embeddable":true,"href":"https:\/\/displayproducts.eu\/lt\/wp-json\/wp\/v2\/product_cat?post=1268"},{"taxonomy":"product_tag","embeddable":true,"href":"https:\/\/displayproducts.eu\/lt\/wp-json\/wp\/v2\/product_tag?post=1268"}],"curies":[{"name":"wp","href":"https:\/\/api.w.org\/{rel}","templated":true}]}}