{"id":1267,"date":"2024-10-27T11:53:52","date_gmt":"2024-10-27T08:53:52","guid":{"rendered":"https:\/\/wristbandfactory.eu\/toode\/bamboo-lanyards\/"},"modified":"2026-04-01T21:52:36","modified_gmt":"2026-04-01T18:52:36","slug":"printed-bamboo-lanyards","status":"publish","type":"product","link":"https:\/\/displayproducts.eu\/lt\/p\/printed-bamboo-lanyards\/","title":{"rendered":"Bambukiniai kaklajuos\u010diai su spauda"},"content":{"rendered":"<div class=\"mx-12 md:mx-24 lg:mx-48\">\n<div class=\"container my-8 svelte-zlsknf\">\n<div class=\"my-24 rounded-lg border-0 border-gray-700 bg-gray-100 px-16 py-24\">\n<div class=\"mt-11 !text-gray-500\">\n<p data-path-to-node=\"11\">Pasirinkite tvar\u0173 sprendim\u0105 kitam renginiui ar \u012fmon\u0117s susib\u016brimui su m\u016bs\u0173 produktais <b>Spausdinti bambuko dir\u017eeliai<\/b>. Organizacijoms vis labiau pereinant prie sprendim\u0173 be plastiko, bambukas i\u0161siskiria ne tik d\u0117l savo aplinkosaugini\u0173 savybi\u0173, bet ir d\u0117l auk\u0161\u010diausios kokyb\u0117s bei poj\u016b\u010dio.<\/p>\n<p data-path-to-node=\"12\">Pagaminti i\u0161 nat\u016brali\u0173, biologi\u0161kai skaid\u017ei\u0173 bambuko pluo\u0161t\u0173, \u0161ie kaklajuost\u0117s suteikia unikali\u0105 lyt\u0117jimo patirt\u012f. Skirtingai nuo kai kuri\u0173 perdirbt\u0173 med\u017eiag\u0173, kurios gali b\u016bti \u0161iurk\u0161\u010dios, bambukas yra nat\u016braliai lygus, laidus orui ir antibakterinis, tod\u0117l tai yra patogiausias pasirinkimas darbuotojams ir dalyviams, kurie vis\u0105 dien\u0105 ne\u0161ioja savo asmens tapatyb\u0117s dokumentus. Jie suteikia i\u0161skirtin\u0119 \u201cauk\u0161\u010diausios kokyb\u0117s ekologi\u0161k\u0105\u201d i\u0161vaizd\u0105, kuri pagerina j\u016bs\u0173 prek\u0117s \u017eenklo \u012fvaizd\u012f.<\/p>\n<p data-path-to-node=\"13\">Mes si\u016blome <b>u\u017esakomoji \u0161ilkografija<\/b> ant bambuko pavir\u0161iaus, tod\u0117l logotipas atkuriamas ry\u0161kiai ir ai\u0161kiai j\u016bs\u0173 norimu b\u016bdu <b>Pantone prek\u0117s \u017eenklo spalvos<\/b>. Nesvarbu, ar jums reikia vienpusio prek\u0117s \u017eenklo, ar dvipusio matomumo, rezultatas \u2013 profesionalus vaizdas ant nat\u016bralaus pagrindo. Ma\u017edaug 90 cm ilgio jie atitinka pramon\u0117s standart\u0105 profesionaliam naudojimui.<\/p>\n<p data-path-to-node=\"14\">Pritaikykite savo u\u017esakym\u0105 pagal saugos ir funkcinius reikalavimus: nors ir tvirtas <b>metalinis karabinas<\/b> yra standartin\u0117 \u012franga, \u0161iuos dir\u017eelius galime apr\u016bpinti <b>apsauginiai atkabinami spaustukai<\/b> (b\u016btini mokykloms ir ligonin\u0117ms) arba kiti specializuoti priedai pagal pageidavim\u0105.<\/p>\n<p data-path-to-node=\"15\"><b>Pagrindin\u0117s savyb\u0117s:<\/b><\/p>\n<ul data-path-to-node=\"16\">\n<li>\n<p data-path-to-node=\"16,0,0\"><b>Med\u017eiaga:<\/b> 100% tvarus bambuko pluo\u0161tas (biologi\u0161kai skaidomas).<\/p>\n<\/li>\n<li>\n<p data-path-to-node=\"16,1,0\"><b>Lyt\u0117jimo poj\u016btis:<\/b> I\u0161skirtinai mink\u0161tas, \u0161velnus ir hipoalerginis.<\/p>\n<\/li>\n<li>\n<p data-path-to-node=\"16,2,0\"><b>Spausdinimas:<\/b> \u0160ilkografija su Pantone spalv\u0173 derinimu.<\/p>\n<\/li>\n<li>\n<p data-path-to-node=\"16,3,0\"><b>Ekologinis kvalifikacija:<\/b> gaunamas i\u0161 greitai atsinaujinan\u010dio, pesticid\u0173 neturin\u010dio \u0161altinio.<\/p>\n<\/li>\n<li>\n<p data-path-to-node=\"16,4,0\"><b>Aparatin\u0117 \u012franga:<\/b> Pridedamas tvirtas metalinis karabinas; apsauginis atjungiklis pasirenkamas.<\/p>\n<\/li>\n<li>\n<p data-path-to-node=\"16,5,0\"><b>Patvarumas:<\/b> Tvirti nat\u016bral\u016bs pluo\u0161tai atspar\u016bs d\u0117v\u0117jimuisi keli\u0173 dien\u0173 rengini\u0173 metu.<\/p>\n<\/li>\n<\/ul>\n<\/div>\n<\/div>\n<\/div>\n<\/div>","protected":false},"excerpt":{"rendered":"<ul>\n<li>\n<p data-path-to-node=\"9,0,0\"><b>Greitai atsinaujinantis:<\/b> Pagaminta i\u0161 tvari\u0173 bambuko pluo\u0161t\u0173 \u2013 vieno spar\u010diausiai augan\u010di\u0173 augal\u0173 \u017dem\u0117je, pasi\u017eymin\u010dio ma\u017eu anglies p\u0117dsaku.<\/p>\n<\/li>\n<li>\n<p data-path-to-node=\"9,1,0\"><b>Auk\u0161\u010diausios kokyb\u0117s mink\u0161tumas:<\/b> Bambuko audinys yra nat\u016braliai hipoalerginis ir \u0161velnesnis nei medviln\u0117 ar poliesteris, tod\u0117l u\u017etikrinamas maksimalus komfortas.<\/p>\n<\/li>\n<li>\n<p data-path-to-node=\"9,2,0\"><b>Individualus prek\u0117s \u017eenklo k\u016brimas:<\/b> J\u016bs\u0173 logotipas yra \u0161ilkografi\u0161kai spausdinamas tiksliai su \u201ePantone\u201c spalvomis i\u0161 vienos arba dviej\u0173 pusi\u0173.<\/p>\n<\/li>\n<li>\n<p data-path-to-node=\"9,3,0\"><b>Universali \u012franga:<\/b> Standarti\u0161kai komplektuojamas su metaliniu karabinu; papildomai galima \u012fsigyti apsauginius nuimamus spaustukus, kad b\u016bt\u0173 u\u017etikrintas atitikimas reikalavimams.<\/p>\n<\/li>\n<\/ul>","protected":false},"featured_media":6725,"comment_status":"closed","ping_status":"closed","template":"","meta":[],"product_brand":[],"product_cat":[104,106,107],"product_tag":[],"class_list":{"0":"post-1267","1":"product","2":"type-product","3":"status-publish","4":"has-post-thumbnail","6":"product_cat-custom-printed-lanyards","7":"product_cat-breakaway-lanyards","8":"product_cat-eco-friendly-lanyards","10":"first","11":"instock","12":"shipping-taxable","13":"purchasable","14":"product-type-simple"},"_links":{"self":[{"href":"https:\/\/displayproducts.eu\/lt\/wp-json\/wp\/v2\/product\/1267","targetHints":{"allow":["GET"]}}],"collection":[{"href":"https:\/\/displayproducts.eu\/lt\/wp-json\/wp\/v2\/product"}],"about":[{"href":"https:\/\/displayproducts.eu\/lt\/wp-json\/wp\/v2\/types\/product"}],"replies":[{"embeddable":true,"href":"https:\/\/displayproducts.eu\/lt\/wp-json\/wp\/v2\/comments?post=1267"}],"wp:featuredmedia":[{"embeddable":true,"href":"https:\/\/displayproducts.eu\/lt\/wp-json\/wp\/v2\/media\/6725"}],"wp:attachment":[{"href":"https:\/\/displayproducts.eu\/lt\/wp-json\/wp\/v2\/media?parent=1267"}],"wp:term":[{"taxonomy":"product_brand","embeddable":true,"href":"https:\/\/displayproducts.eu\/lt\/wp-json\/wp\/v2\/product_brand?post=1267"},{"taxonomy":"product_cat","embeddable":true,"href":"https:\/\/displayproducts.eu\/lt\/wp-json\/wp\/v2\/product_cat?post=1267"},{"taxonomy":"product_tag","embeddable":true,"href":"https:\/\/displayproducts.eu\/lt\/wp-json\/wp\/v2\/product_tag?post=1267"}],"curies":[{"name":"wp","href":"https:\/\/api.w.org\/{rel}","templated":true}]}}