{"id":1264,"date":"2024-10-27T11:53:52","date_gmt":"2024-10-27T08:53:52","guid":{"rendered":"https:\/\/wristbandfactory.eu\/toode\/satin-lanyards-with-1-sided-sublimated-logo-design\/"},"modified":"2026-04-01T21:52:36","modified_gmt":"2026-04-01T18:52:36","slug":"sublimation-satin-lanyards","status":"publish","type":"product","link":"https:\/\/displayproducts.eu\/lt\/p\/sublimation-satin-lanyards\/","title":{"rendered":"Atlasiniai kaklajuos\u010diai su sublimacine spauda"},"content":{"rendered":"<p data-path-to-node=\"11\">Pristatykite savo prek\u0117s \u017eenkl\u0105 neribotomis spalvomis ir fotorealistin\u0117mis detal\u0117mis su m\u016bs\u0173 <b>Sublimacijos satino kaklajuost\u0117s<\/b>. \u0160is produktas sujungia prabang\u0105 ir technologijas, si\u016blydamas puik\u0173 pasirinkim\u0105 organizacijoms, turin\u010dioms sud\u0117tingus logotipus, ry\u0161kius gradientus ar detalius vaizdus, kuriems reikalingas auk\u0161\u010diausios kokyb\u0117s pristatymas.<\/p>\n<p data-path-to-node=\"12\">Pagaminta i\u0161 puikaus <b>balta atlasin\u0117 juostel\u0117<\/b> (apie 90 cm ilgio) \u0161ie kaklajuost\u0117s suteikia lyg\u0173, blizgant\u012f pavir\u0161i\u0173, kuris yra i\u0161skirtinio malonumo liesti. Skirtingai nuo standartinio briaunoto poliesterio, satino pavir\u0161ius atspindi \u0161vies\u0105, suteikdamas j\u016bs\u0173 prek\u0117s \u017eenklui rafinuot\u0105 blizges\u012f. Naudojant pa\u017eangias <b>da\u017e\u0173 sublimacijos spausdinimas<\/b>, j\u016bs\u0173 meno k\u016brinys yra da\u017eomas tiesiai ant audinio i\u0161 vienos pus\u0117s. \u0160is procesas u\u017etikrina blizgan\u010di\u0105, blukimui atspari\u0105 apdail\u0105, kuri neskilin\u0117ja ir nesilupa, tod\u0117l tai yra patikimas sprendimas keli\u0173 dien\u0173 \u012fmoni\u0173 renginiams, VIP leidimams ir prekybos parodoms.<\/p>\n<p data-path-to-node=\"13\"><i>Gamybos pastaba:<\/i> \u0160ie kaklajuost\u0117s spausdinamos vienpuse sublimacijos technika. D\u0117l proceso ir med\u017eiagos ypatum\u0173 dizainas bus \u0161iek tiek matomas kitoje pus\u0117je.<\/p>\n<p data-path-to-node=\"14\">Kiekvienas dir\u017eelis standarti\u0161kai komplektuojamas su patvariu <b>metalinis karabinas<\/b>, dar labiau sustiprindami auk\u0161tos kokyb\u0117s poj\u016bt\u012f. Galimi ir kiti segtuk\u0173 variantai, kad atitikt\u0173 j\u016bs\u0173 konkre\u010dius asmens tapatyb\u0117s \u017eenklelio ar prieigos kortel\u0117s poreikius.<\/p>\n<p data-path-to-node=\"15\"><b>Pagrindin\u0117s savyb\u0117s:<\/b><\/p>\n<ul data-path-to-node=\"16\">\n<li>\n<p data-path-to-node=\"16,0,0\"><b>Pilnaspalv\u0117 sublimacija:<\/b> U\u017etikrina fotorealistin\u012f detalum\u0105 sud\u0117tingiems logotipams, gradientams ir vaizdams.<\/p>\n<\/li>\n<li>\n<p data-path-to-node=\"16,1,0\"><b>Auk\u0161\u010diausios kokyb\u0117s satino med\u017eiaga:<\/b> Lygus, itin blizgus pavir\u0161ius suteikia prabangi\u0105 i\u0161vaizd\u0105 ir poj\u016bt\u012f.<\/p>\n<\/li>\n<li>\n<p data-path-to-node=\"16,2,0\"><b>Atsparus blukimui:<\/b> Da\u017e\u0173 infuzijos technologija u\u017etikrina, kad spauda i\u0161likt\u0173 ry\u0161ki ir be \u012ftr\u016bkim\u0173.<\/p>\n<\/li>\n<li>\n<p data-path-to-node=\"16,3,0\"><b>Patogumas:<\/b> \u0160velni atlasin\u0117 tekst\u016bra idealiai tinka d\u0117v\u0117ti vis\u0105 dien\u0105 be dirginimo.<\/p>\n<\/li>\n<li>\n<p data-path-to-node=\"16,4,0\"><b>Aparatin\u0117 \u012franga:<\/b> Yra patvarus metalinis karabinas; pagal pageidavim\u0105 galimi individual\u016bs priedai.<\/p>\n<\/li>\n<li>\n<p data-path-to-node=\"16,5,0\"><b>Gamyba:<\/b> Greita gamyba ES, skirta dideliems u\u017esakymams (minimalus u\u017esakymo kiekis 100)<\/p>\n<\/li>\n<\/ul>","protected":false},"excerpt":{"rendered":"<ul>\n<li>\n<p data-path-to-node=\"9,0,0\"><b>Auk\u0161\u010diausios kokyb\u0117s tekst\u016bra:<\/b> Lygi, blizganti atlasin\u0117 juostel\u0117 suteikia prabangesn\u012f poj\u016bt\u012f, nei standartin\u0117 poliesterio juostel\u0117.<\/p>\n<\/li>\n<li>\n<p data-path-to-node=\"9,1,0\"><b>Fotorealistinis spausdinimas:<\/b> Pa\u017eangi da\u017e\u0173 sublimacija leid\u017eia neribotai atkurti spalvas, gradientus ir sud\u0117tingus vaizdus.<\/p>\n<\/li>\n<li>\n<p data-path-to-node=\"9,2,0\"><b>Patvari apdaila:<\/b> Ra\u0161alas da\u017eomas tiesiai \u012f audinio pluo\u0161tus, tod\u0117l dizainas nesutr\u016bkin\u0117s, nenusilups ir nei\u0161bluks.<\/p>\n<\/li>\n<li>\n<p data-path-to-node=\"9,3,0\"><b>VIP pasiruo\u0161\u0119s:<\/b> Puikus komforto ir vizualinio patrauklumo derinys auk\u0161\u010diausios klas\u0117s \u012fmoni\u0173 renginiams ir i\u0161skirtiniams leidimams.<\/p>\n<\/li>\n<\/ul>","protected":false},"featured_media":6797,"comment_status":"closed","ping_status":"closed","template":"","meta":[],"product_brand":[],"product_cat":[104,106],"product_tag":[],"class_list":{"0":"post-1264","1":"product","2":"type-product","3":"status-publish","4":"has-post-thumbnail","6":"product_cat-custom-printed-lanyards","7":"product_cat-breakaway-lanyards","9":"first","10":"instock","11":"shipping-taxable","12":"purchasable","13":"product-type-simple"},"_links":{"self":[{"href":"https:\/\/displayproducts.eu\/lt\/wp-json\/wp\/v2\/product\/1264","targetHints":{"allow":["GET"]}}],"collection":[{"href":"https:\/\/displayproducts.eu\/lt\/wp-json\/wp\/v2\/product"}],"about":[{"href":"https:\/\/displayproducts.eu\/lt\/wp-json\/wp\/v2\/types\/product"}],"replies":[{"embeddable":true,"href":"https:\/\/displayproducts.eu\/lt\/wp-json\/wp\/v2\/comments?post=1264"}],"wp:featuredmedia":[{"embeddable":true,"href":"https:\/\/displayproducts.eu\/lt\/wp-json\/wp\/v2\/media\/6797"}],"wp:attachment":[{"href":"https:\/\/displayproducts.eu\/lt\/wp-json\/wp\/v2\/media?parent=1264"}],"wp:term":[{"taxonomy":"product_brand","embeddable":true,"href":"https:\/\/displayproducts.eu\/lt\/wp-json\/wp\/v2\/product_brand?post=1264"},{"taxonomy":"product_cat","embeddable":true,"href":"https:\/\/displayproducts.eu\/lt\/wp-json\/wp\/v2\/product_cat?post=1264"},{"taxonomy":"product_tag","embeddable":true,"href":"https:\/\/displayproducts.eu\/lt\/wp-json\/wp\/v2\/product_tag?post=1264"}],"curies":[{"name":"wp","href":"https:\/\/api.w.org\/{rel}","templated":true}]}}