{"id":1263,"date":"2024-10-27T11:53:52","date_gmt":"2024-10-27T08:53:52","guid":{"rendered":"https:\/\/wristbandfactory.eu\/toode\/3d-printed-lanyards\/"},"modified":"2026-04-01T21:52:36","modified_gmt":"2026-04-01T18:52:36","slug":"3d-printed-lanyards-raised-silicone-logo","status":"publish","type":"product","link":"https:\/\/displayproducts.eu\/lt\/p\/3d-printed-lanyards-raised-silicone-logo\/","title":{"rendered":"3D kaklajuos\u010diai su i\u0161kiliu logotipu"},"content":{"rendered":"<div class=\"mx-12 md:mx-24 lg:mx-48\">\n<div class=\"container my-8 svelte-zlsknf\">\n<div class=\"my-24 rounded-lg border-0 border-gray-700 bg-gray-100 px-16 py-24\">\n<div class=\"mt-11 !text-gray-500\">\n<p data-path-to-node=\"11\">Sustiprinkite savo \u012fmon\u0117s \u012fvaizd\u012f su m\u016bs\u0173 <b>3D spausdinti kaklajuost\u0117s<\/b>, auk\u0161\u010diausios kokyb\u0117s identifikavimo sprendimas, sukurtas ilgalaikiam \u012fsp\u016bd\u017eiui sukurti. \u0160is novatori\u0161kas kaklajuostis, pranokstantis standartinius plok\u0161\u010dio spausdinimo b\u016bdus, u\u017eklijuoja j\u016bs\u0173 logotip\u0105 kaip... <b>i\u0161kil\u0119s, didelio tankio silikono sluoksnis<\/b>. Tai sukuria i\u0161skirtin\u0119, lyt\u0117jimo poj\u016bt\u012f suteikian\u010di\u0105 apdail\u0105, kuri suteikia j\u016bs\u0173 prek\u0117s \u017eenklui gylio ir i\u0161skirtinumo poj\u016bt\u012f, tod\u0117l tai idealus pasirinkimas VIP renginiams, technologij\u0173 konferencijoms ir auk\u0161to lygio \u012fmoni\u0173 naudojimui.<\/p>\n<p data-path-to-node=\"12\">90 cm ilgio virvel\u0117 pagaminta i\u0161 tvirto, auk\u0161tos kokyb\u0117s poliesterio, u\u017etikrinan\u010dio patvarum\u0105 kasdieniam darbuotoj\u0173 d\u0117v\u0117jimui. J\u016bs\u0173 individual\u0173 dizain\u0105 atspausdiname vienoje juostel\u0117s pus\u0117je, tod\u0117l u\u017etikrinamas tikslus... <b>Pantone spalv\u0173 atitikimas<\/b> arba pilnos spalvos galimyb\u0117s, kad j\u016bs\u0173 logotipas i\u0161siskirt\u0173 moderniu, architekt\u016briniu efektu. Skirtingai nuo tradicini\u0173 spaudini\u0173, kurie gali nusid\u0117v\u0117ti, i\u0161kili silikonin\u0117 tekst\u016bra yra atspari ir laikui b\u0117gant i\u0161laiko savo i\u0161skirtin\u0119 i\u0161vaizd\u0105.<\/p>\n<p data-path-to-node=\"13\">Kiekvienas \u012frenginys tiekiamas su tvirtu <b>metalinis karabinas<\/b> standartin\u0117je komplektacijoje, taip sustiprinant auk\u0161tos kokyb\u0117s gaminio poj\u016bt\u012f. Nesvarbu, ar jis naudojamas saugioms prieigos kortel\u0117ms, ar tvirtiems rakt\u0173 rinkiniams laikyti, \u0161is dir\u017eelis sujungia funkcin\u012f tvirtum\u0105 su unikaliu vaizdiniu ir lyt\u0117jimo patrauklumu, kuris atkreipia j\u016bs\u0173 prek\u0117s \u017eenklo d\u0117mes\u012f.<\/p>\n<p data-path-to-node=\"14\"><b>Pagrindin\u0117s savyb\u0117s:<\/b><\/p>\n<ul data-path-to-node=\"15\">\n<li>\n<p data-path-to-node=\"15,0,0\"><b>Pakeltos 3D technologijos:<\/b> Logotipai spausdinami i\u0161 didelio tankio silikono, kad b\u016bt\u0173 juntamas, \u201creljefinis\u201d efektas.<\/p>\n<\/li>\n<li>\n<p data-path-to-node=\"15,1,0\"><b>Auk\u0161\u010diausios kokyb\u0117s vizualizacijos:<\/b> Suteikia gylio ir prabangos poj\u016bt\u012f, puikiai tinka i\u0161skirti VIP asmenis ar darbuotojus.<\/p>\n<\/li>\n<li>\n<p data-path-to-node=\"15,2,0\"><b>Pritaikymas:<\/b> I\u0161keltam spausdinimo sluoksniui galimas pilnas Pantone atitikimas.<\/p>\n<\/li>\n<li>\n<p data-path-to-node=\"15,3,0\"><b>Patvarumas:<\/b> Poliesterio dir\u017eelis ir silikonin\u0117 spauda sukurti ilgalaikiam kasdieniam naudojimui.<\/p>\n<\/li>\n<li>\n<p data-path-to-node=\"15,4,0\"><b>Aparatin\u0117 \u012franga:<\/b> Pridedamas tvirtas metalinis karabinas; kiti priedai galimi pagal pageidavim\u0105.<\/p>\n<\/li>\n<\/ul>\n<\/div>\n<\/div>\n<\/div>\n<\/div>","protected":false},"excerpt":{"rendered":"<ul>\n<li>\n<p data-path-to-node=\"9,0,0\"><b>Lyt\u0117jimo prek\u0117s \u017eenklas:<\/b> Novatori\u0161ka didelio tankio spauda sukuria i\u0161kil\u0173, 3D logotipo efekt\u0105, kur\u012f galite pajusti.<\/p>\n<\/li>\n<li>\n<p data-path-to-node=\"9,1,0\"><b>Auk\u0161\u010diausios kokyb\u0117s estetika:<\/b> Suteikia rafinuot\u0105, modern\u0173 vaizd\u0105, prana\u0161esn\u012f u\u017e standartin\u0119 plok\u0161\u010diaekran\u0119 spaud\u0105.<\/p>\n<\/li>\n<li>\n<p data-path-to-node=\"9,2,0\"><b>Patvari apdaila:<\/b> Silikono pagrindu pagamintas 3D spausdinimas yra labai atsparus dilimui, plovimui ir blukimui.<\/p>\n<\/li>\n<li>\n<p data-path-to-node=\"9,3,0\"><b>Firminis identitetas:<\/b> Galima \u012fsigyti su Pantone spalvomis ant patvaraus 90 cm poliesterio dir\u017eelio.<\/p>\n<\/li>\n<li><\/li>\n<\/ul>","protected":false},"featured_media":6826,"comment_status":"closed","ping_status":"closed","template":"","meta":[],"product_brand":[],"product_cat":[104],"product_tag":[],"class_list":{"0":"post-1263","1":"product","2":"type-product","3":"status-publish","4":"has-post-thumbnail","6":"product_cat-custom-printed-lanyards","8":"first","9":"instock","10":"shipping-taxable","11":"purchasable","12":"product-type-simple"},"_links":{"self":[{"href":"https:\/\/displayproducts.eu\/lt\/wp-json\/wp\/v2\/product\/1263","targetHints":{"allow":["GET"]}}],"collection":[{"href":"https:\/\/displayproducts.eu\/lt\/wp-json\/wp\/v2\/product"}],"about":[{"href":"https:\/\/displayproducts.eu\/lt\/wp-json\/wp\/v2\/types\/product"}],"replies":[{"embeddable":true,"href":"https:\/\/displayproducts.eu\/lt\/wp-json\/wp\/v2\/comments?post=1263"}],"wp:featuredmedia":[{"embeddable":true,"href":"https:\/\/displayproducts.eu\/lt\/wp-json\/wp\/v2\/media\/6826"}],"wp:attachment":[{"href":"https:\/\/displayproducts.eu\/lt\/wp-json\/wp\/v2\/media?parent=1263"}],"wp:term":[{"taxonomy":"product_brand","embeddable":true,"href":"https:\/\/displayproducts.eu\/lt\/wp-json\/wp\/v2\/product_brand?post=1263"},{"taxonomy":"product_cat","embeddable":true,"href":"https:\/\/displayproducts.eu\/lt\/wp-json\/wp\/v2\/product_cat?post=1263"},{"taxonomy":"product_tag","embeddable":true,"href":"https:\/\/displayproducts.eu\/lt\/wp-json\/wp\/v2\/product_tag?post=1263"}],"curies":[{"name":"wp","href":"https:\/\/api.w.org\/{rel}","templated":true}]}}