{"id":1259,"date":"2024-10-27T11:54:13","date_gmt":"2024-10-27T08:54:13","guid":{"rendered":"https:\/\/wristbandfactory.eu\/toode\/recycled-pet-sublimation-lanyards\/"},"modified":"2026-04-01T21:52:36","modified_gmt":"2026-04-01T18:52:36","slug":"eco-friendly-rpet-lanyards-full-color-sublimation","status":"publish","type":"product","link":"https:\/\/displayproducts.eu\/lt\/p\/eco-friendly-rpet-lanyards-full-color-sublimation\/","title":{"rendered":"Ekologi\u0161ki rPET kaklajuos\u010diai su sublimacine spauda"},"content":{"rendered":"<div class=\"mx-12 md:mx-24 lg:mx-48\">\n<div class=\"container my-8 svelte-zlsknf\">\n<div class=\"my-24 rounded-lg border-0 border-gray-700 bg-gray-100 px-16 py-24\">\n<div class=\"mt-11 !text-gray-500\">\n<p data-path-to-node=\"11\">Pademonstruokite savo prek\u0117s \u017eenklo \u012fsipareigojim\u0105 tvarumui neaukodami \u012ftaigios vizualin\u0117s tapatyb\u0117s. M\u016bs\u0173 <b>Ekologi\u0161ki rPET sublimacijos dir\u017eeliai<\/b> yra geriausias pasirinkimas aplinkai nekenksmingoms organizacijoms, \u017ealiosioms konferencijoms ir festivaliams, norintiems suma\u017einti savo anglies p\u0117dsak\u0105.<\/p>\n<p data-path-to-node=\"12\"><span data-path-to-node=\"12,1\"><span class=\"citation-171\">Pagaminti i\u0161 perdirbto 100% PET (rPET), \u0161ie kaklajuosteliai perdirba panaudotas plastikines atliekas \u012f auk\u0161tos kokyb\u0117s, patvari\u0105 tekstilin\u0119 juostel\u0119.<\/span><\/span><span data-path-to-node=\"12,3\">. Nors med\u017eiaga perdirbta, ji pasi\u017eymi itin smulkiu pynimu, kuris suteikia lyg\u0173, auk\u0161\u010diausios kokyb\u0117s drob\u0117s pavir\u0161i\u0173. \u0160is pavir\u0161ius sukurtas specialiai... <b>da\u017e\u0173 sublimacijos spausdinimas<\/b>, leid\u017eianti i\u0161gauti stulbinan\u010dius, fotorealistinius dizainus i\u0161 vienos arba abiej\u0173 pusi\u0173. Skirtingai nuo \u0161ilkografijos, sublimacijos b\u016bdu audinio pluo\u0161tai da\u017eomi tiesiogiai, tod\u0117l sud\u0117tingi logotipai, detal\u016bs vaizdai ir ry\u0161k\u016bs gradientai laikui b\u0117gant nesutr\u016bkin\u0117s, nei\u0161bluks ir nenusilups.<\/span><\/p>\n<p data-path-to-node=\"13\"><span data-path-to-node=\"13,1\"><span class=\"citation-170\">Kiekvienas dir\u017eelis tiekiamas su patvariu <\/span><b><span class=\"citation-170\">metalinis karabinas<\/span><\/b><span class=\"citation-170\"> standarti\u0161kai u\u017etikrina saug\u0173 asmens tapatyb\u0117s korteli\u0173 ir leidim\u0173 pritvirtinim\u0105<\/span><\/span><span data-path-to-node=\"13,3\">. <\/span><span data-path-to-node=\"13,5\"><span class=\"citation-169\">\u012emoni\u0173 aplinkoje arba didelio masto renginiuose, kur prioritetas teikiamas sveikatos ir saugos reikalavimams, primygtinai rekomenduojame prid\u0117ti pasirenkam\u0105 <\/span><b><span class=\"citation-169\">apsauginis atkabinamas spaustukas<\/span><\/b><\/span><span data-path-to-node=\"13,7\">, kuris atleid\u017eia virvel\u0119, jei stipriai patraukiama.<\/span><\/p>\n<p data-path-to-node=\"14\"><b>Pagrindin\u0117s savyb\u0117s:<\/b><\/p>\n<ul data-path-to-node=\"15\">\n<li>\n<p data-path-to-node=\"15,0,0\"><b>Ekologi\u0161ka med\u017eiaga:<\/b> Pagaminta i\u0161 perdirbto 100% PET (rPET), gauto i\u0161 panaudoto plastiko.<\/p>\n<\/li>\n<li>\n<p data-path-to-node=\"15,1,0\"><b>Pilnaspalv\u0117 sublimacija:<\/b> U\u017etikrina ry\u0161ki\u0105, blukimui atspari\u0105 ir fotorealistin\u0119 grafik\u0105 i\u0161 vienos arba dviej\u0173 pusi\u0173.<\/p>\n<\/li>\n<li>\n<p data-path-to-node=\"15,2,0\"><b>Patogus prigludimas:<\/b> 90 cm ilgio dir\u017eelis su mink\u0161ta apdaila patogiam d\u0117v\u0117jimui vis\u0105 dien\u0105.<\/p>\n<\/li>\n<li>\n<p data-path-to-node=\"15,3,0\"><b>Saugos parinktys:<\/b> Papildomai galima \u012fsigyti nuimam\u0105 spaustuk\u0105, kad b\u016bt\u0173 u\u017etikrintas didesnis naudotojo saugumas aktyvioje aplinkoje.<\/p>\n<\/li>\n<li>\n<p data-path-to-node=\"15,4,0\"><b>Universali \u012franga:<\/b> Pridedamas tvirtas metalinis karabinas; kit\u0173 tip\u0173 segtukai galimi pagal pageidavim\u0105.<\/p>\n<\/li>\n<\/ul>\n<\/div>\n<\/div>\n<\/div>\n<\/div>","protected":false},"excerpt":{"rendered":"<ul>\n<li>\n<p data-path-to-node=\"9,0,0\"><b>Sertifikuotas tvarumas:<\/b> Pagaminta i\u0161 100% perdirbt\u0173 plastikini\u0173 buteli\u0173 (rPET), taip suma\u017einant poveik\u012f aplinkai.<\/p>\n<\/li>\n<li>\n<p data-path-to-node=\"9,1,0\"><b>Didel\u0117s rai\u0161kos prek\u0117s \u017eenklo k\u016brimas:<\/b> Lygus pavir\u0161ius leid\u017eia spausdinti sublimacine technika nuo kra\u0161to iki kra\u0161to.<\/p>\n<\/li>\n<li>\n<p data-path-to-node=\"9,2,0\"><b>Sud\u0117tingi dizainai:<\/b> Puikiai tinka sud\u0117tingiems logotipams, gradientams ir fotografiniams vaizdams.<\/p>\n<\/li>\n<li>\n<p data-path-to-node=\"9,3,0\"><b>Saugumas ir naudingumas:<\/b> Yra standartinis metalinis karabinas; galima \u012fsigyti papildom\u0105 saugos atjungikl\u012f, kad b\u016bt\u0173 u\u017etikrintas atitikimas reikalavimams.<\/p>\n<\/li>\n<li><\/li>\n<\/ul>","protected":false},"featured_media":6833,"comment_status":"closed","ping_status":"closed","template":"","meta":[],"product_brand":[],"product_cat":[43,104,106],"product_tag":[],"class_list":{"0":"post-1259","1":"product","2":"type-product","3":"status-publish","4":"has-post-thumbnail","6":"product_cat-lanyards","7":"product_cat-custom-printed-lanyards","8":"product_cat-breakaway-lanyards","10":"first","11":"instock","12":"shipping-taxable","13":"purchasable","14":"product-type-simple"},"_links":{"self":[{"href":"https:\/\/displayproducts.eu\/lt\/wp-json\/wp\/v2\/product\/1259","targetHints":{"allow":["GET"]}}],"collection":[{"href":"https:\/\/displayproducts.eu\/lt\/wp-json\/wp\/v2\/product"}],"about":[{"href":"https:\/\/displayproducts.eu\/lt\/wp-json\/wp\/v2\/types\/product"}],"replies":[{"embeddable":true,"href":"https:\/\/displayproducts.eu\/lt\/wp-json\/wp\/v2\/comments?post=1259"}],"wp:featuredmedia":[{"embeddable":true,"href":"https:\/\/displayproducts.eu\/lt\/wp-json\/wp\/v2\/media\/6833"}],"wp:attachment":[{"href":"https:\/\/displayproducts.eu\/lt\/wp-json\/wp\/v2\/media?parent=1259"}],"wp:term":[{"taxonomy":"product_brand","embeddable":true,"href":"https:\/\/displayproducts.eu\/lt\/wp-json\/wp\/v2\/product_brand?post=1259"},{"taxonomy":"product_cat","embeddable":true,"href":"https:\/\/displayproducts.eu\/lt\/wp-json\/wp\/v2\/product_cat?post=1259"},{"taxonomy":"product_tag","embeddable":true,"href":"https:\/\/displayproducts.eu\/lt\/wp-json\/wp\/v2\/product_tag?post=1259"}],"curies":[{"name":"wp","href":"https:\/\/api.w.org\/{rel}","templated":true}]}}