{"id":1256,"date":"2024-10-27T11:54:13","date_gmt":"2024-10-27T08:54:13","guid":{"rendered":"https:\/\/wristbandfactory.eu\/toode\/cork-lanyards\/"},"modified":"2026-04-01T21:52:36","modified_gmt":"2026-04-01T18:52:36","slug":"printed-cork-lanyards","status":"publish","type":"product","link":"https:\/\/displayproducts.eu\/lt\/p\/printed-cork-lanyards\/","title":{"rendered":"Kam\u0161tiniai kaklajuos\u010diai su spauda"},"content":{"rendered":"<div class=\"mx-12 md:mx-24 lg:mx-48\">\n<div class=\"container my-8 svelte-zlsknf\">\n<div class=\"my-24 rounded-lg border-0 border-gray-700 bg-gray-100 px-16 py-24\">\n<div class=\"mt-11 !text-gray-500\">\n<p data-path-to-node=\"11\">Atsakingai ir stilingai pasisakykite kitoje konferencijoje ar prekybos parodoje su m\u016bs\u0173 <b>Spausdinti kam\u0161tiniai kaklajuost\u0117s<\/b>. \u0160is kaklajuostis yra idealus sprendimas ekologi\u0161kai s\u0105moningoms organizacijoms, norin\u010dioms derinti tvarias med\u017eiagas su profesionaliu prek\u0117s \u017eenklu, si\u016blant rafinuot\u0105 alternatyv\u0105 sintetiniams pluo\u0161tams.<\/p>\n<p data-path-to-node=\"12\">Pagaminta i\u0161 <b>tikra, nat\u016brali kam\u0161tiena<\/b>, \u0160is 90 cm ilgio kaklajuost\u0117 suteikia unikal\u0173, auk\u0161tos kokyb\u0117s poj\u016bt\u012f, kuris i\u0161 karto atpa\u017e\u012fstamas. Med\u017eiaga i\u0161gaunama i\u0161 kam\u0161tini\u0173 \u0105\u017euol\u0173 \u017eiev\u0117s, nepa\u017eeid\u017eiant paties med\u017eio, tod\u0117l tai i\u0161ties atsinaujinantis i\u0161teklius. Be ekologi\u0161k\u0173 savybi\u0173, kam\u0161tis yra nat\u016braliai patvarus, atsparus vandeniui ir hipoalerginis, u\u017etikrinantis patogum\u0105 kasdien ne\u0161iojant.<\/p>\n<p data-path-to-node=\"13\">Mes galime <b>spausdinkite savo logotip\u0105 pagal u\u017esakym\u0105<\/b> vienoje arba dviejose dir\u017eelio pus\u0117se. Nors kam\u0161tis yra nat\u016bralios tekst\u016bros, m\u016bs\u0173 pa\u017eangus \u0161ilkografijos procesas u\u017etikrina, kad j\u016bs\u0173 dizainas i\u0161likt\u0173 \u012fskaitomas ir tikslios spalvos (naudojant <b>Pantone atitikimas<\/b>). Nat\u016brali gelsvai ruda kam\u0161tienos spalva sukuria gra\u017e\u0173, neutral\u0173 fon\u0105, kuriame i\u0161ry\u0161k\u0117ja tams\u016bs logotipai. Kiekvienas dir\u017eelis standarti\u0161kai komplektuojamas su patikimu <b>metalinis karabinas<\/b>, u\u017etikrinant saug\u0173 rengini\u0173 leidim\u0173 ar asmens tapatyb\u0117s korteli\u0173 pritvirtinim\u0105.<\/p>\n<p data-path-to-node=\"14\"><b>Pagrindin\u0117s savyb\u0117s:<\/b><\/p>\n<ul data-path-to-node=\"15\">\n<li>\n<p data-path-to-node=\"15,0,0\"><b>Med\u017eiaga:<\/b> Tikras nat\u016bralus kam\u0161tis (atsinaujinantis ir biologi\u0161kai skaidus).<\/p>\n<\/li>\n<li>\n<p data-path-to-node=\"15,1,0\"><b>Vizualinis poveikis:<\/b> Unikali medienos tekst\u016bra perteikia \u201cPremium Eco\u201d kokyb\u0119.<\/p>\n<\/li>\n<li>\n<p data-path-to-node=\"15,2,0\"><b>Spausdinimas:<\/b> \u0160ilkografija su Pantone tikslumu i\u0161 vienos arba dviej\u0173 pusi\u0173.<\/p>\n<\/li>\n<li>\n<p data-path-to-node=\"15,3,0\"><b>Patvarumas:<\/b> Nat\u016braliai atsparus vandeniui ir pakankamai tvirtas ilgalaikiam naudojimui.<\/p>\n<\/li>\n<li>\n<p data-path-to-node=\"15,4,0\"><b>Aparatin\u0117 \u012franga:<\/b> Pridedamas tvirtas metalinis karabinas; galimi ir kiti segtuk\u0173 variantai.<\/p>\n<\/li>\n<li>\n<p data-path-to-node=\"15,5,0\"><b>Patogumas:<\/b> Lengvas ir \u0161velnus prie odos.<\/p>\n<\/li>\n<\/ul>\n<\/div>\n<\/div>\n<\/div>\n<\/div>","protected":false},"excerpt":{"rendered":"<ul>\n<li>\n<p data-path-to-node=\"9,0,0\"><b>I\u0161skirtin\u0117 estetika:<\/b> Nat\u016brali, medien\u0105 primenanti kam\u0161tin\u0117s med\u017eiagos tekst\u016bra sukuria unikali\u0105, auk\u0161\u010diausios kokyb\u0117s i\u0161vaizd\u0105, kuri i\u0161siskiria i\u0161 standartini\u0173 virveli\u0173.<\/p>\n<\/li>\n<li>\n<p data-path-to-node=\"9,1,0\"><b>Sertifikuotas tvarumas:<\/b> Pagaminta i\u0161 tikros atsinaujinan\u010dios kam\u0161tienos, demonstruojanti tvirt\u0105 \u012fsipareigojim\u0105 aplinkosaugai.<\/p>\n<\/li>\n<li>\n<p data-path-to-node=\"9,2,0\"><b>Individualus prek\u0117s \u017eenklo k\u016brimas:<\/b> Nepaisant tekst\u016bruoto pavir\u0161iaus, si\u016blome skaidr\u0173 \u0161ilkografin\u012f spausdinim\u0105 su Pantone spalv\u0173 atitikimu i\u0161 vienos arba dviej\u0173 pusi\u0173.<\/p>\n<\/li>\n<li>\n<p data-path-to-node=\"9,3,0\"><b>Patvarus ir atsparus vandeniui:<\/b> Kam\u0161tis yra nat\u016braliai tvirtas ir atsparus dr\u0117gmei, tod\u0117l idealiai tinka keli\u0173 dien\u0173 renginiams.<\/p>\n<\/li>\n<\/ul>","protected":false},"featured_media":6730,"comment_status":"closed","ping_status":"closed","template":"","meta":[],"product_brand":[],"product_cat":[43,107],"product_tag":[],"class_list":{"0":"post-1256","1":"product","2":"type-product","3":"status-publish","4":"has-post-thumbnail","6":"product_cat-lanyards","7":"product_cat-eco-friendly-lanyards","9":"first","10":"instock","11":"shipping-taxable","12":"purchasable","13":"product-type-simple"},"_links":{"self":[{"href":"https:\/\/displayproducts.eu\/lt\/wp-json\/wp\/v2\/product\/1256","targetHints":{"allow":["GET"]}}],"collection":[{"href":"https:\/\/displayproducts.eu\/lt\/wp-json\/wp\/v2\/product"}],"about":[{"href":"https:\/\/displayproducts.eu\/lt\/wp-json\/wp\/v2\/types\/product"}],"replies":[{"embeddable":true,"href":"https:\/\/displayproducts.eu\/lt\/wp-json\/wp\/v2\/comments?post=1256"}],"wp:featuredmedia":[{"embeddable":true,"href":"https:\/\/displayproducts.eu\/lt\/wp-json\/wp\/v2\/media\/6730"}],"wp:attachment":[{"href":"https:\/\/displayproducts.eu\/lt\/wp-json\/wp\/v2\/media?parent=1256"}],"wp:term":[{"taxonomy":"product_brand","embeddable":true,"href":"https:\/\/displayproducts.eu\/lt\/wp-json\/wp\/v2\/product_brand?post=1256"},{"taxonomy":"product_cat","embeddable":true,"href":"https:\/\/displayproducts.eu\/lt\/wp-json\/wp\/v2\/product_cat?post=1256"},{"taxonomy":"product_tag","embeddable":true,"href":"https:\/\/displayproducts.eu\/lt\/wp-json\/wp\/v2\/product_tag?post=1256"}],"curies":[{"name":"wp","href":"https:\/\/api.w.org\/{rel}","templated":true}]}}