{"id":1254,"date":"2024-10-27T11:54:13","date_gmt":"2024-10-27T08:54:13","guid":{"rendered":"https:\/\/wristbandfactory.eu\/toode\/organic-cotton-lanyards\/"},"modified":"2026-04-01T21:52:36","modified_gmt":"2026-04-01T18:52:36","slug":"printed-organic-cotton-lanyards-sustainable-branding","status":"publish","type":"product","link":"https:\/\/displayproducts.eu\/lt\/p\/printed-organic-cotton-lanyards-sustainable-branding\/","title":{"rendered":"Organin\u0117s medviln\u0117s kaklajuos\u010diai su spauda"},"content":{"rendered":"<div class=\"mx-12 md:mx-24 lg:mx-48\">\n<div class=\"container my-8 svelte-zlsknf\">\n<div class=\"my-24 rounded-lg border-0 border-gray-700 bg-gray-100 px-16 py-24\">\n<div class=\"mt-11 !text-gray-500\">\n<p data-path-to-node=\"11\">Parodykite savo organizacijos \u012fsipareigojim\u0105 tvarumui neaukodami kokyb\u0117s. M\u016bs\u0173 <b>Spausdinti ekologi\u0161ki medvilniniai kaklajuost\u0117s<\/b> yra auk\u0161\u010diausios kokyb\u0117s pasirinkimas ekologi\u0161koms konferencijoms, prekybos parodoms ir \u012fmoni\u0173 aplinkai, kur plastiko atliek\u0173 ma\u017einimas yra prioritetas.<\/p>\n<p data-path-to-node=\"12\">Pagaminta i\u0161 <b>100% ekologi\u0161ka medviln\u0117<\/b>, \u0160is kaklajuost\u0117 turi ai\u0161k\u0173 prana\u0161um\u0105, palyginti su standartiniu poliesteriu: i\u0161ties mink\u0161t\u0105, nat\u016bral\u0173 poj\u016bt\u012f, kuris ilg\u0105 laik\u0105 i\u0161lieka malonus odai. Nat\u016brali matin\u0117 juostel\u0117s tekst\u016bra j\u016bs\u0173 dalyviams ir klientams i\u0161 karto perteikia \u017eini\u0105 apie atsakomyb\u0119 u\u017e aplink\u0105.<\/p>\n<p data-path-to-node=\"13\">Nors tai nat\u016bralus pluo\u0161tas, med\u017eiaga suteikia patvar\u0173 pavir\u0161i\u0173 prek\u0117s \u017eenklui. Mes naudojame <b>Pantone spalv\u0173 \u0161ilkografija<\/b> kad j\u016bs\u0173 logotipas b\u016bt\u0173 tiksliai atkurtas vienoje arba abiejose dir\u017eelio pus\u0117se. Tai leid\u017eia laikytis grie\u017et\u0173 prek\u0117s \u017eenklo gairi\u0173 ir kartu naudoti atsinaujinan\u010dius i\u0161teklius. Kiekvienas dir\u017eelis standarti\u0161kai komplektuojamas su patikimu <b>metalinis karabinas<\/b>, u\u017etikrinant saug\u0173 \u017eenkleli\u0173 ir leidim\u0173 laikym\u0105.<\/p>\n<p data-path-to-node=\"14\"><b>Pagrindin\u0117s savyb\u0117s:<\/b><\/p>\n<ul data-path-to-node=\"15\">\n<li>\n<p data-path-to-node=\"15,0,0\"><b>Ekologi\u0161ka med\u017eiaga:<\/b> 100% ekologi\u0161ka medviln\u0117 ma\u017eina poveik\u012f aplinkai ir atitinka KSR tikslus.<\/p>\n<\/li>\n<li>\n<p data-path-to-node=\"15,1,0\"><b>Auk\u0161\u010diausios kokyb\u0117s komfortas:<\/b> I\u0161skirtinai mink\u0161ta, nat\u016brali tekst\u016bra apsaugo nuo dirginimo vis\u0105 dien\u0105 ne\u0161iojant.<\/p>\n<\/li>\n<li>\n<p data-path-to-node=\"15,2,0\"><b>Individualus prek\u0117s \u017eenklo k\u016brimas:<\/b> Auk\u0161tos kokyb\u0117s \u0161ilkografija su \u201ePantone\u201c spalv\u0173 derinimu.<\/p>\n<\/li>\n<li>\n<p data-path-to-node=\"15,3,0\"><b>Standartinis dydis:<\/b> 90 cm ilgio x 20 mm plo\u010dio (standartinis) \u2013 patogiai tinka visiems dalyviams.<\/p>\n<\/li>\n<li>\n<p data-path-to-node=\"15,4,0\"><b>Aparatin\u0117 \u012franga:<\/b> Pridedamas tvirtas metalinis karabinas; suderinamas su m\u016bs\u0173 ekologi\u0161kais asmens dokument\u0173 laikikliais.<\/p>\n<\/li>\n<\/ul>\n<\/div>\n<\/div>\n<\/div>\n<\/div>","protected":false},"excerpt":{"rendered":"<ul>\n<li>\n<p data-path-to-node=\"9,0,0\"><b>Sertifikuotas tvarumas:<\/b> Pagaminta i\u0161 nat\u016bralios ekologi\u0161kos medviln\u0117s 100%, idealiai tinka ekologi\u0161kiems renginiams ir \u012f KVS orientuotiems preki\u0173 \u017eenklams.<\/p>\n<\/li>\n<li>\n<p data-path-to-node=\"9,1,0\"><b>Auk\u0161\u010diausios kokyb\u0117s mink\u0161tumas:<\/b> Nat\u016bral\u016bs pluo\u0161tai pasi\u017eymi geresne, odai draugi\u0161ka tekst\u016bra, palyginti su sintetin\u0117mis alternatyvomis.<\/p>\n<\/li>\n<li>\n<p data-path-to-node=\"9,2,0\"><b>Tikslus prek\u0117s \u017eenklo k\u016brimas:<\/b> \u0160ilkografija su j\u016bs\u0173 \u201ePantone\u201c logotipu i\u0161 vienos arba dviej\u0173 pusi\u0173, kad b\u016bt\u0173 u\u017etikrintas \u0161varus ir profesionalus vaizdas.<\/p>\n<\/li>\n<li>\n<p data-path-to-node=\"9,3,0\"><b>Tvirta \u012franga:<\/b> Pridedamas auk\u0161tos kokyb\u0117s metalinis karabinas, skirtas saugiai pritvirtinti biologi\u0161kai skaid\u017eius arba standartinius asmens tapatyb\u0117s laikiklius.<\/p>\n<\/li>\n<li><\/li>\n<\/ul>","protected":false},"featured_media":6745,"comment_status":"closed","ping_status":"closed","template":"","meta":[],"product_brand":[],"product_cat":[104,107],"product_tag":[],"class_list":{"0":"post-1254","1":"product","2":"type-product","3":"status-publish","4":"has-post-thumbnail","6":"product_cat-custom-printed-lanyards","7":"product_cat-eco-friendly-lanyards","9":"first","10":"instock","11":"shipping-taxable","12":"purchasable","13":"product-type-simple"},"_links":{"self":[{"href":"https:\/\/displayproducts.eu\/lt\/wp-json\/wp\/v2\/product\/1254","targetHints":{"allow":["GET"]}}],"collection":[{"href":"https:\/\/displayproducts.eu\/lt\/wp-json\/wp\/v2\/product"}],"about":[{"href":"https:\/\/displayproducts.eu\/lt\/wp-json\/wp\/v2\/types\/product"}],"replies":[{"embeddable":true,"href":"https:\/\/displayproducts.eu\/lt\/wp-json\/wp\/v2\/comments?post=1254"}],"wp:featuredmedia":[{"embeddable":true,"href":"https:\/\/displayproducts.eu\/lt\/wp-json\/wp\/v2\/media\/6745"}],"wp:attachment":[{"href":"https:\/\/displayproducts.eu\/lt\/wp-json\/wp\/v2\/media?parent=1254"}],"wp:term":[{"taxonomy":"product_brand","embeddable":true,"href":"https:\/\/displayproducts.eu\/lt\/wp-json\/wp\/v2\/product_brand?post=1254"},{"taxonomy":"product_cat","embeddable":true,"href":"https:\/\/displayproducts.eu\/lt\/wp-json\/wp\/v2\/product_cat?post=1254"},{"taxonomy":"product_tag","embeddable":true,"href":"https:\/\/displayproducts.eu\/lt\/wp-json\/wp\/v2\/product_tag?post=1254"}],"curies":[{"name":"wp","href":"https:\/\/api.w.org\/{rel}","templated":true}]}}