{"id":1253,"date":"2024-10-27T11:54:13","date_gmt":"2024-10-27T08:54:13","guid":{"rendered":"https:\/\/wristbandfactory.eu\/toode\/sublimation-lanyards-with-2-metal-hooks\/"},"modified":"2026-04-01T21:52:36","modified_gmt":"2026-04-01T18:52:36","slug":"dual-hook-sublimation-lanyards","status":"publish","type":"product","link":"https:\/\/displayproducts.eu\/lt\/p\/dual-hook-sublimation-lanyards\/","title":{"rendered":"Dvigubo kablio sublimacijos kaklajuost\u0117s"},"content":{"rendered":"<div class=\"mx-12 md:mx-24 lg:mx-48\">\n<div class=\"container my-8 svelte-zlsknf\">\n<div class=\"my-24 rounded-lg border-0 border-gray-700 bg-gray-100 px-16 py-24\">\n<div class=\"mt-11 !text-gray-500\">\n<p>U\u017etikrinkite, kad j\u016bs\u0173 prek\u0117s \u017eenklas ir renginio atributika visada b\u016bt\u0173 d\u0117mesio centre su m\u016bs\u0173 <b>Dvigubo kablio sublimacijos kaklajuost\u0117s<\/b>. \u0160is auk\u0161\u010diausios kokyb\u0117s dir\u017eelis yra profesionalus sprendimas didesniems rengini\u0173 \u017eenkliukams ar asmens tapatyb\u0117s kortel\u0117ms ne\u0161ioti, naudojant du tvirtinimo ta\u0161kus, kad jie nesisukt\u0173 ar nevirst\u0173.<\/p>\n<p>Pagaminta i\u0161 plonos, 90 cm ilgio poliesterio juostel\u0117s, \u0161i virvel\u0117 suteikia lyg\u0173 pavir\u0161i\u0173 m\u016bs\u0173 pa\u017eangiai sublimacinei spaudai. \u0160is procesas leid\u017eia kurti neribot\u0105 kiek\u012f fotorealistini\u0173 dizain\u0173, \u012fskaitant sud\u0117tingus logotipus, gradientus ir spalvotus vaizdus vienoje ar abiejose pus\u0117se. Rezultatas \u2013 ry\u0161ki, blukimui atspari apdaila, kuri neskilin\u0117ja ir nesilupa.<\/p>\n<p>Dvigubi metaliniai karabinai, idealiai tinkantys konferencijoms, prekybos parodoms ir \u012fmoni\u0173 renginiams, u\u017etikrina stabil\u0173 ir saug\u0173 bet kurio asmens dokumento tur\u0117tojo laikym\u0105 su dviem ply\u0161iais. Kaip nurodyta kategorijose, \u0161is dir\u017eelis tiekiamas su apsauginiu nuimamu segtuku, kad b\u016bt\u0173 u\u017etikrintas didesnis naudotojo saugumas judrioje aplinkoje.<\/p>\n<p><b>Pagrindin\u0117s savyb\u0117s:<\/b><\/p>\n<ul>\n<li><b>Dvigubo kablio dizainas:<\/b> Turi du metalinius karabinus, skirtus dideliems asmens tapatyb\u0117s \u017eenkleliams ar rengini\u0173 leidimams saugiai laikyti ir nukreipti \u012f priek\u012f.<\/li>\n<li><b>Pilnaspalv\u0117 sublimacija:<\/b> Si\u016blo ry\u0161k\u0173, fotorealistin\u012f spausdinim\u0105 sud\u0117tingiems logotipams ir gradientams vienoje arba dviejose pus\u0117se.<\/li>\n<li><b>Patvarus 90 cm poliesteris:<\/b> Patogus, plonas poliesterio dir\u017eelis, skirtas ne\u0161ioti vis\u0105 dien\u0105 keli\u0173 dien\u0173 renginiuose.<\/li>\n<li><b>Saugos atitraukimo parinktis:<\/b> Galima \u012fsigyti su nuimamu spaustuku \u2013 itin svarbia saugos funkcija \u012fmoni\u0173 aplinkoje.<\/li>\n<li><b>Universal\u016bs priedai:<\/b> Standarti\u0161kai komplektuojama su dviem metaliniais karabinais, ta\u010diau yra ir kit\u0173 segtuk\u0173 variant\u0173.<\/li>\n<\/ul>\n<\/div>\n<\/div>\n<\/div>\n<\/div>","protected":false},"excerpt":{"rendered":"<ul>\n<li>Saugus dvigubo kablio (2 metaliniai karabinai) dizainas apsaugo \u017eenklel\u012f nuo sukimosi.<\/li>\n<li>Pristatykite savo prek\u0117s \u017eenkl\u0105 ry\u0161kia, spalvota sublimacija (1 arba 2 pus\u0117s).<\/li>\n<li>Patvarus 90 cm ilgio plonas poliesterio dir\u017eelis, idealiai tinkantis keli\u0173 dien\u0173 konferencijoms.<\/li>\n<li>Galima \u012fsigyti su pasirenkamu apsauginiu nuimamu spaustuku, kad b\u016bt\u0173 u\u017etikrintas didesnis naudotojo saugumas.<\/li>\n<\/ul>","protected":false},"featured_media":6694,"comment_status":"closed","ping_status":"closed","template":"","meta":[],"product_brand":[],"product_cat":[43,106],"product_tag":[],"class_list":{"0":"post-1253","1":"product","2":"type-product","3":"status-publish","4":"has-post-thumbnail","6":"product_cat-lanyards","7":"product_cat-breakaway-lanyards","9":"first","10":"instock","11":"shipping-taxable","12":"purchasable","13":"product-type-simple"},"_links":{"self":[{"href":"https:\/\/displayproducts.eu\/lt\/wp-json\/wp\/v2\/product\/1253","targetHints":{"allow":["GET"]}}],"collection":[{"href":"https:\/\/displayproducts.eu\/lt\/wp-json\/wp\/v2\/product"}],"about":[{"href":"https:\/\/displayproducts.eu\/lt\/wp-json\/wp\/v2\/types\/product"}],"replies":[{"embeddable":true,"href":"https:\/\/displayproducts.eu\/lt\/wp-json\/wp\/v2\/comments?post=1253"}],"wp:featuredmedia":[{"embeddable":true,"href":"https:\/\/displayproducts.eu\/lt\/wp-json\/wp\/v2\/media\/6694"}],"wp:attachment":[{"href":"https:\/\/displayproducts.eu\/lt\/wp-json\/wp\/v2\/media?parent=1253"}],"wp:term":[{"taxonomy":"product_brand","embeddable":true,"href":"https:\/\/displayproducts.eu\/lt\/wp-json\/wp\/v2\/product_brand?post=1253"},{"taxonomy":"product_cat","embeddable":true,"href":"https:\/\/displayproducts.eu\/lt\/wp-json\/wp\/v2\/product_cat?post=1253"},{"taxonomy":"product_tag","embeddable":true,"href":"https:\/\/displayproducts.eu\/lt\/wp-json\/wp\/v2\/product_tag?post=1253"}],"curies":[{"name":"wp","href":"https:\/\/api.w.org\/{rel}","templated":true}]}}