{"id":1250,"date":"2024-10-27T11:54:13","date_gmt":"2024-10-27T08:54:13","guid":{"rendered":"https:\/\/wristbandfactory.eu\/toode\/sublimation-lanyards-with-metal-carabiner\/"},"modified":"2026-04-01T21:52:36","modified_gmt":"2026-04-01T18:52:36","slug":"full-color-sublimation-lanyards-safety-breakaway","status":"publish","type":"product","link":"https:\/\/displayproducts.eu\/lt\/p\/full-color-sublimation-lanyards-safety-breakaway\/","title":{"rendered":"Sublimaciniai kaklajuos\u010diai su saugiu u\u017esegimu"},"content":{"rendered":"<p data-path-to-node=\"11\">Padarykite didel\u012f poveik\u012f, teikdami pirmenyb\u0119 dalyvi\u0173 saugumui, su m\u016bs\u0173 <b>Spalvoti sublimaciniai kaklajuost\u0117s su atpl\u0117\u0161imo funkcija<\/b>. \u0160is produktas yra geriausias pasirinkimas organizacijoms, kurioms reikalingas sud\u0117tingas prek\u0117s \u017eenklo dizainas, pvz., daugiaspalviai logotipai, gradientai ar fotorealistiniai vaizdai, nepakenkiant sveikatos ir saugos reikalavimams.<\/p>\n<p data-path-to-node=\"12\">\u0160io dir\u017eelio i\u0161skirtinis bruo\u017eas yra integruotas <b>apsauginis atkabinamas spaustukas<\/b> i\u0161d\u0117stytas kaklo gale. \u0160is mechanizmas sukurtas taip, kad automati\u0161kai atsipalaiduot\u0173, jei virvel\u0117 stipriai patraukta arba u\u017estringa mechanizmuose \/ duryse, taip i\u0161vengiant su\u017ealojim\u0173. Tod\u0117l tai yra esminis reikalavimas mokyklose, ligonin\u0117se, pramonin\u0117je aplinkoje ir dideliuose vie\u0161uose renginiuose.<\/p>\n<p data-path-to-node=\"13\">Vizualiai virvel\u0117 naudoja pa\u017eangias <b>da\u017e\u0173 sublimacijos spausdinimas<\/b>. J\u016bs\u0173 dizainas yra visam laikui \u012fterpiamas tiesiai \u012f 90 cm plonos poliesterio juostel\u0117s pluo\u0161tus, o ne guli ant jos. Tai u\u017etikrina padengim\u0105 nuo kra\u0161to iki kra\u0161to ir apdail\u0105, kuri yra visi\u0161kai atspari \u012ftr\u016bkimams, lupimuisi ar blukimui. Lygi poliesterio med\u017eiaga yra itin mink\u0161ta, u\u017etikrinanti komfort\u0105 darbuotojams ir sve\u010diams vis\u0105 dien\u0105. Kiekvienas dir\u017eelis standarti\u0161kai komplektuojamas su patikimu <b>metalinis karabinas<\/b> saugiam asmens tapatyb\u0117s korteli\u0173 ar prieigos korteli\u0173 pritvirtinimui.<\/p>\n<p data-path-to-node=\"14\"><b>Pagrindin\u0117s savyb\u0117s:<\/b><\/p>\n<ul data-path-to-node=\"15\">\n<li>\n<p data-path-to-node=\"15,0,0\"><b>Apsauginis atjungimo spaustukas:<\/b> Esmin\u0117 saugos funkcija, kuri atleid\u017eiama veikiant sl\u0117giui; idealiai tinka \u012fmoni\u0173, medicinos ir pramon\u0117s reikm\u0117ms.<\/p>\n<\/li>\n<li>\n<p data-path-to-node=\"15,1,0\"><b>Pilnaspalv\u0117 sublimacija:<\/b> Leid\u017eia sukurti fotorealistinius, sud\u0117tingus dizainus ir gradientus visame pavir\u0161iuje.<\/p>\n<\/li>\n<li>\n<p data-path-to-node=\"15,2,0\"><b>Patvarus plonas poliesteris:<\/b> Lygus 90 cm ilgio kaspinas apsaugo nuo odos dirginimo ir yra atsparus kasdieniam d\u0117v\u0117jimui.<\/p>\n<\/li>\n<li>\n<p data-path-to-node=\"15,3,0\"><b>Dvipusis spausdinimas:<\/b> Galima \u012fsigyti su prek\u0117s \u017eenklo logotipu vienoje arba abiejose pus\u0117se, kad b\u016bt\u0173 kuo geriau matomas.<\/p>\n<\/li>\n<li>\n<p data-path-to-node=\"15,4,0\"><b>Saugus priedas:<\/b> Pridedamas tvirtas metalinis karabinas (kiti segtuk\u0173 variantai galimi pagal pageidavim\u0105).<\/p>\n<\/li>\n<\/ul>","protected":false},"excerpt":{"rendered":"<ul>\n<li>\n<p data-path-to-node=\"9,0,0\"><b>Privalomas saugumas:<\/b> \u012erengtas apsauginiu atkabinamu spaustuku, kuris atsipalaiduoja \u012ftempus, taip atitinkant standartinius \u012fmoni\u0173 ir rengini\u0173 saugos reikalavimus.<\/p>\n<\/li>\n<li>\n<p data-path-to-node=\"9,1,0\"><b>Neribotas dizainas:<\/b> Da\u017e\u0173 sublimacijos technologija leid\u017eia spausdinti sud\u0117tingus logotipus, nuotraukas ir gradientus pilnai spalvotai nuo kra\u0161to iki kra\u0161to.<\/p>\n<\/li>\n<li>\n<p data-path-to-node=\"9,2,0\"><b>Nuolatin\u0117 apdaila:<\/b> Ra\u0161alas \u012fterpiamas \u012f audin\u012f, tod\u0117l dizainas niekada nesutr\u016bkin\u0117s, nenusilups ir nei\u0161bluks.<\/p>\n<\/li>\n<li>\n<p data-path-to-node=\"9,3,0\"><b>Patogumas ir ilgaam\u017ei\u0161kumas:<\/b> Pagaminta i\u0161 mink\u0161to, smulkiai austo poliesterio (90 cm), kuris yra patogus ilgalaikiam d\u0117v\u0117jimui.<\/p>\n<\/li>\n<\/ul>","protected":false},"featured_media":6712,"comment_status":"closed","ping_status":"closed","template":"","meta":[],"product_brand":[],"product_cat":[43,104,106],"product_tag":[],"class_list":{"0":"post-1250","1":"product","2":"type-product","3":"status-publish","4":"has-post-thumbnail","6":"product_cat-lanyards","7":"product_cat-custom-printed-lanyards","8":"product_cat-breakaway-lanyards","10":"first","11":"instock","12":"shipping-taxable","13":"purchasable","14":"product-type-simple"},"_links":{"self":[{"href":"https:\/\/displayproducts.eu\/lt\/wp-json\/wp\/v2\/product\/1250","targetHints":{"allow":["GET"]}}],"collection":[{"href":"https:\/\/displayproducts.eu\/lt\/wp-json\/wp\/v2\/product"}],"about":[{"href":"https:\/\/displayproducts.eu\/lt\/wp-json\/wp\/v2\/types\/product"}],"replies":[{"embeddable":true,"href":"https:\/\/displayproducts.eu\/lt\/wp-json\/wp\/v2\/comments?post=1250"}],"wp:featuredmedia":[{"embeddable":true,"href":"https:\/\/displayproducts.eu\/lt\/wp-json\/wp\/v2\/media\/6712"}],"wp:attachment":[{"href":"https:\/\/displayproducts.eu\/lt\/wp-json\/wp\/v2\/media?parent=1250"}],"wp:term":[{"taxonomy":"product_brand","embeddable":true,"href":"https:\/\/displayproducts.eu\/lt\/wp-json\/wp\/v2\/product_brand?post=1250"},{"taxonomy":"product_cat","embeddable":true,"href":"https:\/\/displayproducts.eu\/lt\/wp-json\/wp\/v2\/product_cat?post=1250"},{"taxonomy":"product_tag","embeddable":true,"href":"https:\/\/displayproducts.eu\/lt\/wp-json\/wp\/v2\/product_tag?post=1250"}],"curies":[{"name":"wp","href":"https:\/\/api.w.org\/{rel}","templated":true}]}}