{"id":1247,"date":"2024-10-27T11:54:13","date_gmt":"2024-10-27T08:54:13","guid":{"rendered":"https:\/\/wristbandfactory.eu\/toode\/satin-lanyards-with-1-sided-silkscreen-logo-design\/"},"modified":"2026-04-01T21:52:36","modified_gmt":"2026-04-01T18:52:36","slug":"printed-satin-lanyards-premium-vip-branding","status":"publish","type":"product","link":"https:\/\/displayproducts.eu\/lt\/p\/printed-satin-lanyards-premium-vip-branding\/","title":{"rendered":"Atlasiniai kaklajuos\u010diai su spauda (Satin)"},"content":{"rendered":"<p data-path-to-node=\"11\">Palikite i\u0161skirtin\u012f \u012fsp\u016bd\u012f kitoje konferencijoje, prekybos parodoje ar \u012fmon\u0117s susib\u016brime su m\u016bs\u0173 <b>Spausdinti atlasiniai kaklajuost\u0117s<\/b>. Skirtingai nuo standartinio poliesterio, satinas si\u016blo i\u0161skirtinai auk\u0161tos klas\u0117s sprendim\u0105, kuris savo tekst\u016bra ir blizgesiu pagerina j\u016bs\u0173 prek\u0117s \u017eenklo \u012fvaizd\u012f. Lygus, blizgus pavir\u0161ius suteikia profesional\u0173 vaizd\u0105 ir poj\u016bt\u012f, tod\u0117l tai puikus pasirinkimas VIP sve\u010diams, \u012fmoni\u0173 darbuotojams ir auk\u0161\u010diausios klas\u0117s prek\u0117s \u017eenkl\u0173 aktyvavimui.<\/p>\n<p data-path-to-node=\"12\">\u0160ie kaklajuost\u0117s pagaminti i\u0161 plonos atlasin\u0117s juostel\u0117s, kurios ilgis yra ma\u017edaug 90 cm. D\u0117l med\u017eiagos lygumo j\u016bs\u0173 logotip\u0105 pritvirtiname naudodami auk\u0161tos kokyb\u0117s <b>vienpusis \u0161ilkografinis spausdinimas<\/b>. \u0160is metodas u\u017etikrina j\u016bs\u0173 <b>Pantone spalv\u0173 derinimas<\/b> i\u0161lieka ry\u0161k\u016bs ir gyvi, sukurdami gra\u017e\u0173 kontrast\u0105 su blizgan\u010diu fonu.<\/p>\n<p data-path-to-node=\"13\"><i>Pastaba d\u0117l spausdinimo:<\/i> D\u0117l subtilaus ir \u0161iek tiek permatomo plono atlaso pob\u016bd\u017eio, dizainas da\u017enai vos matomas kitoje pus\u0117je. Tai yra auk\u0161tos kokyb\u0117s atlasini\u0173 kaklajuos\u010di\u0173 pramon\u0117s standarto savyb\u0117, prisidedanti prie j\u0173 autenti\u0161ko tekstil\u0117s poj\u016b\u010dio.<\/p>\n<p data-path-to-node=\"14\">Kiekvienas dir\u017eelis standarti\u0161kai komplektuojamas su patvariu <b>metalinis karabinas<\/b>, u\u017etikrinant saug\u0173 asmens tapatyb\u0117s korteli\u0173 ar rakt\u0173 pritvirtinim\u0105. Nor\u0117dami suteikti darni\u0105 auk\u0161\u010diausios kokyb\u0117s patirt\u012f, rekomenduojame \u0161iuos dir\u017eelius derinti su m\u016bs\u0173 stand\u017eiais \u017eenkleli\u0173 laikikliais.<\/p>\n<p data-path-to-node=\"15\"><b>Pagrindin\u0117s savyb\u0117s:<\/b><\/p>\n<ul data-path-to-node=\"16\">\n<li>\n<p data-path-to-node=\"16,0,0\"><b>Med\u017eiaga:<\/b> Plonas satinas su lygiu, blizgiu pavir\u0161iumi, suteikian\u010diu prabangi\u0105 estetik\u0105.<\/p>\n<\/li>\n<li>\n<p data-path-to-node=\"16,1,0\"><b>Spausdinimas:<\/b> Vienpusis \u0161ilkografinis spaudos ra\u0161tas ry\u0161kiam, didelio kontrasto prek\u0117s \u017eenklui.<\/p>\n<\/li>\n<li>\n<p data-path-to-node=\"16,2,0\"><b>Spalv\u0173 atitikimas:<\/b> Tikslus \u201ePantone\u201c atitikimas j\u016bs\u0173 \u012fmon\u0117s logotipui.<\/p>\n<\/li>\n<li>\n<p data-path-to-node=\"16,3,0\"><b>Standartiniai matmenys:<\/b> ~90 cm ilgio, patog\u016bs oficialiam d\u0117v\u0117jimui.<\/p>\n<\/li>\n<li>\n<p data-path-to-node=\"16,4,0\"><b>Aparatin\u0117 \u012franga:<\/b> Pridedamas tvirtas metalinis karabinas; galima \u012fsigyti ir individualiai pritaikyt\u0173 spaustuk\u0173.<\/p>\n<\/li>\n<li>\n<p data-path-to-node=\"16,5,0\"><b>Taikymas:<\/b> Geriausiai tinka VIP \u012f\u0117jimams, apdovanojim\u0173 ceremonijoms ir mados renginiams.<\/p>\n<\/li>\n<\/ul>","protected":false},"excerpt":{"rendered":"<ul>\n<li>\n<p data-path-to-node=\"9,0,0\"><b>Prabangi apdaila:<\/b> Plonas atlasinis pynimas suteikia lyg\u0173, blizgant\u012f pavir\u0161i\u0173, kuris lie\u010diant atrodo prabangiai.<\/p>\n<\/li>\n<li>\n<p data-path-to-node=\"9,1,0\"><b>A\u0161trios detal\u0117s:<\/b> Auk\u0161tos kokyb\u0117s \u0161ilkografija u\u017etikrina, kad j\u016bs\u0173 logotipas blizgan\u010diame fone atrodyt\u0173 ry\u0161kus ir i\u0161skirtinis.<\/p>\n<\/li>\n<li>\n<p data-path-to-node=\"9,2,0\"><b>VIP ir \u012fmoni\u0173:<\/b> Pageidaujamas pasirinkimas auk\u0161\u010diausios klas\u0117s konferencijoms, i\u0161kilmingoms vakarien\u0117ms ir i\u0161skirtini\u0173 prek\u0117s \u017eenkl\u0173 reklamoms.<\/p>\n<\/li>\n<li>\n<p data-path-to-node=\"9,3,0\"><b>Profesionali \u012franga:<\/b> Standarti\u0161kai komplektuojamas su patvariu metaliniu karabinu; galimi ir kiti auk\u0161\u010diausios kokyb\u0117s priedai.<\/p>\n<\/li>\n<li><\/li>\n<\/ul>","protected":false},"featured_media":6758,"comment_status":"closed","ping_status":"closed","template":"","meta":[],"product_brand":[],"product_cat":[43,104],"product_tag":[],"class_list":{"0":"post-1247","1":"product","2":"type-product","3":"status-publish","4":"has-post-thumbnail","6":"product_cat-lanyards","7":"product_cat-custom-printed-lanyards","9":"first","10":"instock","11":"shipping-taxable","12":"purchasable","13":"product-type-simple"},"_links":{"self":[{"href":"https:\/\/displayproducts.eu\/lt\/wp-json\/wp\/v2\/product\/1247","targetHints":{"allow":["GET"]}}],"collection":[{"href":"https:\/\/displayproducts.eu\/lt\/wp-json\/wp\/v2\/product"}],"about":[{"href":"https:\/\/displayproducts.eu\/lt\/wp-json\/wp\/v2\/types\/product"}],"replies":[{"embeddable":true,"href":"https:\/\/displayproducts.eu\/lt\/wp-json\/wp\/v2\/comments?post=1247"}],"wp:featuredmedia":[{"embeddable":true,"href":"https:\/\/displayproducts.eu\/lt\/wp-json\/wp\/v2\/media\/6758"}],"wp:attachment":[{"href":"https:\/\/displayproducts.eu\/lt\/wp-json\/wp\/v2\/media?parent=1247"}],"wp:term":[{"taxonomy":"product_brand","embeddable":true,"href":"https:\/\/displayproducts.eu\/lt\/wp-json\/wp\/v2\/product_brand?post=1247"},{"taxonomy":"product_cat","embeddable":true,"href":"https:\/\/displayproducts.eu\/lt\/wp-json\/wp\/v2\/product_cat?post=1247"},{"taxonomy":"product_tag","embeddable":true,"href":"https:\/\/displayproducts.eu\/lt\/wp-json\/wp\/v2\/product_tag?post=1247"}],"curies":[{"name":"wp","href":"https:\/\/api.w.org\/{rel}","templated":true}]}}