{"id":1246,"date":"2024-10-27T11:54:13","date_gmt":"2024-10-27T08:54:13","guid":{"rendered":"https:\/\/wristbandfactory.eu\/toode\/flat-polyester-lanyards\/"},"modified":"2026-04-01T21:52:04","modified_gmt":"2026-04-01T18:52:04","slug":"custom-printed-polyester-lanyards-corporate-branding","status":"publish","type":"product","link":"https:\/\/displayproducts.eu\/lt\/p\/custom-printed-polyester-lanyards-corporate-branding\/","title":{"rendered":"Poliesterio kaklajuost\u0117s su spausdinimu pagal u\u017esakym\u0105 \u2013 firminis stilius"},"content":{"rendered":"<div class=\"mx-12 md:mx-24 lg:mx-48\">\n<div class=\"container my-8 svelte-zlsknf\">\n<div class=\"my-24 rounded-lg border-0 border-gray-700 bg-gray-100 px-16 py-24\">\n<div class=\"mt-11 !text-gray-500\">\n<p data-path-to-node=\"12\">U\u017etikrinkite savo renginio saugum\u0105 ir suvienykite savo komand\u0105 su m\u016bs\u0173 <b>Pasirinktinai spausdinti poliesterio dir\u017eeliai<\/b>, \u2013 tai pramon\u0117s standarto sprendimas efektyviam prek\u0117s \u017eenklo matomumui u\u017etikrinti. Sukurti didelio masto renginiams, tokiems kaip tarptautin\u0117s konferencijos, prekybos parodos ir didelio masto festivaliai, \u0161ie kaklajuost\u0117s si\u016blo optimal\u0173 balans\u0105 tarp patvarumo, spausdinimo kokyb\u0117s ir ekonomi\u0161kumo.<\/p>\n<p data-path-to-node=\"13\">Pagaminta i\u0161 auk\u0161tos kokyb\u0117s plok\u0161\u010dio poliesterio, \u0161i med\u017eiaga suteikia lyg\u0173 pavir\u0161i\u0173, kuris yra b\u016btinas ai\u0161kiam ir \u012fskaitomam prek\u0117s \u017eenklo vaizdavimui. Skirtingai nuo tekst\u016bruot\u0173 alternatyv\u0173, \u0161is plok\u0161\u010dias pavir\u0161ius leid\u017eia tiksliai atkurti logotip\u0105, u\u017etikrinant, kad j\u016bs\u0173 \u012fmon\u0117s identitetas b\u016bt\u0173 rodomas be i\u0161kraipym\u0173. Mes si\u016blome <b>Pantone spalv\u0173 atitikimas<\/b>, leid\u017eia mums nuda\u017eyti audin\u012f ir atspausdinti j\u016bs\u0173 meno k\u016brin\u012f tiksliai j\u016bs\u0173 prek\u0117s \u017eenklo spalvomis i\u0161 vienos arba abiej\u0173 pusi\u0173.<\/p>\n<p data-path-to-node=\"14\">Sukurtas patogumui ir funkcionalumui, kiekvienas dir\u017eelis yra ma\u017edaug 90 cm ilgio, tod\u0117l tinka visiems dalyviams. \u012erenginys yra i\u0161 anksto surinktas su tvirtu <b>metalinis karabinas<\/b>, u\u017etikrinant, kad asmens tapatyb\u0117s kortel\u0117s, lankytoj\u0173 leidimai ir prieigos pulteliai b\u016bt\u0173 saugiai pritvirtinti viso renginio metu. Organizacijoms, turin\u010dioms speciali\u0173 saugumo ar funkcini\u0173 poreiki\u0173, papra\u0161ius galima \u012fsigyti alternatyvi\u0173 tvirtinimo element\u0173 (pvz., apsaugini\u0173 skl\u0105s\u010di\u0173 ar skirting\u0173 spaustuk\u0173).<\/p>\n<p data-path-to-node=\"15\"><b>Pagrindin\u0117s savyb\u0117s:<\/b><\/p>\n<ul data-path-to-node=\"16\">\n<li>\n<p data-path-to-node=\"16,0,0\"><b>Med\u017eiaga:<\/b> Patvarus plok\u0161\u010dias poliesteris, skirtas didel\u0117s rai\u0161kos spausdinimui.<\/p>\n<\/li>\n<li>\n<p data-path-to-node=\"16,1,0\"><b>Pritaikymas:<\/b> Pilnas Pantone spalv\u0173 atitikimas tiek audiniui, tiek spaudai.<\/p>\n<\/li>\n<li>\n<p data-path-to-node=\"16,2,0\"><b>Spausdinimo parinktys:<\/b> Galima \u012fsigyti su vienpusiu arba dvipusiu logotipo i\u0161d\u0117stymu, kad b\u016bt\u0173 u\u017etikrintas maksimalus matomumas.<\/p>\n<\/li>\n<li>\n<p data-path-to-node=\"16,3,0\"><b>Standartiniai matmenys:<\/b> 90 cm ilgis x 20 mm plotis (standartinis), kad tikt\u0173 universaliai.<\/p>\n<\/li>\n<li>\n<p data-path-to-node=\"16,4,0\"><b>Aparatin\u0117 \u012franga:<\/b> Pridedamas tvirtas metalinis karabinas; galimi individual\u016bs priedai.<\/p>\n<\/li>\n<li>\n<p data-path-to-node=\"16,5,0\"><b>Naudojimo atvejis:<\/b> Puikiai tinka \u012fmon\u0117s ID, darbuotoj\u0173 \u017eenkliukams ir reklamini\u0173 rengini\u0173 dovanoms.<\/p>\n<\/li>\n<\/ul>\n<\/div>\n<\/div>\n<\/div>\n<\/div>","protected":false},"excerpt":{"rendered":"<ul data-path-to-node=\"10\">\n<li>\n<p data-path-to-node=\"10,0,0\"><b>Didelio poveikio prek\u0117s \u017eenklo k\u016brimas:<\/b> Lygus, plok\u0161\u010dias poliesterio pavir\u0161ius u\u017etikrina ry\u0161k\u0173, didelio kontrasto logotipo atk\u016brim\u0105.<\/p>\n<\/li>\n<li>\n<p data-path-to-node=\"10,1,0\"><b>Pantone tikslumas:<\/b> Visi\u0161kai pritaikoma spauda i\u0161 vienos arba dviej\u0173 pusi\u0173, kad atitikt\u0173 j\u016bs\u0173 \u012fmon\u0117s spalvas.<\/p>\n<\/li>\n<li>\n<p data-path-to-node=\"10,2,0\"><b>Ekonomi\u0161kas biri\u0173 produkt\u0173 sprendimas:<\/b> Didelio masto konferencij\u0173, festivali\u0173 ir prekybos parod\u0173 pramon\u0117s standartas.<\/p>\n<\/li>\n<li>\n<p data-path-to-node=\"10,3,0\"><b>Patikima \u012franga:<\/b> Standarti\u0161kai komplektuojamas su tvirtu metaliniu karabinu, skirtu saugiai pritvirtinti asmens dokumentus ir \u017eenklelius.<\/p>\n<\/li>\n<\/ul>","protected":false},"featured_media":6815,"comment_status":"closed","ping_status":"closed","template":"","meta":[],"product_brand":[],"product_cat":[104],"product_tag":[],"class_list":{"0":"post-1246","1":"product","2":"type-product","3":"status-publish","4":"has-post-thumbnail","6":"product_cat-custom-printed-lanyards","8":"first","9":"instock","10":"shipping-taxable","11":"purchasable","12":"product-type-simple"},"_links":{"self":[{"href":"https:\/\/displayproducts.eu\/lt\/wp-json\/wp\/v2\/product\/1246","targetHints":{"allow":["GET"]}}],"collection":[{"href":"https:\/\/displayproducts.eu\/lt\/wp-json\/wp\/v2\/product"}],"about":[{"href":"https:\/\/displayproducts.eu\/lt\/wp-json\/wp\/v2\/types\/product"}],"replies":[{"embeddable":true,"href":"https:\/\/displayproducts.eu\/lt\/wp-json\/wp\/v2\/comments?post=1246"}],"wp:featuredmedia":[{"embeddable":true,"href":"https:\/\/displayproducts.eu\/lt\/wp-json\/wp\/v2\/media\/6815"}],"wp:attachment":[{"href":"https:\/\/displayproducts.eu\/lt\/wp-json\/wp\/v2\/media?parent=1246"}],"wp:term":[{"taxonomy":"product_brand","embeddable":true,"href":"https:\/\/displayproducts.eu\/lt\/wp-json\/wp\/v2\/product_brand?post=1246"},{"taxonomy":"product_cat","embeddable":true,"href":"https:\/\/displayproducts.eu\/lt\/wp-json\/wp\/v2\/product_cat?post=1246"},{"taxonomy":"product_tag","embeddable":true,"href":"https:\/\/displayproducts.eu\/lt\/wp-json\/wp\/v2\/product_tag?post=1246"}],"curies":[{"name":"wp","href":"https:\/\/api.w.org\/{rel}","templated":true}]}}