{"id":1243,"date":"2024-10-27T11:54:13","date_gmt":"2024-10-27T08:54:13","guid":{"rendered":"https:\/\/wristbandfactory.eu\/toode\/seed-paper-lanyard\/"},"modified":"2026-04-01T21:52:36","modified_gmt":"2026-04-01T18:52:36","slug":"seed-paper-lanyards","status":"publish","type":"product","link":"https:\/\/displayproducts.eu\/lt\/p\/seed-paper-lanyards\/","title":{"rendered":"S\u0117klinio popieriaus kaklajuos\u010diai (Sodinami)"},"content":{"rendered":"<p data-path-to-node=\"11\">Kitame renginyje, parodoje ar festivalyje padarykite ilgalaik\u012f aplinkosaugin\u012f parei\u0161kim\u0105 su m\u016bs\u0173 novatori\u0161komis <b>S\u0117kl\u0173 popieriaus kaklajuost\u0117s<\/b>. \u0160ie kaklajuost\u0117s, sukurtos suteikti nauj\u0105, ekologi\u0161k\u0105 paskirt\u012f tradici\u0161kai vienkartinio naudojimo gaminiui, si\u016blo unikal\u0173 b\u016bd\u0105 parodyti j\u016bs\u0173 organizacijos \u012fsipareigojim\u0105 atsinaujinimui ir tvarumui.<\/p>\n<p data-path-to-node=\"12\">U\u017euot i\u0161metus virvel\u0119 po renginio, dalyviai kvie\u010diami j\u0105 tiesiai \u012fsodinti \u012f \u017eem\u0119. Laikui b\u0117gant, biologi\u0161kai skaidus popierius suyra, o \u012fsodintos s\u0117klos pra\u017eysta gra\u017eiu mi\u0161iniu. <b>laukin\u0117s g\u0117l\u0117s<\/b>. Tai sukuria teigiam\u0105, gyv\u0105 j\u016bs\u0173 prek\u0117s \u017eenklo ir \u017einut\u0117s priminim\u0105 ilgai po to, kai konferencijos durys jau u\u017esidaro.<\/p>\n<p data-path-to-node=\"13\">Kiekvienas dir\u017eelis yra pagamintas Europoje i\u0161 <b>80 g\/m\u00b2 s\u0117kl\u0173 popierius<\/b>. Nors subtilus, jis puikiai tinka vienos dienos renginiams, VIP leidimams ar i\u0161skirtiniams kvietimams. J\u016bs\u0173 spalvotas dizainas gali b\u016bti atspausdintas ant vienos pus\u0117s. Siekdami pabr\u0117\u017eti ekologi\u0161k\u0105 produkto pob\u016bd\u012f ir u\u017etikrinti geriausi\u0105 dygimo rodikl\u012f, rekomenduojame dizainus, kurie dengia ma\u017eiau nei 50% pavir\u0161iaus ploto (tai taip pat suteikia kainos prana\u0161um\u0105).<\/p>\n<p data-path-to-node=\"14\"><b>Pagrindin\u0117s savyb\u0117s:<\/b><\/p>\n<ul data-path-to-node=\"15\">\n<li>\n<p data-path-to-node=\"15,0,0\"><b>Med\u017eiaga:<\/b> 80 g\/m\u00b2 biologi\u0161kai skaidus popierius su laukini\u0173 g\u0117li\u0173 s\u0117kl\u0173 mi\u0161iniu.<\/p>\n<\/li>\n<li>\n<p data-path-to-node=\"15,1,0\"><b>Naudojimas po renginio:<\/b> Visi\u0161kai tinkamas sodinti; atliekas paver\u010dia laukini\u0173 g\u0117li\u0173 sodu.<\/p>\n<\/li>\n<li>\n<p data-path-to-node=\"15,2,0\"><b>Spausdinimas:<\/b> Vienpusis spalvotas spausdinimas (rekomenduojama ekologi\u0161ka, ma\u017eo da\u017e\u0173 kiekio).<\/p>\n<\/li>\n<li>\n<p data-path-to-node=\"15,3,0\"><b>Matmenys:<\/b> Standartinis dydis (apytiksliai) 90 x 20 mm.<\/p>\n<\/li>\n<li>\n<p data-path-to-node=\"15,4,0\"><b>Kilm\u0117:<\/b> Pagaminta Europoje, siekiant ma\u017eesnio anglies p\u0117dsako.<\/p>\n<\/li>\n<li>\n<p data-path-to-node=\"15,5,0\"><b>Naudojimo atvejis:<\/b> Idealiai tinka trumpalaikiams renginiams, produkt\u0173 pristatymams ir ekologi\u0161koms vestuv\u0117ms.<\/p>\n<\/li>\n<\/ul>","protected":false},"excerpt":{"rendered":"<ul data-path-to-node=\"9\">\n<li>\n<p data-path-to-node=\"9,0,0\"><b>\u201ePlantable\u201c prek\u0117s \u017eenklo naudojimas:<\/b> Virvel\u0117je yra laukini\u0173 g\u0117li\u0173 s\u0117kl\u0173 mi\u0161inys, kurios pra\u017eysta pasodinus \u012f dirv\u0105 po renginio.<\/p>\n<\/li>\n<li>\n<p data-path-to-node=\"9,1,0\"><b>Nulin\u0117s atliekos ciklas:<\/b> Visi\u0161kai biologi\u0161kai skaidus produktas, nepaliekantis joki\u0173 \u0161iuk\u0161li\u0173, tik g\u0117les.<\/p>\n<\/li>\n<li>\n<p data-path-to-node=\"9,2,0\"><b>Ekologinis dizainas:<\/b> Spausdinimas optimizuotas minimaliam ra\u0161alo sunaudojimui (rekomenduojama &lt;50% padengimo riba), kad b\u016bt\u0173 u\u017etikrintas s\u0117kl\u0173 gyvybingumas.<\/p>\n<\/li>\n<li>\n<p data-path-to-node=\"9,3,0\"><b>Pagaminta Europoje:<\/b> Pagaminta vietoje i\u0161 80 g\/m\u00b2 popieriaus, siekiant suma\u017einti transportavimo metu susidaran\u010dias emisijas.<\/p>\n<\/li>\n<\/ul>","protected":false},"featured_media":6780,"comment_status":"closed","ping_status":"closed","template":"","meta":[],"product_brand":[],"product_cat":[43,107],"product_tag":[],"class_list":{"0":"post-1243","1":"product","2":"type-product","3":"status-publish","4":"has-post-thumbnail","6":"product_cat-lanyards","7":"product_cat-eco-friendly-lanyards","9":"first","10":"instock","11":"shipping-taxable","12":"purchasable","13":"product-type-simple"},"_links":{"self":[{"href":"https:\/\/displayproducts.eu\/lt\/wp-json\/wp\/v2\/product\/1243","targetHints":{"allow":["GET"]}}],"collection":[{"href":"https:\/\/displayproducts.eu\/lt\/wp-json\/wp\/v2\/product"}],"about":[{"href":"https:\/\/displayproducts.eu\/lt\/wp-json\/wp\/v2\/types\/product"}],"replies":[{"embeddable":true,"href":"https:\/\/displayproducts.eu\/lt\/wp-json\/wp\/v2\/comments?post=1243"}],"wp:featuredmedia":[{"embeddable":true,"href":"https:\/\/displayproducts.eu\/lt\/wp-json\/wp\/v2\/media\/6780"}],"wp:attachment":[{"href":"https:\/\/displayproducts.eu\/lt\/wp-json\/wp\/v2\/media?parent=1243"}],"wp:term":[{"taxonomy":"product_brand","embeddable":true,"href":"https:\/\/displayproducts.eu\/lt\/wp-json\/wp\/v2\/product_brand?post=1243"},{"taxonomy":"product_cat","embeddable":true,"href":"https:\/\/displayproducts.eu\/lt\/wp-json\/wp\/v2\/product_cat?post=1243"},{"taxonomy":"product_tag","embeddable":true,"href":"https:\/\/displayproducts.eu\/lt\/wp-json\/wp\/v2\/product_tag?post=1243"}],"curies":[{"name":"wp","href":"https:\/\/api.w.org\/{rel}","templated":true}]}}