{"id":1242,"date":"2024-10-27T11:54:14","date_gmt":"2024-10-27T08:54:14","guid":{"rendered":"https:\/\/wristbandfactory.eu\/toode\/corn-lanyards\/"},"modified":"2026-04-01T21:52:36","modified_gmt":"2026-04-01T18:52:36","slug":"printed-eco-corn-lanyards","status":"publish","type":"product","link":"https:\/\/displayproducts.eu\/lt\/p\/printed-eco-corn-lanyards\/","title":{"rendered":"Kukur\u016bz\u0173 pluo\u0161to kaklajuos\u010diai (PLA)"},"content":{"rendered":"<div class=\"mx-12 md:mx-24 lg:mx-48\">\n<div class=\"container my-8 svelte-zlsknf\">\n<div class=\"my-24 rounded-lg border-0 border-gray-700 bg-gray-100 px-16 py-24\">\n<div class=\"mt-11 !text-gray-500\">\n<p data-path-to-node=\"11\">Parodykite tikr\u0105 lyderyst\u0119 aplinkosaugos srityje su m\u016bs\u0173 <b>Spausdinti ekologi\u0161ki kukur\u016bz\u0173 kaklajuost\u0117s<\/b>. Skirtingai nuo tradicini\u0173 sintetini\u0173 dir\u017eeli\u0173, pagamint\u0173 i\u0161 naftos, \u0161ie novatori\u0161ki identifikavimo dir\u017eeliai yra pagaminti i\u0161 <b>100% kukur\u016bz\u0173 krakmolas (PLA)<\/b> pluo\u0161to. D\u0117l to jie yra visi\u0161kai biologi\u0161kai skaidomas ir augalin\u0117s kilm\u0117s sprendimas, puikiai tinkantis pa\u017eangioms organizacijoms ir tvariems renginiams.<\/p>\n<p data-path-to-node=\"12\">\u0160\u012f gamin\u012f i\u0161skiria jo \u201cbekompromisis\u201d pob\u016bdis. Nors jis pagamintas i\u0161 kukur\u016bz\u0173, i\u0161 jo gaunamas PLA pluo\u0161tas imituoja standartinio poliesterio patvarum\u0105, tekst\u016br\u0105 ir stiprum\u0105. Tai rei\u0161kia, kad gaunate tvirt\u0105, auk\u0161tos kokyb\u0117s virvel\u0119, kuri gali atlaikyti keli\u0173 dien\u0173 konferencijas, ta\u010diau pasibaigus jos gyvavimo ciklui yra kompostuojama.<\/p>\n<p data-path-to-node=\"13\">Mes si\u016blome profesional\u0173 <b>\u0161ilkografija<\/b> ant lygaus PLA pavir\u0161iaus, u\u017etikrinant, kad j\u016bs\u0173 logotipas b\u016bt\u0173 atkurtas tiksliai taip, kaip norite <b>Pantone prek\u0117s \u017eenklo spalvos<\/b>. Nesvarbu, ar jums reikia vienpusio, ar dvipusio spausdinimo, rezultatas bus ry\u0161kus ir sodrus. Kiekvienas \u012frenginys tiekiamas su standartiniu <b>metalinis karabinas<\/b>, derinant pramonin\u012f patvarum\u0105 su jautrumu aplinkai.<\/p>\n<p data-path-to-node=\"14\"><b>Pagrindin\u0117s savyb\u0117s:<\/b><\/p>\n<ul data-path-to-node=\"15\">\n<li>\n<p data-path-to-node=\"15,0,0\"><b>Med\u017eiaga:<\/b> 100% kukur\u016bz\u0173 krakmolo pluo\u0161tas (PLA) \u2013 augalin\u0117s kilm\u0117s ir biologi\u0161kai skaidus.<\/p>\n<\/li>\n<li>\n<p data-path-to-node=\"15,1,0\"><b>Na\u0161umas:<\/b> Patvari ir lygi tekst\u016bra, pana\u0161i \u012f tradicin\u012f poliester\u012f.<\/p>\n<\/li>\n<li>\n<p data-path-to-node=\"15,2,0\"><b>Tvarumas:<\/b> \u017dymiai ma\u017eesnis anglies p\u0117dsakas, palyginti su naftos pagrindu pagamintais plastikais.<\/p>\n<\/li>\n<li>\n<p data-path-to-node=\"15,3,0\"><b>Spausdinimas:<\/b> Auk\u0161tos kokyb\u0117s \u0161ilkografija su Pantone spalv\u0173 derinimu.<\/p>\n<\/li>\n<li>\n<p data-path-to-node=\"15,4,0\"><b>Aparatin\u0117 \u012franga:<\/b> Komplekte yra patikimas metalinis karabinas saugiam \u017eenklelio pritvirtinimui.<\/p>\n<\/li>\n<li>\n<p data-path-to-node=\"15,5,0\"><b>Naudojimo atvejis:<\/b> Puikiai tinka \u201c\u017ealiosioms\u201d konferencijoms, ekologiniams festivaliams ir \u012fmoni\u0173 socialin\u0117s atsakomyb\u0117s iniciatyvoms.<\/p>\n<\/li>\n<\/ul>\n<\/div>\n<\/div>\n<\/div>\n<\/div>","protected":false},"excerpt":{"rendered":"<ul>\n<li>\n<p data-path-to-node=\"9,0,0\"><b>Augalin\u0117s kilm\u0117s inovacijos:<\/b> Pagaminta i\u0161 100% kukur\u016bz\u0173 krakmolo pluo\u0161to (PLA), kuri yra visi\u0161kai biologi\u0161kai skaidoma alternatyva naftos pagrindu pagamintiems plastikams.<\/p>\n<\/li>\n<li>\n<p data-path-to-node=\"9,1,0\"><b>Poliesterio tipo savyb\u0117s:<\/b> Jau\u010diasi ir funkcionuoja lygiai taip pat, kaip sintetinis audinys \u2013 patvarus ir lygus, \u2013 bet pagamintas vien i\u0161 augal\u0173.<\/p>\n<\/li>\n<li>\n<p data-path-to-node=\"9,2,0\"><b>\u012emoni\u0173 atsakomyb\u0117:<\/b> Idealus pasirinkimas \u012fmon\u0117ms, kurios laikosi grie\u017etos nulin\u0117s atliekos arba anglies dioksido emisijos neutralumo politikos.<\/p>\n<\/li>\n<li>\n<p data-path-to-node=\"9,3,0\"><b>Individualus prek\u0117s \u017eenklo k\u016brimas:<\/b> Lygus pavir\u0161ius leid\u017eia atspausdinti ry\u0161ki\u0105, Pantone spalv\u0173 gam\u0105 i\u0161 vienos arba dviej\u0173 pusi\u0173.<\/p>\n<\/li>\n<\/ul>","protected":false},"featured_media":6736,"comment_status":"closed","ping_status":"closed","template":"","meta":[],"product_brand":[],"product_cat":[104,107],"product_tag":[],"class_list":{"0":"post-1242","1":"product","2":"type-product","3":"status-publish","4":"has-post-thumbnail","6":"product_cat-custom-printed-lanyards","7":"product_cat-eco-friendly-lanyards","9":"first","10":"instock","11":"shipping-taxable","12":"purchasable","13":"product-type-simple"},"_links":{"self":[{"href":"https:\/\/displayproducts.eu\/lt\/wp-json\/wp\/v2\/product\/1242","targetHints":{"allow":["GET"]}}],"collection":[{"href":"https:\/\/displayproducts.eu\/lt\/wp-json\/wp\/v2\/product"}],"about":[{"href":"https:\/\/displayproducts.eu\/lt\/wp-json\/wp\/v2\/types\/product"}],"replies":[{"embeddable":true,"href":"https:\/\/displayproducts.eu\/lt\/wp-json\/wp\/v2\/comments?post=1242"}],"wp:featuredmedia":[{"embeddable":true,"href":"https:\/\/displayproducts.eu\/lt\/wp-json\/wp\/v2\/media\/6736"}],"wp:attachment":[{"href":"https:\/\/displayproducts.eu\/lt\/wp-json\/wp\/v2\/media?parent=1242"}],"wp:term":[{"taxonomy":"product_brand","embeddable":true,"href":"https:\/\/displayproducts.eu\/lt\/wp-json\/wp\/v2\/product_brand?post=1242"},{"taxonomy":"product_cat","embeddable":true,"href":"https:\/\/displayproducts.eu\/lt\/wp-json\/wp\/v2\/product_cat?post=1242"},{"taxonomy":"product_tag","embeddable":true,"href":"https:\/\/displayproducts.eu\/lt\/wp-json\/wp\/v2\/product_tag?post=1242"}],"curies":[{"name":"wp","href":"https:\/\/api.w.org\/{rel}","templated":true}]}}