{"id":1238,"date":"2024-10-27T11:54:14","date_gmt":"2024-10-27T08:54:14","guid":{"rendered":"https:\/\/wristbandfactory.eu\/toode\/standard-shoelace-lanyards\/"},"modified":"2026-04-01T21:52:36","modified_gmt":"2026-04-01T18:52:36","slug":"plain-shoelace-lanyards","status":"publish","type":"product","link":"https:\/\/displayproducts.eu\/lt\/p\/plain-shoelace-lanyards\/","title":{"rendered":"Paprasti bat\u0173 rai\u0161teli\u0173 kaklajuost\u0117s"},"content":{"rendered":"<p>Apr\u016bpinkite savo komand\u0105 prakti\u0161ku ir profesionaliu kasdienio identifikavimo sprendimu. M\u016bs\u0173 bat\u0173 rai\u0161teli\u0173 kaklajuost\u0117s yra ekonomi\u0161kas ir stilingas pasirinkimas \u012fmon\u0117ms ir organizacijoms, kurioms reikia patikimo b\u016bdo rodyti darbuotoj\u0173 ID ar rengini\u0173 prieigos korteles.<\/p>\n<p>\u0160ie kaklajuost\u0117s pasi\u017eymi populiariu bat\u0173 rai\u0161teli\u0173 dizainu, \u017einomu d\u0117l savo patogumo ir patvarumo, tod\u0117l puikiai tinka d\u0117v\u0117ti vis\u0105 dien\u0105 konferencijose, prekybos parodose ar biure. Nors ir be ra\u0161to, jos yra \u012fvairi\u0173 spalv\u0173, tod\u0117l jas galite lengvai priderinti prie savo \u012fmon\u0117s prek\u0117s \u017eenklo ar renginio temos. Kiekvienas kaklajuost\u0117s laikiklis turi tvirt\u0105 metalin\u012f laikikl\u012f, skirt\u0105 saugiai pritvirtinti bet kok\u012f asmens tapatyb\u0117s kortel\u0117s d\u0117kl\u0105 ar leidim\u0105 pra\u0117jimui.<\/p>\n<p><b>Pagrindin\u0117s savyb\u0117s:<\/b><\/p>\n<ul>\n<li><b>Klasikinis bat\u0173 rai\u0161teli\u0173 dizainas:<\/b> Si\u016blo patog\u0173, lengv\u0105 ir patvar\u0173 sprendim\u0105 ne\u0161iojimui vis\u0105 dien\u0105.<\/li>\n<li><b>Ekonomi\u0161kas ID sprendimas:<\/b> Idealiai tinka dideliems u\u017esakymams dideliems renginiams, konferencijoms ar kasdieniam darbuotoj\u0173 identifikavimui.<\/li>\n<li><b>Keli spalv\u0173 variantai:<\/b> Galima rinktis i\u0161 plataus vienspalvi\u0173 spalv\u0173 asortimento, kad atitikt\u0173 \u012fmon\u0117s prek\u0117s \u017eenkl\u0105 arba b\u016bt\u0173 galima suskirstyti dalyvius pagal kategorijas.<\/li>\n<li><b>Standartinis metalinis spaustukas:<\/b> Pridedamas patikimas metalinis spaustukas, skirtas saugiai pritvirtinti asmens tapatyb\u0117s korteli\u0173 laikiklius ar rengini\u0173 leidimus.<\/li>\n<\/ul>\n<p>&nbsp;<\/p>","protected":false},"excerpt":{"rendered":"<ul>\n<li>Ekonomi\u0161kas sprendimas kasdieniam darbuotoj\u0173 identifikavimui ir prieigai prie rengini\u0173.<\/li>\n<li>Klasikinis, patvarus bat\u0173 rai\u0161teli\u0173 kaklajuost\u0117s dizainas u\u017etikrina komfort\u0105 vis\u0105 dien\u0105.<\/li>\n<li>Galima rinktis i\u0161 plataus vienspalvi\u0173 variant\u0173, kad atitikt\u0173 j\u016bs\u0173 \u012fmon\u0117s stili\u0173.<\/li>\n<li>Pridedamas standartinis metalinis segtukas asmens tapatyb\u0117s \u017eenkleliams ir prieigos kortel\u0117ms.<\/li>\n<li><\/li>\n<\/ul>","protected":false},"featured_media":6723,"comment_status":"closed","ping_status":"closed","template":"","meta":[],"product_brand":[],"product_cat":[43,113],"product_tag":[],"class_list":{"0":"post-1238","1":"product","2":"type-product","3":"status-publish","4":"has-post-thumbnail","6":"product_cat-lanyards","7":"product_cat-plain-lanyards","9":"first","10":"instock","11":"shipping-taxable","12":"purchasable","13":"product-type-simple"},"_links":{"self":[{"href":"https:\/\/displayproducts.eu\/lt\/wp-json\/wp\/v2\/product\/1238","targetHints":{"allow":["GET"]}}],"collection":[{"href":"https:\/\/displayproducts.eu\/lt\/wp-json\/wp\/v2\/product"}],"about":[{"href":"https:\/\/displayproducts.eu\/lt\/wp-json\/wp\/v2\/types\/product"}],"replies":[{"embeddable":true,"href":"https:\/\/displayproducts.eu\/lt\/wp-json\/wp\/v2\/comments?post=1238"}],"wp:featuredmedia":[{"embeddable":true,"href":"https:\/\/displayproducts.eu\/lt\/wp-json\/wp\/v2\/media\/6723"}],"wp:attachment":[{"href":"https:\/\/displayproducts.eu\/lt\/wp-json\/wp\/v2\/media?parent=1238"}],"wp:term":[{"taxonomy":"product_brand","embeddable":true,"href":"https:\/\/displayproducts.eu\/lt\/wp-json\/wp\/v2\/product_brand?post=1238"},{"taxonomy":"product_cat","embeddable":true,"href":"https:\/\/displayproducts.eu\/lt\/wp-json\/wp\/v2\/product_cat?post=1238"},{"taxonomy":"product_tag","embeddable":true,"href":"https:\/\/displayproducts.eu\/lt\/wp-json\/wp\/v2\/product_tag?post=1238"}],"curies":[{"name":"wp","href":"https:\/\/api.w.org\/{rel}","templated":true}]}}