{"id":1235,"date":"2024-10-27T11:54:14","date_gmt":"2024-10-27T08:54:14","guid":{"rendered":"https:\/\/wristbandfactory.eu\/toode\/fluorescent-lanyards\/"},"modified":"2026-04-01T21:52:04","modified_gmt":"2026-04-01T18:52:04","slug":"fluorescent-lanyards","status":"publish","type":"product","link":"https:\/\/displayproducts.eu\/lt\/p\/fluorescent-lanyards\/","title":{"rendered":"Fluorescenciniai kaklajuost\u0117s"},"content":{"rendered":"<p>Padidinkite matomum\u0105 ir saugum\u0105 kitame renginyje su m\u016bs\u0173 fluorescenciniais kaklajuost\u0117mis. \u0160ios kaklajuost\u0117s yra b\u016btina priemon\u0117 rengini\u0173 vadovams, norintiems lengvai atpa\u017einti darbuotojus, VIP asmenis ar sve\u010dius bet kokiomis ap\u0161vietimo s\u0105lygomis.<\/p>\n<p>Pagaminti i\u0161 auk\u0161tos kokyb\u0117s, patvari\u0173 med\u017eiag\u0173, \u0161ie kaklajuost\u0117s skirti naudoti daug dien\u0173. Ry\u0161kiai fluorescencin\u0117 med\u017eiaga yra gerai matoma dienos \u0161viesoje ir... <b>ry\u0161kiai \u0161vie\u010dia UV \u0161viesoje (juodoje \u0161viesoje)<\/b>, tod\u0117l jie puikiai tinka naktiniams klubams, koncertams, festivaliams ir vakariniams \u012fmoni\u0173 renginiams.<\/p>\n<p>\u0160i gerai matoma funkcija suteikia papildom\u0105 saugumo lyg\u012f ir leid\u017eia greitai vizualiai identifikuoti \u012fgaliotus darbuotojus. Jie yra \u012fvairi\u0173 ry\u0161ki\u0173 spalv\u0173 ir puikiai tinka j\u016bs\u0173 logotipui, paver\u010diant apsaugos element\u0105 reklamos priemone. U\u017esisakykite dideliais kiekiais ir ekonomi\u0161kai efektyviai valdykite savo rengin\u012f bei reklamuokite savo prek\u0117s \u017eenkl\u0105.<\/p>\n<p><b>Pagrindin\u0117s savyb\u0117s:<\/b><\/p>\n<ul>\n<li><b>Gerai matoma med\u017eiaga:<\/b> U\u017etikrina puik\u0173 matomum\u0105 dienos \u0161viesoje ir ry\u0161kiai \u0161vie\u010dia UV\/juodoje \u0161viesoje.<\/li>\n<li><b>Patvari konstrukcija:<\/b> Pagaminta i\u0161 auk\u0161tos kokyb\u0117s, ilgaam\u017ei\u0173 med\u017eiag\u0173, tinkan\u010di\u0173 keli\u0173 dien\u0173 renginiams.<\/li>\n<li><b>Patobulintas rengini\u0173 saugumas:<\/b> Leid\u017eia lengvai ir greitai vizualiai atpa\u017einti darbuotojus ar sve\u010dius esant prastam ap\u0161vietimui.<\/li>\n<li><b>Ekonomi\u0161kai efektyvus prek\u0117s \u017eenklo k\u016brimas:<\/b> \u012eperkamas sprendimas masiniam prek\u0117s \u017eenklo ar \u017einut\u0117s reklamavimui didelio masto renginiuose.<\/li>\n<li><b>Keli spalv\u0173 variantai:<\/b> Galima rinktis i\u0161 \u012fvairi\u0173 ry\u0161ki\u0173 fluorescencini\u0173 spalv\u0173, kad atitikt\u0173 j\u016bs\u0173 renginio tem\u0105.<\/li>\n<\/ul>","protected":false},"excerpt":{"rendered":"<ul>\n<li>Padidinkite darbuotoj\u0173 ir sve\u010di\u0173 matomum\u0105 prasto ap\u0161vietimo aplinkoje.<\/li>\n<li>Ry\u0161kiai fluorescencin\u0117 med\u017eiaga ry\u0161kiai \u0161vie\u010dia UV\/juodoje \u0161viesoje.<\/li>\n<li>Patvari, auk\u0161tos kokyb\u0117s med\u017eiaga, skirta naudoti keli\u0173 dien\u0173 renginiuose.<\/li>\n<li>Idealiai tinka festivali\u0173, koncert\u0173 ir \u012fmoni\u0173 rengini\u0173 darbuotoj\u0173 identifikavimui.<\/li>\n<\/ul>","protected":false},"featured_media":6706,"comment_status":"closed","ping_status":"closed","template":"","meta":[],"product_brand":[],"product_cat":[43,109],"product_tag":[],"class_list":{"0":"post-1235","1":"product","2":"type-product","3":"status-publish","4":"has-post-thumbnail","6":"product_cat-lanyards","7":"product_cat-reflective-lanyards","9":"first","10":"instock","11":"shipping-taxable","12":"purchasable","13":"product-type-simple"},"_links":{"self":[{"href":"https:\/\/displayproducts.eu\/lt\/wp-json\/wp\/v2\/product\/1235","targetHints":{"allow":["GET"]}}],"collection":[{"href":"https:\/\/displayproducts.eu\/lt\/wp-json\/wp\/v2\/product"}],"about":[{"href":"https:\/\/displayproducts.eu\/lt\/wp-json\/wp\/v2\/types\/product"}],"replies":[{"embeddable":true,"href":"https:\/\/displayproducts.eu\/lt\/wp-json\/wp\/v2\/comments?post=1235"}],"wp:featuredmedia":[{"embeddable":true,"href":"https:\/\/displayproducts.eu\/lt\/wp-json\/wp\/v2\/media\/6706"}],"wp:attachment":[{"href":"https:\/\/displayproducts.eu\/lt\/wp-json\/wp\/v2\/media?parent=1235"}],"wp:term":[{"taxonomy":"product_brand","embeddable":true,"href":"https:\/\/displayproducts.eu\/lt\/wp-json\/wp\/v2\/product_brand?post=1235"},{"taxonomy":"product_cat","embeddable":true,"href":"https:\/\/displayproducts.eu\/lt\/wp-json\/wp\/v2\/product_cat?post=1235"},{"taxonomy":"product_tag","embeddable":true,"href":"https:\/\/displayproducts.eu\/lt\/wp-json\/wp\/v2\/product_tag?post=1235"}],"curies":[{"name":"wp","href":"https:\/\/api.w.org\/{rel}","templated":true}]}}