{"id":1233,"date":"2024-10-27T11:54:14","date_gmt":"2024-10-27T08:54:14","guid":{"rendered":"https:\/\/wristbandfactory.eu\/toode\/rpet-eco-lanyards\/"},"modified":"2026-04-01T21:52:36","modified_gmt":"2026-04-01T18:52:36","slug":"printed-rpet-lanyards","status":"publish","type":"product","link":"https:\/\/displayproducts.eu\/lt\/p\/printed-rpet-lanyards\/","title":{"rendered":"rPET kaklajuos\u010diai su spauda (\u0160ilkografija)"},"content":{"rendered":"<p data-path-to-node=\"11\">Prisijunkite prie tvarumo jud\u0117jimo ir atsakingai reklamuokite savo prek\u0117s \u017eenkl\u0105 su m\u016bs\u0173 <b>Spausdinti rPET dir\u017eeliai<\/b>. \u0160is produktas yra puikus pasirinkimas organizacijoms, kurioms reikia ekonomi\u0161ko, didelio t\u016brio kaklajuost\u0117s, atitinkan\u010dios \u012fmon\u0117s aplinkosaugos vertybes, nevir\u0161ijant biud\u017eeto.<\/p>\n<p data-path-to-node=\"12\">\u0160ie kaklajuost\u0117s yra austos i\u0161 <b>100% rPET poliesteris<\/b>, tvirtas pluo\u0161tas, gautas vien i\u0161 perdirbt\u0173 plastikini\u0173 buteli\u0173. Pasirinkdami rPET, j\u016bs aktyviai nukreipiate plastiko atliekas \u012f s\u0105vartynus ir suma\u017einate savo renginio anglies p\u0117dsak\u0105. Skirtingai nuo m\u016bs\u0173 sublimacin\u0117s versijos, \u0161is konkretus modelis naudoja <b>\u0161ilkografija<\/b>. \u0160is metodas idealiai tinka vientis\u0173 spalv\u0173 logotipams, suteikiantiems ry\u0161ki\u0105, ry\u0161ki\u0105 apdail\u0105, kuri i\u0161siskiria ant briaunuoto audinio.<\/p>\n<p data-path-to-node=\"13\">Mes si\u016blome <b>tikslus Pantone spalv\u0173 atitikimas<\/b> J\u016bs\u0173 logotipo atspaudui, u\u017etikrinant, kad j\u016bs\u0173 \u012fmon\u0117s identitetas b\u016bt\u0173 nepriekai\u0161tingai i\u0161laikytas. Pati med\u017eiaga yra tvirta ir patvari, savo stiprumu nesiskiria nuo gryno poliesterio, tod\u0117l tai patikimas darbinis arkliukas konferencijoms, festivaliams ir kasdieniam naudojimui biure. Kiekvienas dir\u017eelis standarti\u0161kai turi metalin\u012f karabin\u0105, tod\u0117l tai funkcionalus ir ekologi\u0161kas sprendimas j\u016bs\u0173 dalyviams.<\/p>\n<p data-path-to-node=\"14\"><b>Pagrindin\u0117s savyb\u0117s:<\/b><\/p>\n<ul data-path-to-node=\"15\">\n<li>\n<p data-path-to-node=\"15,0,0\"><b>Med\u017eiaga:<\/b> 100% rPET (perdirbtas polietileno tereftalatas).<\/p>\n<\/li>\n<li>\n<p data-path-to-node=\"15,1,0\"><b>Spausdinimo technologija:<\/b> \u0160ilkografija (geriausia 1\u20134 spalv\u0173 spausdinimui).<\/p>\n<\/li>\n<li>\n<p data-path-to-node=\"15,2,0\"><b>Ekonomika:<\/b> Biud\u017eetui draugi\u0161ka tvari alternatyva grynam poliesteriui.<\/p>\n<\/li>\n<li>\n<p data-path-to-node=\"15,3,0\"><b>Spalv\u0173 tikslumas:<\/b> Atspausdintam logotipui galimas Pantone atitikimas.<\/p>\n<\/li>\n<li>\n<p data-path-to-node=\"15,4,0\"><b>Patvarumas:<\/b> Didelis tempiamasis stiprumas, tinka sunkiems \u017eenkliukams ir raktams.<\/p>\n<\/li>\n<li>\n<p data-path-to-node=\"15,5,0\"><b>Aparatin\u0117 \u012franga:<\/b> Pridedamas standartinis metalinis karabinas (galima \u012fsigyti ir individualius spaustukus).<\/p>\n<\/li>\n<\/ul>","protected":false},"excerpt":{"rendered":"<ul>\n<li>\n<p data-path-to-node=\"9,0,0\"><b>Tvarus pasirinkimas:<\/b> Pagaminta i\u0161 100% perdirbto PET (rPET), gauto i\u0161 panaudot\u0173 plastikini\u0173 buteli\u0173.<\/p>\n<\/li>\n<li>\n<p data-path-to-node=\"9,1,0\"><b>Ekonomi\u0161kai efektyvus ekologi\u0161kas:<\/b> Prieinamiausias \u012f\u0117jimo ta\u0161kas preki\u0173 \u017eenklams, norintiems pereiti prie tvari\u0173 identifikavimo sprendim\u0173.<\/p>\n<\/li>\n<li>\n<p data-path-to-node=\"9,2,0\"><b>Ry\u0161kus prek\u0117s \u017eenklo k\u016brimas:<\/b> Auk\u0161tos kokyb\u0117s \u0161ilkografija, naudojant tiksl\u0173 \u201ePantone\u201c spalv\u0173 derinim\u0105, leid\u017eia sukurti ry\u0161kius, ry\u0161kius logotipus.<\/p>\n<\/li>\n<li>\n<p data-path-to-node=\"9,3,0\"><b>Patvarus ir stiprus:<\/b> I\u0161laiko standartinio poliesterio tvirtum\u0105, tod\u0117l tinka keli\u0173 dien\u0173 renginiams ir darbuotoj\u0173 naudojimui.<\/p>\n<\/li>\n<\/ul>","protected":false},"featured_media":6754,"comment_status":"closed","ping_status":"closed","template":"","meta":[],"product_brand":[],"product_cat":[104,107],"product_tag":[],"class_list":{"0":"post-1233","1":"product","2":"type-product","3":"status-publish","4":"has-post-thumbnail","6":"product_cat-custom-printed-lanyards","7":"product_cat-eco-friendly-lanyards","9":"first","10":"instock","11":"shipping-taxable","12":"purchasable","13":"product-type-simple"},"_links":{"self":[{"href":"https:\/\/displayproducts.eu\/lt\/wp-json\/wp\/v2\/product\/1233","targetHints":{"allow":["GET"]}}],"collection":[{"href":"https:\/\/displayproducts.eu\/lt\/wp-json\/wp\/v2\/product"}],"about":[{"href":"https:\/\/displayproducts.eu\/lt\/wp-json\/wp\/v2\/types\/product"}],"replies":[{"embeddable":true,"href":"https:\/\/displayproducts.eu\/lt\/wp-json\/wp\/v2\/comments?post=1233"}],"wp:featuredmedia":[{"embeddable":true,"href":"https:\/\/displayproducts.eu\/lt\/wp-json\/wp\/v2\/media\/6754"}],"wp:attachment":[{"href":"https:\/\/displayproducts.eu\/lt\/wp-json\/wp\/v2\/media?parent=1233"}],"wp:term":[{"taxonomy":"product_brand","embeddable":true,"href":"https:\/\/displayproducts.eu\/lt\/wp-json\/wp\/v2\/product_brand?post=1233"},{"taxonomy":"product_cat","embeddable":true,"href":"https:\/\/displayproducts.eu\/lt\/wp-json\/wp\/v2\/product_cat?post=1233"},{"taxonomy":"product_tag","embeddable":true,"href":"https:\/\/displayproducts.eu\/lt\/wp-json\/wp\/v2\/product_tag?post=1233"}],"curies":[{"name":"wp","href":"https:\/\/api.w.org\/{rel}","templated":true}]}}