{"id":1232,"date":"2024-10-27T11:54:14","date_gmt":"2024-10-27T08:54:14","guid":{"rendered":"https:\/\/wristbandfactory.eu\/toode\/vinyl-wristbands\/"},"modified":"2026-04-01T21:52:36","modified_gmt":"2026-04-01T18:52:36","slug":"custom-printed-vinyl-wristbands","status":"publish","type":"product","link":"https:\/\/displayproducts.eu\/lt\/p\/custom-printed-vinyl-wristbands\/","title":{"rendered":"Spausdintos vinilin\u0117s apyrank\u0117s"},"content":{"rendered":"<div class=\"mx-12 md:mx-24 lg:mx-48\">\n<div class=\"container my-8 svelte-zlsknf\">\n<div class=\"my-24 rounded-lg border-0 border-gray-700 bg-gray-100 px-16 py-24\">\n<div class=\"mt-11 !text-gray-500\">\n<p data-path-to-node=\"15\">Apsaugokite savo rengin\u012f su m\u016bs\u0173 <b data-path-to-node=\"15\" data-index-in-node=\"52\">Spausdintos vinilin\u0117s apyrank\u0117s<\/b>, pramon\u0117s standartas daugiadienei prieigos kontrolei. \u0160ios apyrank\u0117s pagamintos i\u0161 trij\u0173 mink\u0161to, bet itin patvaraus vinilo sluoksni\u0173, u\u017etikrinan\u010di\u0173, kad jos i\u0161likt\u0173 patogios, atsparios vandeniui, prakaitui ir aktyviai aplinkai, pavyzd\u017eiui, festivaliams, vandens parkams ir kurortams.<\/p>\n<p data-path-to-node=\"16\">Skirtingai nuo popierini\u0173 juosteli\u0173, j\u0173 negalima nupl\u0117\u0161ti. <b data-path-to-node=\"16\" data-index-in-node=\"50\">vienkartinis plastikinis u\u017esegimas su u\u017etrauktuku<\/b> u\u017etikrina, kad u\u017esegus apyrank\u0119, j\u0105 reikia nukirpti, kad b\u016bt\u0173 i\u0161vengta neteis\u0117t\u0173 perdavim\u0173. <b data-path-to-node=\"16\" data-index-in-node=\"199\">Platus veidas<\/b> (didesniems logotipams) arba <b data-path-to-node=\"16\" data-index-in-node=\"231\">L formos<\/b> dizainuose naudojame auk\u0161tos kokyb\u0117s <b data-path-to-node=\"16\" data-index-in-node=\"268\">\u0161ilkografija<\/b> kad j\u016bs\u0173 logotipas ar tekstas b\u016bt\u0173 u\u017eklijuoti viena ry\u0161kia, blukimui atsparia spalva.<\/p>\n<h2 data-path-to-node=\"17\">Pagrindin\u0117s savyb\u0117s<\/h2>\n<ul data-path-to-node=\"18\">\n<li>\n<p data-path-to-node=\"18,0,0\"><b data-path-to-node=\"18,0,0\" data-index-in-node=\"0\">Apsauga nuo klastojimo:<\/b> Nuolatinis u\u017esegimas spaud\u0117mis neleid\u017eia pakartotinai naudoti, taip u\u017etikrinant saug\u0173 minios valdym\u0105.<\/p>\n<\/li>\n<li>\n<p data-path-to-node=\"18,1,0\"><b data-path-to-node=\"18,1,0\" data-index-in-node=\"0\">Vandeniui atsparus dizainas:<\/b> Puikiai tinka dr\u0117gnoms aplinkoms, \u012fskaitant baseinus, pirtis ir lauko festivalius.<\/p>\n<\/li>\n<li>\n<p data-path-to-node=\"18,2,0\"><b data-path-to-node=\"18,2,0\" data-index-in-node=\"0\">Didelio kontrasto spaudinys:<\/b> \u0160ilkografijos technologija u\u017etikrina ry\u0161k\u0173 ir patvar\u0173 j\u016bs\u0173 logotipo ar \u017einut\u0117s atspaud\u0105.<\/p>\n<\/li>\n<li>\n<p data-path-to-node=\"18,3,0\"><b data-path-to-node=\"18,3,0\" data-index-in-node=\"0\">Platus spalv\u0173 diapazonas:<\/b> Rinkit\u0117s i\u0161 neonini\u0173, matini\u0173 arba blizgi\u0173 bazini\u0173 spalv\u0173, kad atitikt\u0173 j\u016bs\u0173 prek\u0117s \u017eenklo identitet\u0105.<\/p>\n<\/li>\n<\/ul>\n<h2 data-path-to-node=\"19\">Specifikacijos<\/h2>\n<ul data-path-to-node=\"20\">\n<li>\n<p data-path-to-node=\"20,0,0\"><b data-path-to-node=\"20,0,0\" data-index-in-node=\"0\">Med\u017eiaga:<\/b> Trij\u0173 sluoksni\u0173 trilaminuota vinilo plok\u0161t\u0117<\/p>\n<\/li>\n<li>\n<p data-path-to-node=\"20,1,0\"><b data-path-to-node=\"20,1,0\" data-index-in-node=\"0\">Spausdinimas:<\/b> Vienspalvis \u0161ilkografinis popierius (patvarus ir ry\u0161kus)<\/p>\n<\/li>\n<li>\n<p data-path-to-node=\"20,2,0\"><b data-path-to-node=\"20,2,0\" data-index-in-node=\"0\">U\u017edarymas:<\/b> Vienkartinio naudojimo plastikinis u\u017esegimas<\/p>\n<\/li>\n<li>\n<p data-path-to-node=\"20,3,0\"><b data-path-to-node=\"20,3,0\" data-index-in-node=\"0\">Dydis:<\/b> Reguliuojamas (tinka visiems rie\u0161\u0173 dyd\u017eiams)<\/p>\n<\/li>\n<li>\n<p data-path-to-node=\"20,4,0\"><b data-path-to-node=\"20,4,0\" data-index-in-node=\"0\">Naudojimo trukm\u0117:<\/b> 3\u20137+ dienos<\/p>\n<\/li>\n<li>\n<p data-path-to-node=\"20,5,0\"><b data-path-to-node=\"20,5,0\" data-index-in-node=\"0\">Atsparus vandeniui:<\/b> Taip (100%)<\/p>\n<\/li>\n<li>\n<p data-path-to-node=\"20,6,0\"><b data-path-to-node=\"20,6,0\" data-index-in-node=\"0\">Minimalus kiekis:<\/b> 100 vienet\u0173<\/p>\n<\/li>\n<\/ul>\n<h2 data-path-to-node=\"21\">Naudojimo atvejai<\/h2>\n<ul data-path-to-node=\"22\">\n<li>\n<p data-path-to-node=\"22,0,0\"><b data-path-to-node=\"22,0,0\" data-index-in-node=\"0\">Vie\u0161bu\u010diai ir kurortai:<\/b> Sve\u010dio identifikavimas \u201eviskas \u012fskai\u010diuota\u201c paketams (seifas baseine ir du\u0161e).<\/p>\n<\/li>\n<li>\n<p data-path-to-node=\"22,1,0\"><b data-path-to-node=\"22,1,0\" data-index-in-node=\"0\">Koncertai ir festivaliai:<\/b> Saugus keli\u0173 dien\u0173 \u012f\u0117jimo valdymas.<\/p>\n<\/li>\n<li>\n<p data-path-to-node=\"22,2,0\"><b data-path-to-node=\"22,2,0\" data-index-in-node=\"0\">Vandens parkai:<\/b> Pakankamai patvarus, kad atlaikyt\u0173 chlor\u0105 ir nuolatin\u012f vandens poveik\u012f.<\/p>\n<\/li>\n<li>\n<p data-path-to-node=\"22,3,0\"><b data-path-to-node=\"22,3,0\" data-index-in-node=\"0\">Naktiniai klubai ir barai:<\/b> VIP arba am\u017eiaus patvirtinimas, kuris galioja vis\u0105 nakt\u012f.<\/p>\n<\/li>\n<\/ul>\n<\/div>\n<\/div>\n<\/div>\n<\/div>","protected":false},"excerpt":{"rendered":"<ul>\n<li>\n<p data-path-to-node=\"14,0,0\"><b data-path-to-node=\"14,0,0\" data-index-in-node=\"0\">Didelio saugumo lygis:<\/b> Turi vienkartin\u012f u\u017erakinam\u0105 plastikin\u012f spaustuk\u0105, kad b\u016bt\u0173 i\u0161vengta perk\u0117limo ir klastojimo.<\/p>\n<\/li>\n<li>\n<p data-path-to-node=\"14,1,0\"><b data-path-to-node=\"14,1,0\" data-index-in-node=\"0\">Daugialyp\u0117 i\u0161laikymo trukm\u0117:<\/b> Pagaminta i\u0161 trij\u0173 sluoksni\u0173 vinilo, kuris yra 100% atsparus vandeniui ir ply\u0161imui.<\/p>\n<\/li>\n<li>\n<p data-path-to-node=\"14,2,0\"><b data-path-to-node=\"14,2,0\" data-index-in-node=\"0\">Individualus prek\u0117s \u017eenklo k\u016brimas:<\/b> Patvari vienspalv\u0117 \u0161ilkografija, skirta didelio kontrasto logotipams ir tekstui.<\/p>\n<\/li>\n<li>\n<p data-path-to-node=\"14,3,0\"><b data-path-to-node=\"14,3,0\" data-index-in-node=\"0\">Patogus d\u0117v\u0117jimas:<\/b> Mink\u0161ta, lygi med\u017eiaga, skirta ilgalaikiam d\u0117v\u0117jimui (3\u20137+ dienas).<\/p>\n<\/li>\n<\/ul>","protected":false},"featured_media":6007,"comment_status":"closed","ping_status":"closed","template":"","meta":[],"product_brand":[],"product_cat":[66,51],"product_tag":[],"class_list":{"0":"post-1232","1":"product","2":"type-product","3":"status-publish","4":"has-post-thumbnail","6":"product_cat-wristbands","7":"product_cat-vinyl","9":"first","10":"instock","11":"shipping-taxable","12":"purchasable","13":"product-type-simple"},"_links":{"self":[{"href":"https:\/\/displayproducts.eu\/lt\/wp-json\/wp\/v2\/product\/1232","targetHints":{"allow":["GET"]}}],"collection":[{"href":"https:\/\/displayproducts.eu\/lt\/wp-json\/wp\/v2\/product"}],"about":[{"href":"https:\/\/displayproducts.eu\/lt\/wp-json\/wp\/v2\/types\/product"}],"replies":[{"embeddable":true,"href":"https:\/\/displayproducts.eu\/lt\/wp-json\/wp\/v2\/comments?post=1232"}],"wp:featuredmedia":[{"embeddable":true,"href":"https:\/\/displayproducts.eu\/lt\/wp-json\/wp\/v2\/media\/6007"}],"wp:attachment":[{"href":"https:\/\/displayproducts.eu\/lt\/wp-json\/wp\/v2\/media?parent=1232"}],"wp:term":[{"taxonomy":"product_brand","embeddable":true,"href":"https:\/\/displayproducts.eu\/lt\/wp-json\/wp\/v2\/product_brand?post=1232"},{"taxonomy":"product_cat","embeddable":true,"href":"https:\/\/displayproducts.eu\/lt\/wp-json\/wp\/v2\/product_cat?post=1232"},{"taxonomy":"product_tag","embeddable":true,"href":"https:\/\/displayproducts.eu\/lt\/wp-json\/wp\/v2\/product_tag?post=1232"}],"curies":[{"name":"wp","href":"https:\/\/api.w.org\/{rel}","templated":true}]}}