{"id":1229,"date":"2024-10-27T11:54:14","date_gmt":"2024-10-27T08:54:14","guid":{"rendered":"https:\/\/wristbandfactory.eu\/toode\/glitter-wristbands\/"},"modified":"2026-04-01T21:52:36","modified_gmt":"2026-04-01T18:52:36","slug":"glitter-vinyl-wristbands","status":"publish","type":"product","link":"https:\/\/displayproducts.eu\/lt\/p\/glitter-vinyl-wristbands\/","title":{"rendered":"Blizgan\u010dios vinilo apyrank\u0117s"},"content":{"rendered":"<p data-path-to-node=\"8\">Suteikite i\u0161skirtinumo kitam savo prabangiam renginiui su m\u016bs\u0173 blizgan\u010diomis vinilo apyrank\u0117mis. Tai auk\u0161\u010diausios kokyb\u0117s sprendimas i\u0161kilmingiems pokyliams, VIP zonoms ir i\u0161skirtiniams vakar\u0117liams, kur \u012fsp\u016bdinga, auk\u0161\u010diausios kokyb\u0117s apdaila yra b\u016btina j\u016bs\u0173 prek\u0117s \u017eenklo \u012fvaizd\u017eiui.<\/p>\n<p data-path-to-node=\"9\">\u0160ios apyrank\u0117s pasi\u017eymi m\u016bs\u0173 standartini\u0173 vinilo apyranki\u0173 ilgaam\u017ei\u0161kumu ir atsparumu vandeniui bei blizgu\u010diais.<\/p>\n<h3>U\u017esisakykite i\u0161 sand\u0117lio arba spausdinkite pagal u\u017esakym\u0105<\/h3>\n<p data-path-to-node=\"11\">Kad gal\u0117tume laikytis J\u016bs\u0173 nustatyt\u0173 termin\u0173, si\u016blome dvi galimybes:<\/p>\n<ol start=\"1\" data-path-to-node=\"12\">\n<li>\n<p data-path-to-node=\"12,0,0\"><b>Nespausdinta (i\u0161 sand\u0117lio):<\/b> Nedelsiant i\u0161siun\u010diant, m\u016bs\u0173 nespausdintos blizgu\u010di\u0173 apyrank\u0117s yra sand\u0117lyje 6 ry\u0161ki\u0173 spalv\u0173: auksin\u0117s, sidabrin\u0117s, \u017ealios, m\u0117lynos, ro\u017ein\u0117s arba raudonos.<\/p>\n<\/li>\n<li>\n<p data-path-to-node=\"12,1,0\"><b>Spausdinta pagal u\u017esakym\u0105:<\/b> Prek\u0117s \u017eenklo k\u016brimui galime prid\u0117ti j\u016bs\u0173 logotip\u0105 ar tekst\u0105 patvariu, vienspalviu spaudiniu, naudodami bet koki\u0105 j\u016bs\u0173 pasirinkt\u0105 ra\u0161alo spalv\u0105.<\/p>\n<\/li>\n<\/ol>\n<h3>\u012etrauktas saugumas<\/h3>\n<p data-path-to-node=\"14\">Kiekviena apyrank\u0117 u\u017esegama vienkartiniu plastikiniu u\u017esegimu. \u0160i neperleid\u017eiama spyna u\u017etikrina j\u016bs\u0173 renginio saugum\u0105 ir apsaugo nuo neteis\u0117tos prieigos.<\/p>\n<p data-path-to-node=\"15\"><i>Pastaba: ant blizgan\u010di\u0173 pavir\u0161i\u0173 spausdintas popierius yra jautrus losjonams, sm\u0117liui ir s\u016briam vandeniui. \u0160ias juosteles rekomenduojame renginiams patalpose arba festivaliams be vandens, kad spauda i\u0161likt\u0173 kuo ilgiau.<\/i><\/p>\n<p data-path-to-node=\"16\"><b>Pagrindin\u0117s savyb\u0117s:<\/b><\/p>\n<ul data-path-to-node=\"17\">\n<li>\n<p data-path-to-node=\"17,0,0\"><b>Auk\u0161\u010diausios kokyb\u0117s blizgu\u010di\u0173 apdaila:<\/b> Blizganti med\u017eiaga, idealiai tinka VIP asmenims, i\u0161kilm\u0117ms ir i\u0161skirtiniams vakar\u0117liams.<\/p>\n<\/li>\n<li>\n<p data-path-to-node=\"17,1,0\"><b>Didelio saugumo u\u017edarymas:<\/b> Turi vienkartin\u012f plastikin\u012f u\u017esegim\u0105, apsaugant\u012f nuo perk\u0117limo.<\/p>\n<\/li>\n<li>\n<p data-path-to-node=\"17,2,0\"><b>Individualus prek\u0117s \u017eenklo k\u016brimas:<\/b> Galima \u012fsigyti su patvariu vienspalviu logotipu arba teksto spauda.<\/p>\n<\/li>\n<li>\n<p data-path-to-node=\"17,3,0\"><b>6 ry\u0161kios spalvos:<\/b> Rinkit\u0117s i\u0161 auksini\u0173, sidabrini\u0173, \u017eali\u0173, m\u0117lyn\u0173, raudon\u0173 arba ro\u017eini\u0173 spalv\u0173 variant\u0173.<\/p>\n<\/li>\n<li>\n<p data-path-to-node=\"17,4,0\"><b>Sand\u0117lio prieinamumas:<\/b> Nespausdintos juostos yra sand\u0117lyje ir gali b\u016bti i\u0161si\u0173stos nedelsiant.<\/p>\n<\/li>\n<\/ul>","protected":false},"excerpt":{"rendered":"<ul>\n<li>\n<p data-path-to-node=\"7,0,0\"><b>Auk\u0161\u010diausios kokyb\u0117s VIP apdaila:<\/b> Didelio efekto blizgu\u010diai, puikiai tinkantys i\u0161kilmingiems baliams, VIP klientams ir i\u0161skirtiniams vakar\u0117liams.<\/p>\n<\/li>\n<li>\n<p data-path-to-node=\"7,1,0\"><b>Didelio saugumo u\u017edarymas:<\/b> Turi saugi\u0105, vienkartin\u0119 plastikin\u0119 spynel\u0119, apsaugan\u010di\u0105 nuo perk\u0117limo.<\/p>\n<\/li>\n<li>\n<p data-path-to-node=\"7,2,0\"><b>Lankstus u\u017esakymas:<\/b> Galima \u012fsigyti nespausdint\u0105 i\u0161 sand\u0117lio (greitam pristatymui) arba su vienspalviu logotipo spauda.<\/p>\n<\/li>\n<li>\n<p data-path-to-node=\"7,3,0\"><b>6 bazin\u0117s spalvos:<\/b> Rinkit\u0117s i\u0161 auksin\u0117s, sidabrin\u0117s, \u017ealios, m\u0117lynos, raudonos arba ro\u017ein\u0117s spalvos.<\/p>\n<\/li>\n<\/ul>","protected":false},"featured_media":6032,"comment_status":"closed","ping_status":"closed","template":"","meta":[],"product_brand":[],"product_cat":[66,51,68],"product_tag":[],"class_list":{"0":"post-1229","1":"product","2":"type-product","3":"status-publish","4":"has-post-thumbnail","6":"product_cat-wristbands","7":"product_cat-vinyl","8":"product_cat-event-supplies","10":"first","11":"instock","12":"shipping-taxable","13":"purchasable","14":"product-type-simple"},"_links":{"self":[{"href":"https:\/\/displayproducts.eu\/lt\/wp-json\/wp\/v2\/product\/1229","targetHints":{"allow":["GET"]}}],"collection":[{"href":"https:\/\/displayproducts.eu\/lt\/wp-json\/wp\/v2\/product"}],"about":[{"href":"https:\/\/displayproducts.eu\/lt\/wp-json\/wp\/v2\/types\/product"}],"replies":[{"embeddable":true,"href":"https:\/\/displayproducts.eu\/lt\/wp-json\/wp\/v2\/comments?post=1229"}],"wp:featuredmedia":[{"embeddable":true,"href":"https:\/\/displayproducts.eu\/lt\/wp-json\/wp\/v2\/media\/6032"}],"wp:attachment":[{"href":"https:\/\/displayproducts.eu\/lt\/wp-json\/wp\/v2\/media?parent=1229"}],"wp:term":[{"taxonomy":"product_brand","embeddable":true,"href":"https:\/\/displayproducts.eu\/lt\/wp-json\/wp\/v2\/product_brand?post=1229"},{"taxonomy":"product_cat","embeddable":true,"href":"https:\/\/displayproducts.eu\/lt\/wp-json\/wp\/v2\/product_cat?post=1229"},{"taxonomy":"product_tag","embeddable":true,"href":"https:\/\/displayproducts.eu\/lt\/wp-json\/wp\/v2\/product_tag?post=1229"}],"curies":[{"name":"wp","href":"https:\/\/api.w.org\/{rel}","templated":true}]}}