{"id":1228,"date":"2024-10-27T11:54:14","date_gmt":"2024-10-27T08:54:14","guid":{"rendered":"https:\/\/wristbandfactory.eu\/toode\/medical-wristbands\/"},"modified":"2026-04-01T21:52:36","modified_gmt":"2026-04-01T18:52:36","slug":"medical-wristbands","status":"publish","type":"product","link":"https:\/\/displayproducts.eu\/lt\/p\/medical-wristbands\/","title":{"rendered":"Medicinin\u0117s apyrank\u0117s"},"content":{"rendered":"<div class=\"mx-12 md:mx-24 lg:mx-48\">\n<div class=\"container my-8 svelte-zlsknf\">\n<div class=\"my-24 rounded-lg border-0 border-gray-700 bg-gray-100 px-16 py-24\">\n<div class=\"mt-11 !text-gray-500\">\n<p data-path-to-node=\"12\">U\u017etikrinkite pacient\u0173 saugum\u0105 ir tiksl\u0173 identifikavim\u0105 su m\u016bs\u0173 <b data-path-to-node=\"12\" data-index-in-node=\"84\">Medicinin\u0117s asmens tapatyb\u0117s apyrank\u0117s<\/b>. \u0160ios apyrank\u0117s, specialiai sukurtos ligonin\u0117ms, slaugos namams ir sveikatos prie\u017ei\u016bros \u012fstaigoms, yra patikimas ir efektyvus b\u016bdas rodyti svarbius pacient\u0173 duomenis.<\/p>\n<p data-path-to-node=\"13\"><span data-path-to-node=\"13,0\">Apyrank\u0117s pagamintos i\u0161 mink\u0161to, hipoalerginio vinilo, tod\u0117l jas patogu ne\u0161ioti ilg\u0105 laik\u0105 ir jos saugios jautriai odai. <\/span><span data-path-to-node=\"13,2\"><span class=\"citation-59\">Med\u017eiaga yra patvari ir atspari vandeniui, tod\u0117l tinka naudoti du\u0161e ir ligonini\u0173 aplinkoje, nei\u0161sitepdama ir nesuyra.<\/span><\/span><span data-path-to-node=\"13,4\">.<\/span><\/p>\n<h2 data-path-to-node=\"14\">Pagrindin\u0117s savyb\u0117s<\/h2>\n<ul data-path-to-node=\"15\">\n<li>\n<p data-path-to-node=\"15,0,0\"><b data-path-to-node=\"15,0,0\" data-index-in-node=\"0\">\u012ed\u0117kite korteli\u0173 sistem\u0105:<\/b> Turi saugi\u0105 ki\u0161en\u0119 su popierine kortele, leid\u017eian\u010dia darbuotojams greitai u\u017esira\u0161yti vardus, gimimo datas ar medicinini\u0173 ID numerius be speciali\u0173 spausdintuv\u0173.<\/p>\n<\/li>\n<li>\n<p data-path-to-node=\"15,1,0\"><b data-path-to-node=\"15,1,0\" data-index-in-node=\"0\">Neperleid\u017eiamas vertybinis popierius:<\/b> \u012erengtas vienkartinio naudojimo plastikinis u\u017esegimas (spaustukas), kur\u012f reikia nukirpti, kad b\u016bt\u0173 i\u0161vengta neteis\u0117to perk\u0117limo tarp pacient\u0173.<\/p>\n<\/li>\n<li>\n<p data-path-to-node=\"15,2,0\"><b data-path-to-node=\"15,2,0\" data-index-in-node=\"0\">Paciento saugumas pirmiausia:<\/b> Pagaminta i\u0161 hipoalergini\u0173 med\u017eiag\u0173 be a\u0161tri\u0173 kamp\u0173, kad b\u016bt\u0173 i\u0161vengta odos sudirginimo ar su\u017ealojim\u0173.<\/p>\n<\/li>\n<li>\n<p data-path-to-node=\"15,3,0\"><b data-path-to-node=\"15,3,0\" data-index-in-node=\"0\">Vizualinis ID:<\/b> Galima \u012fsigyti standartin\u0117s baltos spalvos (suaugusiesiems), o kit\u0173 spalv\u0173 galima u\u017esisakyti, kad b\u016bt\u0173 lengviau suskirstyti pacientus \u012f kategorijas (pvz., alergijos, kritimo rizika).<\/p>\n<\/li>\n<\/ul>\n<h2 data-path-to-node=\"16\">Specifikacijos<\/h2>\n<ul data-path-to-node=\"17\">\n<li>\n<p data-path-to-node=\"17,0,0\"><b data-path-to-node=\"17,0,0\" data-index-in-node=\"0\">Med\u017eiaga:<\/b> Mink\u0161tas PVC \/ vinilas (hipoalerginis).<\/p>\n<\/li>\n<li>\n<p data-path-to-node=\"17,1,0\"><b data-path-to-node=\"17,1,0\" data-index-in-node=\"0\">U\u017edarymo tipas:<\/b> Vienkartinio naudojimo plastikinis spaustukas\/segtukas.<\/p>\n<\/li>\n<li>\n<p data-path-to-node=\"17,2,0\"><b data-path-to-node=\"17,2,0\" data-index-in-node=\"0\">U\u017era\u0161ymo sritis:<\/b> \u012ed\u0117klo kortel\u0117 pridedama.<\/p>\n<\/li>\n<li>\n<p data-path-to-node=\"17,3,0\"><b data-path-to-node=\"17,3,0\" data-index-in-node=\"0\">Dyd\u017eiai:<\/b> Galimos suaugusi\u0173j\u0173 ir vaik\u0173 variacijos.<\/p>\n<\/li>\n<li>\n<p data-path-to-node=\"17,4,0\"><b data-path-to-node=\"17,4,0\" data-index-in-node=\"0\">Patvarumas:<\/b> Atsparus vandeniui ir ply\u0161imui.<\/p>\n<\/li>\n<li>\n<p data-path-to-node=\"17,5,0\"><b data-path-to-node=\"17,5,0\" data-index-in-node=\"0\">Minimalus u\u017esakymo kiekis:<\/b> 100 vienet\u0173.<\/p>\n<\/li>\n<\/ul>\n<h2 data-path-to-node=\"18\">Naudojimo atvejai<\/h2>\n<ul data-path-to-node=\"19\">\n<li>\n<p data-path-to-node=\"19,0,0\"><b data-path-to-node=\"19,0,0\" data-index-in-node=\"0\">Ligonin\u0117s pri\u0117mimas:<\/b> Greita atvykstan\u010di\u0173 pacient\u0173 identifikacija skubios pagalbos skyriuje ar palatose.<\/p>\n<\/li>\n<li>\n<p data-path-to-node=\"19,1,0\"><b data-path-to-node=\"19,1,0\" data-index-in-node=\"0\">Slaugos namai:<\/b> Patvari identifikavimo kortel\u0117 ilgalaikiams gyventojams.<\/p>\n<\/li>\n<li>\n<p data-path-to-node=\"19,2,0\"><b data-path-to-node=\"19,2,0\" data-index-in-node=\"0\">Klinikos ambulatoriniai pacientai:<\/b> Be spaudos \u017eym\u0117jimas dienos proced\u016broms.<\/p>\n<\/li>\n<li>\n<p data-path-to-node=\"19,3,0\"><b data-path-to-node=\"19,3,0\" data-index-in-node=\"0\">Medicininis tria\u017eas:<\/b> Greitas pacient\u0173 suskirstymas \u012f kategorijas reagavimo \u012f ekstremalias situacijas metu.<\/p>\n<\/li>\n<\/ul>\n<\/div>\n<\/div>\n<\/div>\n<\/div>","protected":false},"excerpt":{"rendered":"<ul>\n<li>\n<p data-path-to-node=\"11,0,1\"><span data-path-to-node=\"11,0,1,0\"><b data-path-to-node=\"11,0,1,0\" data-index-in-node=\"0\"><span class=\"citation-60\">Med\u017eiaga:<\/span><\/b><span class=\"citation-60\"> Mink\u0161tas, hipoalerginis vinilas (atsparus vandeniui)<\/span><\/span><span data-path-to-node=\"11,0,1,2\">.<\/span><\/p>\n<\/li>\n<li>\n<p data-path-to-node=\"11,1,0\"><b data-path-to-node=\"11,1,0\" data-index-in-node=\"0\">Duomen\u0173 \u012fvedimas:<\/b> Skaidri ki\u0161en\u0117l\u0117 su \u012fstumiama popierine kortele paciento duomenims.<\/p>\n<\/li>\n<li>\n<p data-path-to-node=\"11,2,0\"><b data-path-to-node=\"11,2,0\" data-index-in-node=\"0\">Saugumas:<\/b> Vienkartinis plastikinis u\u017esegimas apsaugo nuo perk\u0117limo.<\/p>\n<\/li>\n<li>\n<p data-path-to-node=\"11,3,0\"><b data-path-to-node=\"11,3,0\" data-index-in-node=\"0\">Dydis:<\/b> Galima \u012fsigyti suaugusi\u0173j\u0173 ir vaik\u0173 dyd\u017ei\u0173.<\/p>\n<\/li>\n<\/ul>","protected":false},"featured_media":6413,"comment_status":"closed","ping_status":"closed","template":"","meta":[],"product_brand":[],"product_cat":[66,51,72],"product_tag":[],"class_list":{"0":"post-1228","1":"product","2":"type-product","3":"status-publish","4":"has-post-thumbnail","6":"product_cat-wristbands","7":"product_cat-vinyl","8":"product_cat-medical-and-hospital","10":"first","11":"instock","12":"shipping-taxable","13":"purchasable","14":"product-type-simple"},"_links":{"self":[{"href":"https:\/\/displayproducts.eu\/lt\/wp-json\/wp\/v2\/product\/1228","targetHints":{"allow":["GET"]}}],"collection":[{"href":"https:\/\/displayproducts.eu\/lt\/wp-json\/wp\/v2\/product"}],"about":[{"href":"https:\/\/displayproducts.eu\/lt\/wp-json\/wp\/v2\/types\/product"}],"replies":[{"embeddable":true,"href":"https:\/\/displayproducts.eu\/lt\/wp-json\/wp\/v2\/comments?post=1228"}],"wp:featuredmedia":[{"embeddable":true,"href":"https:\/\/displayproducts.eu\/lt\/wp-json\/wp\/v2\/media\/6413"}],"wp:attachment":[{"href":"https:\/\/displayproducts.eu\/lt\/wp-json\/wp\/v2\/media?parent=1228"}],"wp:term":[{"taxonomy":"product_brand","embeddable":true,"href":"https:\/\/displayproducts.eu\/lt\/wp-json\/wp\/v2\/product_brand?post=1228"},{"taxonomy":"product_cat","embeddable":true,"href":"https:\/\/displayproducts.eu\/lt\/wp-json\/wp\/v2\/product_cat?post=1228"},{"taxonomy":"product_tag","embeddable":true,"href":"https:\/\/displayproducts.eu\/lt\/wp-json\/wp\/v2\/product_tag?post=1228"}],"curies":[{"name":"wp","href":"https:\/\/api.w.org\/{rel}","templated":true}]}}