{"id":1217,"date":"2024-10-27T11:54:36","date_gmt":"2024-10-27T08:54:36","guid":{"rendered":"https:\/\/wristbandfactory.eu\/toode\/polyester-wristbands-with-woven-logo\/"},"modified":"2026-04-01T21:52:36","modified_gmt":"2026-04-01T18:52:36","slug":"woven-fabric-wristbands-up-to-4-colours","status":"publish","type":"product","link":"https:\/\/displayproducts.eu\/lt\/p\/woven-fabric-wristbands-up-to-4-colours\/","title":{"rendered":"Austos audinio apyrank\u0117s (iki 4 spalv\u0173)"},"content":{"rendered":"<div class=\"mx-12 md:mx-24 lg:mx-48\">\n<div class=\"container my-8 svelte-zlsknf\">\n<div class=\"my-24 rounded-lg border-0 border-gray-700 bg-gray-100 px-16 py-24\">\n<div class=\"mt-11 !text-gray-500\">\n<p data-path-to-node=\"8\">Pagerinkite savo renginio prek\u0117s \u017eenklo \u012fvaizd\u012f su m\u016bs\u0173 auk\u0161\u010diausios kokyb\u0117s austinio audinio apyrank\u0117mis. Skirtingai nuo spausdint\u0173 alternatyv\u0173, \u0161is dizainas integruoja j\u016bs\u0173 logotip\u0105 ir \u017einut\u0119 (naudojant iki 4 skirting\u0173 spalv\u0173) tiesiai \u012f elasting\u0105 poliesterio audin\u012f. \u0160is austo metodas sukuria patvari\u0105, auk\u0161tos kokyb\u0117s, tekst\u016bruot\u0105 apdail\u0105, kuri atspari blukimui ir d\u0117v\u0117jimuisi, tod\u0117l tai yra geriausias pasirinkimas keli\u0173 dien\u0173 festivaliams ir \u012fmoni\u0173 renginiams, kur prek\u0117s \u017eenklo presti\u017eas yra svarbiausias.<\/p>\n<h3 data-path-to-node=\"9\"><b>Sukonfig\u016bruokite savo tobul\u0105 aust\u0105 apyrank\u0119<\/b><\/h3>\n<ol start=\"1\" data-path-to-node=\"10\">\n<li>\n<p data-path-to-node=\"10,0,0\"><b>Pasirinkite savo spyn\u0105:<\/b> Pasirinkite u\u017esegim\u0105, atitinkant\u012f j\u016bs\u0173 renginio saugumo poreikius. \u0160i apyrank\u0117 suderinama su visomis m\u016bs\u0173 spynomis, \u012fskaitant:<\/p>\n<ul data-path-to-node=\"10,0,1\">\n<li>\n<p data-path-to-node=\"10,0,1,0,0\"><b>Auk\u0161to saugumo spynos:<\/b> Vienkartinis u\u017esegimas, skirtas u\u017ekirsti keli\u0105 perk\u0117limui ir u\u017etikrinti patikim\u0105 prieigos kontrol\u0119.<\/p>\n<\/li>\n<li>\n<p data-path-to-node=\"10,0,1,1,0\"><b>Daugkartinio naudojimo spynos:<\/b> Reguliuojamas karoliukas, skirtas lanks\u010diam naudojimui kelias dienas.<\/p>\n<\/li>\n<li>\n<p data-path-to-node=\"10,0,1,2,0\"><b>Ekologi\u0161kos spynos:<\/b> M\u016bs\u0173 tvari, vienkartin\u0117 bambukin\u0117 spyna.<\/p>\n<\/li>\n<\/ul>\n<\/li>\n<li>\n<p data-path-to-node=\"10,1,0\"><b>Papildomas antibakterinis gydymas (neb\u016btina):<\/b> Renginiams, kuriems keliami auk\u0161\u010diausi higienos standartai, \u0161ios apyrank\u0117s gali b\u016bti su pasirenkama <b>antibakterinis apdorojimas, sertifikuotas pagal ISO 20743 standartus<\/b>. Tai suteikia esmin\u012f saugumo lyg\u012f sveikatos prie\u017ei\u016bros konferencij\u0173, maisto festivali\u0173 ar dideli\u0173 vie\u0161\u0173 susib\u016brim\u0173 dalyviams.<\/p>\n<\/li>\n<\/ol>\n<h3 data-path-to-node=\"11\"><b>Pagrindin\u0117s savyb\u0117s:<\/b><\/h3>\n<ul data-path-to-node=\"12\">\n<li>\n<p data-path-to-node=\"12,0,0\"><b>Auk\u0161\u010diausios kokyb\u0117s austas logotipas:<\/b> J\u016bs\u0173 dizainas \u012faustas \u012f audin\u012f (iki 4 spalv\u0173), kad b\u016bt\u0173 u\u017etikrintas patvarus ir auk\u0161tos kokyb\u0117s pavir\u0161ius.<\/p>\n<\/li>\n<li>\n<p data-path-to-node=\"12,1,0\"><b>Apsaugos u\u017erakto parinktys:<\/b> Rinkit\u0117s i\u0161 didelio saugumo (vienkartinio naudojimo), daugkartinio naudojimo arba ekologi\u0161ko bambuko.<\/p>\n<\/li>\n<li>\n<p data-path-to-node=\"12,2,0\"><b>Pasirinktinai antibakterinis gydymas:<\/b> Sertifikuota pagal ISO 20743, u\u017etikrinant geresn\u0119 higien\u0105.<\/p>\n<\/li>\n<li>\n<p data-path-to-node=\"12,3,0\"><b>Patvarus poliesteris:<\/b> Patvari med\u017eiaga, idealiai tinkanti ilgalaikiam naudojimui.<\/p>\n<\/li>\n<li>\n<p data-path-to-node=\"12,4,0\"><b>Minimalus u\u017esakymas:<\/b> 100 vienet\u0173.<\/p>\n<\/li>\n<\/ul>\n<p data-path-to-node=\"13\">\n<\/div>\n<\/div>\n<\/div>\n<\/div>","protected":false},"excerpt":{"rendered":"<ul>\n<li>\n<p data-path-to-node=\"7,0,0\">Auk\u0161\u010diausios kokyb\u0117s austas dizainas: j\u016bs\u0173 logotipas \u012faustas tiesiai \u012f audin\u012f, naudojant iki 4 spalv\u0173, kad b\u016bt\u0173 patvarus, neblunkantis pavir\u0161ius.<\/p>\n<\/li>\n<li>\n<p data-path-to-node=\"7,1,0\">U\u017erakto parinktys: rinkit\u0117s i\u0161 didelio saugumo (vienkartinio naudojimo), daugkartinio naudojimo arba ekologi\u0161ko bambuko.<\/p>\n<\/li>\n<li>\n<p data-path-to-node=\"7,2,0\">Pasirinktinai antibakterinis apdorojimas: ISO 20743 sertifikuotas apdorojimas, skirtas pagerinti higien\u0105 ir dalyvi\u0173 saugum\u0105.<\/p>\n<\/li>\n<li>\n<p data-path-to-node=\"7,3,0\">Patvari poliesterio med\u017eiaga, idealiai tinkanti keli\u0173 dien\u0173 festivaliams.<\/p>\n<\/li>\n<\/ul>","protected":false},"featured_media":6385,"comment_status":"closed","ping_status":"closed","template":"","meta":[],"product_brand":[],"product_cat":[66,47],"product_tag":[],"class_list":{"0":"post-1217","1":"product","2":"type-product","3":"status-publish","4":"has-post-thumbnail","6":"product_cat-wristbands","7":"product_cat-fabric-wristbands","9":"first","10":"instock","11":"shipping-taxable","12":"purchasable","13":"product-type-simple"},"_links":{"self":[{"href":"https:\/\/displayproducts.eu\/lt\/wp-json\/wp\/v2\/product\/1217","targetHints":{"allow":["GET"]}}],"collection":[{"href":"https:\/\/displayproducts.eu\/lt\/wp-json\/wp\/v2\/product"}],"about":[{"href":"https:\/\/displayproducts.eu\/lt\/wp-json\/wp\/v2\/types\/product"}],"replies":[{"embeddable":true,"href":"https:\/\/displayproducts.eu\/lt\/wp-json\/wp\/v2\/comments?post=1217"}],"wp:featuredmedia":[{"embeddable":true,"href":"https:\/\/displayproducts.eu\/lt\/wp-json\/wp\/v2\/media\/6385"}],"wp:attachment":[{"href":"https:\/\/displayproducts.eu\/lt\/wp-json\/wp\/v2\/media?parent=1217"}],"wp:term":[{"taxonomy":"product_brand","embeddable":true,"href":"https:\/\/displayproducts.eu\/lt\/wp-json\/wp\/v2\/product_brand?post=1217"},{"taxonomy":"product_cat","embeddable":true,"href":"https:\/\/displayproducts.eu\/lt\/wp-json\/wp\/v2\/product_cat?post=1217"},{"taxonomy":"product_tag","embeddable":true,"href":"https:\/\/displayproducts.eu\/lt\/wp-json\/wp\/v2\/product_tag?post=1217"}],"curies":[{"name":"wp","href":"https:\/\/api.w.org\/{rel}","templated":true}]}}