{"id":1216,"date":"2024-10-27T11:54:36","date_gmt":"2024-10-27T08:54:36","guid":{"rendered":"https:\/\/wristbandfactory.eu\/toode\/adjustable-cord-wristbands\/"},"modified":"2026-04-01T21:52:04","modified_gmt":"2026-04-01T18:52:04","slug":"adjustable-rope-wristbands-custom-printed-cord-with-logo","status":"publish","type":"product","link":"https:\/\/displayproducts.eu\/lt\/p\/adjustable-rope-wristbands-custom-printed-cord-with-logo\/","title":{"rendered":"Paracord apyrank\u0117s \u2013 Su logotipu"},"content":{"rendered":"<div class=\"mx-12 md:mx-24 lg:mx-48\">\n<div class=\"container my-8 svelte-zlsknf\">\n<div class=\"my-24 rounded-lg border-0 border-gray-700 bg-gray-100 px-16 py-24\">\n<div class=\"mt-11 !text-gray-500\">\n<p data-path-to-node=\"9\"><b>Stilingas ir universalus prek\u0117s \u017eenklo dizainas: reguliuojamo ilgio virvi\u0173 apyrank\u0117s<\/b><\/p>\n<p data-path-to-node=\"10\">Pakelkite savo reklamin\u0119 atributik\u0105 \u012f auk\u0161tesn\u012f lyg\u012f su m\u016bs\u0173 reguliuojamo ilgio virvin\u0117mis apyrank\u0117mis. \u0160ios apyrank\u0117s, sukurtos patvarumui ir ilgalaikiam d\u0117v\u0117jimui, turi tvirt\u0105 apvali\u0105 poliesterio virvel\u0119 ir pritaikom\u0105 gumin\u012f vamzdel\u012f, si\u016blydamos moderni\u0105 alternatyv\u0105 tradicin\u0117ms plok\u0161\u010dioms apyrank\u0117ms. Jos puikiai tinka prek\u0117s \u017eenklo \u017einomumo kampanijoms, labdaros renginiams ir VIP atributikai.<\/p>\n<p data-path-to-node=\"11\"><b>Vieno dyd\u017eio patogumas visiems<\/b> I\u0161manus slankiojan\u010dio kaklajuost\u0117s mechanizmas leid\u017eia apyrank\u0119 lengvai pritaikyti prie bet kokio rie\u0161o dyd\u017eio \u2013 nuo vaik\u0173 iki suaugusi\u0173j\u0173. \u0160is universalus \u201cvienas dydis tinka visiems\u201d supaprastina u\u017esakymo proces\u0105, nes nereikia sp\u0117lioti dyd\u017ei\u0173 santykio pagal auditorij\u0105.<\/p>\n<p data-path-to-node=\"12\"><b>Tikslingas prek\u0117s \u017eenklo k\u016brimas<\/b> Kitaip nei spausdintos ant viso audinio, \u0161ios apyrank\u0117s sutelkia d\u0117mes\u012f \u012f j\u016bs\u0173 logotip\u0105 ar \u017einut\u0119, ai\u0161kiai atspausdint\u0105 ant centrinio guminio vamzdelio. Didelio kontrasto, vienspalvis atspaudas u\u017etikrina, kad j\u016bs\u0173 prek\u0117s \u017eenklas i\u0161likt\u0173 d\u0117mesio centre stilingame dviej\u0173 spalv\u0173 kaklajuost\u0117s fone.<\/p>\n<p data-path-to-node=\"13\"><b>Higienos ir saugos parinktys<\/b> Renginiams, kuriems keliami auk\u0161tesni sveikatos standartai, si\u016blome pasirenkam\u0105 ISO 20743 sertifikuot\u0105 antibakterin\u012f poliesterio kaklajuost\u0117s padengim\u0105. \u0160i savyb\u0117 suteikia papildomos ramyb\u0117s d\u0117v\u0117tojams ir pozicionuoja j\u016bs\u0173 prek\u0117s \u017eenkl\u0105 kaip atsaking\u0105 pramon\u0117s lyder\u012f.<\/p>\n<p data-path-to-node=\"14\"><b>Pagrindin\u0117s savyb\u0117s:<\/b><\/p>\n<ul data-path-to-node=\"15\">\n<li>\n<p data-path-to-node=\"15,0,0\"><b>Auk\u0161tos kokyb\u0117s laidas:<\/b> Patvarus austas poliesteris i\u0161laiko savo form\u0105 ir spalv\u0105.<\/p>\n<\/li>\n<li>\n<p data-path-to-node=\"15,1,0\"><b>I\u0161skirtinis dizainas:<\/b> Galima rinktis i\u0161 dviej\u0173 spalv\u0173 derini\u0173, kad atitikt\u0173 prek\u0117s \u017eenklo temas.<\/p>\n<\/li>\n<li>\n<p data-path-to-node=\"15,2,0\"><b>Reguliuojamas slankiklis:<\/b> Saugus ir lengvai naudojamas stumdomas vamzdinis mechanizmas.<\/p>\n<\/li>\n<li>\n<p data-path-to-node=\"15,3,0\"><b>Ilgalaikis:<\/b> Sukurta ilgalaikiam d\u0117v\u0117jimui, maksimaliai i\u0161ry\u0161kinant prek\u0117s \u017eenklo \u012fsp\u016bd\u012f.<\/p>\n<\/li>\n<li>\n<p data-path-to-node=\"15,4,0\"><b>Paruo\u0161ta didmeninei prekybai:<\/b> Optimizuota dideliems u\u017esakymams su nuolatine kokyb\u0117s kontrole.<\/p>\n<\/li>\n<\/ul>\n<\/div>\n<\/div>\n<\/div>\n<\/div>","protected":false},"excerpt":{"rendered":"<ul>\n<li>\n<p data-path-to-node=\"6,0,0\"><b>Med\u017eiaga:<\/b> Apvali dviej\u0173 spalv\u0173 poliesterio virvel\u0117 su slankiojan\u010diu guminiu vamzdeliu.<\/p>\n<\/li>\n<li>\n<p data-path-to-node=\"6,1,0\"><b>Pritaikymas:<\/b> Ry\u0161kus vienspalvis logotipo atspaudas ant centrinio vamzd\u017eio.<\/p>\n<\/li>\n<li>\n<p data-path-to-node=\"6,2,0\"><b>Tinka:<\/b> Pilnai reguliuojamas slankiojan\u010dio mazgo mechanizmas (vienas dydis tinka visiems).<\/p>\n<\/li>\n<li>\n<p data-path-to-node=\"6,3,0\"><b>Saugumas:<\/b> Galimas papildomas ISO 20743 antibakterinis apdorojimas.<\/p>\n<\/li>\n<\/ul>","protected":false},"featured_media":6400,"comment_status":"closed","ping_status":"closed","template":"","meta":[],"product_brand":[],"product_cat":[66,112],"product_tag":[],"class_list":{"0":"post-1216","1":"product","2":"type-product","3":"status-publish","4":"has-post-thumbnail","6":"product_cat-wristbands","7":"product_cat-paracord-wristbands","9":"first","10":"instock","11":"shipping-taxable","12":"purchasable","13":"product-type-simple"},"_links":{"self":[{"href":"https:\/\/displayproducts.eu\/lt\/wp-json\/wp\/v2\/product\/1216","targetHints":{"allow":["GET"]}}],"collection":[{"href":"https:\/\/displayproducts.eu\/lt\/wp-json\/wp\/v2\/product"}],"about":[{"href":"https:\/\/displayproducts.eu\/lt\/wp-json\/wp\/v2\/types\/product"}],"replies":[{"embeddable":true,"href":"https:\/\/displayproducts.eu\/lt\/wp-json\/wp\/v2\/comments?post=1216"}],"wp:featuredmedia":[{"embeddable":true,"href":"https:\/\/displayproducts.eu\/lt\/wp-json\/wp\/v2\/media\/6400"}],"wp:attachment":[{"href":"https:\/\/displayproducts.eu\/lt\/wp-json\/wp\/v2\/media?parent=1216"}],"wp:term":[{"taxonomy":"product_brand","embeddable":true,"href":"https:\/\/displayproducts.eu\/lt\/wp-json\/wp\/v2\/product_brand?post=1216"},{"taxonomy":"product_cat","embeddable":true,"href":"https:\/\/displayproducts.eu\/lt\/wp-json\/wp\/v2\/product_cat?post=1216"},{"taxonomy":"product_tag","embeddable":true,"href":"https:\/\/displayproducts.eu\/lt\/wp-json\/wp\/v2\/product_tag?post=1216"}],"curies":[{"name":"wp","href":"https:\/\/api.w.org\/{rel}","templated":true}]}}