{"id":1212,"date":"2024-10-27T11:54:36","date_gmt":"2024-10-27T08:54:36","guid":{"rendered":"https:\/\/wristbandfactory.eu\/toode\/safety-wristbands-for-children\/"},"modified":"2026-04-01T21:52:36","modified_gmt":"2026-04-01T18:52:36","slug":"safety-wristbands-for-children","status":"publish","type":"product","link":"https:\/\/displayproducts.eu\/lt\/p\/safety-wristbands-for-children\/","title":{"rendered":"Vaikams skirtos apsaugin\u0117s apyrank\u0117s"},"content":{"rendered":"<div class=\"wpb_text_column wpb_content_element\">\n<div class=\"wpb_wrapper\">\n<p>Apyrank\u0117s yra visi\u0161kai saugios vaiko sveikatai ir odai, k\u0105 \u012frodo atitinkami sertifikatai. Bendradarbiaujame su patyrusiais med\u017eiag\u0173 gamintojais, kad u\u017etikrintume, jog m\u016bs\u0173 Klientai gaus absoliu\u010diai saug\u0173 produkt\u0105.<\/p>\n<\/div>\n<\/div>\n<p>sertifikuotas<br \/>\npatvirtintas Lenkijos nacionalinio higienos instituto<\/p>\n<p>med\u017eiaga<br \/>\nspeciali med\u017eiaga, \u0161velni vaiko odai<\/p>\n<p>hipoalerginis<br \/>\nn\u0117ra alergenini\u0173 jungini\u0173<\/p>\n<p>hipoalerginis<br \/>\nPalankios partneryst\u0117s s\u0105lygos<\/p>\n<p>daugiau nei 300 vnt.<br \/>\ngalimi ma\u017ei gamybos kiekiai<\/p>\n<p>laikas<br \/>\ntrumpas gamybos laikas<br \/>\npatvarumas<br \/>\nmed\u017eiaga yra lanksti, \u0161velni ir tuo pa\u010diu patvari<\/p>\n<p>daugkartinio naudojimo<br \/>\napyrank\u0117s sagtys, skirtos naudoti daugkartin\u012f naudojim\u0105<\/p>\n<p>spalva<br \/>\nu\u017esegimas kei\u010dia spalv\u0105, kai yra veikiamas stipri\u0173 UV spinduli\u0173<\/p>","protected":false},"excerpt":{"rendered":"<div>\n<p class=\"text-gray-500\">Platus spalving\u0173, unikali\u0173 ra\u0161t\u0173 pasirinkimas, sukurtas iliustratoriaus ir pedagogo. Be to, bet kok\u012f dizain\u0105 gali sukurti klientas ir u\u017ed\u0117ti ant rankov\u0117s. Tai puikus sprendimas \u012fmon\u0117ms, ie\u0161kan\u010dioms unikalios reklamos priemon\u0117s, novatori\u0161ko ir i\u0161radingo \u012ftaiso ar naudingos dovanos savo darbuotojams ir klientams. Reklamin\u0117 grafika gali dengti vis\u0105 rankov\u0117s pavir\u0161i\u0173 (i\u0161skyrus u\u017esegim\u0105).<\/p>\n<\/div>","protected":false},"featured_media":6439,"comment_status":"closed","ping_status":"closed","template":"","meta":[],"product_brand":[],"product_cat":[66,68],"product_tag":[],"class_list":{"0":"post-1212","1":"product","2":"type-product","3":"status-publish","4":"has-post-thumbnail","6":"product_cat-wristbands","7":"product_cat-event-supplies","9":"first","10":"instock","11":"shipping-taxable","12":"purchasable","13":"product-type-simple"},"_links":{"self":[{"href":"https:\/\/displayproducts.eu\/lt\/wp-json\/wp\/v2\/product\/1212","targetHints":{"allow":["GET"]}}],"collection":[{"href":"https:\/\/displayproducts.eu\/lt\/wp-json\/wp\/v2\/product"}],"about":[{"href":"https:\/\/displayproducts.eu\/lt\/wp-json\/wp\/v2\/types\/product"}],"replies":[{"embeddable":true,"href":"https:\/\/displayproducts.eu\/lt\/wp-json\/wp\/v2\/comments?post=1212"}],"wp:featuredmedia":[{"embeddable":true,"href":"https:\/\/displayproducts.eu\/lt\/wp-json\/wp\/v2\/media\/6439"}],"wp:attachment":[{"href":"https:\/\/displayproducts.eu\/lt\/wp-json\/wp\/v2\/media?parent=1212"}],"wp:term":[{"taxonomy":"product_brand","embeddable":true,"href":"https:\/\/displayproducts.eu\/lt\/wp-json\/wp\/v2\/product_brand?post=1212"},{"taxonomy":"product_cat","embeddable":true,"href":"https:\/\/displayproducts.eu\/lt\/wp-json\/wp\/v2\/product_cat?post=1212"},{"taxonomy":"product_tag","embeddable":true,"href":"https:\/\/displayproducts.eu\/lt\/wp-json\/wp\/v2\/product_tag?post=1212"}],"curies":[{"name":"wp","href":"https:\/\/api.w.org\/{rel}","templated":true}]}}