{"id":1209,"date":"2024-07-16T17:57:25","date_gmt":"2024-07-16T14:57:25","guid":{"rendered":"https:\/\/wristbandfactory.eu\/toode\/seed-paper-bracelet\/"},"modified":"2026-04-01T21:52:36","modified_gmt":"2026-04-01T18:52:36","slug":"seed-paper-wristbands","status":"publish","type":"product","link":"https:\/\/displayproducts.eu\/lt\/p\/seed-paper-wristbands\/","title":{"rendered":"S\u0117klinio popieriaus apyrank\u0117s"},"content":{"rendered":"<p data-path-to-node=\"12\">Padarykite ilgalaik\u012f, teigiam\u0105 poveik\u012f savo dalyviams ir aplinkai su m\u016bs\u0173 <b data-path-to-node=\"12\" data-index-in-node=\"104\">S\u0117klinio popieriaus apyrank\u0117s<\/b>. \u0160is novatori\u0161kas produktas si\u016blo unikal\u0173, be atliek\u0173 sprendim\u0105 ekologi\u0161kai s\u0105moningiems rengini\u0173 organizatoriams, paversdamas paprastai vienkartinio naudojimo daikt\u0105 \u012fsimintinu \u201cantruoju gyvenimu\u201d kaip laukines g\u0117les. \u0160ios apyrank\u0117s, sukurtos festivaliams, \u012fmoni\u0173 tvarumo renginiams ir ekologi\u0161koms konferencijoms, tarnauja kaip saugus pra\u0117jimo leidimas ir j\u016bs\u0173 aplinkosaugini\u0173 vertybi\u0173 parei\u0161kimas.<\/p>\n<h2 data-path-to-node=\"13\">Pagrindin\u0117s savyb\u0117s<\/h2>\n<ul data-path-to-node=\"14\">\n<li>\n<p data-path-to-node=\"14,0,0\"><b data-path-to-node=\"14,0,0\" data-index-in-node=\"0\">Sodinimo technologija:<\/b> Pagaminta i\u0161 80 g\/m\u00b2 popieriaus, \u012fterpto laukini\u0173 g\u0117li\u0173 s\u0117kl\u0173 mi\u0161inio. Po renginio apyrank\u0119 galima pasodinti \u012f \u017eem\u0119, kad augt\u0173 g\u0117l\u0117s.<\/p>\n<\/li>\n<li>\n<p data-path-to-node=\"14,1,0\"><b data-path-to-node=\"14,1,0\" data-index-in-node=\"0\">Spalvotas prek\u0117s \u017eenklo dizainas:<\/b> Palaiko spausdinimo nuo kra\u0161to iki kra\u0161to galimybes, tod\u0117l galite ry\u0161kiai parodyti savo logotip\u0105, r\u0117m\u0117jus ar ekologin\u0119 \u017einut\u0119.<\/p>\n<\/li>\n<li>\n<p data-path-to-node=\"14,2,0\"><b data-path-to-node=\"14,2,0\" data-index-in-node=\"0\">Saugi prieigos kontrol\u0117:<\/b> Turi patikim\u0105 lipni\u0105 juostel\u0119, kuri yra vienkartin\u0117 ir neperleid\u017eiama, u\u017etikrina saugum\u0105 j\u016bs\u0173 renginio vietoje.<\/p>\n<\/li>\n<li>\n<p data-path-to-node=\"14,3,0\"><b data-path-to-node=\"14,3,0\" data-index-in-node=\"0\">Tekst\u016bra ir poj\u016btis:<\/b> Nat\u016brali, \u0161iek tiek nelygi s\u0117kl\u0173 popieriaus tekst\u016bra suteikia ap\u010diuopiam\u0105, organi\u0161k\u0105 kokyb\u0119, kuri sustiprina tvarumo \u017eini\u0105.<\/p>\n<\/li>\n<\/ul>\n<h2 data-path-to-node=\"15\">Specifikacijos<\/h2>\n<ul data-path-to-node=\"16\">\n<li>\n<p data-path-to-node=\"16,0,0\"><b data-path-to-node=\"16,0,0\" data-index-in-node=\"0\">Matmenys:<\/b> Ma\u017edaug 240 x 20 mm (standartinis reguliuojamas dydis).<\/p>\n<\/li>\n<li>\n<p data-path-to-node=\"16,1,0\"><b data-path-to-node=\"16,1,0\" data-index-in-node=\"0\">Med\u017eiagos svoris:<\/b> 80 g\/m2 s\u0117kl\u0173 popierius.<\/p>\n<\/li>\n<li>\n<p data-path-to-node=\"16,2,0\"><b data-path-to-node=\"16,2,0\" data-index-in-node=\"0\">Spausdinimo b\u016bdas:<\/b> Spalvota skaitmenin\u0117 spauda (CMYK).<\/p>\n<\/li>\n<li>\n<p data-path-to-node=\"16,3,0\"><b data-path-to-node=\"16,3,0\" data-index-in-node=\"0\">Naudojimo trukm\u0117:<\/b> Rekomenduojama vienos dienos renginiams (daugiausia 1\u20132 dienos) d\u0117l biologinio skaidumo.<\/p>\n<\/li>\n<li>\n<p data-path-to-node=\"16,4,0\"><b data-path-to-node=\"16,4,0\" data-index-in-node=\"0\">Minimalus u\u017esakymo kiekis:<\/b> 100 vienet\u0173.<\/p>\n<\/li>\n<\/ul>\n<h2 data-path-to-node=\"17\">Naudojimo atvejai<\/h2>\n<ul data-path-to-node=\"18\">\n<li>\n<p data-path-to-node=\"18,0,0\"><b data-path-to-node=\"18,0,0\" data-index-in-node=\"0\">\u017dalieji festivaliai:<\/b> Puikiai tinka lauko muzikos ir meno festivaliams, kuriuose pirmenyb\u0117 teikiama \u201cNepalikti p\u0117dsak\u0173\u201d principui.<\/p>\n<\/li>\n<li>\n<p data-path-to-node=\"18,1,0\"><b data-path-to-node=\"18,1,0\" data-index-in-node=\"0\">\u012emoni\u0173 socialin\u0117s atsakomyb\u0117s renginiai:<\/b> Idealiai tinka \u012fmoni\u0173 susib\u016brimams, kuriuose daugiausia d\u0117mesio skiriama tvarumui ir aplinkosauginei atsakomybei.<\/p>\n<\/li>\n<li>\n<p data-path-to-node=\"18,2,0\"><b data-path-to-node=\"18,2,0\" data-index-in-node=\"0\">Labdaros l\u0117\u0161\u0173 rinkimo akcijos:<\/b> Simbolin\u0117 dovana donorams, i\u0161 kurios i\u0161auga g\u0117l\u0117s, simbolizuojan\u010dios augim\u0105 ir d\u0117kingum\u0105.<\/p>\n<\/li>\n<li>\n<p data-path-to-node=\"18,3,0\"><b data-path-to-node=\"18,3,0\" data-index-in-node=\"0\">VIP prieiga:<\/b> Unikalus, auk\u0161\u010diausios kokyb\u0117s i\u0161skirtinumas ypatingiems sve\u010diams ekologin\u0117s tematikos konferencijose.<\/p>\n<\/li>\n<\/ul>","protected":false},"excerpt":{"rendered":"<ul>\n<li>\n<p data-path-to-node=\"11,0,0\"><b data-path-to-node=\"11,0,0\" data-index-in-node=\"0\">Med\u017eiaga:<\/b> 80 g\/m\u00b2 biologi\u0161kai skaidus popierius su laukini\u0173 g\u0117li\u0173 s\u0117klomis.<\/p>\n<\/li>\n<li>\n<p data-path-to-node=\"11,1,0\"><b data-path-to-node=\"11,1,0\" data-index-in-node=\"0\">Pritaikymas:<\/b> Spalvota, nuo kra\u0161to iki kra\u0161to spausdinimas \u012fsp\u016bdingam prek\u0117s \u017eenklo atspind\u0117jimui.<\/p>\n<\/li>\n<li>\n<p data-path-to-node=\"11,2,0\"><b data-path-to-node=\"11,2,0\" data-index-in-node=\"0\">U\u017edarymas:<\/b> Saugi, vienkartin\u0117 lipni juostel\u0117 apsaugo nuo perne\u0161imo.<\/p>\n<\/li>\n<li>\n<p data-path-to-node=\"11,3,0\"><b data-path-to-node=\"11,3,0\" data-index-in-node=\"0\">Ekologi\u0161kumas:<\/b> 100% galima apsodinti panaudojus, kad b\u016bt\u0173 i\u0161vengta atliek\u0173.<\/p>\n<\/li>\n<\/ul>","protected":false},"featured_media":6394,"comment_status":"closed","ping_status":"closed","template":"","meta":[],"product_brand":[],"product_cat":[133,66],"product_tag":[],"class_list":{"0":"post-1209","1":"product","2":"type-product","3":"status-publish","4":"has-post-thumbnail","6":"product_cat-eco-friendly-wristbands","7":"product_cat-wristbands","9":"first","10":"instock","11":"shipping-taxable","12":"purchasable","13":"product-type-simple"},"_links":{"self":[{"href":"https:\/\/displayproducts.eu\/lt\/wp-json\/wp\/v2\/product\/1209","targetHints":{"allow":["GET"]}}],"collection":[{"href":"https:\/\/displayproducts.eu\/lt\/wp-json\/wp\/v2\/product"}],"about":[{"href":"https:\/\/displayproducts.eu\/lt\/wp-json\/wp\/v2\/types\/product"}],"replies":[{"embeddable":true,"href":"https:\/\/displayproducts.eu\/lt\/wp-json\/wp\/v2\/comments?post=1209"}],"wp:featuredmedia":[{"embeddable":true,"href":"https:\/\/displayproducts.eu\/lt\/wp-json\/wp\/v2\/media\/6394"}],"wp:attachment":[{"href":"https:\/\/displayproducts.eu\/lt\/wp-json\/wp\/v2\/media?parent=1209"}],"wp:term":[{"taxonomy":"product_brand","embeddable":true,"href":"https:\/\/displayproducts.eu\/lt\/wp-json\/wp\/v2\/product_brand?post=1209"},{"taxonomy":"product_cat","embeddable":true,"href":"https:\/\/displayproducts.eu\/lt\/wp-json\/wp\/v2\/product_cat?post=1209"},{"taxonomy":"product_tag","embeddable":true,"href":"https:\/\/displayproducts.eu\/lt\/wp-json\/wp\/v2\/product_tag?post=1209"}],"curies":[{"name":"wp","href":"https:\/\/api.w.org\/{rel}","templated":true}]}}