{"id":1208,"date":"2024-10-27T11:54:37","date_gmt":"2024-10-27T08:54:37","guid":{"rendered":"https:\/\/wristbandfactory.eu\/toode\/faux-leather-wristbands\/"},"modified":"2026-04-01T21:52:36","modified_gmt":"2026-04-01T18:52:36","slug":"faux-leather-wristbands","status":"publish","type":"product","link":"https:\/\/displayproducts.eu\/lt\/p\/faux-leather-wristbands\/","title":{"rendered":"Dirbtin\u0117s odos apyrank\u0117s"},"content":{"rendered":"<p>Autenti\u0161k\u0105 i\u0161vaizd\u0105 su graviruotomis odin\u0117mis rie\u0161in\u0117mis sukurkite. J\u016bs\u0173 tekstas \u012fspaustas ant rie\u0161o, kaip tai daro autenti\u0161ki odininkai. Tokiu b\u016bdu tekstas yra tokios pa\u010dios spalvos kaip ir rie\u0161o.<\/p>\n<p>Si\u016blome dviej\u0173 r\u016b\u0161i\u0173 u\u017esegimus: plastikin\u012f spaustuk\u0105 ir metalin\u012f u\u017esegim\u0105.<\/p>\n<p>Plastikinis spaustukas yra pana\u0161us \u012f vinilo apyranki\u0173 u\u017esegim\u0105. Apyrank\u0117je yra skylut\u0117s, leid\u017eian\u010dios pritaikyti j\u0105 individualiai. U\u017esegimo metu jo negalima atidaryti nepa\u017eeid\u017eiant, nes atsiranda klastojimo po\u017eymi\u0173. Tai apsaugo nuo suk\u010diavimo.<\/p>\n<p>Metalinis u\u017esegimas taip pat yra standartinis med\u017eiagini\u0173 festivalio apyranki\u0173 u\u017esegimas. Jam u\u017edaryti reikalingas u\u017espaudimo \u012frankis. Apyrank\u0117s nuimti po u\u017espaudimo negalima be joki\u0173 pa\u017eeidimo po\u017eymi\u0173, taip i\u0161vengiama suk\u010diavimo.<\/p>","protected":false},"excerpt":{"rendered":"<div>\n<p class=\"text-gray-500\">Su dirbtin\u0117s odos arba odos imitacijos apyrank\u0117mis galite pasirinkti saugi\u0105 ir unikali\u0105 \u012f\u0117jimo kontrol\u0119 savo renginiui. Galite rinktis i\u0161 4 skirting\u0173 dirbtin\u0117s odos spalv\u0173, su viena arba dviem spalvomis spausdinimui arba graviravimui. Apyranki\u0173 tvirtinimui si\u016blome du variantus: metalin\u012f arba plastikin\u012f u\u017esegim\u0105.<\/p>\n<\/div>","protected":false},"featured_media":6410,"comment_status":"closed","ping_status":"closed","template":"","meta":[],"product_brand":[],"product_cat":[66,117],"product_tag":[],"class_list":{"0":"post-1208","1":"product","2":"type-product","3":"status-publish","4":"has-post-thumbnail","6":"product_cat-wristbands","7":"product_cat-leather-wristbands","9":"first","10":"instock","11":"shipping-taxable","12":"purchasable","13":"product-type-simple"},"_links":{"self":[{"href":"https:\/\/displayproducts.eu\/lt\/wp-json\/wp\/v2\/product\/1208","targetHints":{"allow":["GET"]}}],"collection":[{"href":"https:\/\/displayproducts.eu\/lt\/wp-json\/wp\/v2\/product"}],"about":[{"href":"https:\/\/displayproducts.eu\/lt\/wp-json\/wp\/v2\/types\/product"}],"replies":[{"embeddable":true,"href":"https:\/\/displayproducts.eu\/lt\/wp-json\/wp\/v2\/comments?post=1208"}],"wp:featuredmedia":[{"embeddable":true,"href":"https:\/\/displayproducts.eu\/lt\/wp-json\/wp\/v2\/media\/6410"}],"wp:attachment":[{"href":"https:\/\/displayproducts.eu\/lt\/wp-json\/wp\/v2\/media?parent=1208"}],"wp:term":[{"taxonomy":"product_brand","embeddable":true,"href":"https:\/\/displayproducts.eu\/lt\/wp-json\/wp\/v2\/product_brand?post=1208"},{"taxonomy":"product_cat","embeddable":true,"href":"https:\/\/displayproducts.eu\/lt\/wp-json\/wp\/v2\/product_cat?post=1208"},{"taxonomy":"product_tag","embeddable":true,"href":"https:\/\/displayproducts.eu\/lt\/wp-json\/wp\/v2\/product_tag?post=1208"}],"curies":[{"name":"wp","href":"https:\/\/api.w.org\/{rel}","templated":true}]}}