{"id":1205,"date":"2024-10-27T11:54:37","date_gmt":"2024-10-27T08:54:37","guid":{"rendered":"https:\/\/wristbandfactory.eu\/toode\/custom-rfid-leather-wristband\/"},"modified":"2026-04-01T21:52:36","modified_gmt":"2026-04-01T18:52:36","slug":"custom-rfid-leather-wristband","status":"publish","type":"product","link":"https:\/\/displayproducts.eu\/lt\/p\/custom-rfid-leather-wristband\/","title":{"rendered":"Odin\u0117s RFID apyrank\u0117s"},"content":{"rendered":"<p data-path-to-node=\"12\">Pagerinkite savo sve\u010di\u0173 patirt\u012f su m\u016bs\u0173 <b data-path-to-node=\"12\" data-index-in-node=\"64\">Individualizuotos odin\u0117s RFID apyrank\u0117s<\/b>. Sukurtos aplinkoms, kuriose stilius yra toks pat svarbus kaip ir saugumas, \u0161ios apyrank\u0117s sujungia pa\u017eangi\u0105 RFID technologij\u0105 su klasikine odos elegancija. Skirtingai nuo standartini\u0173 silikonini\u0173 ar med\u017eiagini\u0173 apyranki\u0173, \u0161ios apyrank\u0117s yra auk\u0161\u010diausios kokyb\u0117s aksesuaras, tod\u0117l puikiai tinka VIP zonoms, prabangiems kurortams, u\u017emies\u010dio klubams ir auk\u0161\u010diausios klas\u0117s \u012fmoni\u0173 renginiams.<\/p>\n<p data-path-to-node=\"13\">Pagaminti i\u0161 patvarios PU odos (yra ir nat\u016bralios odos variant\u0173), jie yra patog\u016bs ne\u0161ioti ilg\u0105 laik\u0105. Integruotas lustas yra skland\u017eiai \u012fd\u0117tas, u\u017etikrinant patikim\u0105 duomen\u0173 perdavim\u0105 prieigos kontrolei, mok\u0117jimams be gryn\u0173j\u0173 pinig\u0173 ar socialini\u0173 tinkl\u0173 integracijai, nepakenkiant apyrank\u0117s estetiniam patrauklumui.<\/p>\n<h2 data-path-to-node=\"14\">Pagrindin\u0117s savyb\u0117s<\/h2>\n<ul data-path-to-node=\"15\">\n<li>\n<p data-path-to-node=\"15,0,1\"><span data-path-to-node=\"15,0,1,0\"><b data-path-to-node=\"15,0,1,0\" data-index-in-node=\"0\"><span class=\"citation-43\">I\u0161pl\u0117stinis lust\u0173 suderinamumas:<\/span><\/b><span class=\"citation-43\"> Galima \u012fsigyti su pla\u010diu RFID lust\u0173 asortimentu, \u012fskaitant LF (125 KHz), HF (13,56 MHz NTAG\u00ae\/Mifare) ir UHF (860\u2013960 MHz), kad tikt\u0173 bet kokiai sistemai<\/span><\/span><span data-path-to-node=\"15,0,1,2\">.<\/span><\/p>\n<\/li>\n<li>\n<p data-path-to-node=\"15,1,1\"><span data-path-to-node=\"15,1,1,0\"><b data-path-to-node=\"15,1,1,0\" data-index-in-node=\"0\"><span class=\"citation-42\">Auk\u0161\u010diausios kokyb\u0117s estetika:<\/span><\/b><span class=\"citation-42\"> Odin\u0117 apdaila si\u016blo rafinuot\u0105 alternatyv\u0105 plastikui, padidindama j\u016bs\u0173 renginio ar vietos suvokiam\u0105 vert\u0119.<\/span><\/span><span data-path-to-node=\"15,1,1,2\">.<\/span><\/p>\n<\/li>\n<li>\n<p data-path-to-node=\"15,2,0\"><b data-path-to-node=\"15,2,0\" data-index-in-node=\"0\">Individualus prek\u0117s \u017eenklo k\u016brimas:<\/b> Pritaikykite savo logotip\u0105 naudodami auk\u0161\u010diausios kokyb\u0117s technikas, tokias kaip \u012fspaudas, \u012fspaudimas \u012fspaudu ar \u0161ilkografija.<\/p>\n<\/li>\n<li>\n<p data-path-to-node=\"15,3,0\"><b data-path-to-node=\"15,3,0\" data-index-in-node=\"0\">Reguliuojamas prigludimas:<\/b> Sukurtas su klasikine sagties u\u017esegimu (standartinis dydis 250 x 22 x 3 mm), kad patogiai tikt\u0173 daugumai rie\u0161\u0173 dyd\u017ei\u0173.<\/p>\n<\/li>\n<\/ul>\n<h2 data-path-to-node=\"16\">Specifikacijos<\/h2>\n<ul data-path-to-node=\"17\">\n<li>\n<p data-path-to-node=\"17,0,0\"><b data-path-to-node=\"17,0,0\" data-index-in-node=\"0\">Matmenys:<\/b> 250 mm x 22 mm x 3 mm.<\/p>\n<\/li>\n<li>\n<p data-path-to-node=\"17,1,0\"><b data-path-to-node=\"17,1,0\" data-index-in-node=\"0\">Med\u017eiaga:<\/b> PU oda (standartin\u0117) arba tikra oda (atnaujinta).<\/p>\n<\/li>\n<li>\n<p data-path-to-node=\"17,2,0\"><b data-path-to-node=\"17,2,0\" data-index-in-node=\"0\">Da\u017enio parinktys:<\/b> \u017dem\u0173j\u0173 da\u017eni\u0173 (125 kHz), auk\u0161t\u0173 da\u017eni\u0173 (13,56 MHz), itin auk\u0161t\u0173 da\u017eni\u0173 (860\u2013960 MHz).<\/p>\n<\/li>\n<li>\n<p data-path-to-node=\"17,3,0\"><b data-path-to-node=\"17,3,0\" data-index-in-node=\"0\">Lust\u0173 tipai:<\/b> TK4100, F08, NTAG213\/215\/216, Alien H3 ir kt.<\/p>\n<\/li>\n<li>\n<p data-path-to-node=\"17,4,0\"><b data-path-to-node=\"17,4,0\" data-index-in-node=\"0\">Skaitymo atstumas:<\/b> 1\u201310 cm (LF\/HF), iki keli\u0173 metr\u0173 (UHF, priklauso nuo skaitytuvo).<\/p>\n<\/li>\n<li>\n<p data-path-to-node=\"17,5,0\"><b data-path-to-node=\"17,5,0\" data-index-in-node=\"0\">Minimalus u\u017esakymo kiekis:<\/b> 100 vienet\u0173.<\/p>\n<\/li>\n<\/ul>\n<h2 data-path-to-node=\"18\">Naudojimo atvejai<\/h2>\n<ul data-path-to-node=\"19\">\n<li>\n<p data-path-to-node=\"19,0,0\"><b data-path-to-node=\"19,0,0\" data-index-in-node=\"0\">Prabang\u016bs vie\u0161bu\u010diai ir kurortai:<\/b> \u012e\u0117jimas \u012f kambar\u012f be rakto ir atsiskaitymas u\u017e kurorto paslaugas be gryn\u0173j\u0173 pinig\u0173.<\/p>\n<\/li>\n<li>\n<p data-path-to-node=\"19,1,0\"><b data-path-to-node=\"19,1,0\" data-index-in-node=\"0\">VIP renginio lankymas:<\/b> I\u0161skirtiniai prieigos kodai u\u017ekulisiams, privatiems poilsio kambariams ir i\u0161kilmingiems vakar\u0117liams.<\/p>\n<\/li>\n<li>\n<p data-path-to-node=\"19,2,0\"><b data-path-to-node=\"19,2,0\" data-index-in-node=\"0\">Fitneso ir kantri klubai:<\/b> Patvar\u016bs, stilingi naryst\u0117s identifikatoriai, skirti patekti \u012f patalpas.<\/p>\n<\/li>\n<li>\n<p data-path-to-node=\"19,3,0\"><b data-path-to-node=\"19,3,0\" data-index-in-node=\"0\">Biuro apsauga:<\/b> Eleganti\u0161ka darbuotoj\u0173 identifikacija \u012fmon\u0117s aplinkoje.<\/p>\n<\/li>\n<\/ul>","protected":false},"excerpt":{"rendered":"<ul>\n<li>\n<p data-path-to-node=\"11,0,0\"><b data-path-to-node=\"11,0,0\" data-index-in-node=\"0\">Med\u017eiaga:<\/b> Auk\u0161tos kokyb\u0117s PU arba nat\u016bralios odos variantai rafinuotam \u012fvaizd\u017eiui.<\/p>\n<\/li>\n<li>\n<p data-path-to-node=\"11,1,0\"><b data-path-to-node=\"11,1,0\" data-index-in-node=\"0\">Technologija:<\/b> Integruoti LF (TK4100), HF (NTAG\u00ae) arba UHF (Alien H3) lustai.<\/p>\n<\/li>\n<li>\n<p data-path-to-node=\"11,2,0\"><b data-path-to-node=\"11,2,0\" data-index-in-node=\"0\">Pritaikymas:<\/b> \u012espaudimas, \u012fspaudimas arba spausdinimas diskreti\u0161kam prek\u0117s \u017eenklo atspind\u0117jimui.<\/p>\n<\/li>\n<li>\n<p data-path-to-node=\"11,3,0\"><b data-path-to-node=\"11,3,0\" data-index-in-node=\"0\">Taikymas:<\/b> Idealiai tinka VIP prieigos kontrolei, mok\u0117jimams be gryn\u0173j\u0173 pinig\u0173 ir prabangiems vie\u0161bu\u010diams.<\/p>\n<\/li>\n<\/ul>","protected":false},"featured_media":6037,"comment_status":"closed","ping_status":"closed","template":"","meta":[],"product_brand":[],"product_cat":[66,117,81],"product_tag":[],"class_list":{"0":"post-1205","1":"product","2":"type-product","3":"status-publish","4":"has-post-thumbnail","6":"product_cat-wristbands","7":"product_cat-leather-wristbands","8":"product_cat-rfid","10":"first","11":"instock","12":"shipping-taxable","13":"purchasable","14":"product-type-simple"},"_links":{"self":[{"href":"https:\/\/displayproducts.eu\/lt\/wp-json\/wp\/v2\/product\/1205","targetHints":{"allow":["GET"]}}],"collection":[{"href":"https:\/\/displayproducts.eu\/lt\/wp-json\/wp\/v2\/product"}],"about":[{"href":"https:\/\/displayproducts.eu\/lt\/wp-json\/wp\/v2\/types\/product"}],"replies":[{"embeddable":true,"href":"https:\/\/displayproducts.eu\/lt\/wp-json\/wp\/v2\/comments?post=1205"}],"wp:featuredmedia":[{"embeddable":true,"href":"https:\/\/displayproducts.eu\/lt\/wp-json\/wp\/v2\/media\/6037"}],"wp:attachment":[{"href":"https:\/\/displayproducts.eu\/lt\/wp-json\/wp\/v2\/media?parent=1205"}],"wp:term":[{"taxonomy":"product_brand","embeddable":true,"href":"https:\/\/displayproducts.eu\/lt\/wp-json\/wp\/v2\/product_brand?post=1205"},{"taxonomy":"product_cat","embeddable":true,"href":"https:\/\/displayproducts.eu\/lt\/wp-json\/wp\/v2\/product_cat?post=1205"},{"taxonomy":"product_tag","embeddable":true,"href":"https:\/\/displayproducts.eu\/lt\/wp-json\/wp\/v2\/product_tag?post=1205"}],"curies":[{"name":"wp","href":"https:\/\/api.w.org\/{rel}","templated":true}]}}