{"id":1203,"date":"2024-10-27T11:54:37","date_gmt":"2024-10-27T08:54:37","guid":{"rendered":"https:\/\/wristbandfactory.eu\/toode\/fabric-wristbands\/"},"modified":"2026-04-01T21:52:36","modified_gmt":"2026-04-01T18:52:36","slug":"full-colour-printed-fabric-wristbands","status":"publish","type":"product","link":"https:\/\/displayproducts.eu\/lt\/p\/full-colour-printed-fabric-wristbands\/","title":{"rendered":"Spalvotai spausdintos audinio apyrank\u0117s"},"content":{"rendered":"<div class=\"mx-12 md:mx-24 lg:mx-48\">\n<div class=\"container my-8 svelte-zlsknf\">\n<div class=\"my-24 rounded-lg border-0 border-gray-700 bg-gray-100 px-16 py-24\">\n<div class=\"mt-11 !text-gray-500\">\n<p data-path-to-node=\"8\">Pakelkite savo renginio patirt\u012f \u012f auk\u0161tesn\u012f lyg\u012f su m\u016bs\u0173 spalvotomis spausdintomis audinio apyrank\u0117mis. Tai populiariausias m\u016bs\u0173 sprendimas rengini\u0173 prieigos kontrolei, sukurtas kaip galinga rinkodaros priemon\u0117 ir branginamas suvenyras dalyviams.<\/p>\n<p data-path-to-node=\"9\"><b>Viena apyrank\u0117, visi\u0161kai pritaikoma j\u016bs\u0173<\/b><\/p>\n<p data-path-to-node=\"10\">\u0160iame viename produkt\u0173 puslapyje pateikiami visi m\u016bs\u0173 spausdint\u0173 audini\u0173 variantai. Tiesiog pasirinkite med\u017eiag\u0105 ir u\u017esekite, kad sukurtum\u0117te tobul\u0105 apyrank\u0119 savo renginiui.<\/p>\n<ol start=\"1\" data-path-to-node=\"11\">\n<li>\n<p data-path-to-node=\"11,0,0\"><b>Pasirinkite spaud\u0105 ir med\u017eiag\u0105:<\/b> Naudodami pa\u017eangiausi\u0105 sublimacin\u0119 spaud\u0105, j\u016bs\u0173 dizain\u0105 atkursime ry\u0161kiais, blukimui atspariais CMYK arba tiksliais Pantone (PMS) atspalviais. Pasirinkite vien\u0105 i\u0161 dviej\u0173 med\u017eiag\u0173 apdailos variant\u0173:<\/p>\n<ul data-path-to-node=\"11,0,1\">\n<li>\n<p data-path-to-node=\"11,0,1,0,0\"><b>Patvarus poliesteris:<\/b> M\u016bs\u0173 auk\u0161tos kokyb\u0117s, vandeniui atsparus ir odai draugi\u0161kas standartas visiems renginiams.<\/p>\n<\/li>\n<li>\n<p data-path-to-node=\"11,0,1,1,0\"><b>Auk\u0161\u010diausios kokyb\u0117s satinas:<\/b> Lygesn\u0117, labiau blizganti apdaila suteikia auk\u0161\u010diausios kokyb\u0117s poj\u016bt\u012f (sugeria \u201cSatin Wristbands\u201d gamin\u012f).<\/p>\n<\/li>\n<\/ul>\n<\/li>\n<li>\n<p data-path-to-node=\"11,1,0\"><b>Pasirinkite savo spyn\u0105:<\/b> Saugumas yra svarbiausia. Sukonfig\u016bruokite apyrankes su tiksliai j\u016bs\u0173 poreikius atitinkan\u010diu u\u017eraktu. Si\u016blome plat\u0173 variant\u0173 spektr\u0105:<\/p>\n<ul data-path-to-node=\"11,1,1\">\n<li>\n<p data-path-to-node=\"11,1,1,0,0\"><b>Auk\u0161to saugumo spynos:<\/b> Vienkartiniai plastikiniai savaime u\u017esidarantys spaustukai arba patvar\u016bs metaliniai u\u017eraktai, kad b\u016bt\u0173 i\u0161vengta perk\u0117limo.<\/p>\n<\/li>\n<li>\n<p data-path-to-node=\"11,1,1,1,0\"><b>Daugkartinio naudojimo spynos:<\/b> Reguliuojamas karoliukas, leid\u017eiantis nuimti ir perverti apyrankes.<\/p>\n<\/li>\n<li>\n<p data-path-to-node=\"11,1,1,2,0\"><b>Ekologi\u0161kos spynos:<\/b> M\u016bs\u0173 tvari, vienkartin\u0117 bambukin\u0117 spyna.<\/p>\n<\/li>\n<\/ul>\n<\/li>\n<\/ol>\n<p data-path-to-node=\"12\">\u0160ios apyrank\u0117s yra idealus saugus sprendimas kontroliuoti prieig\u0105 koncertuose, festivaliuose, vakar\u0117liuose, vie\u0161bu\u010diuose ir vandens parkuose.<\/p>\n<p data-path-to-node=\"13\"><i>(Pastaba: D\u0117l gamybos proceso ypatum\u0173 optimaliems rezultatams pasiekti rekomenduojame apyrank\u0117s kitoje pus\u0117je naudoti pasikartojan\u010dius ra\u0161tus.)<\/i><\/p>\n<p data-path-to-node=\"14\"><b>Pagrindin\u0117s savyb\u0117s:<\/b><\/p>\n<ul data-path-to-node=\"15\">\n<li>\n<p data-path-to-node=\"15,0,0\"><b>Spausdinimas:<\/b> Spalvota CMYK arba PMS sublimacin\u0117 spauda.<\/p>\n<\/li>\n<li>\n<p data-path-to-node=\"15,1,0\"><b>Med\u017eiaga:<\/b> Auk\u0161tos kokyb\u0117s poliesteris (taip pat galima \u012fsigyti auk\u0161\u010diausios kokyb\u0117s satino apdail\u0105).<\/p>\n<\/li>\n<li>\n<p data-path-to-node=\"15,2,0\"><b>Apsaugos u\u017erakto parinktys:<\/b> Didelio saugumo (plastikas\/metalas), daugkartinio naudojimo karoliukai arba ekologi\u0161kas bambukas.<\/p>\n<\/li>\n<li>\n<p data-path-to-node=\"15,3,0\"><b>Patvarus ir atsparus vandeniui:<\/b> Idealiai tinka keli\u0173 dien\u0173 renginiams.<\/p>\n<\/li>\n<li>\n<p data-path-to-node=\"15,4,0\"><b>Patogumas:<\/b> Lengvi ir mink\u0161ti, kad b\u016bt\u0173 patog\u016bs ir ilgam d\u0117v\u0117jimui.<\/p>\n<\/li>\n<li>\n<p data-path-to-node=\"15,5,0\"><b>Minimalus u\u017esakymas:<\/b> 100 vienet\u0173.<\/p>\n<\/li>\n<\/ul>\n<p data-path-to-node=\"16\">\n<\/div>\n<\/div>\n<\/div>\n<\/div>","protected":false},"excerpt":{"rendered":"<ul data-path-to-node=\"7\">\n<li>\n<p data-path-to-node=\"7,0,0\">Ry\u0161ki, spalvota CMYK arba Pantone sublimacin\u0117 spauda.<\/p>\n<\/li>\n<li>\n<p data-path-to-node=\"7,1,0\"><b>Med\u017eiag\u0173 parinktys:<\/b> Rinkit\u0117s i\u0161 patvaraus, vandeniui atsparaus poliesterio arba auk\u0161\u010diausios kokyb\u0117s satino.<\/p>\n<\/li>\n<li>\n<p data-path-to-node=\"7,2,0\"><b>U\u017erakinimo parinktys:<\/b> Didelio saugumo (vienkartinio naudojimo plastikas\/metalas), daugkartinio naudojimo (reguliuojamas karoliukas) arba ekologi\u0161kas bambukas.<\/p>\n<\/li>\n<li>\n<p data-path-to-node=\"7,3,0\">Patogus, patvarus ir draugi\u0161kas odai keli\u0173 dien\u0173 renginiams.<\/p>\n<\/li>\n<\/ul>","protected":false},"featured_media":6388,"comment_status":"closed","ping_status":"closed","template":"","meta":[],"product_brand":[],"product_cat":[47],"product_tag":[],"class_list":{"0":"post-1203","1":"product","2":"type-product","3":"status-publish","4":"has-post-thumbnail","6":"product_cat-fabric-wristbands","8":"first","9":"instock","10":"shipping-taxable","11":"purchasable","12":"product-type-simple"},"_links":{"self":[{"href":"https:\/\/displayproducts.eu\/lt\/wp-json\/wp\/v2\/product\/1203","targetHints":{"allow":["GET"]}}],"collection":[{"href":"https:\/\/displayproducts.eu\/lt\/wp-json\/wp\/v2\/product"}],"about":[{"href":"https:\/\/displayproducts.eu\/lt\/wp-json\/wp\/v2\/types\/product"}],"replies":[{"embeddable":true,"href":"https:\/\/displayproducts.eu\/lt\/wp-json\/wp\/v2\/comments?post=1203"}],"wp:featuredmedia":[{"embeddable":true,"href":"https:\/\/displayproducts.eu\/lt\/wp-json\/wp\/v2\/media\/6388"}],"wp:attachment":[{"href":"https:\/\/displayproducts.eu\/lt\/wp-json\/wp\/v2\/media?parent=1203"}],"wp:term":[{"taxonomy":"product_brand","embeddable":true,"href":"https:\/\/displayproducts.eu\/lt\/wp-json\/wp\/v2\/product_brand?post=1203"},{"taxonomy":"product_cat","embeddable":true,"href":"https:\/\/displayproducts.eu\/lt\/wp-json\/wp\/v2\/product_cat?post=1203"},{"taxonomy":"product_tag","embeddable":true,"href":"https:\/\/displayproducts.eu\/lt\/wp-json\/wp\/v2\/product_tag?post=1203"}],"curies":[{"name":"wp","href":"https:\/\/api.w.org\/{rel}","templated":true}]}}