{"id":1183,"date":"2024-07-16T18:07:16","date_gmt":"2024-07-16T15:07:16","guid":{"rendered":"https:\/\/wristbandfactory.eu\/toode\/uv-neverloseme-wristbands\/"},"modified":"2026-04-01T21:52:04","modified_gmt":"2026-04-01T18:52:04","slug":"uv-sensor-safety-wristbands","status":"publish","type":"product","link":"https:\/\/displayproducts.eu\/lt\/p\/uv-sensor-safety-wristbands\/","title":{"rendered":"UV jutiklio apsaugin\u0117s apyrank\u0117s"},"content":{"rendered":"<p>Parodykite savo organizacijos \u012fsipareigojim\u0105 saugumui su UV jutiklio saugos apyranke. \u0160is funkcionalus reklaminis elementas idealiai tinka \u012fmoni\u0173 \u0161eimos dienoms, lauko konferencijoms ar \u012f sveikat\u0105 orientuotoms rinkodaros kampanijoms, suteikiant dalyviams realios naudos.<\/p>\n<p>Apyrank\u0117 turi speciali\u0105, daugkartinio naudojimo sagt\u012f, kuri aktyviai stebi saul\u0117s poveik\u012f. Sagties spalva pasikei\u010dia i\u0161 baltos \u012f intensyviai raudon\u0105, kai UVA arba UVB spinduliuot\u0117s lygis tampa pavojingas, taip ai\u0161kiai \u012fsp\u0117damas naudotojus.<\/p>\n<p>Pati apyrank\u0117 pagaminta i\u0161 specialios, hipoalergin\u0117s med\u017eiagos, kuri yra patvari ir \u0161velni odai. <b>sertifikuota Nacionalinio higienos instituto<\/b>. Vis\u0105 juostos pavir\u0161i\u0173 galima visi\u0161kai pritaikyti naudojant j\u016bs\u0173 spalvot\u0105 \u012fmon\u0117s logotip\u0105, renginio prek\u0117s \u017eenkl\u0105 arba saugos \u0161\u016bk\u012f, taip sukuriant labai matom\u0105 ir \u012fsimenam\u0105 reklamin\u0119 priemon\u0119.<\/p>\n<p>\u0160i apyrank\u0117 sujungia j\u016bs\u0173 prek\u0117s \u017eenkl\u0105 su socialine atsakomybe ir \u0161iuolaikiniu saugumo suvokimu, sukurdama teigiam\u0105 asociacij\u0105, kuri i\u0161lieka ilgai po renginio.<\/p>\n<p><b>Pagrindin\u0117s savyb\u0117s:<\/b><\/p>\n<ul>\n<li><b>UV jutiklio u\u017esegimas:<\/b> Daugkartinio naudojimo u\u017esegimas aktyviai kei\u010dia spalv\u0105 \u012f raudon\u0105, kad \u012fsp\u0117t\u0173 apie auk\u0161t\u0105 UVA\/UVB spinduliuot\u0117s lyg\u012f.<\/li>\n<li><b>Piln\u0173 spalv\u0173 pritaikymas:<\/b> Visa juostel\u0117 gali b\u016bti atspausdinta su j\u016bs\u0173 unikaliu logotipu arba u\u017era\u0161u.<\/li>\n<li><b>Sertifikuota vaikams saugi med\u017eiaga:<\/b> Hipoalergin\u0117, lanksti ir patvari med\u017eiaga, sertifikuota Nacionalinio higienos instituto.<\/li>\n<li><b>Daugkartinio naudojimo dizainas:<\/b> U\u017esegimas skirtas daugkartiniam naudojimui, prailginant reklaminio elemento tarnavimo laik\u0105.<\/li>\n<li><b>\u012emon\u0117s atsakomyb\u0117s \u012frankis:<\/b> Unikalus \u012ftaisas, skirtas pademonstruoti j\u016bs\u0173 prek\u0117s \u017eenklo \u012fsipareigojim\u0105 sveikatai ir saugumui.<\/li>\n<\/ul>","protected":false},"excerpt":{"rendered":"<ul>\n<li>Turi UV spinduliams reaguojan\u010di\u0105 sagt\u012f, kuri pavojingoje saul\u0117s \u0161viesoje kei\u010dia spalv\u0105 \u012f raudon\u0105.<\/li>\n<li>Hipoalergin\u0117, patvari ir daugkartinio naudojimo med\u017eiaga, sertifikuota vaik\u0173 saugumui.<\/li>\n<li>Visi\u0161kai pritaikoma apyrank\u0117 su j\u016bs\u0173 spalvotu logotipu arba saugos prane\u0161imu.<\/li>\n<li>Auk\u0161\u010diausios kokyb\u0117s reklaminis gaminys \u0161eimos renginiams ir \u012fmon\u0117s atsakomybei.<\/li>\n<\/ul>\n<p>&nbsp;<\/p>","protected":false},"featured_media":6254,"comment_status":"closed","ping_status":"closed","template":"","meta":[],"product_brand":[],"product_cat":[66,88,68],"product_tag":[],"class_list":{"0":"post-1183","1":"product","2":"type-product","3":"status-publish","4":"has-post-thumbnail","6":"product_cat-wristbands","7":"product_cat-smart-wristbands","8":"product_cat-event-supplies","10":"first","11":"instock","12":"shipping-taxable","13":"purchasable","14":"product-type-simple"},"_links":{"self":[{"href":"https:\/\/displayproducts.eu\/lt\/wp-json\/wp\/v2\/product\/1183","targetHints":{"allow":["GET"]}}],"collection":[{"href":"https:\/\/displayproducts.eu\/lt\/wp-json\/wp\/v2\/product"}],"about":[{"href":"https:\/\/displayproducts.eu\/lt\/wp-json\/wp\/v2\/types\/product"}],"replies":[{"embeddable":true,"href":"https:\/\/displayproducts.eu\/lt\/wp-json\/wp\/v2\/comments?post=1183"}],"wp:featuredmedia":[{"embeddable":true,"href":"https:\/\/displayproducts.eu\/lt\/wp-json\/wp\/v2\/media\/6254"}],"wp:attachment":[{"href":"https:\/\/displayproducts.eu\/lt\/wp-json\/wp\/v2\/media?parent=1183"}],"wp:term":[{"taxonomy":"product_brand","embeddable":true,"href":"https:\/\/displayproducts.eu\/lt\/wp-json\/wp\/v2\/product_brand?post=1183"},{"taxonomy":"product_cat","embeddable":true,"href":"https:\/\/displayproducts.eu\/lt\/wp-json\/wp\/v2\/product_cat?post=1183"},{"taxonomy":"product_tag","embeddable":true,"href":"https:\/\/displayproducts.eu\/lt\/wp-json\/wp\/v2\/product_tag?post=1183"}],"curies":[{"name":"wp","href":"https:\/\/api.w.org\/{rel}","templated":true}]}}