{"id":6857,"date":"2026-01-15T16:48:49","date_gmt":"2026-01-15T13:48:49","guid":{"rendered":"https:\/\/wristbandfactory.eu\/?post_type=product&#038;p=6857"},"modified":"2026-04-01T21:52:34","modified_gmt":"2026-04-01T18:52:34","slug":"custom-lanyards-with-metal-bulldog-clip","status":"publish","type":"product","link":"https:\/\/displayproducts.eu\/it\/p\/custom-lanyards-with-metal-bulldog-clip\/","title":{"rendered":"Lanyard personalizzati con clip bulldog"},"content":{"rendered":"<p data-path-to-node=\"4\">Semplifica il processo di check-in del tuo evento con il nostro <b data-path-to-node=\"4\" data-index-in-node=\"73\">Lanyard personalizzati con clip Bulldog in metallo<\/b>. Spesso descritto come un accessorio in stile &quot;molletta&quot;, questo sistema di fissaggio \u00e8 uno dei preferiti per conferenze e fiere grazie alla sua velocit\u00e0 e versatilit\u00e0. Le ganasce a molla si aprono facilmente con un senza stampa tocco, consentendo di fissare istantaneamente badge identificativi, pass o portafogli di plastica, anche quelli privi di un foro apposito.<\/p>\n<h2 data-path-to-node=\"5\">Caratteristiche principali<\/h2>\n<ul data-path-to-node=\"6\">\n<li>\n<p data-path-to-node=\"6,0,0\"><b data-path-to-node=\"6,0,0\" data-index-in-node=\"0\">Morsetto versatile:<\/b> A differenza dei ganci che richiedono una dimensione specifica del foro, le ganasce della clip Bulldog possono agganciarsi al bordo di quasi tutti i porta badge, laminati o tessere.<\/p>\n<\/li>\n<li>\n<p data-path-to-node=\"6,1,0\"><b data-path-to-node=\"6,1,0\" data-index-in-node=\"0\">Stabilit\u00e0 anti-torsione:<\/b> L&#039;ampia area di presa garantisce che i badge identificativi rimangano dritti e rivolti in avanti, mantenendo sempre visibili nomi e loghi.<\/p>\n<\/li>\n<li>\n<p data-path-to-node=\"6,2,0\"><b data-path-to-node=\"6,2,0\" data-index-in-node=\"0\">Delicato sui materiali:<\/b> Sebbene la presa sia forte, le ganasce metalliche lisce sono progettate per tenere saldamente senza danneggiare le normali buste in PVC.<\/p>\n<\/li>\n<li>\n<p data-path-to-node=\"6,3,0\"><b data-path-to-node=\"6,3,0\" data-index-in-node=\"0\">Stampa a sublimazione completa:<\/b> Il cinturino del laccetto \u00e8 stampato da bordo a bordo in colori vivaci, per garantire che il tuo marchio corrisponda all&#039;utilit\u00e0 premium della clip.<\/p>\n<\/li>\n<\/ul>\n<h2 data-path-to-node=\"7\">Specifiche<\/h2>\n<ul data-path-to-node=\"8\">\n<li>\n<p data-path-to-node=\"8,0,0\"><b data-path-to-node=\"8,0,0\" data-index-in-node=\"0\">Materiale:<\/b> 100% Poliestere liscio.<\/p>\n<\/li>\n<li>\n<p data-path-to-node=\"8,1,0\"><b data-path-to-node=\"8,1,0\" data-index-in-node=\"0\">Allegato:<\/b> Fermaglio per badge in metallo nichelato.<\/p>\n<\/li>\n<li>\n<p data-path-to-node=\"8,2,0\"><b data-path-to-node=\"8,2,0\" data-index-in-node=\"0\">Metodo di stampa:<\/b> Sublimazione a colori.<\/p>\n<\/li>\n<li>\n<p data-path-to-node=\"8,3,0\"><b data-path-to-node=\"8,3,0\" data-index-in-node=\"0\">Larghezza clip:<\/b> Larghezza standard della ganascia di ~10 mm per una presa sicura.<\/p>\n<\/li>\n<li>\n<p data-path-to-node=\"8,4,0\"><b data-path-to-node=\"8,4,0\" data-index-in-node=\"0\">Larghezze disponibili:<\/b> 15 mm, 20 mm, 25 mm.<\/p>\n<\/li>\n<\/ul>\n<h2 data-path-to-node=\"9\">Casi d&#039;uso<\/h2>\n<ul data-path-to-node=\"10\">\n<li>\n<p data-path-to-node=\"10,0,0\"><b data-path-to-node=\"10,0,0\" data-index-in-node=\"0\">Conferenze e fiere:<\/b> Il modo pi\u00f9 rapido per attaccare i badge ai cordini durante le registrazioni ad alto volume.<\/p>\n<\/li>\n<li>\n<p data-path-to-node=\"10,1,0\"><b data-path-to-node=\"10,1,0\" data-index-in-node=\"0\">Pass per i visitatori:<\/b> Ideale per badge temporanei che devono essere ritirati e riutilizzati.<\/p>\n<\/li>\n<li>\n<p data-path-to-node=\"10,2,0\"><b data-path-to-node=\"10,2,0\" data-index-in-node=\"0\">Uniformi del personale:<\/b> Pu\u00f2 essere agganciato al colletto o alle tasche quando non si preferisce indossare un cordino attorno al collo.<\/p>\n<\/li>\n<\/ul>","protected":false},"excerpt":{"rendered":"<ul>\n<li>\n<p data-path-to-node=\"3,0,0\"><b data-path-to-node=\"3,0,0\" data-index-in-node=\"0\">Azione in stile molletta:<\/b> Il meccanismo &quot;Bulldog&quot; di facile apertura si aggancia saldamente ai porta badge o agli indumenti senza dover praticare alcun foro.<\/p>\n<\/li>\n<li>\n<p data-path-to-node=\"3,1,0\"><b data-path-to-node=\"3,1,0\" data-index-in-node=\"0\">Visualizzazione stabile:<\/b> Le ganasce larghe e piatte afferrano saldamente il distintivo, impedendone la torsione o il ribaltamento.<\/p>\n<\/li>\n<li>\n<p data-path-to-node=\"3,2,0\"><b data-path-to-node=\"3,2,0\" data-index-in-node=\"0\">Doppio attacco:<\/b> Pu\u00f2 essere agganciato a una custodia di plastica per documenti d&#039;identit\u00e0 o direttamente alla tasca della camicia o al risvolto.<\/p>\n<\/li>\n<li>\n<p data-path-to-node=\"3,3,0\"><b data-path-to-node=\"3,3,0\" data-index-in-node=\"0\">Struttura in metallo resistente:<\/b> Realizzato in acciaio nichelato per una tenuta e una resistenza della molla di lunga durata.<\/p>\n<\/li>\n<\/ul>","protected":false},"featured_media":6858,"comment_status":"closed","ping_status":"closed","template":"","meta":[],"product_brand":[],"product_cat":[104],"product_tag":[],"class_list":{"0":"post-6857","1":"product","2":"type-product","3":"status-publish","4":"has-post-thumbnail","6":"product_cat-custom-printed-lanyards","8":"first","9":"instock","10":"shipping-taxable","11":"purchasable","12":"product-type-simple"},"_links":{"self":[{"href":"https:\/\/displayproducts.eu\/it\/wp-json\/wp\/v2\/product\/6857","targetHints":{"allow":["GET"]}}],"collection":[{"href":"https:\/\/displayproducts.eu\/it\/wp-json\/wp\/v2\/product"}],"about":[{"href":"https:\/\/displayproducts.eu\/it\/wp-json\/wp\/v2\/types\/product"}],"replies":[{"embeddable":true,"href":"https:\/\/displayproducts.eu\/it\/wp-json\/wp\/v2\/comments?post=6857"}],"wp:featuredmedia":[{"embeddable":true,"href":"https:\/\/displayproducts.eu\/it\/wp-json\/wp\/v2\/media\/6858"}],"wp:attachment":[{"href":"https:\/\/displayproducts.eu\/it\/wp-json\/wp\/v2\/media?parent=6857"}],"wp:term":[{"taxonomy":"product_brand","embeddable":true,"href":"https:\/\/displayproducts.eu\/it\/wp-json\/wp\/v2\/product_brand?post=6857"},{"taxonomy":"product_cat","embeddable":true,"href":"https:\/\/displayproducts.eu\/it\/wp-json\/wp\/v2\/product_cat?post=6857"},{"taxonomy":"product_tag","embeddable":true,"href":"https:\/\/displayproducts.eu\/it\/wp-json\/wp\/v2\/product_tag?post=6857"}],"curies":[{"name":"wp","href":"https:\/\/api.w.org\/{rel}","templated":true}]}}