{"id":6851,"date":"2026-01-15T15:18:22","date_gmt":"2026-01-15T12:18:22","guid":{"rendered":"https:\/\/wristbandfactory.eu\/?post_type=product&#038;p=6851"},"modified":"2026-04-01T21:52:03","modified_gmt":"2026-04-01T18:52:03","slug":"custom-printed-cotton-tea-towels-250gsm-45x70cm","status":"publish","type":"product","link":"https:\/\/displayproducts.eu\/it\/p\/custom-printed-cotton-tea-towels-250gsm-45x70cm\/","title":{"rendered":"Strofinacci in cotone stampati (250gsm)"},"content":{"rendered":"<p data-path-to-node=\"8\">Migliora la presenza del tuo marchio nel cuore della home o dell&#039;ambiente alberghiero con il nostro <b data-path-to-node=\"8\" data-index-in-node=\"110\">Strofinacci in cotone stampati personalizzati<\/b>. A differenza dei tradizionali tessuti promozionali, questi asciugamani sono realizzati in cotone di alta qualit\u00e0 da 250 g\/m\u00b2, offrendo una sensazione di qualit\u00e0 e un tocco di classe che valorizza la vostra attivit\u00e0. Che siano utilizzati in una cucina professionale o come elegante regalo aziendale, combinano l&#039;utilit\u00e0 quotidiana con un&#039;efficace visibilit\u00e0 del marchio.<\/p>\n<p data-path-to-node=\"9\">Questi strofinacci sono pensati per i clienti B2B che cercano prodotti che vengano usati, non gettati via. La nitida stampa serigrafica consente di realizzare loghi audaci e chiari o motivi artistici, rendendoli articoli perfetti per negozi di musei, boutique e gadget per eventi.<\/p>\n<h2 data-path-to-node=\"10\">Caratteristiche principali<\/h2>\n<ul data-path-to-node=\"11\">\n<li>\n<p data-path-to-node=\"11,0,0\"><b data-path-to-node=\"11,0,0\" data-index-in-node=\"0\">Tessuto ad alta densit\u00e0:<\/b> Con i suoi 250 g\/m\u00b2, questo cotone \u00e8 pi\u00f9 spesso e pi\u00f9 resistente degli asciugamani promozionali standard, garantendone la longevit\u00e0.<\/p>\n<\/li>\n<li>\n<p data-path-to-node=\"11,1,0\"><b data-path-to-node=\"11,1,0\" data-index-in-node=\"0\">Serigrafia nitida:<\/b> Possiamo stampare il tuo design specifico utilizzando fino a 3 colori Pantone, garantendo cos\u00ec la salvaguardia dell&#039;identit\u00e0 del tuo marchio.<\/p>\n<\/li>\n<li>\n<p data-path-to-node=\"11,2,0\"><b data-path-to-node=\"11,2,0\" data-index-in-node=\"0\">Dimensioni funzionali:<\/b> La dimensione 45x70 cm \u00e8 lo standard del settore per gli utensili da cucina, offrendo un&#039;ampia superficie per l&#039;asciugatura e l&#039;esposizione.<\/p>\n<\/li>\n<li>\n<p data-path-to-node=\"11,3,0\"><b data-path-to-node=\"11,3,0\" data-index-in-node=\"0\">Lavabile in lavatrice:<\/b> Progettato per resistere ai lavaggi regolari mantenendo l&#039;integrit\u00e0 del tessuto (si consiglia il lavaggio a basse temperature per preservare la durata della stampa).<\/p>\n<\/li>\n<\/ul>\n<h2 data-path-to-node=\"12\">Specifiche<\/h2>\n<ul data-path-to-node=\"13\">\n<li>\n<p data-path-to-node=\"13,0,0\"><b data-path-to-node=\"13,0,0\" data-index-in-node=\"0\">Materiale:<\/b> Cotone 100%<\/p>\n<\/li>\n<li>\n<p data-path-to-node=\"13,1,0\"><b data-path-to-node=\"13,1,0\" data-index-in-node=\"0\">Peso:<\/b> 250 g\/m\u00b2 (grammi per metro quadrato)<\/p>\n<\/li>\n<li>\n<p data-path-to-node=\"13,2,0\"><b data-path-to-node=\"13,2,0\" data-index-in-node=\"0\">Dimensioni:<\/b> 45 cm x 70 cm<\/p>\n<\/li>\n<li>\n<p data-path-to-node=\"13,3,0\"><b data-path-to-node=\"13,3,0\" data-index-in-node=\"0\">Metodo di stampa:<\/b> Serigrafia (fino a 3 colori)<\/p>\n<\/li>\n<li>\n<p data-path-to-node=\"13,4,0\"><b data-path-to-node=\"13,4,0\" data-index-in-node=\"0\">Anello di sospensione:<\/b> Integrato per comodit\u00e0<\/p>\n<\/li>\n<li>\n<p data-path-to-node=\"13,5,0\"><b data-path-to-node=\"13,5,0\" data-index-in-node=\"0\">Varianza di produzione:<\/b> Si prega di notare che ci riserviamo il diritto di consegnare e fatturare +\/- 5% della quantit\u00e0 ordinata a causa del lotto di produzione.<\/p>\n<\/li>\n<\/ul>\n<h2 data-path-to-node=\"14\">Casi d&#039;uso<\/h2>\n<ul data-path-to-node=\"15\">\n<li>\n<p data-path-to-node=\"15,0,0\"><b data-path-to-node=\"15,0,0\" data-index-in-node=\"0\">Branding dell&#039;ospitalit\u00e0:<\/b> Accessorio uniforme per camerieri, baristi e chef di hotel e ristoranti.<\/p>\n<\/li>\n<li>\n<p data-path-to-node=\"15,1,0\"><b data-path-to-node=\"15,1,0\" data-index-in-node=\"0\">Regali aziendali:<\/b> Un&#039;aggiunta pratica ed ecologica ai cesti regalo delle feste o ai pacchetti PR a tema home.<\/p>\n<\/li>\n<li>\n<p data-path-to-node=\"15,2,0\"><b data-path-to-node=\"15,2,0\" data-index-in-node=\"0\">Merce al dettaglio:<\/b> Articoli di rivendita ad alto margine per artisti, negozi di souvenir e marchi di lifestyle.<\/p>\n<\/li>\n<li>\n<p data-path-to-node=\"15,3,0\"><b data-path-to-node=\"15,3,0\" data-index-in-node=\"0\">Omaggi dell&#039;evento:<\/b> materiale informativo memorabile per fiere ed eventi del settore alimentare e delle bevande.<\/p>\n<\/li>\n<\/ul>","protected":false},"excerpt":{"rendered":"<ul>\n<li>\n<p data-path-to-node=\"7,0,0\"><b data-path-to-node=\"7,0,0\" data-index-in-node=\"0\">Cotone pesante di prima qualit\u00e0:<\/b> Realizzato in resistente tessuto di cotone da 250 g\/m\u00b2 per un&#039;eccellente assorbenza e una sensazione di alta qualit\u00e0.<\/p>\n<\/li>\n<li>\n<p data-path-to-node=\"7,1,0\"><b data-path-to-node=\"7,1,0\" data-index-in-node=\"0\">Ampia area di branding:<\/b> Le generose dimensioni di 45x70 cm garantiscono la massima visibilit\u00e0 al tuo logo o alla tua grafica personalizzata.<\/p>\n<\/li>\n<li>\n<p data-path-to-node=\"7,2,0\"><b data-path-to-node=\"7,2,0\" data-index-in-node=\"0\">Personalizzazione versatile:<\/b> Supporta la stampa serigrafica fino a 3 colori distinti (incluso il bianco) per disegni nitidi e duraturi.<\/p>\n<\/li>\n<li>\n<p data-path-to-node=\"7,3,0\"><b data-path-to-node=\"7,3,0\" data-index-in-node=\"0\">Ideale per l&#039;ospitalit\u00e0 e la vendita al dettaglio:<\/b> Perfetto per ristoranti, regali aziendali, collezioni di merchandising e promozioni di arredamento per la home.<\/p>\n<\/li>\n<\/ul>","protected":false},"featured_media":6852,"comment_status":"closed","ping_status":"closed","template":"","meta":[],"product_brand":[],"product_cat":[122],"product_tag":[],"class_list":{"0":"post-6851","1":"product","2":"type-product","3":"status-publish","4":"has-post-thumbnail","6":"product_cat-promotional-accessories","8":"first","9":"instock","10":"shipping-taxable","11":"purchasable","12":"product-type-simple"},"_links":{"self":[{"href":"https:\/\/displayproducts.eu\/it\/wp-json\/wp\/v2\/product\/6851","targetHints":{"allow":["GET"]}}],"collection":[{"href":"https:\/\/displayproducts.eu\/it\/wp-json\/wp\/v2\/product"}],"about":[{"href":"https:\/\/displayproducts.eu\/it\/wp-json\/wp\/v2\/types\/product"}],"replies":[{"embeddable":true,"href":"https:\/\/displayproducts.eu\/it\/wp-json\/wp\/v2\/comments?post=6851"}],"wp:featuredmedia":[{"embeddable":true,"href":"https:\/\/displayproducts.eu\/it\/wp-json\/wp\/v2\/media\/6852"}],"wp:attachment":[{"href":"https:\/\/displayproducts.eu\/it\/wp-json\/wp\/v2\/media?parent=6851"}],"wp:term":[{"taxonomy":"product_brand","embeddable":true,"href":"https:\/\/displayproducts.eu\/it\/wp-json\/wp\/v2\/product_brand?post=6851"},{"taxonomy":"product_cat","embeddable":true,"href":"https:\/\/displayproducts.eu\/it\/wp-json\/wp\/v2\/product_cat?post=6851"},{"taxonomy":"product_tag","embeddable":true,"href":"https:\/\/displayproducts.eu\/it\/wp-json\/wp\/v2\/product_tag?post=6851"}],"curies":[{"name":"wp","href":"https:\/\/api.w.org\/{rel}","templated":true}]}}