{"id":6671,"date":"2026-01-09T18:39:46","date_gmt":"2026-01-09T15:39:46","guid":{"rendered":"https:\/\/wristbandfactory.eu\/?post_type=product&#038;p=6671"},"modified":"2026-04-01T21:52:34","modified_gmt":"2026-04-01T18:52:34","slug":"custom-foil-holographic-event-wristbands","status":"publish","type":"product","link":"https:\/\/displayproducts.eu\/it\/p\/custom-foil-holographic-event-wristbands\/","title":{"rendered":"Braccialetti con stampa a caldo"},"content":{"rendered":"<p data-path-to-node=\"9\">Valorizza il branding del tuo evento con i nostri braccialetti personalizzati in lamina e olografici. Realizzati in carta sintetica YUPO di alta qualit\u00e0, questi braccialetti offrono un&#039;alternativa premium al Tyvek standard, con una superficie bianco latte che garantisce colori vivaci e fedeli al design.<\/p>\n<p data-path-to-node=\"10\">Progettati per eventi, club e festival di alto profilo, questi braccialetti consentono di ottenere lussuosi dettagli metallici, tra cui oro, argento e lamina di vetro, o finiture olografiche complete. La texture liscia, combinata con la stampa offset CMYK ad alta risoluzione, li rende ideali per design complessi e per l&#039;identificazione VIP. Nonostante il loro aspetto elegante, sono robusti e resistenti all&#039;acqua, al sudore e agli ambienti pi\u00f9 aggressivi.<\/p>\n<h2 data-path-to-node=\"11\">Caratteristiche principali<\/h2>\n<ul data-path-to-node=\"12\">\n<li>\n<p data-path-to-node=\"12,0,0\"><b data-path-to-node=\"12,0,0\" data-index-in-node=\"0\">Finiture di lusso:<\/b> Disponibile con lamina d&#039;oro stampata a caldo, lamina d&#039;argento, lamina &quot;vetro&quot; e sovrapposizioni olografiche per la massima visibilit\u00e0.<\/p>\n<\/li>\n<li>\n<p data-path-to-node=\"12,1,0\"><b data-path-to-node=\"12,1,0\" data-index-in-node=\"0\">Eccellenza dei materiali:<\/b> La polpa sintetica YUPO offre una finitura pi\u00f9 liscia rispetto al Tyvek, consentendo dettagli di stampa pi\u00f9 nitidi e colori pi\u00f9 brillanti.<\/p>\n<\/li>\n<li>\n<p data-path-to-node=\"12,2,0\"><b data-path-to-node=\"12,2,0\" data-index-in-node=\"0\">Design antimanomissione:<\/b> La chiusura adesiva resistente \u00e8 dotata di frammenti di sicurezza fustellati che si rompono se si tenta di rimuoverli, impedendo cos\u00ec il riutilizzo del cinturino.<\/p>\n<\/li>\n<li>\n<p data-path-to-node=\"12,3,0\"><b data-path-to-node=\"12,3,0\" data-index-in-node=\"0\">Pronto per i dati intelligenti:<\/b> Completamente compatibile con la stampa di dati variabili, tra cui numerazione sequenziale, codici a barre e codici QR per l&#039;integrazione digitale.<\/p>\n<\/li>\n<\/ul>\n<h2 data-path-to-node=\"13\">Specifiche<\/h2>\n<ul data-path-to-node=\"14\">\n<li>\n<p data-path-to-node=\"14,0,0\"><b data-path-to-node=\"14,0,0\" data-index-in-node=\"0\">Materiale:<\/b> YUPO (carta mista\/sintetica) \u2013 Impermeabile e resistente agli strappi.<\/p>\n<\/li>\n<li>\n<p data-path-to-node=\"14,1,0\"><b data-path-to-node=\"14,1,0\" data-index-in-node=\"0\">Dimensioni standard:<\/b><\/p>\n<ul data-path-to-node=\"14,1,1\">\n<li>\n<p data-path-to-node=\"14,1,1,0,0\">20 mm x 250 mm<\/p>\n<\/li>\n<li>\n<p data-path-to-node=\"14,1,1,1,0\">25 mm x 250 mm<\/p>\n<\/li>\n<li>\n<p data-path-to-node=\"14,1,1,2,0\"><i data-path-to-node=\"14,1,1,2,0\" data-index-in-node=\"0\">Dimensioni personalizzate disponibili su richiesta.<\/i><\/p>\n<\/li>\n<\/ul>\n<\/li>\n<li>\n<p data-path-to-node=\"14,2,0\"><b data-path-to-node=\"14,2,0\" data-index-in-node=\"0\">Metodo di stampa:<\/b> Stampa offset CMYK a colori + stampa a caldo.<\/p>\n<\/li>\n<li>\n<p data-path-to-node=\"14,3,0\"><b data-path-to-node=\"14,3,0\" data-index-in-node=\"0\">Opzioni di lamina:<\/b> Oro, argento, lamina di vetro, ologramma.<\/p>\n<\/li>\n<li>\n<p data-path-to-node=\"14,4,0\"><b data-path-to-node=\"14,4,0\" data-index-in-node=\"0\">Origine:<\/b> Corea del Sud (ANYWRISTBAND \/ Modello TS25).<\/p>\n<\/li>\n<\/ul>\n<h2 data-path-to-node=\"15\">Casi d&#039;uso<\/h2>\n<ul data-path-to-node=\"16\">\n<li>\n<p data-path-to-node=\"16,0,0\"><b data-path-to-node=\"16,0,0\" data-index-in-node=\"0\">Controllo di accesso VIP:<\/b> Perfetto per distinguere gli ospiti VIP durante concerti, festival e discoteche grazie alla finitura metallica riflettente.<\/p>\n<\/li>\n<li>\n<p data-path-to-node=\"16,1,0\"><b data-path-to-node=\"16,1,0\" data-index-in-node=\"0\">Eventi aziendali:<\/b> Branding di alto livello per serate di gala e conferenze in cui la presentazione visiva \u00e8 fondamentale.<\/p>\n<\/li>\n<li>\n<p data-path-to-node=\"16,2,0\"><b data-path-to-node=\"16,2,0\" data-index-in-node=\"0\">Luoghi sicuri:<\/b> Ideale per parchi di divertimento e aree riservate che richiedono un&#039;identificazione affidabile con integrazione di codici a barre.<\/p>\n<\/li>\n<\/ul>\n<p data-path-to-node=\"17\">","protected":false},"excerpt":{"rendered":"<ul>\n<li>\n<p data-path-to-node=\"7,0,0\"><b data-path-to-node=\"7,0,0\" data-index-in-node=\"0\">Impatto visivo premium:<\/b> Presenta splendidi dettagli metallici (oro, argento, lamina di vetro) o effetti olografici su una superficie YUPO liscia e bianco latte.<\/p>\n<\/li>\n<li>\n<p data-path-to-node=\"7,1,0\"><b data-path-to-node=\"7,1,0\" data-index-in-node=\"0\">Durata superiore:<\/b> Realizzati in carta sintetica impermeabile 100%, resistente agli strappi, che supera le prestazioni delle fascette di carta standard.<\/p>\n<\/li>\n<li>\n<p data-path-to-node=\"7,2,0\"><b data-path-to-node=\"7,2,0\" data-index-in-node=\"0\">Alta sicurezza:<\/b> Dotato di chiusura adesiva antimanomissione e tagli di sicurezza studiati per impedirne il trasferimento.<\/p>\n<\/li>\n<li>\n<p data-path-to-node=\"7,3,0\"><b data-path-to-node=\"7,3,0\" data-index-in-node=\"0\">Personalizzazione completa:<\/b> Supporta la stampa offset CMYK dai colori vivaci, codici a barre, codici QR e numerazione variabile per il controllo degli accessi.<\/p>\n<\/li>\n<\/ul>","protected":false},"featured_media":6677,"comment_status":"closed","ping_status":"closed","template":"","meta":[],"product_brand":[],"product_cat":[41],"product_tag":[],"class_list":{"0":"post-6671","1":"product","2":"type-product","3":"status-publish","4":"has-post-thumbnail","6":"product_cat-tyvek","8":"first","9":"instock","10":"shipping-taxable","11":"product-type-simple"},"_links":{"self":[{"href":"https:\/\/displayproducts.eu\/it\/wp-json\/wp\/v2\/product\/6671","targetHints":{"allow":["GET"]}}],"collection":[{"href":"https:\/\/displayproducts.eu\/it\/wp-json\/wp\/v2\/product"}],"about":[{"href":"https:\/\/displayproducts.eu\/it\/wp-json\/wp\/v2\/types\/product"}],"replies":[{"embeddable":true,"href":"https:\/\/displayproducts.eu\/it\/wp-json\/wp\/v2\/comments?post=6671"}],"wp:featuredmedia":[{"embeddable":true,"href":"https:\/\/displayproducts.eu\/it\/wp-json\/wp\/v2\/media\/6677"}],"wp:attachment":[{"href":"https:\/\/displayproducts.eu\/it\/wp-json\/wp\/v2\/media?parent=6671"}],"wp:term":[{"taxonomy":"product_brand","embeddable":true,"href":"https:\/\/displayproducts.eu\/it\/wp-json\/wp\/v2\/product_brand?post=6671"},{"taxonomy":"product_cat","embeddable":true,"href":"https:\/\/displayproducts.eu\/it\/wp-json\/wp\/v2\/product_cat?post=6671"},{"taxonomy":"product_tag","embeddable":true,"href":"https:\/\/displayproducts.eu\/it\/wp-json\/wp\/v2\/product_tag?post=6671"}],"curies":[{"name":"wp","href":"https:\/\/api.w.org\/{rel}","templated":true}]}}