{"id":6599,"date":"2026-01-06T00:43:04","date_gmt":"2026-01-05T21:43:04","guid":{"rendered":"https:\/\/wristbandfactory.eu\/?post_type=product&#038;p=6599"},"modified":"2026-04-01T21:52:34","modified_gmt":"2026-04-01T18:52:34","slug":"premium-fabric-wristbands-with-gold-thread","status":"publish","type":"product","link":"https:\/\/displayproducts.eu\/it\/p\/premium-fabric-wristbands-with-gold-thread\/","title":{"rendered":"Braccialetti in tessuto con filo dorato"},"content":{"rendered":"<p data-path-to-node=\"8\">I nostri braccialetti in tessuto Premium Gold Thread rappresentano il massimo dell&#039;identificazione per eventi. Combinando le tradizionali fibre di poliestere di alta qualit\u00e0 con il filo di lurex metallizzato, creiamo un braccialetto che non si limita a identificare un ospite, ma valorizza l&#039;intera esperienza dell&#039;evento. Questi braccialetti sono progettati per gli organizzatori che non scendono a compromessi in termini di sicurezza o stile.<\/p>\n<h2 data-path-to-node=\"9\">Caratteristiche principali<\/h2>\n<ul data-path-to-node=\"10\">\n<li>\n<p data-path-to-node=\"10,0,0\"><b data-path-to-node=\"10,0,0\" data-index-in-node=\"0\">Tessitura in Lurex metallizzato:<\/b> Autentico filo color oro intrecciato direttamente nel tessuto per una finitura permanente e scintillante.<\/p>\n<\/li>\n<li>\n<p data-path-to-node=\"10,1,0\"><b data-path-to-node=\"10,1,0\" data-index-in-node=\"0\">Chiusure antimanomissione:<\/b> Scegli tra scivoli in plastica unidirezionali, anelli in metallo o serrature in bamb\u00f9 ecologiche.<\/p>\n<\/li>\n<li>\n<p data-path-to-node=\"10,2,0\"><b data-path-to-node=\"10,2,0\" data-index-in-node=\"0\">Design confortevole:<\/b> I bordi morbidi garantiscono la comodit\u00e0 del braccialetto anche durante eventi di lunga durata che durano pi\u00f9 giorni.<\/p>\n<\/li>\n<li>\n<p data-path-to-node=\"10,3,0\"><b data-path-to-node=\"10,3,0\" data-index-in-node=\"0\">Resistente all&#039;acqua e agli strappi:<\/b> Progettato per resistere a pioggia, sudore e attivit\u00e0 intense senza perdere colore o integrit\u00e0 strutturale.<\/p>\n<\/li>\n<\/ul>\n<h2 data-path-to-node=\"11\">Specifiche<\/h2>\n<ul data-path-to-node=\"12\">\n<li>\n<p data-path-to-node=\"12,0,0\"><b data-path-to-node=\"12,0,0\" data-index-in-node=\"0\">Materiale:<\/b> Poliestere di alta qualit\u00e0 + Lurex oro metallizzato.<\/p>\n<\/li>\n<li>\n<p data-path-to-node=\"12,1,0\"><b data-path-to-node=\"12,1,0\" data-index-in-node=\"0\">Dimensioni:<\/b> Standard 15 mm x 350 mm (larghezze personalizzate disponibili su richiesta).<\/p>\n<\/li>\n<li>\n<p data-path-to-node=\"12,2,0\"><b data-path-to-node=\"12,2,0\" data-index-in-node=\"0\">Stampa:<\/b> Fino a 8 colori intrecciati, inclusa la base metallica.<\/p>\n<\/li>\n<li>\n<p data-path-to-node=\"12,3,0\"><b data-path-to-node=\"12,3,0\" data-index-in-node=\"0\">Opzioni di blocco:<\/b> Chiusura scorrevole monouso (plastica\/metallo) o perlina riutilizzabile.<\/p>\n<\/li>\n<li>\n<p data-path-to-node=\"12,4,0\"><b data-path-to-node=\"12,4,0\" data-index-in-node=\"0\">Quantit\u00e0 minima ordinabile:<\/b> 100 unit\u00e0.<\/p>\n<\/li>\n<\/ul>\n<h2 data-path-to-node=\"13\">Casi d&#039;uso<\/h2>\n<ul data-path-to-node=\"14\">\n<li>\n<p data-path-to-node=\"14,0,0\"><b data-path-to-node=\"14,0,0\" data-index-in-node=\"0\">Festival musicali:<\/b> Identificare le aree VIP, Backstage o Artisti con un indicatore premium visibile.<\/p>\n<\/li>\n<li>\n<p data-path-to-node=\"14,1,0\"><b data-path-to-node=\"14,1,0\" data-index-in-node=\"0\">Gala aziendali:<\/b> Un&#039;alternativa sofisticata ai normali braccialetti di plastica o di carta per eventi in abito da sera.<\/p>\n<\/li>\n<li>\n<p data-path-to-node=\"14,2,0\"><b data-path-to-node=\"14,2,0\" data-index-in-node=\"0\">Hotel e resort di lusso:<\/b> Distinguere con stile gli ospiti \u201cAll-Inclusive\u201d o \u201cClub Level\u201d.<\/p>\n<\/li>\n<li>\n<p data-path-to-node=\"14,3,0\"><b data-path-to-node=\"14,3,0\" data-index-in-node=\"0\">Eventi commemorativi:<\/b> Festeggiamenti di anniversario in cui il braccialetto funge da ricordo di grande valore.<\/p>\n<\/li>\n<\/ul>\n<p data-path-to-node=\"15\">","protected":false},"excerpt":{"rendered":"<ul>\n<li>\n<p data-path-to-node=\"7,0,0\"><b data-path-to-node=\"7,0,0\" data-index-in-node=\"0\">Estetica VIP Premium:<\/b> Il filo metallico dorato intrecciato conferisce un aspetto esclusivo e di alta qualit\u00e0 che distingue gli ospiti VIP.<\/p>\n<\/li>\n<li>\n<p data-path-to-node=\"7,1,0\"><b data-path-to-node=\"7,1,0\" data-index-in-node=\"0\">Sicurezza assoluta:<\/b> \u00c8 dotato di un meccanismo di blocco non trasferibile per impedire la condivisione e l&#039;accesso non autorizzati.<\/p>\n<\/li>\n<li>\n<p data-path-to-node=\"7,2,0\"><b data-path-to-node=\"7,2,0\" data-index-in-node=\"0\">Marchio duraturo:<\/b> Realizzato in poliestere di alta qualit\u00e0, resistente a festival di pi\u00f9 giorni, \u00e8 perfetto come souvenir.<\/p>\n<\/li>\n<li>\n<p data-path-to-node=\"7,3,0\"><b data-path-to-node=\"7,3,0\" data-index-in-node=\"0\">Personalizzazione completa:<\/b> La tessitura a colori consente di integrare loghi complessi con dettagli dorati scintillanti.<\/p>\n<\/li>\n<\/ul>","protected":false},"featured_media":6603,"comment_status":"closed","ping_status":"closed","template":"","meta":[],"product_brand":[],"product_cat":[47],"product_tag":[],"class_list":{"0":"post-6599","1":"product","2":"type-product","3":"status-publish","4":"has-post-thumbnail","6":"product_cat-fabric-wristbands","8":"first","9":"instock","10":"shipping-taxable","11":"purchasable","12":"product-type-simple"},"_links":{"self":[{"href":"https:\/\/displayproducts.eu\/it\/wp-json\/wp\/v2\/product\/6599","targetHints":{"allow":["GET"]}}],"collection":[{"href":"https:\/\/displayproducts.eu\/it\/wp-json\/wp\/v2\/product"}],"about":[{"href":"https:\/\/displayproducts.eu\/it\/wp-json\/wp\/v2\/types\/product"}],"replies":[{"embeddable":true,"href":"https:\/\/displayproducts.eu\/it\/wp-json\/wp\/v2\/comments?post=6599"}],"wp:featuredmedia":[{"embeddable":true,"href":"https:\/\/displayproducts.eu\/it\/wp-json\/wp\/v2\/media\/6603"}],"wp:attachment":[{"href":"https:\/\/displayproducts.eu\/it\/wp-json\/wp\/v2\/media?parent=6599"}],"wp:term":[{"taxonomy":"product_brand","embeddable":true,"href":"https:\/\/displayproducts.eu\/it\/wp-json\/wp\/v2\/product_brand?post=6599"},{"taxonomy":"product_cat","embeddable":true,"href":"https:\/\/displayproducts.eu\/it\/wp-json\/wp\/v2\/product_cat?post=6599"},{"taxonomy":"product_tag","embeddable":true,"href":"https:\/\/displayproducts.eu\/it\/wp-json\/wp\/v2\/product_tag?post=6599"}],"curies":[{"name":"wp","href":"https:\/\/api.w.org\/{rel}","templated":true}]}}