{"id":6514,"date":"2026-01-03T00:15:17","date_gmt":"2026-01-02T21:15:17","guid":{"rendered":"https:\/\/wristbandfactory.eu\/?post_type=product&#038;p=6514"},"modified":"2026-04-01T21:52:34","modified_gmt":"2026-04-01T18:52:34","slug":"event-watch-led-wristband-with-custom-logo","status":"publish","type":"product","link":"https:\/\/displayproducts.eu\/it\/p\/event-watch-led-wristband-with-custom-logo\/","title":{"rendered":"Braccialetti LED in stile orologio con logo"},"content":{"rendered":"<p data-path-to-node=\"10\">Valorizza il tuo branding aziendale con il braccialetto LED &quot;Event Watch&quot;. Progettato con un corpo prominente che imita un moderno orologio, questo modello \u00e8 specificamente progettato per la massima visibilit\u00e0 del marchio. La superficie piatta e sovradimensionata del modulo LED garantisce che anche i loghi pi\u00f9 dettagliati vengano riprodotti con chiarezza e rimangano al centro dell&#039;attenzione in tutta la struttura. Realizzato in ABS ad alto impatto e silicone di grado medicale, questo dispositivo indossabile da 30 g offre un aspetto solido e di alta qualit\u00e0 che gli ospiti apprezzeranno come souvenir high-tech.<\/p>\n<h2 data-path-to-node=\"11\">Caratteristiche principali<\/h2>\n<ul data-path-to-node=\"12\">\n<li>\n<p data-path-to-node=\"12,0,0\"><b data-path-to-node=\"12,0,0\" data-index-in-node=\"0\">Estetica premium in stile orologio:<\/b> Il design familiare dell&#039;orologio lo rende la scelta pi\u00f9 professionale per serate di gala e conferenze aziendali di alto livello.<\/p>\n<\/li>\n<li>\n<p data-path-to-node=\"12,1,0\"><b data-path-to-node=\"12,1,0\" data-index-in-node=\"0\">Integrazione RF professionale:<\/b> Si sincronizza perfettamente con la tua consolle luci per pulsare e lampeggiare in perfetta sincronia con la programmazione del palco dell&#039;evento.<\/p>\n<\/li>\n<li>\n<p data-path-to-node=\"12,2,0\"><b data-path-to-node=\"12,2,0\" data-index-in-node=\"0\">Durevole e riutilizzabile:<\/b> I materiali di alta qualit\u00e0 e il sistema di batterie sostituibili rendono questi braccialetti adatti all&#039;uso di pi\u00f9 giorni o a tour consecutivi.<\/p>\n<\/li>\n<li>\n<p data-path-to-node=\"12,3,0\"><b data-path-to-node=\"12,3,0\" data-index-in-node=\"0\">LED ad alta intensit\u00e0:<\/b> Offre una potente emissione luminosa in grado di visualizzare 15 colori distinti, per abbinarsi perfettamente alla tavolozza specifica del tuo marchio.<\/p>\n<\/li>\n<\/ul>\n<h2 data-path-to-node=\"13\">Specifiche<\/h2>\n<ul data-path-to-node=\"14\">\n<li>\n<p data-path-to-node=\"14,0,0\"><b data-path-to-node=\"14,0,0\" data-index-in-node=\"0\">Materiale:<\/b> Richiedi preventivo in ABS rinforzato e cinturino in silicone di alta qualit\u00e0<\/p>\n<\/li>\n<li>\n<p data-path-to-node=\"14,1,0\"><b data-path-to-node=\"14,1,0\" data-index-in-node=\"0\">Peso:<\/b> 30 g<\/p>\n<\/li>\n<li>\n<p data-path-to-node=\"14,2,0\"><b data-path-to-node=\"14,2,0\" data-index-in-node=\"0\">Dimensioni dell&#039;unit\u00e0:<\/b> 6,7 x 7,5 centimetri<\/p>\n<\/li>\n<li>\n<p data-path-to-node=\"14,3,0\"><b data-path-to-node=\"14,3,0\" data-index-in-node=\"0\">Comunicazione:<\/b> RF 433MHz \/ Telecomando \/ DMX512<\/p>\n<\/li>\n<li>\n<p data-path-to-node=\"14,4,0\"><b data-path-to-node=\"14,4,0\" data-index-in-node=\"0\">Batteria:<\/b> 2x CR2032 (sostituibili)<\/p>\n<\/li>\n<li>\n<p data-path-to-node=\"14,5,0\"><b data-path-to-node=\"14,5,0\" data-index-in-node=\"0\">Orario di lavoro:<\/b> Fino a 12 ore<\/p>\n<\/li>\n<li>\n<p data-path-to-node=\"14,6,0\"><b data-path-to-node=\"14,6,0\" data-index-in-node=\"0\">Colori LED:<\/b> 15 modalit\u00e0 multicolore<\/p>\n<\/li>\n<\/ul>\n<h2 data-path-to-node=\"15\">Casi d&#039;uso<\/h2>\n<ul data-path-to-node=\"16\">\n<li>\n<p data-path-to-node=\"16,0,0\"><b data-path-to-node=\"16,0,0\" data-index-in-node=\"0\">Eventi di gala aziendali:<\/b> Un dispositivo indossabile professionale che funge sia da accessorio interattivo sia da regalo di marca di alto valore.<\/p>\n<\/li>\n<li>\n<p data-path-to-node=\"16,1,0\"><b data-path-to-node=\"16,1,0\" data-index-in-node=\"0\">Conferenze su larga scala:<\/b> Trasformare l&#039;intero pubblico in una tela di luce sincronizzata durante i discorsi principali e le presentazioni.<\/p>\n<\/li>\n<li>\n<p data-path-to-node=\"16,2,0\"><b data-path-to-node=\"16,2,0\" data-index-in-node=\"0\">Marchio dello sponsor VIP:<\/b> Utilizzo del quadrante oversize per mettere in mostra gli sponsor principali dell&#039;evento durante esclusivi incontri serali.<\/p>\n<\/li>\n<li>\n<p data-path-to-node=\"16,3,0\"><b data-path-to-node=\"16,3,0\" data-index-in-node=\"0\">Lanci di prodotti:<\/b> Evidenziazione dell&#039;identit\u00e0 del marchio per migliaia di partecipanti contemporaneamente tramite il controllo centralizzato dell&#039;illuminazione.<\/p>\n<\/li>\n<\/ul>\n<p data-path-to-node=\"17\">","protected":false},"excerpt":{"rendered":"<ul>\n<li>\n<p data-path-to-node=\"9,0,0\"><b data-path-to-node=\"9,0,0\" data-index-in-node=\"0\">Design moderno dell&#039;orologio:<\/b> Presenta un&#039;importante richiedi preventivo rettangolare su un comodo cinturino in silicone, che richiama l&#039;aspetto di uno smartwatch professionale.<\/p>\n<\/li>\n<li>\n<p data-path-to-node=\"9,1,0\"><b data-path-to-node=\"9,1,0\" data-index-in-node=\"0\">Superficie di branding massimizzata:<\/b> Il quadrante piatto di grandi dimensioni offre la pi\u00f9 ampia area di stampa del nostro catalogo per loghi personalizzati di grande impatto.<\/p>\n<\/li>\n<li>\n<p data-path-to-node=\"9,2,0\"><b data-path-to-node=\"9,2,0\" data-index-in-node=\"0\">Potenza a lunga durata:<\/b> Dotato di 2 batterie CR2032 sostituibili, garantisce uno spettacolo di luci affidabile di 12 ore per eventi prolungati.<\/p>\n<\/li>\n<li>\n<p data-path-to-node=\"9,3,0\"><b data-path-to-node=\"9,3,0\" data-index-in-node=\"0\">Controllo completamente sincronizzato:<\/b> Risponde istantaneamente ai controller RF e DMX512 centrali per gestire simultaneamente 15 vivaci colori LED.<\/p>\n<\/li>\n<\/ul>","protected":false},"featured_media":6515,"comment_status":"closed","ping_status":"closed","template":"","meta":[],"product_brand":[],"product_cat":[80],"product_tag":[],"class_list":{"0":"post-6514","1":"product","2":"type-product","3":"status-publish","4":"has-post-thumbnail","6":"product_cat-led-wristbands","8":"first","9":"instock","10":"shipping-taxable","11":"purchasable","12":"product-type-simple"},"_links":{"self":[{"href":"https:\/\/displayproducts.eu\/it\/wp-json\/wp\/v2\/product\/6514","targetHints":{"allow":["GET"]}}],"collection":[{"href":"https:\/\/displayproducts.eu\/it\/wp-json\/wp\/v2\/product"}],"about":[{"href":"https:\/\/displayproducts.eu\/it\/wp-json\/wp\/v2\/types\/product"}],"replies":[{"embeddable":true,"href":"https:\/\/displayproducts.eu\/it\/wp-json\/wp\/v2\/comments?post=6514"}],"wp:featuredmedia":[{"embeddable":true,"href":"https:\/\/displayproducts.eu\/it\/wp-json\/wp\/v2\/media\/6515"}],"wp:attachment":[{"href":"https:\/\/displayproducts.eu\/it\/wp-json\/wp\/v2\/media?parent=6514"}],"wp:term":[{"taxonomy":"product_brand","embeddable":true,"href":"https:\/\/displayproducts.eu\/it\/wp-json\/wp\/v2\/product_brand?post=6514"},{"taxonomy":"product_cat","embeddable":true,"href":"https:\/\/displayproducts.eu\/it\/wp-json\/wp\/v2\/product_cat?post=6514"},{"taxonomy":"product_tag","embeddable":true,"href":"https:\/\/displayproducts.eu\/it\/wp-json\/wp\/v2\/product_tag?post=6514"}],"curies":[{"name":"wp","href":"https:\/\/api.w.org\/{rel}","templated":true}]}}