{"id":6507,"date":"2026-01-02T23:24:17","date_gmt":"2026-01-02T20:24:17","guid":{"rendered":"https:\/\/wristbandfactory.eu\/?post_type=product&#038;p=6507"},"modified":"2026-04-01T21:52:34","modified_gmt":"2026-04-01T18:52:34","slug":"the-bright-stadium-led-wristband-with-custom-logo","status":"publish","type":"product","link":"https:\/\/displayproducts.eu\/it\/p\/the-bright-stadium-led-wristband-with-custom-logo\/","title":{"rendered":"Braccialetti LED ad alta potenza per stadi con logo"},"content":{"rendered":"<p>Trasforma il tuo evento allo stadio in un ipnotico mare di luce con il braccialetto a LED &quot;The Bright&quot;. Questo modello \u00e8 specificamente progettato per produzioni su larga scala in cui i normali braccialetti a bottone non hanno la necessaria emissione luminosa. Utilizzando 11 LED singoli e un alimentatore AAA dedicato, &quot;The Bright&quot; garantisce che il tuo marchio e il tuo spettacolo di luci raggiungano anche i posti pi\u00f9 lontani con un&#039;intensit\u00e0 e una chiarezza ineguagliabili. \u00c8 lo strumento ideale per gli organizzatori di eventi che non scendono a compromessi in termini di impatto visivo.<\/p>\n<h2 data-path-to-node=\"11\">Caratteristiche principali<\/h2>\n<ul data-path-to-node=\"12\">\n<li>\n<p data-path-to-node=\"12,0,0\"><b data-path-to-node=\"12,0,0\" data-index-in-node=\"0\">Serie di 11 LED:<\/b> La nostra configurazione di illuminazione pi\u00f9 potente, progettata specificamente per la massima resa in grandi spazi all&#039;aperto e al chiuso.<\/p>\n<\/li>\n<li>\n<p data-path-to-node=\"12,1,0\"><b data-path-to-node=\"12,1,0\" data-index-in-node=\"0\">Alimentato da batteria AAA:<\/b> A differenza dei modelli standard, questo modello utilizza batterie AAA sostituibili per una manutenzione pi\u00f9 senza stampa e prestazioni ad alta intensit\u00e0 notevolmente pi\u00f9 durature.<\/p>\n<\/li>\n<li>\n<p data-path-to-node=\"12,2,0\"><b data-path-to-node=\"12,2,0\" data-index-in-node=\"0\">Controllo RF e DMX:<\/b> Si integra perfettamente con le console di illuminazione professionali per attivare cambiamenti di colore, onde e motivi in tempo reale.<\/p>\n<\/li>\n<li>\n<p data-path-to-node=\"12,3,0\"><b data-path-to-node=\"12,3,0\" data-index-in-node=\"0\">Costruzione durevole:<\/b> Realizzato in plastica ABS ad alto impatto e silicone confortevole per resistere alla partecipazione attiva della folla.<\/p>\n<\/li>\n<\/ul>\n<h2 data-path-to-node=\"13\">Specifiche<\/h2>\n<ul data-path-to-node=\"14\">\n<li>\n<p data-path-to-node=\"14,0,0\"><b data-path-to-node=\"14,0,0\" data-index-in-node=\"0\">Conteggio LED:<\/b> 11 LED ad alta intensit\u00e0.<\/p>\n<\/li>\n<li>\n<p data-path-to-node=\"14,1,0\"><b data-path-to-node=\"14,1,0\" data-index-in-node=\"0\">Fonte di alimentazione:<\/b> 2 batterie AAA (sostituibili).<\/p>\n<\/li>\n<li>\n<p data-path-to-node=\"14,2,0\"><b data-path-to-node=\"14,2,0\" data-index-in-node=\"0\">Peso:<\/b> 31 g (batterie incluse).<\/p>\n<\/li>\n<li>\n<p data-path-to-node=\"14,3,0\"><b data-path-to-node=\"14,3,0\" data-index-in-node=\"0\">Durata:<\/b> Fino a 12 ore di prestazioni attive.<\/p>\n<\/li>\n<li>\n<p data-path-to-node=\"14,4,0\"><b data-path-to-node=\"14,4,0\" data-index-in-node=\"0\">Comunicazione:<\/b> RF 433 MHz \/ DMX512.<\/p>\n<\/li>\n<li>\n<p data-path-to-node=\"14,5,0\"><b data-path-to-node=\"14,5,0\" data-index-in-node=\"0\">Materiale:<\/b> Richiedi preventivo in ABS ad alto impatto e cinturino in silicone.<\/p>\n<\/li>\n<li>\n<p data-path-to-node=\"14,6,0\"><b data-path-to-node=\"14,6,0\" data-index-in-node=\"0\">Personalizzazione:<\/b> Tampografia ad alta precisione sull&#039;alloggiamento della batteria\/LED.<\/p>\n<\/li>\n<\/ul>\n<h2 data-path-to-node=\"15\">Casi d&#039;uso<\/h2>\n<ul data-path-to-node=\"16\">\n<li>\n<p data-path-to-node=\"16,0,0\"><b data-path-to-node=\"16,0,0\" data-index-in-node=\"0\">Tour dei concerti negli stadi:<\/b> Creazione di spettacoli di luci imponenti e ad alta luminosit\u00e0, perfettamente sincronizzati con l&#039;esibizione musicale.<\/p>\n<\/li>\n<li>\n<p data-path-to-node=\"16,1,0\"><b data-path-to-node=\"16,1,0\" data-index-in-node=\"0\">Grandi festival all&#039;aperto:<\/b> Garantire la visibilit\u00e0 del marchio e il coinvolgimento del pubblico nell&#039;ampia area del festival durante la notte.<\/p>\n<\/li>\n<li>\n<p data-path-to-node=\"16,2,0\"><b data-path-to-node=\"16,2,0\" data-index-in-node=\"0\">Eventi sportivi:<\/b> Coinvolgere i tifosi e mettere in risalto i momenti salienti della partita con esposizioni luminose sincronizzate con i colori delle squadre.<\/p>\n<\/li>\n<li>\n<p data-path-to-node=\"16,3,0\"><b data-path-to-node=\"16,3,0\" data-index-in-node=\"0\">Attivazioni degli sponsor:<\/b> Fornire un accessorio indossabile di marca di alta qualit\u00e0 che gli ospiti apprezzeranno come un souvenir high-tech.<\/p>\n<\/li>\n<\/ul>","protected":false},"excerpt":{"rendered":"<ul>\n<li>\n<p data-path-to-node=\"9,0,0\"><b data-path-to-node=\"9,0,0\" data-index-in-node=\"0\">Visibilit\u00e0 massima:<\/b> Dotato di 11 LED ad alta intensit\u00e0 per garantire lo spettacolo di luci pi\u00f9 luminoso nei grandi stadi e nelle arene.<\/p>\n<\/li>\n<li>\n<p data-path-to-node=\"9,1,0\"><b data-path-to-node=\"9,1,0\" data-index-in-node=\"0\">Prestazioni estese:<\/b> Alimentato da 2 batterie AAA, garantisce un&#039;autonomia affidabile di 12 ore per gli eventi pi\u00f9 lunghi.<\/p>\n<\/li>\n<li>\n<p data-path-to-node=\"9,2,0\"><b data-path-to-node=\"9,2,0\" data-index-in-node=\"0\">Sincronizzazione professionale:<\/b> Completamente compatibile con i controller RF e DMX512 per effetti luce sincronizzati in tutto il locale.<\/p>\n<\/li>\n<li>\n<p data-path-to-node=\"9,3,0\"><b data-path-to-node=\"9,3,0\" data-index-in-node=\"0\">Personalizzazione B2B:<\/b> Ampia e ben visibile area di stampa sull&#039;alloggiamento in ABS per un marchio personalizzato ad alta visibilit\u00e0.<\/p>\n<\/li>\n<\/ul>","protected":false},"featured_media":6690,"comment_status":"closed","ping_status":"closed","template":"","meta":[],"product_brand":[],"product_cat":[80],"product_tag":[],"class_list":{"0":"post-6507","1":"product","2":"type-product","3":"status-publish","4":"has-post-thumbnail","6":"product_cat-led-wristbands","8":"first","9":"instock","10":"shipping-taxable","11":"product-type-simple"},"_links":{"self":[{"href":"https:\/\/displayproducts.eu\/it\/wp-json\/wp\/v2\/product\/6507","targetHints":{"allow":["GET"]}}],"collection":[{"href":"https:\/\/displayproducts.eu\/it\/wp-json\/wp\/v2\/product"}],"about":[{"href":"https:\/\/displayproducts.eu\/it\/wp-json\/wp\/v2\/types\/product"}],"replies":[{"embeddable":true,"href":"https:\/\/displayproducts.eu\/it\/wp-json\/wp\/v2\/comments?post=6507"}],"wp:featuredmedia":[{"embeddable":true,"href":"https:\/\/displayproducts.eu\/it\/wp-json\/wp\/v2\/media\/6690"}],"wp:attachment":[{"href":"https:\/\/displayproducts.eu\/it\/wp-json\/wp\/v2\/media?parent=6507"}],"wp:term":[{"taxonomy":"product_brand","embeddable":true,"href":"https:\/\/displayproducts.eu\/it\/wp-json\/wp\/v2\/product_brand?post=6507"},{"taxonomy":"product_cat","embeddable":true,"href":"https:\/\/displayproducts.eu\/it\/wp-json\/wp\/v2\/product_cat?post=6507"},{"taxonomy":"product_tag","embeddable":true,"href":"https:\/\/displayproducts.eu\/it\/wp-json\/wp\/v2\/product_tag?post=6507"}],"curies":[{"name":"wp","href":"https:\/\/api.w.org\/{rel}","templated":true}]}}