{"id":6239,"date":"2025-12-20T18:40:33","date_gmt":"2025-12-20T15:40:33","guid":{"rendered":"https:\/\/wristbandfactory.eu\/?post_type=product&#038;p=6239"},"modified":"2026-04-01T21:52:34","modified_gmt":"2026-04-01T18:52:34","slug":"custom-laser-engraved-portable-ashtrays-zinc-alloy-with-carabiner","status":"publish","type":"product","link":"https:\/\/displayproducts.eu\/it\/p\/custom-laser-engraved-portable-ashtrays-zinc-alloy-with-carabiner\/","title":{"rendered":"Posacenere tascabili personalizzati"},"content":{"rendered":"<p data-path-to-node=\"10\">Unisci stile, funzionalit\u00e0 e responsabilit\u00e0 ambientale con il nostro <b data-path-to-node=\"10\" data-index-in-node=\"97\">Posacenere portatili personalizzati con incisione laser<\/b>. Progettato per il professionista moderno, questo accessorio offre un modo discreto ed elegante per gestire cenere e mozziconi di sigaretta mentre si \u00e8 in movimento. Che sia per un dirigente d&#039;azienda, un appassionato di attivit\u00e0 all&#039;aperto o un regalo aziendale premuroso, questo posacenere in lega di zinco \u00e8 un segno di qualit\u00e0.<\/p>\n<p data-path-to-node=\"11\">L&#039;elegante <b data-path-to-node=\"11\" data-index-in-node=\"10\">Costruzione in lega di zinco<\/b> Non solo offre un&#039;estetica moderna e brillante in argento, ma garantisce anche durevolezza. \u00c8 resistente alla ruggine e all&#039;usura, mantenendo il suo aspetto lucido nel tempo. Il design compatto e rettangolare \u00e8 dotato di un meccanismo di chiusura di sicurezza per intrappolare odori e cenere all&#039;interno, rendendolo sicuro da trasportare in tasca o in borsa.<\/p>\n<h2 data-path-to-node=\"12\">Caratteristiche principali<\/h2>\n<ul data-path-to-node=\"13\">\n<li>\n<p data-path-to-node=\"13,0,0\"><b data-path-to-node=\"13,0,0\" data-index-in-node=\"0\">Costruito per durare:<\/b> La lega di zinco \u00e8 notevolmente pi\u00f9 resistente delle alternative in plastica o alluminio, conferendo al prodotto un peso soddisfacente e una sensazione di qualit\u00e0 elevata.<\/p>\n<\/li>\n<li>\n<p data-path-to-node=\"13,1,0\"><b data-path-to-node=\"13,1,0\" data-index-in-node=\"0\">Precisione laser:<\/b> Utilizziamo l&#039;incisione laser per incidere il tuo logo sulla superficie metallica. Questa tecnica crea un segno nitido e permanente che non si sbiadisce come l&#039;inchiostro stampato.<\/p>\n<\/li>\n<li>\n<p data-path-to-node=\"13,2,0\"><b data-path-to-node=\"13,2,0\" data-index-in-node=\"0\">Comodit\u00e0 portatile:<\/b> Dotato di moschettone (gancio), che consente agli utenti di agganciarlo ai passanti della cintura, agli zaini o ai portachiavi per un facile accesso.<\/p>\n<\/li>\n<li>\n<p data-path-to-node=\"13,3,0\"><b data-path-to-node=\"13,3,0\" data-index-in-node=\"0\">Igiene e sicurezza:<\/b> Il coperchio ermetico impedisce la fuoriuscita della cenere e trattiene gli odori, mantenendo pulite tasche e borse.<\/p>\n<\/li>\n<\/ul>\n<h2 data-path-to-node=\"14\">Specifiche<\/h2>\n<ul data-path-to-node=\"15\">\n<li>\n<p data-path-to-node=\"15,0,0\"><b data-path-to-node=\"15,0,0\" data-index-in-node=\"0\">Materiale:<\/b> Lega di zinco di alta qualit\u00e0.<\/p>\n<\/li>\n<li>\n<p data-path-to-node=\"15,1,0\"><b data-path-to-node=\"15,1,0\" data-index-in-node=\"0\">Fine:<\/b> Argento lucido \/ lucido.<\/p>\n<\/li>\n<li>\n<p data-path-to-node=\"15,2,0\"><b data-path-to-node=\"15,2,0\" data-index-in-node=\"0\">Dimensioni:<\/b> 85 \u00d7 32 \u00d7 17 millimetri.<\/p>\n<\/li>\n<li>\n<p data-path-to-node=\"15,3,0\"><b data-path-to-node=\"15,3,0\" data-index-in-node=\"0\">Metodo di branding:<\/b> Incisione laser (un lato).<\/p>\n<\/li>\n<li>\n<p data-path-to-node=\"15,4,0\"><b data-path-to-node=\"15,4,0\" data-index-in-node=\"0\">Confezione:<\/b> Consegnato in una custodia\/borsa protettiva, pronto per essere regalato.<\/p>\n<\/li>\n<li>\n<p data-path-to-node=\"15,5,0\"><b data-path-to-node=\"15,5,0\" data-index-in-node=\"0\">Caratteristiche:<\/b> Moschettone integrato.<\/p>\n<\/li>\n<\/ul>\n<h2 data-path-to-node=\"16\">Casi d&#039;uso<\/h2>\n<ul data-path-to-node=\"17\">\n<li>\n<p data-path-to-node=\"17,0,0\"><b data-path-to-node=\"17,0,0\" data-index-in-node=\"0\">Regali aziendali:<\/b> Un regalo sofisticato per clienti e partner che apprezzano accessori pratici e di alta qualit\u00e0.<\/p>\n<\/li>\n<li>\n<p data-path-to-node=\"17,1,0\"><b data-path-to-node=\"17,1,0\" data-index-in-node=\"0\">Eventi all&#039;aperto:<\/b> Indispensabile per festival, tornei di golf e luoghi all&#039;aperto, per mantenere il terreno libero da rifiuti.<\/p>\n<\/li>\n<li>\n<p data-path-to-node=\"17,2,0\"><b data-path-to-node=\"17,2,0\" data-index-in-node=\"0\">Ospitalit\u00e0:<\/b> Offrire posacenere portatili con il marchio del cliente agli ospiti dell&#039;hotel o ai clienti del ristorante nelle aree fumatori.<\/p>\n<\/li>\n<\/ul>\n<p data-path-to-node=\"18\">","protected":false},"excerpt":{"rendered":"<ul>\n<li>\n<p data-path-to-node=\"9,0,0\"><b data-path-to-node=\"9,0,0\" data-index-in-node=\"0\">Materiale di prima qualit\u00e0:<\/b> Realizzato in lega di zinco di alta qualit\u00e0 con finitura argento lucido, resistente alla ruggine e all&#039;usura.<\/p>\n<\/li>\n<li>\n<p data-path-to-node=\"9,1,0\"><b data-path-to-node=\"9,1,0\" data-index-in-node=\"0\">Compatto e portatile:<\/b> Con le sue dimensioni di 85 \u00d7 32 \u00d7 17 mm, si adatta facilmente alle tasche o alle borse, oppure si aggancia all&#039;attrezzatura tramite il moschettone.<\/p>\n<\/li>\n<li>\n<p data-path-to-node=\"9,2,0\"><b data-path-to-node=\"9,2,0\" data-index-in-node=\"0\">Branding sofisticato:<\/b> Il tuo logo verr\u00e0 inciso al laser sul lato per un aspetto permanente, discreto e professionale.<\/p>\n<\/li>\n<li>\n<p data-path-to-node=\"9,3,0\"><b data-path-to-node=\"9,3,0\" data-index-in-node=\"0\">Soluzione ecologica:<\/b> Incoraggia lo smaltimento responsabile dei rifiuti di sigarette, perfetto per eventi all&#039;aperto e iniziative ecologiche.<\/p>\n<\/li>\n<\/ul>","protected":false},"featured_media":6240,"comment_status":"closed","ping_status":"closed","template":"","meta":[],"product_brand":[],"product_cat":[68,121],"product_tag":[],"class_list":{"0":"post-6239","1":"product","2":"type-product","3":"status-publish","4":"has-post-thumbnail","6":"product_cat-event-supplies","7":"product_cat-promotional-merchandise","9":"first","10":"instock","11":"shipping-taxable","12":"purchasable","13":"product-type-simple"},"_links":{"self":[{"href":"https:\/\/displayproducts.eu\/it\/wp-json\/wp\/v2\/product\/6239","targetHints":{"allow":["GET"]}}],"collection":[{"href":"https:\/\/displayproducts.eu\/it\/wp-json\/wp\/v2\/product"}],"about":[{"href":"https:\/\/displayproducts.eu\/it\/wp-json\/wp\/v2\/types\/product"}],"replies":[{"embeddable":true,"href":"https:\/\/displayproducts.eu\/it\/wp-json\/wp\/v2\/comments?post=6239"}],"wp:featuredmedia":[{"embeddable":true,"href":"https:\/\/displayproducts.eu\/it\/wp-json\/wp\/v2\/media\/6240"}],"wp:attachment":[{"href":"https:\/\/displayproducts.eu\/it\/wp-json\/wp\/v2\/media?parent=6239"}],"wp:term":[{"taxonomy":"product_brand","embeddable":true,"href":"https:\/\/displayproducts.eu\/it\/wp-json\/wp\/v2\/product_brand?post=6239"},{"taxonomy":"product_cat","embeddable":true,"href":"https:\/\/displayproducts.eu\/it\/wp-json\/wp\/v2\/product_cat?post=6239"},{"taxonomy":"product_tag","embeddable":true,"href":"https:\/\/displayproducts.eu\/it\/wp-json\/wp\/v2\/product_tag?post=6239"}],"curies":[{"name":"wp","href":"https:\/\/api.w.org\/{rel}","templated":true}]}}