{"id":6224,"date":"2025-12-20T18:00:02","date_gmt":"2025-12-20T15:00:02","guid":{"rendered":"https:\/\/wristbandfactory.eu\/?post_type=product&#038;p=6224"},"modified":"2026-04-01T21:52:34","modified_gmt":"2026-04-01T18:52:34","slug":"custom-foldable-glasses-cases-pu-leather-metal-core","status":"publish","type":"product","link":"https:\/\/displayproducts.eu\/it\/p\/custom-foldable-glasses-cases-pu-leather-metal-core\/","title":{"rendered":"Custodie per occhiali pieghevoli personalizzate"},"content":{"rendered":"<p data-path-to-node=\"10\">Aggiorna i tuoi accessori di marca con il nostro <b data-path-to-node=\"10\" data-index-in-node=\"67\">Custodie per occhiali pieghevoli personalizzate<\/b>. Progettata per la praticit\u00e0 moderna, questa custodia risolve il problema di riporre gli occhiali ingombranti. Quando gli occhiali sono in uso, la custodia si ripiega completamente, infilandosi facilmente nella tasca della giacca o in una borsa sottile.<\/p>\n<p data-path-to-node=\"11\">Ideale per negozi di ottica, campagne estive e regali aziendali da viaggio, questa custodia unisce resistenza ed estetica di alta qualit\u00e0. Il nucleo \u00e8 realizzato in piastre metalliche leggere per garantire l&#039;integrit\u00e0 strutturale, rivestito in morbida pelle PU per un tocco di pregio e foderato in morbido tessuto per proteggere le lenti dai graffi.<\/p>\n<h2 data-path-to-node=\"12\">Caratteristiche principali<\/h2>\n<ul data-path-to-node=\"13\">\n<li>\n<p data-path-to-node=\"13,0,0\"><b data-path-to-node=\"13,0,0\" data-index-in-node=\"0\">Area massima di branding:<\/b> A differenza dei casi standard limitati a un piccolo logo, questo modello consente <b data-path-to-node=\"13,0,0\" data-index-in-node=\"92\">stampa digitale CMYK su tutta la superficie<\/b> su tutto l&#039;esterno.<\/p>\n<\/li>\n<li>\n<p data-path-to-node=\"13,1,0\"><b data-path-to-node=\"13,1,0\" data-index-in-node=\"0\">Dettagli degli interni di lusso:<\/b> Aggiungi un tocco di eleganza con un argento o oro <b data-path-to-node=\"13,1,0\" data-index-in-node=\"70\">logo stampato a caldo<\/b> (5 \u00d7 2 cm) sulla fodera interna.<\/p>\n<\/li>\n<li>\n<p data-path-to-node=\"13,2,0\"><b data-path-to-node=\"13,2,0\" data-index-in-node=\"0\">Vestibilit\u00e0 universale:<\/b> Una volta aperto, la forma triangolare accoglie la maggior parte degli occhiali da lettura e da sole standard.<\/p>\n<\/li>\n<li>\n<p data-path-to-node=\"13,3,0\"><b data-path-to-node=\"13,3,0\" data-index-in-node=\"0\">Resistenza strutturale:<\/b> La struttura in piastra metallica garantisce che la custodia, pur essendo pieghevole, sia rigida e protettiva quando viene espansa.<\/p>\n<\/li>\n<\/ul>\n<h2 data-path-to-node=\"14\">Specifiche<\/h2>\n<ul data-path-to-node=\"15\">\n<li>\n<p data-path-to-node=\"15,0,0\"><b data-path-to-node=\"15,0,0\" data-index-in-node=\"0\">Materiale:<\/b> Anima in metallo leggero, esterno in pelle PU, fodera in tessuto morbido.<\/p>\n<\/li>\n<li>\n<p data-path-to-node=\"15,1,0\"><b data-path-to-node=\"15,1,0\" data-index-in-node=\"0\">Dimensioni (chiuso):<\/b> 16 \u00d7 6,5 \u00d7 1,0 centimetri.<\/p>\n<\/li>\n<li>\n<p data-path-to-node=\"15,2,0\"><b data-path-to-node=\"15,2,0\" data-index-in-node=\"0\">Dimensioni (aperto):<\/b> 16 \u00d7 6,5 \u00d7 6,5 centimetri.<\/p>\n<\/li>\n<li>\n<p data-path-to-node=\"15,3,0\"><b data-path-to-node=\"15,3,0\" data-index-in-node=\"0\">Tipo di chiusura:<\/b> Striscia magnetica nascosta.<\/p>\n<\/li>\n<li>\n<p data-path-to-node=\"15,4,0\"><b data-path-to-node=\"15,4,0\" data-index-in-node=\"0\">Opzioni di branding:<\/b><\/p>\n<ul data-path-to-node=\"15,4,1\">\n<li>\n<p data-path-to-node=\"15,4,1,0,0\">Esterno: stampa a colori (CMYK).<\/p>\n<\/li>\n<li>\n<p data-path-to-node=\"15,4,1,1,0\">Interno: stampa a caldo (lamina oro o argento).<\/p>\n<\/li>\n<\/ul>\n<\/li>\n<li>\n<p data-path-to-node=\"15,5,0\"><b data-path-to-node=\"15,5,0\" data-index-in-node=\"0\">Confezione:<\/b> Sacchetto di plastica individuale (standard).<\/p>\n<ul data-path-to-node=\"15,5,1\">\n<li>\n<p data-path-to-node=\"15,5,1,0,0\"><i data-path-to-node=\"15,5,1,0,0\" data-index-in-node=\"0\">Opzionale:<\/i> Inserto in cartoncino stampato personalizzato (15 \u00d7 6 cm).<\/p>\n<\/li>\n<\/ul>\n<\/li>\n<\/ul>\n<h2 data-path-to-node=\"16\">Casi d&#039;uso<\/h2>\n<ul data-path-to-node=\"17\">\n<li>\n<p data-path-to-node=\"17,0,0\"><b data-path-to-node=\"17,0,0\" data-index-in-node=\"0\">Rivenditori di ottica:<\/b> Un omaggio di grande valore con l&#039;acquisto di occhiali da vista.<\/p>\n<\/li>\n<li>\n<p data-path-to-node=\"17,1,0\"><b data-path-to-node=\"17,1,0\" data-index-in-node=\"0\">Viaggi e turismo:<\/b> Perfetto per agenzie di viaggio o compagnie aeree come accessorio da viaggio salvaspazio.<\/p>\n<\/li>\n<li>\n<p data-path-to-node=\"17,2,0\"><b data-path-to-node=\"17,2,0\" data-index-in-node=\"0\">Promozioni estive:<\/b> Il compagno ideale per le campagne pubblicitarie di occhiali da sole di marca.<\/p>\n<\/li>\n<\/ul>","protected":false},"excerpt":{"rendered":"<ul>\n<li>\n<p data-path-to-node=\"9,0,0\"><b data-path-to-node=\"9,0,0\" data-index-in-node=\"0\">Design pieghevole intelligente:<\/b> Quando non viene utilizzato, si ripiega fino a raggiungere uno spessore di soli 1,0 cm, risparmiando prezioso spazio in tasca o in borsa.<\/p>\n<\/li>\n<li>\n<p data-path-to-node=\"9,1,0\"><b data-path-to-node=\"9,1,0\" data-index-in-node=\"0\">Personalizzazione completa:<\/b> L&#039;intera superficie esterna in PU pu\u00f2 essere stampata a colori, mentre l&#039;interno \u00e8 caratterizzato da un lussuoso logo stampato a caldo.<\/p>\n<\/li>\n<li>\n<p data-path-to-node=\"9,2,0\"><b data-path-to-node=\"9,2,0\" data-index-in-node=\"0\">Materiali di prima qualit\u00e0:<\/b> Realizzato con robuste piastre in metallo leggero, rivestito in pelle PU e foderato in morbido tessuto per evitare graffi.<\/p>\n<\/li>\n<li>\n<p data-path-to-node=\"9,3,0\"><b data-path-to-node=\"9,3,0\" data-index-in-node=\"0\">Chiusura magnetica:<\/b> Il coperchio magnetico sicuro e facile da usare mantiene gli occhiali al sicuro.<\/p>\n<\/li>\n<\/ul>","protected":false},"featured_media":6225,"comment_status":"closed","ping_status":"closed","template":"","meta":[],"product_brand":[],"product_cat":[121],"product_tag":[],"class_list":{"0":"post-6224","1":"product","2":"type-product","3":"status-publish","4":"has-post-thumbnail","6":"product_cat-promotional-merchandise","8":"first","9":"instock","10":"shipping-taxable","11":"product-type-simple"},"_links":{"self":[{"href":"https:\/\/displayproducts.eu\/it\/wp-json\/wp\/v2\/product\/6224","targetHints":{"allow":["GET"]}}],"collection":[{"href":"https:\/\/displayproducts.eu\/it\/wp-json\/wp\/v2\/product"}],"about":[{"href":"https:\/\/displayproducts.eu\/it\/wp-json\/wp\/v2\/types\/product"}],"replies":[{"embeddable":true,"href":"https:\/\/displayproducts.eu\/it\/wp-json\/wp\/v2\/comments?post=6224"}],"wp:featuredmedia":[{"embeddable":true,"href":"https:\/\/displayproducts.eu\/it\/wp-json\/wp\/v2\/media\/6225"}],"wp:attachment":[{"href":"https:\/\/displayproducts.eu\/it\/wp-json\/wp\/v2\/media?parent=6224"}],"wp:term":[{"taxonomy":"product_brand","embeddable":true,"href":"https:\/\/displayproducts.eu\/it\/wp-json\/wp\/v2\/product_brand?post=6224"},{"taxonomy":"product_cat","embeddable":true,"href":"https:\/\/displayproducts.eu\/it\/wp-json\/wp\/v2\/product_cat?post=6224"},{"taxonomy":"product_tag","embeddable":true,"href":"https:\/\/displayproducts.eu\/it\/wp-json\/wp\/v2\/product_tag?post=6224"}],"curies":[{"name":"wp","href":"https:\/\/api.w.org\/{rel}","templated":true}]}}