{"id":6150,"date":"2025-12-19T16:10:08","date_gmt":"2025-12-19T13:10:08","guid":{"rendered":"https:\/\/wristbandfactory.eu\/?post_type=product&#038;p=6150"},"modified":"2026-04-01T21:52:34","modified_gmt":"2026-04-01T18:52:34","slug":"custom-printed-hand-fans-bamboo-wood-plastic","status":"publish","type":"product","link":"https:\/\/displayproducts.eu\/it\/p\/custom-printed-hand-fans-bamboo-wood-plastic\/","title":{"rendered":"Ventagli personalizzati (Bamb\u00f9, Legno e Plastica)"},"content":{"rendered":"<p data-path-to-node=\"10\">Combatti il caldo e mostra il tuo marchio con la nostra versatile gamma di <b data-path-to-node=\"10\" data-index-in-node=\"90\">Ventagli stampati personalizzati<\/b>. Una &quot;brezza fresca&quot; \u00e8 il regalo migliore che puoi fare al tuo pubblico di riferimento durante festival estivi, conferenze all&#039;aperto o matrimoni. A differenza di un volantino che viene buttato via, un ventaglio \u00e8 un accessorio funzionale che i partecipanti terranno in mano e useranno ripetutamente, mantenendo il tuo logo sempre all&#039;altezza degli occhi.<\/p>\n<p data-path-to-node=\"11\">Offriamo quattro stili distinti per adattarsi all&#039;estetica del tuo marchio: dal bamb\u00f9 e legno ecocompatibili per un aspetto naturale di alta qualit\u00e0, alle opzioni in plastica colorata per promozioni ad alto volume.<\/p>\n<h3 data-path-to-node=\"12\">Modelli disponibili<\/h3>\n<p><strong>1. Il classico (plastica e tessuto)<\/strong><\/p>\n<p>Resistente e colorato.<\/p>\n<ul data-path-to-node=\"14\">\n<li>\n<p data-path-to-node=\"14,0,0\"><b data-path-to-node=\"14,0,0\" data-index-in-node=\"0\">Costolette:<\/b> Plastica (12 stecche + 2 terminali). Terminali disponibili in diversi colori e stampabili.<\/p>\n<\/li>\n<li>\n<p data-path-to-node=\"14,1,0\"><b data-path-to-node=\"14,1,0\" data-index-in-node=\"0\">Foglio:<\/b> Tessuto in poliestere bianco 210T.<\/p>\n<\/li>\n<li>\n<p data-path-to-node=\"14,2,0\"><b data-path-to-node=\"14,2,0\" data-index-in-node=\"0\">Stampa:<\/b> A colori su un lato.<\/p>\n<\/li>\n<\/ul>\n<p><strong>2. Il Natural Premium (legno e tessuto)<\/strong><\/p>\n<p>Elegante e robusto.<\/p>\n<ul data-path-to-node=\"16\">\n<li>\n<p data-path-to-node=\"16,0,0\"><b data-path-to-node=\"16,0,0\" data-index-in-node=\"0\">Costolette:<\/b> Legno naturale (14 stecche + 2 terminali). I terminali possono essere stampati con il tuo logo.<\/p>\n<\/li>\n<li>\n<p data-path-to-node=\"16,1,0\"><b data-path-to-node=\"16,1,0\" data-index-in-node=\"0\">Foglio:<\/b> Tessuto in poliestere bianco 210T.<\/p>\n<\/li>\n<li>\n<p data-path-to-node=\"16,2,0\"><b data-path-to-node=\"16,2,0\" data-index-in-node=\"0\">Stampa:<\/b> A colori su un lato.<\/p>\n<\/li>\n<\/ul>\n<p><strong>3. L&#039;Eco Tradizionale (Bamb\u00f9 e Carta)<\/strong><\/p>\n<p>Leggero e con la classica sensazione della carta.<\/p>\n<ul data-path-to-node=\"18\">\n<li>\n<p data-path-to-node=\"18,0,0\"><b data-path-to-node=\"18,0,0\" data-index-in-node=\"0\">Costolette:<\/b> Bamb\u00f9 (18 stecche + 2 terminali). I terminali possono essere stampati.<\/p>\n<\/li>\n<li>\n<p data-path-to-node=\"18,1,0\"><b data-path-to-node=\"18,1,0\" data-index-in-node=\"0\">Foglio:<\/b> Carta bianca da 80 g\/m\u00b2.<\/p>\n<\/li>\n<li>\n<p data-path-to-node=\"18,2,0\"><b data-path-to-node=\"18,2,0\" data-index-in-node=\"0\">Stampa:<\/b> A colori su uno o due lati.<\/p>\n<\/li>\n<\/ul>\n<p><strong>4. Il budget promozionale (plastica e carta)<\/strong><\/p>\n<p>Conveniente per grandi folle.<\/p>\n<ul data-path-to-node=\"20\">\n<li>\n<p data-path-to-node=\"20,0,0\"><b data-path-to-node=\"20,0,0\" data-index-in-node=\"0\">Costolette:<\/b> Plastica bianca. (I terminali non possono essere stampati; per MOQ elevati \u00e8 disponibile una combinazione di colori personalizzata).<\/p>\n<\/li>\n<li>\n<p data-path-to-node=\"20,1,0\"><b data-path-to-node=\"20,1,0\" data-index-in-node=\"0\">Foglio:<\/b> Carta bianca da 80 g\/m\u00b2.<\/p>\n<\/li>\n<li>\n<p data-path-to-node=\"20,2,0\"><b data-path-to-node=\"20,2,0\" data-index-in-node=\"0\">Stampa:<\/b> A colori su un lato.<\/p>\n<\/li>\n<\/ul>\n<h2 data-path-to-node=\"21\">Caratteristiche principali<\/h2>\n<ul data-path-to-node=\"22\">\n<li>\n<p data-path-to-node=\"22,0,0\"><b data-path-to-node=\"22,0,0\" data-index-in-node=\"0\">Ampia superficie di branding:<\/b> Il foglio a ventaglio offre una tela ampia e curva per le tue opere d&#039;arte, i tuoi slogan o le immagini della tua campagna.<\/p>\n<\/li>\n<li>\n<p data-path-to-node=\"22,1,0\"><b data-path-to-node=\"22,1,0\" data-index-in-node=\"0\">Costine personalizzabili:<\/b> A seconda del modello, \u00e8 possibile aggiungere loghi extra alle estremit\u00e0 rigide (costole) per un marchio pi\u00f9 discreto e dettagliato.<\/p>\n<\/li>\n<li>\n<p data-path-to-node=\"22,2,0\"><b data-path-to-node=\"22,2,0\" data-index-in-node=\"0\">Compatto e portatile:<\/b> Si ripiega rapidamente per poter essere riposto in borse o tasche.<\/p>\n<\/li>\n<\/ul>\n<h2 data-path-to-node=\"23\">Specifiche<\/h2>\n<table data-path-to-node=\"24\">\n<thead>\n<tr>\n<td><strong>Caratteristica<\/strong><\/td>\n<td><strong>Plastica + Tessuto<\/strong><\/td>\n<td><strong>Legno + Tessuto<\/strong><\/td>\n<td><strong>Bamb\u00f9 + Carta<\/strong><\/td>\n<td><strong>Plastica + Carta<\/strong><\/td>\n<\/tr>\n<\/thead>\n<tbody>\n<tr>\n<td><span data-path-to-node=\"24,1,0,0\"><b data-path-to-node=\"24,1,0,0\" data-index-in-node=\"0\">Materiale delle costole<\/b><\/span><\/td>\n<td><span data-path-to-node=\"24,1,1,0\">Plastica<\/span><\/td>\n<td><span data-path-to-node=\"24,1,2,0\">Legna<\/span><\/td>\n<td><span data-path-to-node=\"24,1,3,0\">Bamb\u00f9<\/span><\/td>\n<td><span data-path-to-node=\"24,1,4,0\">Plastica (bianca)<\/span><\/td>\n<\/tr>\n<tr>\n<td><span data-path-to-node=\"24,2,0,0\"><b data-path-to-node=\"24,2,0,0\" data-index-in-node=\"0\">Materiale in fogli<\/b><\/span><\/td>\n<td><span data-path-to-node=\"24,2,1,0\">Poliestere 210T<\/span><\/td>\n<td><span data-path-to-node=\"24,2,2,0\">Poliestere 210T<\/span><\/td>\n<td><span data-path-to-node=\"24,2,3,0\">Carta da 80 g\/m\u00b2<\/span><\/td>\n<td><span data-path-to-node=\"24,2,4,0\">Carta da 80 g\/m\u00b2<\/span><\/td>\n<\/tr>\n<tr>\n<td><span data-path-to-node=\"24,3,0,0\"><b data-path-to-node=\"24,3,0,0\" data-index-in-node=\"0\">conteggio delle costole<\/b><\/span><\/td>\n<td><span data-path-to-node=\"24,3,1,0\">12 + 2 pezzi finali<\/span><\/td>\n<td><span data-path-to-node=\"24,3,2,0\">14 + 2 pezzi finali<\/span><\/td>\n<td><span data-path-to-node=\"24,3,3,0\">18 + 2 pezzi finali<\/span><\/td>\n<td><span data-path-to-node=\"24,3,4,0\">Standard<\/span><\/td>\n<\/tr>\n<tr>\n<td><span data-path-to-node=\"24,4,0,0\"><b data-path-to-node=\"24,4,0,0\" data-index-in-node=\"0\">Dimensioni (aperto)<\/b><\/span><\/td>\n<td><span data-path-to-node=\"24,4,1,0\">23 x 42 centimetri<\/span><\/td>\n<td><span data-path-to-node=\"24,4,2,0\">23 x 42 centimetri<\/span><\/td>\n<td><span data-path-to-node=\"24,4,3,0\">21 x 38 centimetri<\/span><\/td>\n<td><span data-path-to-node=\"24,4,4,0\">23 x 42 centimetri<\/span><\/td>\n<\/tr>\n<tr>\n<td><span data-path-to-node=\"24,5,0,0\"><b data-path-to-node=\"24,5,0,0\" data-index-in-node=\"0\">Area di stampa<\/b><\/span><\/td>\n<td><span data-path-to-node=\"24,5,1,0\">1 lato<\/span><\/td>\n<td><span data-path-to-node=\"24,5,2,0\">1 lato<\/span><\/td>\n<td><span data-path-to-node=\"24,5,3,0\">1 o 2 lati<\/span><\/td>\n<td><span data-path-to-node=\"24,5,4,0\">1 lato<\/span><\/td>\n<\/tr>\n<tr>\n<td><span data-path-to-node=\"24,6,0,0\"><b data-path-to-node=\"24,6,0,0\" data-index-in-node=\"0\">Stampa del pezzo finale<\/b><\/span><\/td>\n<td><span data-path-to-node=\"24,6,1,0\">S\u00cc<\/span><\/td>\n<td><span data-path-to-node=\"24,6,2,0\">S\u00cc<\/span><\/td>\n<td><span data-path-to-node=\"24,6,3,0\">S\u00cc<\/span><\/td>\n<td><span data-path-to-node=\"24,6,4,0\">NO<\/span><\/td>\n<\/tr>\n<\/tbody>\n<\/table>\n<h2 data-path-to-node=\"25\">Casi d&#039;uso<\/h2>\n<ul data-path-to-node=\"26\">\n<li>\n<p data-path-to-node=\"26,0,0\"><b data-path-to-node=\"26,0,0\" data-index-in-node=\"0\">Matrimoni estivi:<\/b> Un bellissimo omaggio per gli ospiti durante le cerimonie all&#039;aperto.<\/p>\n<\/li>\n<li>\n<p data-path-to-node=\"26,1,0\"><b data-path-to-node=\"26,1,0\" data-index-in-node=\"0\">Festival musicali:<\/b> Attrezzatura essenziale per la sopravvivenza quando fa caldo e ci si ritrova tra la folla che balla.<\/p>\n<\/li>\n<li>\n<p data-path-to-node=\"26,2,0\"><b data-path-to-node=\"26,2,0\" data-index-in-node=\"0\">Campagne politiche:<\/b> Articoli ad alta visibilit\u00e0 che i tifosi sventolano in aria.<\/p>\n<\/li>\n<li>\n<p data-path-to-node=\"26,3,0\"><b data-path-to-node=\"26,3,0\" data-index-in-node=\"0\">Turismo e Resort:<\/b> Ottimi regali di benvenuto per gli hotel nei climi caldi.<\/p>\n<\/li>\n<\/ul>","protected":false},"excerpt":{"rendered":"<ul>\n<li>\n<p data-path-to-node=\"9,0,0\"><b data-path-to-node=\"9,0,0\" data-index-in-node=\"0\">4 combinazioni di materiali:<\/b> Scegli tra Plastica\/Tessuto, Legno\/Tessuto, Bamb\u00f9\/Carta o Plastica\/Carta.<\/p>\n<\/li>\n<li>\n<p data-path-to-node=\"9,1,0\"><b data-path-to-node=\"9,1,0\" data-index-in-node=\"0\">Branding completo:<\/b> Stampa a colori di alta qualit\u00e0 su foglio a ventaglio (carta o poliestere).<\/p>\n<\/li>\n<li>\n<p data-path-to-node=\"9,2,0\"><b data-path-to-node=\"9,2,0\" data-index-in-node=\"0\">Opzioni per le costole:<\/b> Robuste stecche con numero di pezzi che varia da 12 a 18, a seconda del modello.<\/p>\n<\/li>\n<li>\n<p data-path-to-node=\"9,3,0\"><b data-path-to-node=\"9,3,0\" data-index-in-node=\"0\">Essenziale per l&#039;estate:<\/b> Il regalo perfetto per matrimoni all&#039;aperto, festival ed eventi sportivi.<\/p>\n<\/li>\n<\/ul>","protected":false},"featured_media":6311,"comment_status":"closed","ping_status":"closed","template":"","meta":[],"product_brand":[],"product_cat":[45],"product_tag":[],"class_list":{"0":"post-6150","1":"product","2":"type-product","3":"status-publish","4":"has-post-thumbnail","6":"product_cat-other","8":"first","9":"instock","10":"shipping-taxable","11":"purchasable","12":"product-type-simple"},"_links":{"self":[{"href":"https:\/\/displayproducts.eu\/it\/wp-json\/wp\/v2\/product\/6150","targetHints":{"allow":["GET"]}}],"collection":[{"href":"https:\/\/displayproducts.eu\/it\/wp-json\/wp\/v2\/product"}],"about":[{"href":"https:\/\/displayproducts.eu\/it\/wp-json\/wp\/v2\/types\/product"}],"replies":[{"embeddable":true,"href":"https:\/\/displayproducts.eu\/it\/wp-json\/wp\/v2\/comments?post=6150"}],"wp:featuredmedia":[{"embeddable":true,"href":"https:\/\/displayproducts.eu\/it\/wp-json\/wp\/v2\/media\/6311"}],"wp:attachment":[{"href":"https:\/\/displayproducts.eu\/it\/wp-json\/wp\/v2\/media?parent=6150"}],"wp:term":[{"taxonomy":"product_brand","embeddable":true,"href":"https:\/\/displayproducts.eu\/it\/wp-json\/wp\/v2\/product_brand?post=6150"},{"taxonomy":"product_cat","embeddable":true,"href":"https:\/\/displayproducts.eu\/it\/wp-json\/wp\/v2\/product_cat?post=6150"},{"taxonomy":"product_tag","embeddable":true,"href":"https:\/\/displayproducts.eu\/it\/wp-json\/wp\/v2\/product_tag?post=6150"}],"curies":[{"name":"wp","href":"https:\/\/api.w.org\/{rel}","templated":true}]}}