{"id":6101,"date":"2025-12-17T16:12:54","date_gmt":"2025-12-17T13:12:54","guid":{"rendered":"https:\/\/wristbandfactory.eu\/?post_type=product&#038;p=6101"},"modified":"2026-04-01T21:52:34","modified_gmt":"2026-04-01T18:52:34","slug":"custom-printed-helmet-covers-lycra-spandex","status":"publish","type":"product","link":"https:\/\/displayproducts.eu\/it\/p\/custom-printed-helmet-covers-lycra-spandex\/","title":{"rendered":"Copricasco personalizzati con logo"},"content":{"rendered":"<p data-path-to-node=\"11\">Distinguiti sulle piste, in pista o in strada con i nostri <b>Copricaschi stampati personalizzati<\/b>. Progettate per squadre sportive, scuole di sci e sponsor aziendali, queste coperture trasformano i normali dispositivi di sicurezza in un elemento distintivo della tua uniforme o campagna di marketing.<\/p>\n<p data-path-to-node=\"12\">Realizzato in alta qualit\u00e0 <b>100% Lycra (Elastan)<\/b>, il materiale offre un&#039;elasticit\u00e0 eccezionale. Ci\u00f2 garantisce una vestibilit\u00e0 aderente e aerodinamica su quasi tutte le forme di casco, sia per lo sci, il ciclismo o il pattinaggio sul ghiaccio, senza compromettere la sicurezza o il comfort.<\/p>\n<h2 data-path-to-node=\"13\">Caratteristiche principali<\/h2>\n<ul data-path-to-node=\"14\">\n<li>\n<p data-path-to-node=\"14,0,0\"><b>Taglia unica:<\/b> Grazie all&#039;elasticit\u00e0 superiore del Lycra, un&#039;unica taglia si adatta in modo sicuro ai caschi per ragazzi e adulti.<\/p>\n<\/li>\n<li>\n<p data-path-to-node=\"14,1,0\"><b>Branding a 360\u00b0:<\/b> Noi usiamo <b>Sublimazione completa del colore<\/b> stampa. Ci\u00f2 significa che non sei limitato a un piccolo logo sul lato; puoi stampare motivi, mascotte o colori del marchio su tutta la superficie della copertina.<\/p>\n<\/li>\n<li>\n<p data-path-to-node=\"14,2,0\"><b>Durata:<\/b> Il tessuto \u00e8 resistente al freddo, all&#039;umidit\u00e0 e ai raggi UV, garantendo che il tuo design rimanga luminoso stagione dopo stagione.<\/p>\n<\/li>\n<li>\n<p data-path-to-node=\"14,3,0\"><b>Facile identificazione:<\/b> Indispensabile per le scuole di sci e i gruppi turistici per tenere traccia dei membri in ambienti affollati.<\/p>\n<\/li>\n<\/ul>\n<h2 data-path-to-node=\"15\">Specifiche<\/h2>\n<ul data-path-to-node=\"16\">\n<li>\n<p data-path-to-node=\"16,0,0\"><b>Materiale:<\/b> 100% Poliestere Lycra (Spandex).<\/p>\n<\/li>\n<li>\n<p data-path-to-node=\"16,1,0\"><b>Tecnica di stampa:<\/b> Sublimazione a colori (CMYK).<\/p>\n<\/li>\n<li>\n<p data-path-to-node=\"16,2,0\"><b>Misurare:<\/b> Vestibilit\u00e0 elastica universale.<\/p>\n<\/li>\n<li>\n<p data-path-to-node=\"16,3,0\"><b>Progetto:<\/b> Completamente personalizzabile (pu\u00f2 includere paraorecchie o stemmi su richiesta).<\/p>\n<\/li>\n<li>\n<p data-path-to-node=\"16,4,0\"><b>Cura:<\/b> Lavabile in lavatrice (bassa temperatura).<\/p>\n<\/li>\n<li>\n<p data-path-to-node=\"16,5,0\"><b>Quantit\u00e0 minima:<\/b> 50 unit\u00e0.<\/p>\n<\/li>\n<\/ul>\n<h2 data-path-to-node=\"17\">Casi d&#039;uso<\/h2>\n<ul data-path-to-node=\"18\">\n<li>\n<p data-path-to-node=\"18,0,0\"><b>Scuole di sci e snowboard:<\/b> Identificare chiaramente gli istruttori e i gruppi di studenti in montagna.<\/p>\n<\/li>\n<li>\n<p data-path-to-node=\"18,1,0\"><b>Club ciclistici:<\/b> Unit\u00e0 di squadra per gare su strada o uscite di gruppo informali.<\/p>\n<\/li>\n<li>\n<p data-path-to-node=\"18,2,0\"><b>Eventi aziendali invernali:<\/b> Attrezzatura personalizzata per ritiri sciistici aziendali.<\/p>\n<\/li>\n<li>\n<p data-path-to-node=\"18,3,0\"><b>Campagne sulla sicurezza:<\/b> Colori ad alta visibilit\u00e0 per i bambini nel traffico.<\/p>\n<\/li>\n<\/ul>","protected":false},"excerpt":{"rendered":"<ul>\n<li>\n<p data-path-to-node=\"10,0,0\"><b>Materiale:<\/b> 100% Lycra (Spandex): altamente elastico e resistente.<\/p>\n<\/li>\n<li>\n<p data-path-to-node=\"10,1,0\"><b>Vestibilit\u00e0 universale:<\/b> Si adatta alla maggior parte dei caschi standard da sci, snowboard, bicicletta e skate.<\/p>\n<\/li>\n<li>\n<p data-path-to-node=\"10,2,0\"><b>Personalizzazione completa:<\/b> La stampa a sublimazione su tutta la superficie consente di ottenere colori e design illimitati.<\/p>\n<\/li>\n<li>\n<p data-path-to-node=\"10,3,0\"><b>Funzionalit\u00e0:<\/b> Protegge il casco dai graffi garantendo al contempo un marchio ad alta visibilit\u00e0<\/p>\n<\/li>\n<\/ul>","protected":false},"featured_media":6326,"comment_status":"closed","ping_status":"closed","template":"","meta":[],"product_brand":[],"product_cat":[130,118],"product_tag":[],"class_list":{"0":"post-6101","1":"product","2":"type-product","3":"status-publish","4":"has-post-thumbnail","6":"product_cat-custom-headwear","7":"product_cat-sports-fitness","9":"first","10":"instock","11":"shipping-taxable","12":"product-type-simple"},"_links":{"self":[{"href":"https:\/\/displayproducts.eu\/it\/wp-json\/wp\/v2\/product\/6101","targetHints":{"allow":["GET"]}}],"collection":[{"href":"https:\/\/displayproducts.eu\/it\/wp-json\/wp\/v2\/product"}],"about":[{"href":"https:\/\/displayproducts.eu\/it\/wp-json\/wp\/v2\/types\/product"}],"replies":[{"embeddable":true,"href":"https:\/\/displayproducts.eu\/it\/wp-json\/wp\/v2\/comments?post=6101"}],"wp:featuredmedia":[{"embeddable":true,"href":"https:\/\/displayproducts.eu\/it\/wp-json\/wp\/v2\/media\/6326"}],"wp:attachment":[{"href":"https:\/\/displayproducts.eu\/it\/wp-json\/wp\/v2\/media?parent=6101"}],"wp:term":[{"taxonomy":"product_brand","embeddable":true,"href":"https:\/\/displayproducts.eu\/it\/wp-json\/wp\/v2\/product_brand?post=6101"},{"taxonomy":"product_cat","embeddable":true,"href":"https:\/\/displayproducts.eu\/it\/wp-json\/wp\/v2\/product_cat?post=6101"},{"taxonomy":"product_tag","embeddable":true,"href":"https:\/\/displayproducts.eu\/it\/wp-json\/wp\/v2\/product_tag?post=6101"}],"curies":[{"name":"wp","href":"https:\/\/api.w.org\/{rel}","templated":true}]}}