{"id":5995,"date":"2025-12-16T16:28:57","date_gmt":"2025-12-16T13:28:57","guid":{"rendered":"https:\/\/wristbandfactory.eu\/?post_type=product&#038;p=5995"},"modified":"2026-04-01T21:52:03","modified_gmt":"2026-04-01T18:52:03","slug":"custom-printed-microfiber-cleaning-cloths-screens-glasses","status":"publish","type":"product","link":"https:\/\/displayproducts.eu\/it\/p\/custom-printed-microfiber-cleaning-cloths-screens-glasses\/","title":{"rendered":"Panni in microfibra con logo"},"content":{"rendered":"<p data-path-to-node=\"9\">Assicurati che il tuo marchio sia visibile ogni volta che un cliente pulisce gli occhiali o lo schermo dello smartphone. Il nostro <b>Panni per la pulizia in microfibra personalizzati<\/b> Sono un articolo promozionale estremamente pratico, leggero ed economico. A differenza dei fazzoletti di carta, questi tessuti resistenti possono essere utilizzati ripetutamente, garantendo un&#039;esposizione del marchio a lungo termine.<\/p>\n<p data-path-to-node=\"10\">Offriamo una gamma versatile di materiali e dimensioni per soddisfare il tuo budget e i tuoi obiettivi di sostenibilit\u00e0, da omaggi convenienti a panni per la pulizia spessi e di alta qualit\u00e0 realizzati in Europa.<\/p>\n<h2 data-path-to-node=\"11\">Materiali e opzioni ecologiche<\/h2>\n<p data-path-to-node=\"12\">Scegli il peso del tessuto pi\u00f9 adatto alle tue esigenze:<\/p>\n<ul data-path-to-node=\"13\">\n<li>\n<p data-path-to-node=\"13,0,0\"><b>Microfibra standard (170 g\/m\u00b2):<\/b> Leggero ed economico. Ideale per campagne di mailing su larga scala e materiale informativo per fiere.<\/p>\n<\/li>\n<li>\n<p data-path-to-node=\"13,1,0\"><b>Microfibra Premium (200 g\/m\u00b2):<\/b> Pi\u00f9 spesso, pi\u00f9 morbido e pi\u00f9 resistente. Pi\u00f9 consistente al tatto: perfetto per regali aziendali di alta qualit\u00e0.<\/p>\n<\/li>\n<li>\n<p data-path-to-node=\"13,2,0\"><b>rPET ecologico (170 g\/m\u00b2\/200 g\/m\u00b2):<\/b> Realizzato con bottiglie di plastica riciclate. Una scelta sostenibile che offre le stesse prestazioni della microfibra standard, ma riduce l&#039;impatto ambientale.<\/p>\n<\/li>\n<\/ul>\n<h2 data-path-to-node=\"14\">Tecniche di branding<\/h2>\n<ul data-path-to-node=\"15\">\n<li>\n<p data-path-to-node=\"15,0,0\"><b>Sublimazione a colori:<\/b> Stampiamo la tua foto, il tuo logo o il tuo motivo ad alta definizione su tutta la superficie del tessuto (da bordo a bordo).<\/p>\n<\/li>\n<li>\n<p data-path-to-node=\"15,1,0\"><b>Marchio in rilievo:<\/b> Il tuo logo viene impresso a caldo sul tessuto, creando una texture delicata e permanente, senza bisogno di inchiostro. Un look sofisticato per tessuti da 200 g\/m\u00b2 e rPET.<\/p>\n<\/li>\n<\/ul>\n<h2 data-path-to-node=\"16\">Taglie disponibili<\/h2>\n<p data-path-to-node=\"17\">Offriamo una variet\u00e0 di dimensioni standard adatte a diversi dispositivi:<\/p>\n<ul data-path-to-node=\"18\">\n<li>\n<p data-path-to-node=\"18,0,0\"><b>Formato tascabile:<\/b> 12\u00d712 cm (Perfetto per i bicchieri)<\/p>\n<\/li>\n<li>\n<p data-path-to-node=\"18,1,0\"><b>Standard:<\/b> 15\u00d715 cm \/ 17\u00d712 cm (Ottimo per i telefoni)<\/p>\n<\/li>\n<li>\n<p data-path-to-node=\"18,2,0\"><b>Grande:<\/b> 17\u00d715 cm \/ 17\u00d718 cm (Ideale per tablet e laptop)<\/p>\n<\/li>\n<\/ul>\n<h2 data-path-to-node=\"19\">Specifiche<\/h2>\n<ul data-path-to-node=\"20\">\n<li>\n<p data-path-to-node=\"20,0,0\"><b>Quantit\u00e0 minima ordinabile (MOQ):<\/b><\/p>\n<ul data-path-to-node=\"20,0,1\">\n<li>\n<p data-path-to-node=\"20,0,1,0,0\">Importazione standard: <b>250 pezzi<\/b><\/p>\n<\/li>\n<li>\n<p data-path-to-node=\"20,0,1,1,0\">Prodotto nell&#039;UE: <b>100 pezzi<\/b><\/p>\n<\/li>\n<\/ul>\n<\/li>\n<li>\n<p data-path-to-node=\"20,1,0\"><b>Confezione:<\/b> Confezionato alla rinfusa o confezionato singolarmente in sacchetti di polietilene (facoltativo).<\/p>\n<\/li>\n<li>\n<p data-path-to-node=\"20,2,0\"><b>Origine:<\/b> Possibilit\u00e0 di importazione dall&#039;Asia (prezzo migliore) o produzione europea (consegna pi\u00f9 rapida).<\/p>\n<\/li>\n<li>\n<p data-path-to-node=\"20,3,0\"><b>Utilizzo:<\/b> Pulizia non abrasiva e senza pelucchi per superfici ottiche delicate.<\/p>\n<\/li>\n<\/ul>\n<h2 data-path-to-node=\"21\">Casi d&#039;uso<\/h2>\n<ul data-path-to-node=\"22\">\n<li>\n<p data-path-to-node=\"22,0,0\"><b>Aziende tecnologiche e informatiche:<\/b> Accessorio essenziale per laptop e monitor.<\/p>\n<\/li>\n<li>\n<p data-path-to-node=\"22,1,0\"><b>Ottici e occhiali:<\/b> Il classico regalo di marca con ogni paio di occhiali.<\/p>\n<\/li>\n<li>\n<p data-path-to-node=\"22,2,0\"><b>Campagne di posta diretta:<\/b> Estremamente leggeri e piatti, sono economici da spedire in tutto il mondo.<\/p>\n<\/li>\n<li>\n<p data-path-to-node=\"22,3,0\"><b>Borse omaggio dell&#039;evento:<\/b> Un oggetto utile che i partecipanti non butteranno via.<\/p>\n<\/li>\n<\/ul>\n<p data-path-to-node=\"23\">","protected":false},"excerpt":{"rendered":"<ul>\n<li>\n<p data-path-to-node=\"8,0,0\"><b>Pulizia cristallina:<\/b> Perfetto per smartphone, tablet, laptop e occhiali.<\/p>\n<\/li>\n<li>\n<p data-path-to-node=\"8,1,0\"><b>Scelta dei materiali:<\/b> Standard 170gsm\/200gsm o Eco-Friendly <b>rPET<\/b> (Bottiglie riciclate).<\/p>\n<\/li>\n<li>\n<p data-path-to-node=\"8,2,0\"><b>Opzioni di stampa:<\/b> Vibrante <b>A colori<\/b> sublimazione o sottile <b>impresso<\/b> marchio.<\/p>\n<\/li>\n<li>\n<p data-path-to-node=\"8,3,0\"><b>Produzione europea:<\/b> Sono disponibili opzioni di consegna rapida con minimi bassi (a partire da 100 pezzi).<\/p>\n<\/li>\n<\/ul>","protected":false},"featured_media":6333,"comment_status":"closed","ping_status":"closed","template":"","meta":[],"product_brand":[],"product_cat":[128],"product_tag":[],"class_list":{"0":"post-5995","1":"product","2":"type-product","3":"status-publish","4":"has-post-thumbnail","6":"product_cat-mobile-tech-accessories","8":"first","9":"instock","10":"shipping-taxable","11":"purchasable","12":"product-type-simple"},"_links":{"self":[{"href":"https:\/\/displayproducts.eu\/it\/wp-json\/wp\/v2\/product\/5995","targetHints":{"allow":["GET"]}}],"collection":[{"href":"https:\/\/displayproducts.eu\/it\/wp-json\/wp\/v2\/product"}],"about":[{"href":"https:\/\/displayproducts.eu\/it\/wp-json\/wp\/v2\/types\/product"}],"replies":[{"embeddable":true,"href":"https:\/\/displayproducts.eu\/it\/wp-json\/wp\/v2\/comments?post=5995"}],"wp:featuredmedia":[{"embeddable":true,"href":"https:\/\/displayproducts.eu\/it\/wp-json\/wp\/v2\/media\/6333"}],"wp:attachment":[{"href":"https:\/\/displayproducts.eu\/it\/wp-json\/wp\/v2\/media?parent=5995"}],"wp:term":[{"taxonomy":"product_brand","embeddable":true,"href":"https:\/\/displayproducts.eu\/it\/wp-json\/wp\/v2\/product_brand?post=5995"},{"taxonomy":"product_cat","embeddable":true,"href":"https:\/\/displayproducts.eu\/it\/wp-json\/wp\/v2\/product_cat?post=5995"},{"taxonomy":"product_tag","embeddable":true,"href":"https:\/\/displayproducts.eu\/it\/wp-json\/wp\/v2\/product_tag?post=5995"}],"curies":[{"name":"wp","href":"https:\/\/api.w.org\/{rel}","templated":true}]}}