{"id":5935,"date":"2025-12-16T13:44:25","date_gmt":"2025-12-16T10:44:25","guid":{"rendered":"https:\/\/wristbandfactory.eu\/?post_type=product&#038;p=5935"},"modified":"2026-04-01T21:52:03","modified_gmt":"2026-04-01T18:52:03","slug":"soft-pvc-nfc-keychains-custom-shape-full-color","status":"publish","type":"product","link":"https:\/\/displayproducts.eu\/it\/p\/soft-pvc-nfc-keychains-custom-shape-full-color\/","title":{"rendered":"Portachiavi NFC in PVC morbido \u2013 Forma personalizzata"},"content":{"rendered":"<p data-path-to-node=\"17\">Trasforma un classico articolo promozionale in un potente strumento di marketing digitale. I nostri portachiavi NFC personalizzati in PVC morbido combinano l&#039;attrattiva tattile di un portachiavi in gomma resistente e dalla forma personalizzata con l&#039;avanzata tecnologia contactless. Ideali per le moderne campagne di marketing, questi portachiavi consentono agli utenti di avvicinare il proprio smartphone per accedere istantaneamente al tuo sito web, alla tua app o al tuo programma fedelt\u00e0.<\/p>\n<p data-path-to-node=\"18\"><b>Forma e design completamente personalizzati<\/b> Non accontentarti delle forme geometriche standard. Modelliamo questi portachiavi in <b>il tuo logo specifico o la forma del prodotto<\/b> (fino a 5\u00d75 cm). Realizzato in PVC morbido di alta qualit\u00e0, il materiale \u00e8 resistente, flessibile e morbido al tatto. Il tuo design viene riprodotto a colori vivaci su entrambi i lati, garantendo la massima visibilit\u00e0 del marchio da ogni angolazione.<\/p>\n<p data-path-to-node=\"19\"><b>Integrazione NFC intelligente<\/b> Nascosto all&#039;interno degli strati di PVC si trova un chip NFC programmabile con un&#039;antenna di 2,5 x 2,5 cm. Questo consente un&#039;esperienza &quot;Tap &amp; Go&quot; senza batterie o ricarica.<\/p>\n<ul data-path-to-node=\"20\">\n<li>\n<p data-path-to-node=\"20,0,0\"><b>Marketing:<\/b> Traffico diretto alla tua landing page o ai tuoi social media.<\/p>\n<\/li>\n<li>\n<p data-path-to-node=\"20,1,0\"><b>Eventi:<\/b> Da utilizzare per check-in digitali o per partecipare a concorsi.<\/p>\n<\/li>\n<li>\n<p data-path-to-node=\"20,2,0\"><b>Lealt\u00e0:<\/b> Abilita la scansione immediata dei premi dei clienti.<\/p>\n<\/li>\n<\/ul>\n<p data-path-to-node=\"21\"><b>Opzioni di imballaggio<\/b><\/p>\n<ul data-path-to-node=\"22\">\n<li>\n<p data-path-to-node=\"22,0,0\"><b>Standard:<\/b> Confezionati singolarmente in carta velina protettiva per evitare che si attacchino.<\/p>\n<\/li>\n<li>\n<p data-path-to-node=\"22,1,0\"><b>Pronto per la vendita al dettaglio:<\/b> Opzionale: carta bifacciale a colori con sacchetto di plastica per un&#039;esperienza di unboxing di alta qualit\u00e0.<\/p>\n<\/li>\n<\/ul>\n<p data-path-to-node=\"23\"><b>Caratteristiche principali:<\/b><\/p>\n<ul data-path-to-node=\"24\">\n<li>\n<p data-path-to-node=\"24,0,0\"><b>Materiale:<\/b> PVC morbido senza ftalati.<\/p>\n<\/li>\n<li>\n<p data-path-to-node=\"24,1,0\"><b>Tecnologia:<\/b> Chip NFC incorporato (compatibile con la maggior parte degli smartphone moderni).<\/p>\n<\/li>\n<li>\n<p data-path-to-node=\"24,2,0\"><b>Personalizzazione:<\/b> Forma esterna personalizzata 100%.<\/p>\n<\/li>\n<li>\n<p data-path-to-node=\"24,3,0\"><b>Durata:<\/b> Superficie impermeabile e antigraffio.<\/p>\n<\/li>\n<li>\n<p data-path-to-node=\"24,4,0\"><b>Vendita all&#039;ingrosso:<\/b> Confezionato in grandi quantit\u00e0 per una facile distribuzione.<\/p>\n<\/li>\n<\/ul>","protected":false},"excerpt":{"rendered":"<ul data-path-to-node=\"13\">\n<li>\n<p data-path-to-node=\"13,0,0\"><b>Materiale:<\/b> Gomma PVC morbida e flessibile nella forma personalizzata (max 5\u00d75 cm).<\/p>\n<\/li>\n<li>\n<p data-path-to-node=\"13,1,0\"><b>Tecnologia:<\/b> Chip NFC integrato (antenna da 2,5\u00d72,5 cm) per l&#039;interazione digitale.<\/p>\n<\/li>\n<li>\n<p data-path-to-node=\"13,2,0\"><b>Progetto:<\/b> Stampa a colori su entrambi i lati (stesso design).<\/p>\n<\/li>\n<li>\n<p data-path-to-node=\"13,3,0\"><b>Caso d&#039;uso:<\/b> Lanci di app, programmi fedelt\u00e0 e link ai social media.<\/p>\n<\/li>\n<\/ul>","protected":false},"featured_media":6380,"comment_status":"closed","ping_status":"closed","template":"","meta":[],"product_brand":[],"product_cat":[94],"product_tag":[],"class_list":{"0":"post-5935","1":"product","2":"type-product","3":"status-publish","4":"has-post-thumbnail","6":"product_cat-keychains","8":"first","9":"instock","10":"shipping-taxable","11":"purchasable","12":"product-type-simple"},"_links":{"self":[{"href":"https:\/\/displayproducts.eu\/it\/wp-json\/wp\/v2\/product\/5935","targetHints":{"allow":["GET"]}}],"collection":[{"href":"https:\/\/displayproducts.eu\/it\/wp-json\/wp\/v2\/product"}],"about":[{"href":"https:\/\/displayproducts.eu\/it\/wp-json\/wp\/v2\/types\/product"}],"replies":[{"embeddable":true,"href":"https:\/\/displayproducts.eu\/it\/wp-json\/wp\/v2\/comments?post=5935"}],"wp:featuredmedia":[{"embeddable":true,"href":"https:\/\/displayproducts.eu\/it\/wp-json\/wp\/v2\/media\/6380"}],"wp:attachment":[{"href":"https:\/\/displayproducts.eu\/it\/wp-json\/wp\/v2\/media?parent=5935"}],"wp:term":[{"taxonomy":"product_brand","embeddable":true,"href":"https:\/\/displayproducts.eu\/it\/wp-json\/wp\/v2\/product_brand?post=5935"},{"taxonomy":"product_cat","embeddable":true,"href":"https:\/\/displayproducts.eu\/it\/wp-json\/wp\/v2\/product_cat?post=5935"},{"taxonomy":"product_tag","embeddable":true,"href":"https:\/\/displayproducts.eu\/it\/wp-json\/wp\/v2\/product_tag?post=5935"}],"curies":[{"name":"wp","href":"https:\/\/api.w.org\/{rel}","templated":true}]}}