{"id":5824,"date":"2025-12-11T12:42:06","date_gmt":"2025-12-11T09:42:06","guid":{"rendered":"https:\/\/wristbandfactory.eu\/?post_type=product&#038;p=5824"},"modified":"2026-04-01T21:52:35","modified_gmt":"2026-04-01T18:52:35","slug":"embossed-silicone-wristbands-raised-3d-effect","status":"publish","type":"product","link":"https:\/\/displayproducts.eu\/it\/p\/embossed-silicone-wristbands-raised-3d-effect\/","title":{"rendered":"Braccialetti in silicone \u2013 In Rilievo \/ 3D"},"content":{"rendered":"<p data-path-to-node=\"10\"><b>Distinguiti con una finitura 3D<\/b><\/p>\n<p data-path-to-node=\"11\"><b>Braccialetti in silicone goffrato<\/b> Offriamo una rivisitazione unica del classico braccialetto di beneficenza. Invece di incidere il testo verso l&#039;interno, utilizziamo uno stampo personalizzato per far risaltare il tuo disegno dalla superficie del braccialetto. Questo crea un effetto sorprendente. <b>Effetto rilievo 3D<\/b> che sia sia visivamente che tattilmente distinto.<\/p>\n<p data-path-to-node=\"12\"><b>Come \u00e8 fatto<\/b> Produciamo questi cinturini utilizzando uno speciale processo di stampaggio in cui il silicone viene pressato in una forma che crea lettere in rilievo. Poich\u00e9 il logo \u00e8 realizzato con lo stesso materiale siliconico del cinturino stesso, \u00e8 <b>fisicamente permanente<\/b> e non pu\u00f2 screpolarsi, sfaldarsi o sbiadire.<\/p>\n<p data-path-to-node=\"13\"><b>Stile di design<\/b> Le fasce in rilievo sono in genere prodotte in un unico colore (monotono), dove il testo in rilievo crea un sottile effetto ombra. Ci\u00f2 si traduce in un <b>aspetto pulito, moderno e sobrio<\/b> che \u00e8 popolare per eventi aziendali, abbonamenti in palestra e attivazioni di marchi premium.<\/p>\n<p data-path-to-node=\"14\"><b>Personalizzazione<\/b><\/p>\n<ul data-path-to-node=\"15\">\n<li>\n<p data-path-to-node=\"15,0,0\"><b>Colore:<\/b> Abbina la fascia a qualsiasi riferimento Pantone (PMS).<\/p>\n<\/li>\n<li>\n<p data-path-to-node=\"15,1,0\"><b>Testo:<\/b> Ideale per caratteri in grassetto e loghi semplici (i dettagli pi\u00f9 fini sono pi\u00f9 difficili da evidenziare).<\/p>\n<\/li>\n<\/ul>\n<p data-path-to-node=\"16\"><b>Caratteristiche principali:<\/b><\/p>\n<ul data-path-to-node=\"17\">\n<li>\n<p data-path-to-node=\"17,0,0\"><b>Stile:<\/b> Goffrato (in rilievo 3D).<\/p>\n<\/li>\n<li>\n<p data-path-to-node=\"17,1,0\"><b>Materiale:<\/b> Silicone di grado medico 100%.<\/p>\n<\/li>\n<li>\n<p data-path-to-node=\"17,2,0\"><b>Durata:<\/b> Estremo (nessun inchiostro che si cancella).<\/p>\n<\/li>\n<li>\n<p data-path-to-node=\"17,3,0\"><b>Effetto:<\/b> Branding di alta qualit\u00e0 e discreto.<\/p>\n<\/li>\n<\/ul>","protected":false},"excerpt":{"rendered":"<ul>\n<li>\n<p data-path-to-node=\"8,0,0\"><b>Effetto 3D in rilievo:<\/b> Il tuo logo e il tuo testo risaltino fisicamente sulla superficie del braccialetto.<\/p>\n<\/li>\n<li>\n<p data-path-to-node=\"8,1,0\"><b>Esperienza tattile:<\/b> Offre una texture unica e &quot;irregolare&quot; che gli utenti possono toccare.<\/p>\n<\/li>\n<li>\n<p data-path-to-node=\"8,2,0\"><b>Marchio permanente:<\/b> Il design \u00e8 modellato sul cinturino, quindi non sbiadir\u00e0 n\u00e9 si consumer\u00e0 mai.<\/p>\n<\/li>\n<li>\n<p data-path-to-node=\"8,3,0\"><b>Sottile e di alta qualit\u00e0:<\/b> Ideale per i marchi che desiderano un look sofisticato e monotono senza inchiostro<\/p>\n<\/li>\n<\/ul>","protected":false},"featured_media":5825,"comment_status":"closed","ping_status":"closed","template":"","meta":[],"product_brand":[],"product_cat":[49],"product_tag":[],"class_list":{"0":"post-5824","1":"product","2":"type-product","3":"status-publish","4":"has-post-thumbnail","6":"product_cat-silicone","8":"first","9":"instock","10":"shipping-taxable","11":"purchasable","12":"product-type-simple"},"_links":{"self":[{"href":"https:\/\/displayproducts.eu\/it\/wp-json\/wp\/v2\/product\/5824","targetHints":{"allow":["GET"]}}],"collection":[{"href":"https:\/\/displayproducts.eu\/it\/wp-json\/wp\/v2\/product"}],"about":[{"href":"https:\/\/displayproducts.eu\/it\/wp-json\/wp\/v2\/types\/product"}],"replies":[{"embeddable":true,"href":"https:\/\/displayproducts.eu\/it\/wp-json\/wp\/v2\/comments?post=5824"}],"wp:featuredmedia":[{"embeddable":true,"href":"https:\/\/displayproducts.eu\/it\/wp-json\/wp\/v2\/media\/5825"}],"wp:attachment":[{"href":"https:\/\/displayproducts.eu\/it\/wp-json\/wp\/v2\/media?parent=5824"}],"wp:term":[{"taxonomy":"product_brand","embeddable":true,"href":"https:\/\/displayproducts.eu\/it\/wp-json\/wp\/v2\/product_brand?post=5824"},{"taxonomy":"product_cat","embeddable":true,"href":"https:\/\/displayproducts.eu\/it\/wp-json\/wp\/v2\/product_cat?post=5824"},{"taxonomy":"product_tag","embeddable":true,"href":"https:\/\/displayproducts.eu\/it\/wp-json\/wp\/v2\/product_tag?post=5824"}],"curies":[{"name":"wp","href":"https:\/\/api.w.org\/{rel}","templated":true}]}}