{"id":5822,"date":"2025-12-11T12:39:16","date_gmt":"2025-12-11T09:39:16","guid":{"rendered":"https:\/\/wristbandfactory.eu\/?post_type=product&#038;p=5822"},"modified":"2026-04-01T21:52:35","modified_gmt":"2026-04-01T18:52:35","slug":"debossed-silicone-wristbands-colour-filled-engraved","status":"publish","type":"product","link":"https:\/\/displayproducts.eu\/it\/p\/debossed-silicone-wristbands-colour-filled-engraved\/","title":{"rendered":"Braccialetti in silicone \u2013 Incisi \/ Colorati"},"content":{"rendered":"<p data-path-to-node=\"10\"><b>Lo standard del settore per la longevit\u00e0<\/b><\/p>\n<p data-path-to-node=\"11\"><b>Braccialetti colorati goffrati<\/b> Sono la scelta migliore per marchi e organizzazioni che richiedono un braccialetto durevole. A differenza dei braccialetti stampati standard, in cui l&#039;inchiostro rimane sulla superficie, questi braccialetti vengono sottoposti a un processo di produzione in due fasi per garantire che il messaggio duri quanto il braccialetto stesso.<\/p>\n<p data-path-to-node=\"12\"><b>Come \u00e8 fatto<\/b><\/p>\n<ol start=\"1\" data-path-to-node=\"13\">\n<li>\n<p data-path-to-node=\"13,0,0\"><b>Incisione (debossing):<\/b> Realizziamo uno stampo personalizzato per incidere il tuo logo e il tuo testo in profondit\u00e0 nel cinturino in silicone.<\/p>\n<\/li>\n<li>\n<p data-path-to-node=\"13,1,0\"><b>Riempimento di colore:<\/b> Le aree inrichiedi preventivote vengono poi riempite manualmente con uno speciale inchiostro siliconico resistente, di colore contrastante.<\/p>\n<\/li>\n<\/ol>\n<p data-path-to-node=\"14\"><b>Perch\u00e9 scegliere Debossed?<\/b> Poich\u00e9 il design \u00e8 inrichiedi preventivoto sotto la superficie, \u00e8 fisicamente protetto da attrito e usura. Questo lo rende l&#039;unica opzione praticabile per <b>campagne di sensibilizzazione a lungo termine, articoli per lo spirito scolastico e raccolte fondi<\/b> dove il braccialetto viene indossato quotidianamente per mesi o addirittura anni.<\/p>\n<p data-path-to-node=\"15\"><b>Personalizzazione<\/b> Possiamo abbinare il cinturino in silicone a qualsiasi <b>Pantone (PMS)<\/b> colora e riempi il testo inciso con qualsiasi tonalit\u00e0 Pantone contrastante per adattarlo perfettamente all&#039;identit\u00e0 del tuo marchio.<\/p>\n<p data-path-to-node=\"16\"><b>Caratteristiche principali:<\/b><\/p>\n<ul data-path-to-node=\"17\">\n<li>\n<p data-path-to-node=\"17,0,0\"><b>Stile:<\/b> In rilievo (inrichiedi preventivoto) e riempito d&#039;inchiostro.<\/p>\n<\/li>\n<li>\n<p data-path-to-node=\"17,1,0\"><b>Materiale:<\/b> Silicone di grado medico 100%.<\/p>\n<\/li>\n<li>\n<p data-path-to-node=\"17,2,0\"><b>Durata:<\/b> Extreme (design antiusura).<\/p>\n<\/li>\n<li>\n<p data-path-to-node=\"17,3,0\"><b>Dimensioni:<\/b> Adulto (202 mm) e ragazzo (180 mm).<\/p>\n<\/li>\n<\/ul>","protected":false},"excerpt":{"rendered":"<ul>\n<li>\n<p data-path-to-node=\"8,0,0\"><b>Massima durata:<\/b> Il logo viene inciso in profondit\u00e0 (a rilievo) nel silicone, rendendolo impossibile da cancellare.<\/p>\n<\/li>\n<li>\n<p data-path-to-node=\"8,1,0\"><b>Riempito di colore:<\/b> Il testo inciso \u00e8 riempito con inchiostro siliconico a contrasto per un aspetto vibrante e di grande impatto.<\/p>\n<\/li>\n<li>\n<p data-path-to-node=\"8,2,0\"><b>Sensazione Premium:<\/b> Offre una finitura tattile e tridimensionale spesso associata a campagne di beneficenza di alto livello (ad esempio, Livestrong).<\/p>\n<\/li>\n<li>\n<p data-path-to-node=\"8,3,0\"><b>Marchio permanente:<\/b> Ideale per un uso prolungato (mesi o anni) senza sbiadire.<\/p>\n<\/li>\n<\/ul>","protected":false},"featured_media":5823,"comment_status":"closed","ping_status":"closed","template":"","meta":[],"product_brand":[],"product_cat":[49],"product_tag":[],"class_list":{"0":"post-5822","1":"product","2":"type-product","3":"status-publish","4":"has-post-thumbnail","6":"product_cat-silicone","8":"first","9":"instock","10":"shipping-taxable","11":"purchasable","12":"product-type-simple"},"_links":{"self":[{"href":"https:\/\/displayproducts.eu\/it\/wp-json\/wp\/v2\/product\/5822","targetHints":{"allow":["GET"]}}],"collection":[{"href":"https:\/\/displayproducts.eu\/it\/wp-json\/wp\/v2\/product"}],"about":[{"href":"https:\/\/displayproducts.eu\/it\/wp-json\/wp\/v2\/types\/product"}],"replies":[{"embeddable":true,"href":"https:\/\/displayproducts.eu\/it\/wp-json\/wp\/v2\/comments?post=5822"}],"wp:featuredmedia":[{"embeddable":true,"href":"https:\/\/displayproducts.eu\/it\/wp-json\/wp\/v2\/media\/5823"}],"wp:attachment":[{"href":"https:\/\/displayproducts.eu\/it\/wp-json\/wp\/v2\/media?parent=5822"}],"wp:term":[{"taxonomy":"product_brand","embeddable":true,"href":"https:\/\/displayproducts.eu\/it\/wp-json\/wp\/v2\/product_brand?post=5822"},{"taxonomy":"product_cat","embeddable":true,"href":"https:\/\/displayproducts.eu\/it\/wp-json\/wp\/v2\/product_cat?post=5822"},{"taxonomy":"product_tag","embeddable":true,"href":"https:\/\/displayproducts.eu\/it\/wp-json\/wp\/v2\/product_tag?post=5822"}],"curies":[{"name":"wp","href":"https:\/\/api.w.org\/{rel}","templated":true}]}}